{"id":2672,"date":"2023-10-31T11:18:04","date_gmt":"2023-10-31T11:18:04","guid":{"rendered":"https:\/\/royenagri.brainmade.lws-servers.be\/datenschutzbestimmungen\/"},"modified":"2023-10-31T11:18:04","modified_gmt":"2023-10-31T11:18:04","slug":"datenschutzbestimmungen","status":"publish","type":"page","link":"https:\/\/www.royenagri.be\/de\/datenschutzbestimmungen\/","title":{"rendered":"Datenschutzbestimmungen"},"content":{"rendered":"<p>Diese Cookie-Erkl\u00e4rung gilt f\u00fcr die Website __________________.<\/p>\n<p>Die Website wird von Delhez Syst\u00e8mes SA betrieben, mit Sitz ________________________.<\/p>\n<p>Diese Erkl\u00e4rung soll den Nutzer der Website \u00fcber die auf der Website verwendeten Cookies informieren. Durch den Besuch oder die Nutzung der Website akzeptieren Sie ausdr\u00fccklich die Verwendung von Cookies in der unten beschriebenen Weise.<\/p>\n<p>1. COOKIES \u2013 WAS SIND DAS?<\/p>\n<p>Cookies sind kleine Informationsdateien, die \u2013 vor\u00fcbergehend oder dauerhaft \u2013 auf Ihrem Computer oder Ger\u00e4t vom Server einer Website \u00fcber den von Ihnen verwendeten Browser gespeichert werden. Cookies enthalten eindeutige Informationen, die es erm\u00f6glichen, Ihren Browser bei Ihrem Besuch sowie ggf. bei jedem weiteren Besuch zu erkennen.<\/p>\n<p>Cookies erm\u00f6glichen es uns, die Nutzung der Website zu vereinfachen, zu vervollst\u00e4ndigen und zu personalisieren, und erlauben es unseren Partnern, Ihnen gezielte Werbung basierend auf Ihren Interessen oder Vorlieben anzubieten.<\/p>\n<p>2. WELCHE COOKIES VERWENDEN WIR?<br \/>\n2.1 ZWINGEND ERFORDERLICHE COOKIES<\/p>\n<p>Diese Cookies sind unerl\u00e4sslich, um die Websites besuchen und bestimmte Funktionen nutzen zu k\u00f6nnen. Diese Cookies erm\u00f6glichen es Ihnen beispielsweise, zwischen den verschiedenen Teilen der Website zu navigieren oder Formulare auszuf\u00fcllen oder auf bestimmte gesicherte Bereiche zuzugreifen. Wenn Sie diese Cookies ablehnen, funktionieren m\u00f6glicherweise einige Teile der Website nicht.<\/p>\n<p>2.2 FUNKTIONALIT\u00c4TS-COOKIES<\/p>\n<p>Funktionscookies sind Cookies, die das Funktionieren der Website erleichtern und angenehmer machen und sicherstellen, dass Sie eine personalisiertere Browser-Erfahrung genie\u00dfen. Dies sind beispielsweise die Cookies, die sich Ihre Sprachpr\u00e4ferenzen merken.<\/p>\n<p>2.3 PERFORMANCE- UND STATISTIK-COOKIES<\/p>\n<p>Leistungs-Cookies sind Cookies, die Informationen sammeln sollen, wie Besucher die Website nutzen, wie Informationen zu den besuchten Seiten oder der Anzahl der angezeigten Fehlermeldungen, um die Nutzung der Website zu analysieren und zu optimieren.<\/p>\n<p>Statistik-Cookies erm\u00f6glichen es GOOGLE ANALYTICS, anonyme Informationen zu sammeln, die ihm helfen zu verstehen, wie Besucher mit der Website interagieren.<\/p>\n<p>3. VERWALTUNG DER COOKIES<\/p>\n<p>Sie k\u00f6nnen Ihre Cookie-Einstellungen in Ihren Internetbrowsern \u00e4ndern. Diese Einstellungen finden Sie im Men\u00fc \u201eOptionen\u201c oder \u201ePr\u00e4ferenzen\u201c Ihres Internetbrowsers. Um diese Einstellungen zu verstehen, k\u00f6nnen Ihnen die folgenden Links hilfreich sein. Andernfalls sollten Sie die \u201eHilfe\u201c-Option in Ihrem Internetbrowser f\u00fcr weitere Details verwenden.<\/p>\n<p>Cookie-Einstellungen in Internet Explorer<br \/>\nCookie-Einstellungen in Mozilla Firefox<br \/>\nCookie-Einstellungen in Google Chrome<br \/>\nCookie-Einstellungen in Safari (MAC)<\/p>\n<p>4. \u00c4NDERUNGEN<\/p>\n<p>Wir behalten uns das Recht vor, diese Cookie-Erkl\u00e4rung jederzeit zu \u00e4ndern.<\/p>\n<p>Diese Cookie-Erkl\u00e4rung wurde zuletzt am &#8230; ge\u00e4ndert und \u00fcberarbeitet.<\/p>\n<p>5. KONTAKTDATEN<\/p>\n<p>Das Unternehmen ist f\u00fcr die Verarbeitung dieser Cookies, Dateien und Tags verantwortlich. Wenn dies personenbezogene Daten umfasst, gilt unsere Datenschutzerkl\u00e4rung.<\/p>\n<p>F\u00fcr Anfragen bez\u00fcglich dieser Cookie-Erkl\u00e4rung oder unserer Datenschutzrichtlinie kontaktieren Sie uns bitte unter folgender E-Mail-Adresse: ______________________.<\/p>\n<p><a href=\"mailto:info@delhezsystemes.be\">______________________<\/a><\/p>\n","protected":false},"excerpt":{"rendered":"<p>Diese Cookie-Erkl\u00e4rung gilt f\u00fcr die Website __________________. Die Website wird von Delhez Syst\u00e8mes SA betrieben, mit Sitz ________________________. Diese Erkl\u00e4rung soll den Nutzer der Website \u00fcber die auf der Website verwendeten Cookies informieren. Durch den Besuch oder die Nutzung der Website akzeptieren Sie ausdr\u00fccklich die Verwendung von Cookies in der unten beschriebenen Weise. 1. COOKIES [&hellip;]<\/p>\n","protected":false},"author":1,"featured_media":0,"parent":0,"menu_order":43,"comment_status":"closed","ping_status":"closed","template":"page-templates\/template-default.php","meta":{"_acf_changed":false,"inline_featured_image":false,"footnotes":""},"class_list":["post-2672","page","type-page","status-publish","hentry"],"acf":[],"yoast_head":"<!-- This site is optimized with the Yoast SEO plugin v27.5 - https:\/\/yoast.com\/product\/yoast-seo-wordpress\/ -->\n<title>Datenschutzbestimmungen - Royen Agri<\/title>\n<meta name=\"robots\" content=\"index, follow, max-snippet:-1, max-image-preview:large, max-video-preview:-1\" \/>\n<link rel=\"canonical\" href=\"https:\/\/www.royenagri.be\/de\/datenschutzbestimmungen\/\" \/>\n<meta property=\"og:locale\" content=\"de_DE\" \/>\n<meta property=\"og:type\" content=\"article\" \/>\n<meta property=\"og:title\" content=\"Datenschutzbestimmungen - Royen Agri\" \/>\n<meta property=\"og:description\" content=\"Diese Cookie-Erkl\u00e4rung gilt f\u00fcr die Website __________________. Die Website wird von Delhez Syst\u00e8mes SA betrieben, mit Sitz ________________________. Diese Erkl\u00e4rung soll den Nutzer der Website \u00fcber die auf der Website verwendeten Cookies informieren. Durch den Besuch oder die Nutzung der Website akzeptieren Sie ausdr\u00fccklich die Verwendung von Cookies in der unten beschriebenen Weise. 1. COOKIES [&hellip;]\" \/>\n<meta property=\"og:url\" content=\"https:\/\/www.royenagri.be\/de\/datenschutzbestimmungen\/\" \/>\n<meta property=\"og:site_name\" content=\"Royen Agri\" \/>\n<meta name=\"twitter:card\" content=\"summary_large_image\" \/>\n<meta name=\"twitter:label1\" content=\"Gesch\u00e4tzte Lesezeit\" \/>\n\t<meta name=\"twitter:data1\" content=\"2\u00a0Minuten\" \/>\n<script type=\"application\/ld+json\" class=\"yoast-schema-graph\">{\"@context\":\"https:\\\/\\\/schema.org\",\"@graph\":[{\"@type\":\"WebPage\",\"@id\":\"https:\\\/\\\/www.royenagri.be\\\/de\\\/datenschutzbestimmungen\\\/\",\"url\":\"https:\\\/\\\/www.royenagri.be\\\/de\\\/datenschutzbestimmungen\\\/\",\"name\":\"Datenschutzbestimmungen - Royen Agri\",\"isPartOf\":{\"@id\":\"https:\\\/\\\/www.royenagri.be\\\/de\\\/#website\"},\"datePublished\":\"2023-10-31T11:18:04+00:00\",\"breadcrumb\":{\"@id\":\"https:\\\/\\\/www.royenagri.be\\\/de\\\/datenschutzbestimmungen\\\/#breadcrumb\"},\"inLanguage\":\"de\",\"potentialAction\":[{\"@type\":\"ReadAction\",\"target\":[\"https:\\\/\\\/www.royenagri.be\\\/de\\\/datenschutzbestimmungen\\\/\"]}]},{\"@type\":\"BreadcrumbList\",\"@id\":\"https:\\\/\\\/www.royenagri.be\\\/de\\\/datenschutzbestimmungen\\\/#breadcrumb\",\"itemListElement\":[{\"@type\":\"ListItem\",\"position\":1,\"name\":\"Home\",\"item\":\"https:\\\/\\\/www.royenagri.be\\\/de\\\/\"},{\"@type\":\"ListItem\",\"position\":2,\"name\":\"Datenschutzbestimmungen\"}]},{\"@type\":\"WebSite\",\"@id\":\"https:\\\/\\\/www.royenagri.be\\\/de\\\/#website\",\"url\":\"https:\\\/\\\/www.royenagri.be\\\/de\\\/\",\"name\":\"Royen Agri\",\"description\":\"\",\"potentialAction\":[{\"@type\":\"SearchAction\",\"target\":{\"@type\":\"EntryPoint\",\"urlTemplate\":\"https:\\\/\\\/www.royenagri.be\\\/de\\\/?s={search_term_string}\"},\"query-input\":{\"@type\":\"PropertyValueSpecification\",\"valueRequired\":true,\"valueName\":\"search_term_string\"}}],\"inLanguage\":\"de\"}]}<\/script>\n<!-- \/ Yoast SEO plugin. -->","yoast_head_json":{"title":"Datenschutzbestimmungen - Royen Agri","robots":{"index":"index","follow":"follow","max-snippet":"max-snippet:-1","max-image-preview":"max-image-preview:large","max-video-preview":"max-video-preview:-1"},"canonical":"https:\/\/www.royenagri.be\/de\/datenschutzbestimmungen\/","og_locale":"de_DE","og_type":"article","og_title":"Datenschutzbestimmungen - Royen Agri","og_description":"Diese Cookie-Erkl\u00e4rung gilt f\u00fcr die Website __________________. Die Website wird von Delhez Syst\u00e8mes SA betrieben, mit Sitz ________________________. Diese Erkl\u00e4rung soll den Nutzer der Website \u00fcber die auf der Website verwendeten Cookies informieren. Durch den Besuch oder die Nutzung der Website akzeptieren Sie ausdr\u00fccklich die Verwendung von Cookies in der unten beschriebenen Weise. 1. COOKIES [&hellip;]","og_url":"https:\/\/www.royenagri.be\/de\/datenschutzbestimmungen\/","og_site_name":"Royen Agri","twitter_card":"summary_large_image","twitter_misc":{"Gesch\u00e4tzte Lesezeit":"2\u00a0Minuten"},"schema":{"@context":"https:\/\/schema.org","@graph":[{"@type":"WebPage","@id":"https:\/\/www.royenagri.be\/de\/datenschutzbestimmungen\/","url":"https:\/\/www.royenagri.be\/de\/datenschutzbestimmungen\/","name":"Datenschutzbestimmungen - Royen Agri","isPartOf":{"@id":"https:\/\/www.royenagri.be\/de\/#website"},"datePublished":"2023-10-31T11:18:04+00:00","breadcrumb":{"@id":"https:\/\/www.royenagri.be\/de\/datenschutzbestimmungen\/#breadcrumb"},"inLanguage":"de","potentialAction":[{"@type":"ReadAction","target":["https:\/\/www.royenagri.be\/de\/datenschutzbestimmungen\/"]}]},{"@type":"BreadcrumbList","@id":"https:\/\/www.royenagri.be\/de\/datenschutzbestimmungen\/#breadcrumb","itemListElement":[{"@type":"ListItem","position":1,"name":"Home","item":"https:\/\/www.royenagri.be\/de\/"},{"@type":"ListItem","position":2,"name":"Datenschutzbestimmungen"}]},{"@type":"WebSite","@id":"https:\/\/www.royenagri.be\/de\/#website","url":"https:\/\/www.royenagri.be\/de\/","name":"Royen Agri","description":"","potentialAction":[{"@type":"SearchAction","target":{"@type":"EntryPoint","urlTemplate":"https:\/\/www.royenagri.be\/de\/?s={search_term_string}"},"query-input":{"@type":"PropertyValueSpecification","valueRequired":true,"valueName":"search_term_string"}}],"inLanguage":"de"}]}},"_links":{"self":[{"href":"https:\/\/www.royenagri.be\/de\/wp-json\/wp\/v2\/pages\/2672","targetHints":{"allow":["GET"]}}],"collection":[{"href":"https:\/\/www.royenagri.be\/de\/wp-json\/wp\/v2\/pages"}],"about":[{"href":"https:\/\/www.royenagri.be\/de\/wp-json\/wp\/v2\/types\/page"}],"author":[{"embeddable":true,"href":"https:\/\/www.royenagri.be\/de\/wp-json\/wp\/v2\/users\/1"}],"replies":[{"embeddable":true,"href":"https:\/\/www.royenagri.be\/de\/wp-json\/wp\/v2\/comments?post=2672"}],"version-history":[{"count":0,"href":"https:\/\/www.royenagri.be\/de\/wp-json\/wp\/v2\/pages\/2672\/revisions"}],"wp:attachment":[{"href":"https:\/\/www.royenagri.be\/de\/wp-json\/wp\/v2\/media?parent=2672"}],"curies":[{"name":"wp","href":"https:\/\/api.w.org\/{rel}","templated":true}]}}