{"id":2675,"date":"2023-10-31T10:53:30","date_gmt":"2023-10-31T10:53:30","guid":{"rendered":"https:\/\/royenagri.brainmade.lws-servers.be\/sample-page\/"},"modified":"2025-02-10T15:49:57","modified_gmt":"2025-02-10T15:49:57","slug":"sample-page","status":"publish","type":"page","link":"https:\/\/www.royenagri.be\/de\/sample-page\/","title":{"rendered":"Sample Page"},"content":{"rendered":"\n<p>Dies ist eine Beispielseite. Im Gegensatz zu einem Blog-Beitrag bleibt sie an einem Ort und wird in der Navigation Ihrer Website angezeigt (in den meisten Designs). Die meisten Leute beginnen mit einer \u00dcber-Seite, die sie potenziellen Website-Besuchern vorstellt. Sie k\u00f6nnte so etwas sagen:<\/p>\n\n<blockquote class=\"wp-block-quote is-layout-flow wp-block-quote-is-layout-flow\"><p>Hallo! Ich bin tags\u00fcber Fahrradkurier, angehender Schauspieler bei Nacht, und das ist meine Website. Ich lebe in Los Angeles, habe einen tollen Hund namens Jack und mag Pi\u00f1a Coladas. (Und vom Regen \u00fcberrascht zu werden.)<\/p><\/blockquote>\n\n<p>&#8230;oder so etwas in der Art:<\/p>\n\n<blockquote class=\"wp-block-quote is-layout-flow wp-block-quote-is-layout-flow\"><p>Die XYZ Doohickey Company wurde 1971 gegr\u00fcndet und bietet seitdem qualitativ hochwertige Doohickeys f\u00fcr die \u00d6ffentlichkeit an. Mit Sitz in Gotham City besch\u00e4ftigt XYZ \u00fcber 2.000 Mitarbeiter und tut viele gro\u00dfartige Dinge f\u00fcr die Gotham-Gemeinschaft.<\/p><\/blockquote>\n\n<p>Als neuer WordPress-Benutzer solltest du zu deinem Dashboard gehen, um diese Seite zu l\u00f6schen und neue Seiten f\u00fcr deinen Inhalt zu erstellen. Viel Spa\u00df dabei!<\/p>\n","protected":false},"excerpt":{"rendered":"<p>Dies ist eine Beispielseite. Im Gegensatz zu einem Blog-Beitrag bleibt sie an einem Ort und wird in der Navigation Ihrer Website angezeigt (in den meisten Designs). Die meisten Leute beginnen mit einer \u00dcber-Seite, die sie potenziellen Website-Besuchern vorstellt. Sie k\u00f6nnte so etwas sagen: Hallo! Ich bin tags\u00fcber Fahrradkurier, angehender Schauspieler bei Nacht, und das ist [&hellip;]<\/p>\n","protected":false},"author":1,"featured_media":0,"parent":0,"menu_order":56,"comment_status":"closed","ping_status":"open","template":"","meta":{"_acf_changed":false,"inline_featured_image":false,"footnotes":""},"class_list":["post-2675","page","type-page","status-publish","hentry"],"acf":[],"yoast_head":"<!-- This site is optimized with the Yoast SEO plugin v27.5 - https:\/\/yoast.com\/product\/yoast-seo-wordpress\/ -->\n<title>Sample Page - Royen Agri<\/title>\n<meta name=\"robots\" content=\"index, follow, max-snippet:-1, max-image-preview:large, max-video-preview:-1\" \/>\n<link rel=\"canonical\" href=\"https:\/\/www.royenagri.be\/de\/sample-page\/\" \/>\n<meta property=\"og:locale\" content=\"de_DE\" \/>\n<meta property=\"og:type\" content=\"article\" \/>\n<meta property=\"og:title\" content=\"Sample Page - Royen Agri\" \/>\n<meta property=\"og:description\" content=\"Dies ist eine Beispielseite. Im Gegensatz zu einem Blog-Beitrag bleibt sie an einem Ort und wird in der Navigation Ihrer Website angezeigt (in den meisten Designs). Die meisten Leute beginnen mit einer \u00dcber-Seite, die sie potenziellen Website-Besuchern vorstellt. Sie k\u00f6nnte so etwas sagen: Hallo! Ich bin tags\u00fcber Fahrradkurier, angehender Schauspieler bei Nacht, und das ist [&hellip;]\" \/>\n<meta property=\"og:url\" content=\"https:\/\/www.royenagri.be\/de\/sample-page\/\" \/>\n<meta property=\"og:site_name\" content=\"Royen Agri\" \/>\n<meta property=\"article:modified_time\" content=\"2025-02-10T15:49:57+00:00\" \/>\n<meta name=\"twitter:card\" content=\"summary_large_image\" \/>\n<meta name=\"twitter:label1\" content=\"Gesch\u00e4tzte Lesezeit\" \/>\n\t<meta name=\"twitter:data1\" content=\"1\u00a0Minute\" \/>\n<script type=\"application\/ld+json\" class=\"yoast-schema-graph\">{\"@context\":\"https:\\\/\\\/schema.org\",\"@graph\":[{\"@type\":\"WebPage\",\"@id\":\"https:\\\/\\\/www.royenagri.be\\\/de\\\/sample-page\\\/\",\"url\":\"https:\\\/\\\/www.royenagri.be\\\/de\\\/sample-page\\\/\",\"name\":\"Sample Page - Royen Agri\",\"isPartOf\":{\"@id\":\"https:\\\/\\\/www.royenagri.be\\\/de\\\/#website\"},\"datePublished\":\"2023-10-31T10:53:30+00:00\",\"dateModified\":\"2025-02-10T15:49:57+00:00\",\"breadcrumb\":{\"@id\":\"https:\\\/\\\/www.royenagri.be\\\/de\\\/sample-page\\\/#breadcrumb\"},\"inLanguage\":\"de\",\"potentialAction\":[{\"@type\":\"ReadAction\",\"target\":[\"https:\\\/\\\/www.royenagri.be\\\/de\\\/sample-page\\\/\"]}]},{\"@type\":\"BreadcrumbList\",\"@id\":\"https:\\\/\\\/www.royenagri.be\\\/de\\\/sample-page\\\/#breadcrumb\",\"itemListElement\":[{\"@type\":\"ListItem\",\"position\":1,\"name\":\"Home\",\"item\":\"https:\\\/\\\/www.royenagri.be\\\/de\\\/\"},{\"@type\":\"ListItem\",\"position\":2,\"name\":\"Sample Page\"}]},{\"@type\":\"WebSite\",\"@id\":\"https:\\\/\\\/www.royenagri.be\\\/de\\\/#website\",\"url\":\"https:\\\/\\\/www.royenagri.be\\\/de\\\/\",\"name\":\"Royen Agri\",\"description\":\"\",\"potentialAction\":[{\"@type\":\"SearchAction\",\"target\":{\"@type\":\"EntryPoint\",\"urlTemplate\":\"https:\\\/\\\/www.royenagri.be\\\/de\\\/?s={search_term_string}\"},\"query-input\":{\"@type\":\"PropertyValueSpecification\",\"valueRequired\":true,\"valueName\":\"search_term_string\"}}],\"inLanguage\":\"de\"}]}<\/script>\n<!-- \/ Yoast SEO plugin. -->","yoast_head_json":{"title":"Sample Page - Royen Agri","robots":{"index":"index","follow":"follow","max-snippet":"max-snippet:-1","max-image-preview":"max-image-preview:large","max-video-preview":"max-video-preview:-1"},"canonical":"https:\/\/www.royenagri.be\/de\/sample-page\/","og_locale":"de_DE","og_type":"article","og_title":"Sample Page - Royen Agri","og_description":"Dies ist eine Beispielseite. Im Gegensatz zu einem Blog-Beitrag bleibt sie an einem Ort und wird in der Navigation Ihrer Website angezeigt (in den meisten Designs). Die meisten Leute beginnen mit einer \u00dcber-Seite, die sie potenziellen Website-Besuchern vorstellt. Sie k\u00f6nnte so etwas sagen: Hallo! Ich bin tags\u00fcber Fahrradkurier, angehender Schauspieler bei Nacht, und das ist [&hellip;]","og_url":"https:\/\/www.royenagri.be\/de\/sample-page\/","og_site_name":"Royen Agri","article_modified_time":"2025-02-10T15:49:57+00:00","twitter_card":"summary_large_image","twitter_misc":{"Gesch\u00e4tzte Lesezeit":"1\u00a0Minute"},"schema":{"@context":"https:\/\/schema.org","@graph":[{"@type":"WebPage","@id":"https:\/\/www.royenagri.be\/de\/sample-page\/","url":"https:\/\/www.royenagri.be\/de\/sample-page\/","name":"Sample Page - Royen Agri","isPartOf":{"@id":"https:\/\/www.royenagri.be\/de\/#website"},"datePublished":"2023-10-31T10:53:30+00:00","dateModified":"2025-02-10T15:49:57+00:00","breadcrumb":{"@id":"https:\/\/www.royenagri.be\/de\/sample-page\/#breadcrumb"},"inLanguage":"de","potentialAction":[{"@type":"ReadAction","target":["https:\/\/www.royenagri.be\/de\/sample-page\/"]}]},{"@type":"BreadcrumbList","@id":"https:\/\/www.royenagri.be\/de\/sample-page\/#breadcrumb","itemListElement":[{"@type":"ListItem","position":1,"name":"Home","item":"https:\/\/www.royenagri.be\/de\/"},{"@type":"ListItem","position":2,"name":"Sample Page"}]},{"@type":"WebSite","@id":"https:\/\/www.royenagri.be\/de\/#website","url":"https:\/\/www.royenagri.be\/de\/","name":"Royen Agri","description":"","potentialAction":[{"@type":"SearchAction","target":{"@type":"EntryPoint","urlTemplate":"https:\/\/www.royenagri.be\/de\/?s={search_term_string}"},"query-input":{"@type":"PropertyValueSpecification","valueRequired":true,"valueName":"search_term_string"}}],"inLanguage":"de"}]}},"_links":{"self":[{"href":"https:\/\/www.royenagri.be\/de\/wp-json\/wp\/v2\/pages\/2675","targetHints":{"allow":["GET"]}}],"collection":[{"href":"https:\/\/www.royenagri.be\/de\/wp-json\/wp\/v2\/pages"}],"about":[{"href":"https:\/\/www.royenagri.be\/de\/wp-json\/wp\/v2\/types\/page"}],"author":[{"embeddable":true,"href":"https:\/\/www.royenagri.be\/de\/wp-json\/wp\/v2\/users\/1"}],"replies":[{"embeddable":true,"href":"https:\/\/www.royenagri.be\/de\/wp-json\/wp\/v2\/comments?post=2675"}],"version-history":[{"count":1,"href":"https:\/\/www.royenagri.be\/de\/wp-json\/wp\/v2\/pages\/2675\/revisions"}],"predecessor-version":[{"id":2676,"href":"https:\/\/www.royenagri.be\/de\/wp-json\/wp\/v2\/pages\/2675\/revisions\/2676"}],"wp:attachment":[{"href":"https:\/\/www.royenagri.be\/de\/wp-json\/wp\/v2\/media?parent=2675"}],"curies":[{"name":"wp","href":"https:\/\/api.w.org\/{rel}","templated":true}]}}