{"id":2351,"date":"2024-04-22T14:46:05","date_gmt":"2024-04-22T14:46:05","guid":{"rendered":"https:\/\/royenagri.brainmade.lws-servers.be\/product\/dreft-prof-regular-extra-clean\/"},"modified":"2025-02-06T10:57:37","modified_gmt":"2025-02-06T10:57:37","slug":"dreft-prof-regular-extra-clean","status":"publish","type":"product","link":"https:\/\/www.royenagri.be\/de\/produkt\/dreft-prof-regular-extra-clean\/","title":{"rendered":"Dreft Prof Regular Extra Clean"},"content":{"rendered":"<p>Dreft Prof Regular Extra Clean ist ein Handgeschirrsp\u00fclmittel f\u00fcr den universellen Einsatz. Es entfernt effektiv und schnell alle Fette und Speisereste. Es eignet sich auch f\u00fcr andere Oberfl\u00e4chen wie Fenster, Spiegel, Tische und St\u00fchle. Sch\u00e4umt lange.<\/p>\n","protected":false},"excerpt":{"rendered":"<p>Fl\u00fcssigkeit zum Sp\u00fclen von Hand f\u00fcr den universellen Einsatz.<\/p>\n","protected":false},"featured_media":2861,"comment_status":"closed","ping_status":"closed","template":"","meta":{"_acf_changed":false,"inline_featured_image":false},"product_brand":[],"product_cat":[283,351],"product_tag":[],"class_list":{"0":"post-2351","1":"product","2":"type-product","3":"status-publish","4":"has-post-thumbnail","6":"product_cat-haushaltshygiene-und-personliche-hygiene","7":"product_cat-reinigung","9":"first","10":"instock","11":"taxable","12":"shipping-taxable","13":"purchasable","14":"product-type-simple"},"acf":[],"yoast_head":"<!-- This site is optimized with the Yoast SEO plugin v27.5 - https:\/\/yoast.com\/product\/yoast-seo-wordpress\/ -->\n<title>Dreft Prof Regular Extra Clean - Royen Agri<\/title>\n<meta name=\"description\" content=\"Dreft Prof Regular Extra Clean ist ein Handgeschirrsp\u00fclmittel f\u00fcr den universellen Einsatz.\" \/>\n<meta name=\"robots\" content=\"index, follow, max-snippet:-1, max-image-preview:large, max-video-preview:-1\" \/>\n<link rel=\"canonical\" href=\"https:\/\/www.royenagri.be\/de\/produkt\/dreft-prof-regular-extra-clean\/\" \/>\n<meta property=\"og:locale\" content=\"de_DE\" \/>\n<meta property=\"og:type\" content=\"article\" \/>\n<meta property=\"og:title\" content=\"Dreft Prof Regular Extra Clean - Royen Agri\" \/>\n<meta property=\"og:description\" content=\"Dreft Prof Regular Extra Clean ist ein Handgeschirrsp\u00fclmittel f\u00fcr den universellen Einsatz.\" \/>\n<meta property=\"og:url\" content=\"https:\/\/www.royenagri.be\/de\/produkt\/dreft-prof-regular-extra-clean\/\" \/>\n<meta property=\"og:site_name\" content=\"Royen Agri\" \/>\n<meta property=\"article:modified_time\" content=\"2025-02-06T10:57:37+00:00\" \/>\n<meta property=\"og:image\" content=\"https:\/\/www.royenagri.be\/wp-content\/uploads\/2024\/04\/telechargement__1_-removebg-preview.png\" \/>\n\t<meta property=\"og:image:width\" content=\"477\" \/>\n\t<meta property=\"og:image:height\" content=\"477\" \/>\n\t<meta property=\"og:image:type\" content=\"image\/png\" \/>\n<meta name=\"twitter:card\" content=\"summary_large_image\" \/>\n<script type=\"application\/ld+json\" class=\"yoast-schema-graph\">{\"@context\":\"https:\\\/\\\/schema.org\",\"@graph\":[{\"@type\":\"WebPage\",\"@id\":\"https:\\\/\\\/www.royenagri.be\\\/de\\\/produkt\\\/dreft-prof-regular-extra-clean\\\/\",\"url\":\"https:\\\/\\\/www.royenagri.be\\\/de\\\/produkt\\\/dreft-prof-regular-extra-clean\\\/\",\"name\":\"Dreft Prof Regular Extra Clean - Royen Agri\",\"isPartOf\":{\"@id\":\"https:\\\/\\\/www.royenagri.be\\\/de\\\/#website\"},\"primaryImageOfPage\":{\"@id\":\"https:\\\/\\\/www.royenagri.be\\\/de\\\/produkt\\\/dreft-prof-regular-extra-clean\\\/#primaryimage\"},\"image\":{\"@id\":\"https:\\\/\\\/www.royenagri.be\\\/de\\\/produkt\\\/dreft-prof-regular-extra-clean\\\/#primaryimage\"},\"thumbnailUrl\":\"https:\\\/\\\/www.royenagri.be\\\/wp-content\\\/uploads\\\/2024\\\/04\\\/telechargement__1_-removebg-preview.png\",\"datePublished\":\"2024-04-22T14:46:05+00:00\",\"dateModified\":\"2025-02-06T10:57:37+00:00\",\"description\":\"Dreft Prof Regular Extra Clean ist ein Handgeschirrsp\u00fclmittel f\u00fcr den universellen Einsatz.\",\"breadcrumb\":{\"@id\":\"https:\\\/\\\/www.royenagri.be\\\/de\\\/produkt\\\/dreft-prof-regular-extra-clean\\\/#breadcrumb\"},\"inLanguage\":\"de\",\"potentialAction\":[{\"@type\":\"ReadAction\",\"target\":[\"https:\\\/\\\/www.royenagri.be\\\/de\\\/produkt\\\/dreft-prof-regular-extra-clean\\\/\"]}]},{\"@type\":\"ImageObject\",\"inLanguage\":\"de\",\"@id\":\"https:\\\/\\\/www.royenagri.be\\\/de\\\/produkt\\\/dreft-prof-regular-extra-clean\\\/#primaryimage\",\"url\":\"https:\\\/\\\/www.royenagri.be\\\/wp-content\\\/uploads\\\/2024\\\/04\\\/telechargement__1_-removebg-preview.png\",\"contentUrl\":\"https:\\\/\\\/www.royenagri.be\\\/wp-content\\\/uploads\\\/2024\\\/04\\\/telechargement__1_-removebg-preview.png\",\"width\":477,\"height\":477,\"caption\":\"Dreft Professional Platinum Liquide Vaisselle\"},{\"@type\":\"BreadcrumbList\",\"@id\":\"https:\\\/\\\/www.royenagri.be\\\/de\\\/produkt\\\/dreft-prof-regular-extra-clean\\\/#breadcrumb\",\"itemListElement\":[{\"@type\":\"ListItem\",\"position\":1,\"name\":\"Home\",\"item\":\"https:\\\/\\\/www.royenagri.be\\\/de\\\/\"},{\"@type\":\"ListItem\",\"position\":2,\"name\":\"Shop\",\"item\":\"https:\\\/\\\/www.royenagri.be\\\/de\\\/shop\\\/\"},{\"@type\":\"ListItem\",\"position\":3,\"name\":\"Dreft Prof Regular Extra Clean\"}]},{\"@type\":\"WebSite\",\"@id\":\"https:\\\/\\\/www.royenagri.be\\\/de\\\/#website\",\"url\":\"https:\\\/\\\/www.royenagri.be\\\/de\\\/\",\"name\":\"Royen Agri\",\"description\":\"\",\"potentialAction\":[{\"@type\":\"SearchAction\",\"target\":{\"@type\":\"EntryPoint\",\"urlTemplate\":\"https:\\\/\\\/www.royenagri.be\\\/de\\\/?s={search_term_string}\"},\"query-input\":{\"@type\":\"PropertyValueSpecification\",\"valueRequired\":true,\"valueName\":\"search_term_string\"}}],\"inLanguage\":\"de\"}]}<\/script>\n<!-- \/ Yoast SEO plugin. -->","yoast_head_json":{"title":"Dreft Prof Regular Extra Clean - Royen Agri","description":"Dreft Prof Regular Extra Clean ist ein Handgeschirrsp\u00fclmittel f\u00fcr den universellen Einsatz.","robots":{"index":"index","follow":"follow","max-snippet":"max-snippet:-1","max-image-preview":"max-image-preview:large","max-video-preview":"max-video-preview:-1"},"canonical":"https:\/\/www.royenagri.be\/de\/produkt\/dreft-prof-regular-extra-clean\/","og_locale":"de_DE","og_type":"article","og_title":"Dreft Prof Regular Extra Clean - Royen Agri","og_description":"Dreft Prof Regular Extra Clean ist ein Handgeschirrsp\u00fclmittel f\u00fcr den universellen Einsatz.","og_url":"https:\/\/www.royenagri.be\/de\/produkt\/dreft-prof-regular-extra-clean\/","og_site_name":"Royen Agri","article_modified_time":"2025-02-06T10:57:37+00:00","og_image":[{"width":477,"height":477,"url":"https:\/\/www.royenagri.be\/wp-content\/uploads\/2024\/04\/telechargement__1_-removebg-preview.png","type":"image\/png"}],"twitter_card":"summary_large_image","schema":{"@context":"https:\/\/schema.org","@graph":[{"@type":"WebPage","@id":"https:\/\/www.royenagri.be\/de\/produkt\/dreft-prof-regular-extra-clean\/","url":"https:\/\/www.royenagri.be\/de\/produkt\/dreft-prof-regular-extra-clean\/","name":"Dreft Prof Regular Extra Clean - Royen Agri","isPartOf":{"@id":"https:\/\/www.royenagri.be\/de\/#website"},"primaryImageOfPage":{"@id":"https:\/\/www.royenagri.be\/de\/produkt\/dreft-prof-regular-extra-clean\/#primaryimage"},"image":{"@id":"https:\/\/www.royenagri.be\/de\/produkt\/dreft-prof-regular-extra-clean\/#primaryimage"},"thumbnailUrl":"https:\/\/www.royenagri.be\/wp-content\/uploads\/2024\/04\/telechargement__1_-removebg-preview.png","datePublished":"2024-04-22T14:46:05+00:00","dateModified":"2025-02-06T10:57:37+00:00","description":"Dreft Prof Regular Extra Clean ist ein Handgeschirrsp\u00fclmittel f\u00fcr den universellen Einsatz.","breadcrumb":{"@id":"https:\/\/www.royenagri.be\/de\/produkt\/dreft-prof-regular-extra-clean\/#breadcrumb"},"inLanguage":"de","potentialAction":[{"@type":"ReadAction","target":["https:\/\/www.royenagri.be\/de\/produkt\/dreft-prof-regular-extra-clean\/"]}]},{"@type":"ImageObject","inLanguage":"de","@id":"https:\/\/www.royenagri.be\/de\/produkt\/dreft-prof-regular-extra-clean\/#primaryimage","url":"https:\/\/www.royenagri.be\/wp-content\/uploads\/2024\/04\/telechargement__1_-removebg-preview.png","contentUrl":"https:\/\/www.royenagri.be\/wp-content\/uploads\/2024\/04\/telechargement__1_-removebg-preview.png","width":477,"height":477,"caption":"Dreft Professional Platinum Liquide Vaisselle"},{"@type":"BreadcrumbList","@id":"https:\/\/www.royenagri.be\/de\/produkt\/dreft-prof-regular-extra-clean\/#breadcrumb","itemListElement":[{"@type":"ListItem","position":1,"name":"Home","item":"https:\/\/www.royenagri.be\/de\/"},{"@type":"ListItem","position":2,"name":"Shop","item":"https:\/\/www.royenagri.be\/de\/shop\/"},{"@type":"ListItem","position":3,"name":"Dreft Prof Regular Extra Clean"}]},{"@type":"WebSite","@id":"https:\/\/www.royenagri.be\/de\/#website","url":"https:\/\/www.royenagri.be\/de\/","name":"Royen Agri","description":"","potentialAction":[{"@type":"SearchAction","target":{"@type":"EntryPoint","urlTemplate":"https:\/\/www.royenagri.be\/de\/?s={search_term_string}"},"query-input":{"@type":"PropertyValueSpecification","valueRequired":true,"valueName":"search_term_string"}}],"inLanguage":"de"}]}},"_links":{"self":[{"href":"https:\/\/www.royenagri.be\/de\/wp-json\/wp\/v2\/product\/2351","targetHints":{"allow":["GET"]}}],"collection":[{"href":"https:\/\/www.royenagri.be\/de\/wp-json\/wp\/v2\/product"}],"about":[{"href":"https:\/\/www.royenagri.be\/de\/wp-json\/wp\/v2\/types\/product"}],"replies":[{"embeddable":true,"href":"https:\/\/www.royenagri.be\/de\/wp-json\/wp\/v2\/comments?post=2351"}],"wp:featuredmedia":[{"embeddable":true,"href":"https:\/\/www.royenagri.be\/de\/wp-json\/wp\/v2\/media\/2861"}],"wp:attachment":[{"href":"https:\/\/www.royenagri.be\/de\/wp-json\/wp\/v2\/media?parent=2351"}],"wp:term":[{"taxonomy":"product_brand","embeddable":true,"href":"https:\/\/www.royenagri.be\/de\/wp-json\/wp\/v2\/product_brand?post=2351"},{"taxonomy":"product_cat","embeddable":true,"href":"https:\/\/www.royenagri.be\/de\/wp-json\/wp\/v2\/product_cat?post=2351"},{"taxonomy":"product_tag","embeddable":true,"href":"https:\/\/www.royenagri.be\/de\/wp-json\/wp\/v2\/product_tag?post=2351"}],"curies":[{"name":"wp","href":"https:\/\/api.w.org\/{rel}","templated":true}]}}