{"id":2386,"date":"2024-04-22T13:47:00","date_gmt":"2024-04-22T13:47:00","guid":{"rendered":"https:\/\/royenagri.brainmade.lws-servers.be\/product\/kenosan\/"},"modified":"2024-04-22T13:47:00","modified_gmt":"2024-04-22T13:47:00","slug":"kenosan","status":"publish","type":"product","link":"https:\/\/www.royenagri.be\/de\/produkt\/kenosan\/","title":{"rendered":"Keno\u2122san"},"content":{"rendered":"<p>Keno\u2122 san hat eine au\u00dfergew\u00f6hnliche Haftung und Durchdringungskraft, indem es einen hervorragenden langanhaltenden Schaum bildet, der die notwendige Kontaktzeit f\u00fcr die chemische Wirkung erheblich verl\u00e4ngert und somit zu einer ausgezeichneten Reinigung f\u00fchrt.<br \/>\nKenosan eignet sich f\u00fcr den Einsatz in der Landwirtschaft, im Gartenbau und zur Reinigung von nicht por\u00f6sen Oberfl\u00e4chen, die mit Lebensmitteln in Ber\u00fchrung kommen, in der Lebensmittelindustrie.<\/p>\n","protected":false},"excerpt":{"rendered":"<p>Keno\u2122 san hat eine au\u00dfergew\u00f6hnliche Haftung und Durchdringungskraft, indem es einen hervorragenden langanhaltenden Schaum bildet, der die notwendige Kontaktzeit f\u00fcr die chemische Wirkung erheblich verl\u00e4ngert und somit zu einer ausgezeichneten Reinigung f\u00fchrt.<\/p>\n","protected":false},"featured_media":1155,"comment_status":"closed","ping_status":"closed","template":"","meta":{"_acf_changed":false,"inline_featured_image":false},"product_brand":[],"product_cat":[276,351],"product_tag":[],"class_list":{"0":"post-2386","1":"product","2":"type-product","3":"status-publish","4":"has-post-thumbnail","6":"product_cat-gebaeudereinigung-melkstand-fuer-die-landwirtschaft-lebensmittelindustrie-und-transport","7":"product_cat-reinigung","8":"products_brands-cid-lines-de","10":"first","11":"instock","12":"featured","13":"taxable","14":"shipping-taxable","15":"purchasable","16":"product-type-variable"},"acf":[],"yoast_head":"<!-- This site is optimized with the Yoast SEO plugin v27.5 - https:\/\/yoast.com\/product\/yoast-seo-wordpress\/ -->\n<title>Keno\u2122san - Royen Agri<\/title>\n<meta name=\"description\" content=\"Keno\u2122 san hat eine au\u00dfergew\u00f6hnliche Haftung und Durchdringungskraft, indem es einen hervorragenden langanhaltenden Schaum bildet.\" \/>\n<meta name=\"robots\" content=\"index, follow, max-snippet:-1, max-image-preview:large, max-video-preview:-1\" \/>\n<link rel=\"canonical\" href=\"https:\/\/www.royenagri.be\/de\/produkt\/kenosan\/\" \/>\n<meta property=\"og:locale\" content=\"de_DE\" \/>\n<meta property=\"og:type\" content=\"article\" \/>\n<meta property=\"og:title\" content=\"Keno\u2122san - Royen Agri\" \/>\n<meta property=\"og:description\" content=\"Keno\u2122 san hat eine au\u00dfergew\u00f6hnliche Haftung und Durchdringungskraft, indem es einen hervorragenden langanhaltenden Schaum bildet.\" \/>\n<meta property=\"og:url\" content=\"https:\/\/www.royenagri.be\/de\/produkt\/kenosan\/\" \/>\n<meta property=\"og:site_name\" content=\"Royen Agri\" \/>\n<meta property=\"og:image\" content=\"https:\/\/www.royenagri.be\/wp-content\/uploads\/2024\/04\/Kenosan_BIO.png.png\" \/>\n\t<meta property=\"og:image:width\" content=\"1550\" \/>\n\t<meta property=\"og:image:height\" content=\"1750\" \/>\n\t<meta property=\"og:image:type\" content=\"image\/png\" \/>\n<meta name=\"twitter:card\" content=\"summary_large_image\" \/>\n<script type=\"application\/ld+json\" class=\"yoast-schema-graph\">{\"@context\":\"https:\\\/\\\/schema.org\",\"@graph\":[{\"@type\":\"WebPage\",\"@id\":\"https:\\\/\\\/www.royenagri.be\\\/de\\\/produkt\\\/kenosan\\\/\",\"url\":\"https:\\\/\\\/www.royenagri.be\\\/de\\\/produkt\\\/kenosan\\\/\",\"name\":\"Keno\u2122san - Royen Agri\",\"isPartOf\":{\"@id\":\"https:\\\/\\\/www.royenagri.be\\\/de\\\/#website\"},\"primaryImageOfPage\":{\"@id\":\"https:\\\/\\\/www.royenagri.be\\\/de\\\/produkt\\\/kenosan\\\/#primaryimage\"},\"image\":{\"@id\":\"https:\\\/\\\/www.royenagri.be\\\/de\\\/produkt\\\/kenosan\\\/#primaryimage\"},\"thumbnailUrl\":\"https:\\\/\\\/www.royenagri.be\\\/wp-content\\\/uploads\\\/2024\\\/04\\\/Kenosan_BIO.png.png\",\"datePublished\":\"2024-04-22T13:47:00+00:00\",\"description\":\"Keno\u2122 san hat eine au\u00dfergew\u00f6hnliche Haftung und Durchdringungskraft, indem es einen hervorragenden langanhaltenden Schaum bildet.\",\"breadcrumb\":{\"@id\":\"https:\\\/\\\/www.royenagri.be\\\/de\\\/produkt\\\/kenosan\\\/#breadcrumb\"},\"inLanguage\":\"de\",\"potentialAction\":[{\"@type\":\"ReadAction\",\"target\":[\"https:\\\/\\\/www.royenagri.be\\\/de\\\/produkt\\\/kenosan\\\/\"]}]},{\"@type\":\"ImageObject\",\"inLanguage\":\"de\",\"@id\":\"https:\\\/\\\/www.royenagri.be\\\/de\\\/produkt\\\/kenosan\\\/#primaryimage\",\"url\":\"https:\\\/\\\/www.royenagri.be\\\/wp-content\\\/uploads\\\/2024\\\/04\\\/Kenosan_BIO.png.png\",\"contentUrl\":\"https:\\\/\\\/www.royenagri.be\\\/wp-content\\\/uploads\\\/2024\\\/04\\\/Kenosan_BIO.png.png\",\"width\":1550,\"height\":1750,\"caption\":\"Kenosan\"},{\"@type\":\"BreadcrumbList\",\"@id\":\"https:\\\/\\\/www.royenagri.be\\\/de\\\/produkt\\\/kenosan\\\/#breadcrumb\",\"itemListElement\":[{\"@type\":\"ListItem\",\"position\":1,\"name\":\"Home\",\"item\":\"https:\\\/\\\/www.royenagri.be\\\/de\\\/\"},{\"@type\":\"ListItem\",\"position\":2,\"name\":\"Shop\",\"item\":\"https:\\\/\\\/www.royenagri.be\\\/de\\\/shop\\\/\"},{\"@type\":\"ListItem\",\"position\":3,\"name\":\"Keno\u2122san\"}]},{\"@type\":\"WebSite\",\"@id\":\"https:\\\/\\\/www.royenagri.be\\\/de\\\/#website\",\"url\":\"https:\\\/\\\/www.royenagri.be\\\/de\\\/\",\"name\":\"Royen Agri\",\"description\":\"\",\"potentialAction\":[{\"@type\":\"SearchAction\",\"target\":{\"@type\":\"EntryPoint\",\"urlTemplate\":\"https:\\\/\\\/www.royenagri.be\\\/de\\\/?s={search_term_string}\"},\"query-input\":{\"@type\":\"PropertyValueSpecification\",\"valueRequired\":true,\"valueName\":\"search_term_string\"}}],\"inLanguage\":\"de\"}]}<\/script>\n<!-- \/ Yoast SEO plugin. -->","yoast_head_json":{"title":"Keno\u2122san - Royen Agri","description":"Keno\u2122 san hat eine au\u00dfergew\u00f6hnliche Haftung und Durchdringungskraft, indem es einen hervorragenden langanhaltenden Schaum bildet.","robots":{"index":"index","follow":"follow","max-snippet":"max-snippet:-1","max-image-preview":"max-image-preview:large","max-video-preview":"max-video-preview:-1"},"canonical":"https:\/\/www.royenagri.be\/de\/produkt\/kenosan\/","og_locale":"de_DE","og_type":"article","og_title":"Keno\u2122san - Royen Agri","og_description":"Keno\u2122 san hat eine au\u00dfergew\u00f6hnliche Haftung und Durchdringungskraft, indem es einen hervorragenden langanhaltenden Schaum bildet.","og_url":"https:\/\/www.royenagri.be\/de\/produkt\/kenosan\/","og_site_name":"Royen Agri","og_image":[{"width":1550,"height":1750,"url":"https:\/\/www.royenagri.be\/wp-content\/uploads\/2024\/04\/Kenosan_BIO.png.png","type":"image\/png"}],"twitter_card":"summary_large_image","schema":{"@context":"https:\/\/schema.org","@graph":[{"@type":"WebPage","@id":"https:\/\/www.royenagri.be\/de\/produkt\/kenosan\/","url":"https:\/\/www.royenagri.be\/de\/produkt\/kenosan\/","name":"Keno\u2122san - Royen Agri","isPartOf":{"@id":"https:\/\/www.royenagri.be\/de\/#website"},"primaryImageOfPage":{"@id":"https:\/\/www.royenagri.be\/de\/produkt\/kenosan\/#primaryimage"},"image":{"@id":"https:\/\/www.royenagri.be\/de\/produkt\/kenosan\/#primaryimage"},"thumbnailUrl":"https:\/\/www.royenagri.be\/wp-content\/uploads\/2024\/04\/Kenosan_BIO.png.png","datePublished":"2024-04-22T13:47:00+00:00","description":"Keno\u2122 san hat eine au\u00dfergew\u00f6hnliche Haftung und Durchdringungskraft, indem es einen hervorragenden langanhaltenden Schaum bildet.","breadcrumb":{"@id":"https:\/\/www.royenagri.be\/de\/produkt\/kenosan\/#breadcrumb"},"inLanguage":"de","potentialAction":[{"@type":"ReadAction","target":["https:\/\/www.royenagri.be\/de\/produkt\/kenosan\/"]}]},{"@type":"ImageObject","inLanguage":"de","@id":"https:\/\/www.royenagri.be\/de\/produkt\/kenosan\/#primaryimage","url":"https:\/\/www.royenagri.be\/wp-content\/uploads\/2024\/04\/Kenosan_BIO.png.png","contentUrl":"https:\/\/www.royenagri.be\/wp-content\/uploads\/2024\/04\/Kenosan_BIO.png.png","width":1550,"height":1750,"caption":"Kenosan"},{"@type":"BreadcrumbList","@id":"https:\/\/www.royenagri.be\/de\/produkt\/kenosan\/#breadcrumb","itemListElement":[{"@type":"ListItem","position":1,"name":"Home","item":"https:\/\/www.royenagri.be\/de\/"},{"@type":"ListItem","position":2,"name":"Shop","item":"https:\/\/www.royenagri.be\/de\/shop\/"},{"@type":"ListItem","position":3,"name":"Keno\u2122san"}]},{"@type":"WebSite","@id":"https:\/\/www.royenagri.be\/de\/#website","url":"https:\/\/www.royenagri.be\/de\/","name":"Royen Agri","description":"","potentialAction":[{"@type":"SearchAction","target":{"@type":"EntryPoint","urlTemplate":"https:\/\/www.royenagri.be\/de\/?s={search_term_string}"},"query-input":{"@type":"PropertyValueSpecification","valueRequired":true,"valueName":"search_term_string"}}],"inLanguage":"de"}]}},"_links":{"self":[{"href":"https:\/\/www.royenagri.be\/de\/wp-json\/wp\/v2\/product\/2386","targetHints":{"allow":["GET"]}}],"collection":[{"href":"https:\/\/www.royenagri.be\/de\/wp-json\/wp\/v2\/product"}],"about":[{"href":"https:\/\/www.royenagri.be\/de\/wp-json\/wp\/v2\/types\/product"}],"replies":[{"embeddable":true,"href":"https:\/\/www.royenagri.be\/de\/wp-json\/wp\/v2\/comments?post=2386"}],"wp:featuredmedia":[{"embeddable":true,"href":"https:\/\/www.royenagri.be\/de\/wp-json\/wp\/v2\/media\/1155"}],"wp:attachment":[{"href":"https:\/\/www.royenagri.be\/de\/wp-json\/wp\/v2\/media?parent=2386"}],"wp:term":[{"taxonomy":"product_brand","embeddable":true,"href":"https:\/\/www.royenagri.be\/de\/wp-json\/wp\/v2\/product_brand?post=2386"},{"taxonomy":"product_cat","embeddable":true,"href":"https:\/\/www.royenagri.be\/de\/wp-json\/wp\/v2\/product_cat?post=2386"},{"taxonomy":"product_tag","embeddable":true,"href":"https:\/\/www.royenagri.be\/de\/wp-json\/wp\/v2\/product_tag?post=2386"}],"curies":[{"name":"wp","href":"https:\/\/api.w.org\/{rel}","templated":true}]}}