{"id":2402,"date":"2024-04-22T12:46:27","date_gmt":"2024-04-22T12:46:27","guid":{"rendered":"https:\/\/royenagri.brainmade.lws-servers.be\/product\/kickstart\/"},"modified":"2024-04-22T12:46:27","modified_gmt":"2024-04-22T12:46:27","slug":"kickstart","status":"publish","type":"product","link":"https:\/\/www.royenagri.be\/de\/produkt\/kickstart\/","title":{"rendered":"Kickstart"},"content":{"rendered":"<p>Die wahre Alternative zu herk\u00f6mmlichen Desinfektionsmitteln! Kickstart hat eine einzigartige Formulierung auf Basis von Peressigs\u00e4ure, Wasserstoffperoxid und Essigs\u00e4ure.<br \/>\nSehr effektiv f\u00fcr alle Anwendungen, die eine schnelle Wirkung erfordern (Desinfektion der Stiefel am Eingang zu den Geb\u00e4uden in der Tierhaltung, Desinfektion der Fahrzeugr\u00e4der, Desinfektion der Melkkrallen w\u00e4hrend des Melkens, Desinfektion der Waschb\u00fcrsten,&#8230;).<\/p>\n","protected":false},"excerpt":{"rendered":"<p>Die wahre Alternative zu herk\u00f6mmlichen Desinfektionsmitteln! Kickstart hat eine einzigartige Formulierung auf Basis von Peressigs\u00e4ure, Wasserstoffperoxid und Essigs\u00e4ure.<\/p>\n","protected":false},"featured_media":1100,"comment_status":"open","ping_status":"closed","template":"","meta":{"_acf_changed":false,"inline_featured_image":false},"product_brand":[],"product_cat":[276,351],"product_tag":[],"class_list":{"0":"post-2402","1":"product","2":"type-product","3":"status-publish","4":"has-post-thumbnail","6":"product_cat-gebaeudereinigung-melkstand-fuer-die-landwirtschaft-lebensmittelindustrie-und-transport","7":"product_cat-reinigung","8":"products_brands-cid-lines-de","10":"first","11":"instock","12":"taxable","13":"shipping-taxable","14":"purchasable","15":"product-type-simple"},"acf":[],"yoast_head":"<!-- This site is optimized with the Yoast SEO plugin v27.5 - https:\/\/yoast.com\/product\/yoast-seo-wordpress\/ -->\n<title>Kickstart - Royen Agri<\/title>\n<meta name=\"description\" content=\"Die wahre Alternative zu herk\u00f6mmlichen Desinfektionsmitteln! Kickstart hat eine einzigartige Formulierung auf Basis von Peressigs\u00e4ure und Wasserstoffperoxid.\" \/>\n<meta name=\"robots\" content=\"index, follow, max-snippet:-1, max-image-preview:large, max-video-preview:-1\" \/>\n<link rel=\"canonical\" href=\"https:\/\/www.royenagri.be\/de\/produkt\/kickstart\/\" \/>\n<meta property=\"og:locale\" content=\"de_DE\" \/>\n<meta property=\"og:type\" content=\"article\" \/>\n<meta property=\"og:title\" content=\"Kickstart - Royen Agri\" \/>\n<meta property=\"og:description\" content=\"Die wahre Alternative zu herk\u00f6mmlichen Desinfektionsmitteln! Kickstart hat eine einzigartige Formulierung auf Basis von Peressigs\u00e4ure und Wasserstoffperoxid.\" \/>\n<meta property=\"og:url\" content=\"https:\/\/www.royenagri.be\/de\/produkt\/kickstart\/\" \/>\n<meta property=\"og:site_name\" content=\"Royen Agri\" \/>\n<meta property=\"og:image\" content=\"https:\/\/www.royenagri.be\/wp-content\/uploads\/2024\/04\/KICKSTART.png\" \/>\n\t<meta property=\"og:image:width\" content=\"1063\" \/>\n\t<meta property=\"og:image:height\" content=\"1299\" \/>\n\t<meta property=\"og:image:type\" content=\"image\/png\" \/>\n<meta name=\"twitter:card\" content=\"summary_large_image\" \/>\n<script type=\"application\/ld+json\" class=\"yoast-schema-graph\">{\"@context\":\"https:\\\/\\\/schema.org\",\"@graph\":[{\"@type\":\"WebPage\",\"@id\":\"https:\\\/\\\/www.royenagri.be\\\/de\\\/produkt\\\/kickstart\\\/\",\"url\":\"https:\\\/\\\/www.royenagri.be\\\/de\\\/produkt\\\/kickstart\\\/\",\"name\":\"Kickstart - Royen Agri\",\"isPartOf\":{\"@id\":\"https:\\\/\\\/www.royenagri.be\\\/de\\\/#website\"},\"primaryImageOfPage\":{\"@id\":\"https:\\\/\\\/www.royenagri.be\\\/de\\\/produkt\\\/kickstart\\\/#primaryimage\"},\"image\":{\"@id\":\"https:\\\/\\\/www.royenagri.be\\\/de\\\/produkt\\\/kickstart\\\/#primaryimage\"},\"thumbnailUrl\":\"https:\\\/\\\/www.royenagri.be\\\/wp-content\\\/uploads\\\/2024\\\/04\\\/KICKSTART.png\",\"datePublished\":\"2024-04-22T12:46:27+00:00\",\"description\":\"Die wahre Alternative zu herk\u00f6mmlichen Desinfektionsmitteln! Kickstart hat eine einzigartige Formulierung auf Basis von Peressigs\u00e4ure und Wasserstoffperoxid.\",\"breadcrumb\":{\"@id\":\"https:\\\/\\\/www.royenagri.be\\\/de\\\/produkt\\\/kickstart\\\/#breadcrumb\"},\"inLanguage\":\"de\",\"potentialAction\":[{\"@type\":\"ReadAction\",\"target\":[\"https:\\\/\\\/www.royenagri.be\\\/de\\\/produkt\\\/kickstart\\\/\"]}]},{\"@type\":\"ImageObject\",\"inLanguage\":\"de\",\"@id\":\"https:\\\/\\\/www.royenagri.be\\\/de\\\/produkt\\\/kickstart\\\/#primaryimage\",\"url\":\"https:\\\/\\\/www.royenagri.be\\\/wp-content\\\/uploads\\\/2024\\\/04\\\/KICKSTART.png\",\"contentUrl\":\"https:\\\/\\\/www.royenagri.be\\\/wp-content\\\/uploads\\\/2024\\\/04\\\/KICKSTART.png\",\"width\":1063,\"height\":1299,\"caption\":\"KICKSTART\"},{\"@type\":\"BreadcrumbList\",\"@id\":\"https:\\\/\\\/www.royenagri.be\\\/de\\\/produkt\\\/kickstart\\\/#breadcrumb\",\"itemListElement\":[{\"@type\":\"ListItem\",\"position\":1,\"name\":\"Home\",\"item\":\"https:\\\/\\\/www.royenagri.be\\\/de\\\/\"},{\"@type\":\"ListItem\",\"position\":2,\"name\":\"Shop\",\"item\":\"https:\\\/\\\/www.royenagri.be\\\/de\\\/shop\\\/\"},{\"@type\":\"ListItem\",\"position\":3,\"name\":\"Kickstart\"}]},{\"@type\":\"WebSite\",\"@id\":\"https:\\\/\\\/www.royenagri.be\\\/de\\\/#website\",\"url\":\"https:\\\/\\\/www.royenagri.be\\\/de\\\/\",\"name\":\"Royen Agri\",\"description\":\"\",\"potentialAction\":[{\"@type\":\"SearchAction\",\"target\":{\"@type\":\"EntryPoint\",\"urlTemplate\":\"https:\\\/\\\/www.royenagri.be\\\/de\\\/?s={search_term_string}\"},\"query-input\":{\"@type\":\"PropertyValueSpecification\",\"valueRequired\":true,\"valueName\":\"search_term_string\"}}],\"inLanguage\":\"de\"}]}<\/script>\n<!-- \/ Yoast SEO plugin. -->","yoast_head_json":{"title":"Kickstart - Royen Agri","description":"Die wahre Alternative zu herk\u00f6mmlichen Desinfektionsmitteln! Kickstart hat eine einzigartige Formulierung auf Basis von Peressigs\u00e4ure und Wasserstoffperoxid.","robots":{"index":"index","follow":"follow","max-snippet":"max-snippet:-1","max-image-preview":"max-image-preview:large","max-video-preview":"max-video-preview:-1"},"canonical":"https:\/\/www.royenagri.be\/de\/produkt\/kickstart\/","og_locale":"de_DE","og_type":"article","og_title":"Kickstart - Royen Agri","og_description":"Die wahre Alternative zu herk\u00f6mmlichen Desinfektionsmitteln! Kickstart hat eine einzigartige Formulierung auf Basis von Peressigs\u00e4ure und Wasserstoffperoxid.","og_url":"https:\/\/www.royenagri.be\/de\/produkt\/kickstart\/","og_site_name":"Royen Agri","og_image":[{"width":1063,"height":1299,"url":"https:\/\/www.royenagri.be\/wp-content\/uploads\/2024\/04\/KICKSTART.png","type":"image\/png"}],"twitter_card":"summary_large_image","schema":{"@context":"https:\/\/schema.org","@graph":[{"@type":"WebPage","@id":"https:\/\/www.royenagri.be\/de\/produkt\/kickstart\/","url":"https:\/\/www.royenagri.be\/de\/produkt\/kickstart\/","name":"Kickstart - Royen Agri","isPartOf":{"@id":"https:\/\/www.royenagri.be\/de\/#website"},"primaryImageOfPage":{"@id":"https:\/\/www.royenagri.be\/de\/produkt\/kickstart\/#primaryimage"},"image":{"@id":"https:\/\/www.royenagri.be\/de\/produkt\/kickstart\/#primaryimage"},"thumbnailUrl":"https:\/\/www.royenagri.be\/wp-content\/uploads\/2024\/04\/KICKSTART.png","datePublished":"2024-04-22T12:46:27+00:00","description":"Die wahre Alternative zu herk\u00f6mmlichen Desinfektionsmitteln! Kickstart hat eine einzigartige Formulierung auf Basis von Peressigs\u00e4ure und Wasserstoffperoxid.","breadcrumb":{"@id":"https:\/\/www.royenagri.be\/de\/produkt\/kickstart\/#breadcrumb"},"inLanguage":"de","potentialAction":[{"@type":"ReadAction","target":["https:\/\/www.royenagri.be\/de\/produkt\/kickstart\/"]}]},{"@type":"ImageObject","inLanguage":"de","@id":"https:\/\/www.royenagri.be\/de\/produkt\/kickstart\/#primaryimage","url":"https:\/\/www.royenagri.be\/wp-content\/uploads\/2024\/04\/KICKSTART.png","contentUrl":"https:\/\/www.royenagri.be\/wp-content\/uploads\/2024\/04\/KICKSTART.png","width":1063,"height":1299,"caption":"KICKSTART"},{"@type":"BreadcrumbList","@id":"https:\/\/www.royenagri.be\/de\/produkt\/kickstart\/#breadcrumb","itemListElement":[{"@type":"ListItem","position":1,"name":"Home","item":"https:\/\/www.royenagri.be\/de\/"},{"@type":"ListItem","position":2,"name":"Shop","item":"https:\/\/www.royenagri.be\/de\/shop\/"},{"@type":"ListItem","position":3,"name":"Kickstart"}]},{"@type":"WebSite","@id":"https:\/\/www.royenagri.be\/de\/#website","url":"https:\/\/www.royenagri.be\/de\/","name":"Royen Agri","description":"","potentialAction":[{"@type":"SearchAction","target":{"@type":"EntryPoint","urlTemplate":"https:\/\/www.royenagri.be\/de\/?s={search_term_string}"},"query-input":{"@type":"PropertyValueSpecification","valueRequired":true,"valueName":"search_term_string"}}],"inLanguage":"de"}]}},"_links":{"self":[{"href":"https:\/\/www.royenagri.be\/de\/wp-json\/wp\/v2\/product\/2402","targetHints":{"allow":["GET"]}}],"collection":[{"href":"https:\/\/www.royenagri.be\/de\/wp-json\/wp\/v2\/product"}],"about":[{"href":"https:\/\/www.royenagri.be\/de\/wp-json\/wp\/v2\/types\/product"}],"replies":[{"embeddable":true,"href":"https:\/\/www.royenagri.be\/de\/wp-json\/wp\/v2\/comments?post=2402"}],"wp:featuredmedia":[{"embeddable":true,"href":"https:\/\/www.royenagri.be\/de\/wp-json\/wp\/v2\/media\/1100"}],"wp:attachment":[{"href":"https:\/\/www.royenagri.be\/de\/wp-json\/wp\/v2\/media?parent=2402"}],"wp:term":[{"taxonomy":"product_brand","embeddable":true,"href":"https:\/\/www.royenagri.be\/de\/wp-json\/wp\/v2\/product_brand?post=2402"},{"taxonomy":"product_cat","embeddable":true,"href":"https:\/\/www.royenagri.be\/de\/wp-json\/wp\/v2\/product_cat?post=2402"},{"taxonomy":"product_tag","embeddable":true,"href":"https:\/\/www.royenagri.be\/de\/wp-json\/wp\/v2\/product_tag?post=2402"}],"curies":[{"name":"wp","href":"https:\/\/api.w.org\/{rel}","templated":true}]}}