{"id":2422,"date":"2024-04-22T11:31:43","date_gmt":"2024-04-22T11:31:43","guid":{"rendered":"https:\/\/royenagri.brainmade.lws-servers.be\/product\/caipan\/"},"modified":"2024-04-22T11:31:43","modified_gmt":"2024-04-22T11:31:43","slug":"caipan","status":"publish","type":"product","link":"https:\/\/www.royenagri.be\/de\/produkt\/caipan\/","title":{"rendered":"Caipan"},"content":{"rendered":"<p>W\u00e4rmende Salbe zur \u00e4u\u00dferlichen Anwendung mit Pfefferminzeextrakt, die zur Reduzierung des Euter\u00f6dems bei K\u00fchen, Schafen oder Milchziegen bestimmt ist.<\/p>\n","protected":false},"excerpt":{"rendered":"<p>W\u00e4rmende Salbe zur \u00e4u\u00dferlichen Anwendung mit Pfefferminzeextrakt, die zur Reduzierung des Euter\u00f6dems bei K\u00fchen, Schafen oder Milchziegen bestimmt ist.<\/p>\n","protected":false},"featured_media":1015,"comment_status":"open","ping_status":"closed","template":"","meta":{"_acf_changed":false,"inline_featured_image":false},"product_brand":[],"product_cat":[304,289,313],"product_tag":[],"class_list":{"0":"post-2422","1":"product","2":"type-product","3":"status-publish","4":"has-post-thumbnail","6":"product_cat-euterhygiene","7":"product_cat-melkhygiene-de","8":"product_cat-viertelpflege","9":"products_brands-sanicoopa-de","11":"first","12":"instock","13":"taxable","14":"shipping-taxable","15":"purchasable","16":"product-type-simple"},"acf":[],"yoast_head":"<!-- This site is optimized with the Yoast SEO plugin v27.5 - https:\/\/yoast.com\/product\/yoast-seo-wordpress\/ -->\n<title>Caipan - Royen Agri<\/title>\n<meta name=\"description\" content=\"W\u00e4rmende Salbe zur \u00e4u\u00dferlichen Anwendung mit Pfefferminzeextrakt, die zur Reduzierung des Euter\u00f6dems bei K\u00fchen, Schafen oder Milchziegen bestimmt ist.\" \/>\n<meta name=\"robots\" content=\"index, follow, max-snippet:-1, max-image-preview:large, max-video-preview:-1\" \/>\n<link rel=\"canonical\" href=\"https:\/\/www.royenagri.be\/de\/produkt\/caipan\/\" \/>\n<meta property=\"og:locale\" content=\"de_DE\" \/>\n<meta property=\"og:type\" content=\"article\" \/>\n<meta property=\"og:title\" content=\"Caipan - Royen Agri\" \/>\n<meta property=\"og:description\" content=\"W\u00e4rmende Salbe zur \u00e4u\u00dferlichen Anwendung mit Pfefferminzeextrakt, die zur Reduzierung des Euter\u00f6dems bei K\u00fchen, Schafen oder Milchziegen bestimmt ist.\" \/>\n<meta property=\"og:url\" content=\"https:\/\/www.royenagri.be\/de\/produkt\/caipan\/\" \/>\n<meta property=\"og:site_name\" content=\"Royen Agri\" \/>\n<meta property=\"og:image\" content=\"https:\/\/www.royenagri.be\/wp-content\/uploads\/2024\/04\/Caipan.png\" \/>\n\t<meta property=\"og:image:width\" content=\"621\" \/>\n\t<meta property=\"og:image:height\" content=\"687\" \/>\n\t<meta property=\"og:image:type\" content=\"image\/png\" \/>\n<meta name=\"twitter:card\" content=\"summary_large_image\" \/>\n<script type=\"application\/ld+json\" class=\"yoast-schema-graph\">{\"@context\":\"https:\\\/\\\/schema.org\",\"@graph\":[{\"@type\":\"WebPage\",\"@id\":\"https:\\\/\\\/www.royenagri.be\\\/de\\\/produkt\\\/caipan\\\/\",\"url\":\"https:\\\/\\\/www.royenagri.be\\\/de\\\/produkt\\\/caipan\\\/\",\"name\":\"Caipan - Royen Agri\",\"isPartOf\":{\"@id\":\"https:\\\/\\\/www.royenagri.be\\\/de\\\/#website\"},\"primaryImageOfPage\":{\"@id\":\"https:\\\/\\\/www.royenagri.be\\\/de\\\/produkt\\\/caipan\\\/#primaryimage\"},\"image\":{\"@id\":\"https:\\\/\\\/www.royenagri.be\\\/de\\\/produkt\\\/caipan\\\/#primaryimage\"},\"thumbnailUrl\":\"https:\\\/\\\/www.royenagri.be\\\/wp-content\\\/uploads\\\/2024\\\/04\\\/Caipan.png\",\"datePublished\":\"2024-04-22T11:31:43+00:00\",\"description\":\"W\u00e4rmende Salbe zur \u00e4u\u00dferlichen Anwendung mit Pfefferminzeextrakt, die zur Reduzierung des Euter\u00f6dems bei K\u00fchen, Schafen oder Milchziegen bestimmt ist.\",\"breadcrumb\":{\"@id\":\"https:\\\/\\\/www.royenagri.be\\\/de\\\/produkt\\\/caipan\\\/#breadcrumb\"},\"inLanguage\":\"de\",\"potentialAction\":[{\"@type\":\"ReadAction\",\"target\":[\"https:\\\/\\\/www.royenagri.be\\\/de\\\/produkt\\\/caipan\\\/\"]}]},{\"@type\":\"ImageObject\",\"inLanguage\":\"de\",\"@id\":\"https:\\\/\\\/www.royenagri.be\\\/de\\\/produkt\\\/caipan\\\/#primaryimage\",\"url\":\"https:\\\/\\\/www.royenagri.be\\\/wp-content\\\/uploads\\\/2024\\\/04\\\/Caipan.png\",\"contentUrl\":\"https:\\\/\\\/www.royenagri.be\\\/wp-content\\\/uploads\\\/2024\\\/04\\\/Caipan.png\",\"width\":621,\"height\":687,\"caption\":\"Caipan\"},{\"@type\":\"BreadcrumbList\",\"@id\":\"https:\\\/\\\/www.royenagri.be\\\/de\\\/produkt\\\/caipan\\\/#breadcrumb\",\"itemListElement\":[{\"@type\":\"ListItem\",\"position\":1,\"name\":\"Home\",\"item\":\"https:\\\/\\\/www.royenagri.be\\\/de\\\/\"},{\"@type\":\"ListItem\",\"position\":2,\"name\":\"Shop\",\"item\":\"https:\\\/\\\/www.royenagri.be\\\/de\\\/shop\\\/\"},{\"@type\":\"ListItem\",\"position\":3,\"name\":\"Caipan\"}]},{\"@type\":\"WebSite\",\"@id\":\"https:\\\/\\\/www.royenagri.be\\\/de\\\/#website\",\"url\":\"https:\\\/\\\/www.royenagri.be\\\/de\\\/\",\"name\":\"Royen Agri\",\"description\":\"\",\"potentialAction\":[{\"@type\":\"SearchAction\",\"target\":{\"@type\":\"EntryPoint\",\"urlTemplate\":\"https:\\\/\\\/www.royenagri.be\\\/de\\\/?s={search_term_string}\"},\"query-input\":{\"@type\":\"PropertyValueSpecification\",\"valueRequired\":true,\"valueName\":\"search_term_string\"}}],\"inLanguage\":\"de\"}]}<\/script>\n<!-- \/ Yoast SEO plugin. -->","yoast_head_json":{"title":"Caipan - Royen Agri","description":"W\u00e4rmende Salbe zur \u00e4u\u00dferlichen Anwendung mit Pfefferminzeextrakt, die zur Reduzierung des Euter\u00f6dems bei K\u00fchen, Schafen oder Milchziegen bestimmt ist.","robots":{"index":"index","follow":"follow","max-snippet":"max-snippet:-1","max-image-preview":"max-image-preview:large","max-video-preview":"max-video-preview:-1"},"canonical":"https:\/\/www.royenagri.be\/de\/produkt\/caipan\/","og_locale":"de_DE","og_type":"article","og_title":"Caipan - Royen Agri","og_description":"W\u00e4rmende Salbe zur \u00e4u\u00dferlichen Anwendung mit Pfefferminzeextrakt, die zur Reduzierung des Euter\u00f6dems bei K\u00fchen, Schafen oder Milchziegen bestimmt ist.","og_url":"https:\/\/www.royenagri.be\/de\/produkt\/caipan\/","og_site_name":"Royen Agri","og_image":[{"width":621,"height":687,"url":"https:\/\/www.royenagri.be\/wp-content\/uploads\/2024\/04\/Caipan.png","type":"image\/png"}],"twitter_card":"summary_large_image","schema":{"@context":"https:\/\/schema.org","@graph":[{"@type":"WebPage","@id":"https:\/\/www.royenagri.be\/de\/produkt\/caipan\/","url":"https:\/\/www.royenagri.be\/de\/produkt\/caipan\/","name":"Caipan - Royen Agri","isPartOf":{"@id":"https:\/\/www.royenagri.be\/de\/#website"},"primaryImageOfPage":{"@id":"https:\/\/www.royenagri.be\/de\/produkt\/caipan\/#primaryimage"},"image":{"@id":"https:\/\/www.royenagri.be\/de\/produkt\/caipan\/#primaryimage"},"thumbnailUrl":"https:\/\/www.royenagri.be\/wp-content\/uploads\/2024\/04\/Caipan.png","datePublished":"2024-04-22T11:31:43+00:00","description":"W\u00e4rmende Salbe zur \u00e4u\u00dferlichen Anwendung mit Pfefferminzeextrakt, die zur Reduzierung des Euter\u00f6dems bei K\u00fchen, Schafen oder Milchziegen bestimmt ist.","breadcrumb":{"@id":"https:\/\/www.royenagri.be\/de\/produkt\/caipan\/#breadcrumb"},"inLanguage":"de","potentialAction":[{"@type":"ReadAction","target":["https:\/\/www.royenagri.be\/de\/produkt\/caipan\/"]}]},{"@type":"ImageObject","inLanguage":"de","@id":"https:\/\/www.royenagri.be\/de\/produkt\/caipan\/#primaryimage","url":"https:\/\/www.royenagri.be\/wp-content\/uploads\/2024\/04\/Caipan.png","contentUrl":"https:\/\/www.royenagri.be\/wp-content\/uploads\/2024\/04\/Caipan.png","width":621,"height":687,"caption":"Caipan"},{"@type":"BreadcrumbList","@id":"https:\/\/www.royenagri.be\/de\/produkt\/caipan\/#breadcrumb","itemListElement":[{"@type":"ListItem","position":1,"name":"Home","item":"https:\/\/www.royenagri.be\/de\/"},{"@type":"ListItem","position":2,"name":"Shop","item":"https:\/\/www.royenagri.be\/de\/shop\/"},{"@type":"ListItem","position":3,"name":"Caipan"}]},{"@type":"WebSite","@id":"https:\/\/www.royenagri.be\/de\/#website","url":"https:\/\/www.royenagri.be\/de\/","name":"Royen Agri","description":"","potentialAction":[{"@type":"SearchAction","target":{"@type":"EntryPoint","urlTemplate":"https:\/\/www.royenagri.be\/de\/?s={search_term_string}"},"query-input":{"@type":"PropertyValueSpecification","valueRequired":true,"valueName":"search_term_string"}}],"inLanguage":"de"}]}},"_links":{"self":[{"href":"https:\/\/www.royenagri.be\/de\/wp-json\/wp\/v2\/product\/2422","targetHints":{"allow":["GET"]}}],"collection":[{"href":"https:\/\/www.royenagri.be\/de\/wp-json\/wp\/v2\/product"}],"about":[{"href":"https:\/\/www.royenagri.be\/de\/wp-json\/wp\/v2\/types\/product"}],"replies":[{"embeddable":true,"href":"https:\/\/www.royenagri.be\/de\/wp-json\/wp\/v2\/comments?post=2422"}],"wp:featuredmedia":[{"embeddable":true,"href":"https:\/\/www.royenagri.be\/de\/wp-json\/wp\/v2\/media\/1015"}],"wp:attachment":[{"href":"https:\/\/www.royenagri.be\/de\/wp-json\/wp\/v2\/media?parent=2422"}],"wp:term":[{"taxonomy":"product_brand","embeddable":true,"href":"https:\/\/www.royenagri.be\/de\/wp-json\/wp\/v2\/product_brand?post=2422"},{"taxonomy":"product_cat","embeddable":true,"href":"https:\/\/www.royenagri.be\/de\/wp-json\/wp\/v2\/product_cat?post=2422"},{"taxonomy":"product_tag","embeddable":true,"href":"https:\/\/www.royenagri.be\/de\/wp-json\/wp\/v2\/product_tag?post=2422"}],"curies":[{"name":"wp","href":"https:\/\/api.w.org\/{rel}","templated":true}]}}