{"id":2516,"date":"2025-02-19T12:32:31","date_gmt":"2025-02-19T12:32:31","guid":{"rendered":"https:\/\/royenagri.brainmade.lws-servers.be\/product\/ioshield-d\/"},"modified":"2024-04-18T15:08:51","modified_gmt":"2024-04-18T15:08:51","slug":"ioshield-d","status":"publish","type":"product","link":"https:\/\/www.royenagri.be\/de\/produkt\/ioshield-d\/","title":{"rendered":"IoShield D"},"content":{"rendered":"<p>Aktive Barriere zur Desinfektion und zum Schutz der Zitzen nach dem Melken.<br \/>\nIoShield\u00ae D enth\u00e4lt Jod, eine als Biozid gemeldete Substanz zur Desinfektion der Zitzen f\u00fcr veterin\u00e4rhygienische Zwecke. Dieses Molek\u00fcl kombiniert desinfizierende und hypoallergene Eigenschaften. Das im IoShield\u00ae D enthaltene Jod ist mit dem stabilsten Tr\u00e4ger auf dem Markt, dem PVP (Poly Vinyl Pyrrolidone), f\u00fcr eine optimale Desinfektion verbunden. Der durch IoShield\u00ae D gebildete Shield sch\u00fctzt die Zitzen von einer Melkung zur n\u00e4chsten vor physischen und mikrobiellen Angriffen.<\/p>\n","protected":false},"excerpt":{"rendered":"<p>IoShield\u00ae D enth\u00e4lt Jod, eine als Biozid gemeldete Substanz zur Desinfektion der Zitzen f\u00fcr veterin\u00e4rhygienische Zwecke. IoShield\u00ae D enth\u00e4lt Jod, eine als Biozid gemeldete Substanz zur Desinfektion der Zitzen f\u00fcr veterin\u00e4rhygienische Zwecke.<\/p>\n","protected":false},"featured_media":743,"comment_status":"closed","ping_status":"closed","template":"","meta":{"_acf_changed":false,"inline_featured_image":false},"product_brand":[],"product_cat":[304,289,310],"product_tag":[],"class_list":{"0":"post-2516","1":"product","2":"type-product","3":"status-publish","4":"has-post-thumbnail","6":"product_cat-euterhygiene","7":"product_cat-melkhygiene-de","8":"product_cat-nach-dem-melken","9":"products_brands-ecolab-de","11":"first","12":"instock","13":"taxable","14":"shipping-taxable","15":"purchasable","16":"product-type-variable"},"acf":[],"yoast_head":"<!-- This site is optimized with the Yoast SEO plugin v27.4 - https:\/\/yoast.com\/product\/yoast-seo-wordpress\/ -->\n<title>IoShield D - Royen Agri<\/title>\n<meta name=\"description\" content=\"IoShield\u00ae D enth\u00e4lt Jod, eine als Biozid gemeldete Substanz zur Desinfektion der Zitzen f\u00fcr veterin\u00e4rhygienische Zwecke.\" \/>\n<meta name=\"robots\" content=\"index, follow, max-snippet:-1, max-image-preview:large, max-video-preview:-1\" \/>\n<link rel=\"canonical\" href=\"https:\/\/www.royenagri.be\/de\/produkt\/ioshield-d\/\" \/>\n<meta property=\"og:locale\" content=\"de_DE\" \/>\n<meta property=\"og:type\" content=\"article\" \/>\n<meta property=\"og:title\" content=\"IoShield D - Royen Agri\" \/>\n<meta property=\"og:description\" content=\"IoShield\u00ae D enth\u00e4lt Jod, eine als Biozid gemeldete Substanz zur Desinfektion der Zitzen f\u00fcr veterin\u00e4rhygienische Zwecke.\" \/>\n<meta property=\"og:url\" content=\"https:\/\/www.royenagri.be\/de\/produkt\/ioshield-d\/\" \/>\n<meta property=\"og:site_name\" content=\"Royen Agri\" \/>\n<meta property=\"og:image\" content=\"https:\/\/www.royenagri.be\/wp-content\/uploads\/2024\/04\/IoShield-2267840-20kg.png.png\" \/>\n\t<meta property=\"og:image:width\" content=\"1331\" \/>\n\t<meta property=\"og:image:height\" content=\"1772\" \/>\n\t<meta property=\"og:image:type\" content=\"image\/png\" \/>\n<meta name=\"twitter:card\" content=\"summary_large_image\" \/>\n<script type=\"application\/ld+json\" class=\"yoast-schema-graph\">{\"@context\":\"https:\\\/\\\/schema.org\",\"@graph\":[{\"@type\":\"WebPage\",\"@id\":\"https:\\\/\\\/www.royenagri.be\\\/de\\\/produkt\\\/ioshield-d\\\/\",\"url\":\"https:\\\/\\\/www.royenagri.be\\\/de\\\/produkt\\\/ioshield-d\\\/\",\"name\":\"IoShield D - Royen Agri\",\"isPartOf\":{\"@id\":\"https:\\\/\\\/www.royenagri.be\\\/de\\\/#website\"},\"primaryImageOfPage\":{\"@id\":\"https:\\\/\\\/www.royenagri.be\\\/de\\\/produkt\\\/ioshield-d\\\/#primaryimage\"},\"image\":{\"@id\":\"https:\\\/\\\/www.royenagri.be\\\/de\\\/produkt\\\/ioshield-d\\\/#primaryimage\"},\"thumbnailUrl\":\"https:\\\/\\\/www.royenagri.be\\\/wp-content\\\/uploads\\\/2024\\\/04\\\/IoShield-2267840-20kg.png.png\",\"datePublished\":\"2025-02-19T12:32:31+00:00\",\"description\":\"IoShield\u00ae D enth\u00e4lt Jod, eine als Biozid gemeldete Substanz zur Desinfektion der Zitzen f\u00fcr veterin\u00e4rhygienische Zwecke.\",\"breadcrumb\":{\"@id\":\"https:\\\/\\\/www.royenagri.be\\\/de\\\/produkt\\\/ioshield-d\\\/#breadcrumb\"},\"inLanguage\":\"de\",\"potentialAction\":[{\"@type\":\"ReadAction\",\"target\":[\"https:\\\/\\\/www.royenagri.be\\\/de\\\/produkt\\\/ioshield-d\\\/\"]}]},{\"@type\":\"ImageObject\",\"inLanguage\":\"de\",\"@id\":\"https:\\\/\\\/www.royenagri.be\\\/de\\\/produkt\\\/ioshield-d\\\/#primaryimage\",\"url\":\"https:\\\/\\\/www.royenagri.be\\\/wp-content\\\/uploads\\\/2024\\\/04\\\/IoShield-2267840-20kg.png.png\",\"contentUrl\":\"https:\\\/\\\/www.royenagri.be\\\/wp-content\\\/uploads\\\/2024\\\/04\\\/IoShield-2267840-20kg.png.png\",\"width\":1331,\"height\":1772,\"caption\":\"IoShield\"},{\"@type\":\"BreadcrumbList\",\"@id\":\"https:\\\/\\\/www.royenagri.be\\\/de\\\/produkt\\\/ioshield-d\\\/#breadcrumb\",\"itemListElement\":[{\"@type\":\"ListItem\",\"position\":1,\"name\":\"Home\",\"item\":\"https:\\\/\\\/www.royenagri.be\\\/de\\\/\"},{\"@type\":\"ListItem\",\"position\":2,\"name\":\"Shop\",\"item\":\"https:\\\/\\\/www.royenagri.be\\\/de\\\/shop\\\/\"},{\"@type\":\"ListItem\",\"position\":3,\"name\":\"IoShield D\"}]},{\"@type\":\"WebSite\",\"@id\":\"https:\\\/\\\/www.royenagri.be\\\/de\\\/#website\",\"url\":\"https:\\\/\\\/www.royenagri.be\\\/de\\\/\",\"name\":\"Royen Agri\",\"description\":\"\",\"potentialAction\":[{\"@type\":\"SearchAction\",\"target\":{\"@type\":\"EntryPoint\",\"urlTemplate\":\"https:\\\/\\\/www.royenagri.be\\\/de\\\/?s={search_term_string}\"},\"query-input\":{\"@type\":\"PropertyValueSpecification\",\"valueRequired\":true,\"valueName\":\"search_term_string\"}}],\"inLanguage\":\"de\"}]}<\/script>\n<!-- \/ Yoast SEO plugin. -->","yoast_head_json":{"title":"IoShield D - Royen Agri","description":"IoShield\u00ae D enth\u00e4lt Jod, eine als Biozid gemeldete Substanz zur Desinfektion der Zitzen f\u00fcr veterin\u00e4rhygienische Zwecke.","robots":{"index":"index","follow":"follow","max-snippet":"max-snippet:-1","max-image-preview":"max-image-preview:large","max-video-preview":"max-video-preview:-1"},"canonical":"https:\/\/www.royenagri.be\/de\/produkt\/ioshield-d\/","og_locale":"de_DE","og_type":"article","og_title":"IoShield D - Royen Agri","og_description":"IoShield\u00ae D enth\u00e4lt Jod, eine als Biozid gemeldete Substanz zur Desinfektion der Zitzen f\u00fcr veterin\u00e4rhygienische Zwecke.","og_url":"https:\/\/www.royenagri.be\/de\/produkt\/ioshield-d\/","og_site_name":"Royen Agri","og_image":[{"width":1331,"height":1772,"url":"https:\/\/www.royenagri.be\/wp-content\/uploads\/2024\/04\/IoShield-2267840-20kg.png.png","type":"image\/png"}],"twitter_card":"summary_large_image","schema":{"@context":"https:\/\/schema.org","@graph":[{"@type":"WebPage","@id":"https:\/\/www.royenagri.be\/de\/produkt\/ioshield-d\/","url":"https:\/\/www.royenagri.be\/de\/produkt\/ioshield-d\/","name":"IoShield D - Royen Agri","isPartOf":{"@id":"https:\/\/www.royenagri.be\/de\/#website"},"primaryImageOfPage":{"@id":"https:\/\/www.royenagri.be\/de\/produkt\/ioshield-d\/#primaryimage"},"image":{"@id":"https:\/\/www.royenagri.be\/de\/produkt\/ioshield-d\/#primaryimage"},"thumbnailUrl":"https:\/\/www.royenagri.be\/wp-content\/uploads\/2024\/04\/IoShield-2267840-20kg.png.png","datePublished":"2025-02-19T12:32:31+00:00","description":"IoShield\u00ae D enth\u00e4lt Jod, eine als Biozid gemeldete Substanz zur Desinfektion der Zitzen f\u00fcr veterin\u00e4rhygienische Zwecke.","breadcrumb":{"@id":"https:\/\/www.royenagri.be\/de\/produkt\/ioshield-d\/#breadcrumb"},"inLanguage":"de","potentialAction":[{"@type":"ReadAction","target":["https:\/\/www.royenagri.be\/de\/produkt\/ioshield-d\/"]}]},{"@type":"ImageObject","inLanguage":"de","@id":"https:\/\/www.royenagri.be\/de\/produkt\/ioshield-d\/#primaryimage","url":"https:\/\/www.royenagri.be\/wp-content\/uploads\/2024\/04\/IoShield-2267840-20kg.png.png","contentUrl":"https:\/\/www.royenagri.be\/wp-content\/uploads\/2024\/04\/IoShield-2267840-20kg.png.png","width":1331,"height":1772,"caption":"IoShield"},{"@type":"BreadcrumbList","@id":"https:\/\/www.royenagri.be\/de\/produkt\/ioshield-d\/#breadcrumb","itemListElement":[{"@type":"ListItem","position":1,"name":"Home","item":"https:\/\/www.royenagri.be\/de\/"},{"@type":"ListItem","position":2,"name":"Shop","item":"https:\/\/www.royenagri.be\/de\/shop\/"},{"@type":"ListItem","position":3,"name":"IoShield D"}]},{"@type":"WebSite","@id":"https:\/\/www.royenagri.be\/de\/#website","url":"https:\/\/www.royenagri.be\/de\/","name":"Royen Agri","description":"","potentialAction":[{"@type":"SearchAction","target":{"@type":"EntryPoint","urlTemplate":"https:\/\/www.royenagri.be\/de\/?s={search_term_string}"},"query-input":{"@type":"PropertyValueSpecification","valueRequired":true,"valueName":"search_term_string"}}],"inLanguage":"de"}]}},"_links":{"self":[{"href":"https:\/\/www.royenagri.be\/de\/wp-json\/wp\/v2\/product\/2516","targetHints":{"allow":["GET"]}}],"collection":[{"href":"https:\/\/www.royenagri.be\/de\/wp-json\/wp\/v2\/product"}],"about":[{"href":"https:\/\/www.royenagri.be\/de\/wp-json\/wp\/v2\/types\/product"}],"replies":[{"embeddable":true,"href":"https:\/\/www.royenagri.be\/de\/wp-json\/wp\/v2\/comments?post=2516"}],"wp:featuredmedia":[{"embeddable":true,"href":"https:\/\/www.royenagri.be\/de\/wp-json\/wp\/v2\/media\/743"}],"wp:attachment":[{"href":"https:\/\/www.royenagri.be\/de\/wp-json\/wp\/v2\/media?parent=2516"}],"wp:term":[{"taxonomy":"product_brand","embeddable":true,"href":"https:\/\/www.royenagri.be\/de\/wp-json\/wp\/v2\/product_brand?post=2516"},{"taxonomy":"product_cat","embeddable":true,"href":"https:\/\/www.royenagri.be\/de\/wp-json\/wp\/v2\/product_cat?post=2516"},{"taxonomy":"product_tag","embeddable":true,"href":"https:\/\/www.royenagri.be\/de\/wp-json\/wp\/v2\/product_tag?post=2516"}],"curies":[{"name":"wp","href":"https:\/\/api.w.org\/{rel}","templated":true}]}}