{"id":2528,"date":"2025-02-19T12:31:02","date_gmt":"2025-02-19T12:31:02","guid":{"rendered":"https:\/\/royenagri.brainmade.lws-servers.be\/product\/blugard-dip-plus\/"},"modified":"2024-04-18T14:35:16","modified_gmt":"2024-04-18T14:35:16","slug":"blugard-dip-plus","status":"publish","type":"product","link":"https:\/\/www.royenagri.be\/de\/produkt\/blugard-dip-plus\/","title":{"rendered":"BluGard Dip Plus"},"content":{"rendered":"<p>BluGard\u00ae Dip Plus desinfiziert die Zitzenhaut nach dem Melken. BluGard\u00ae Dip Plus enth\u00e4lt Milchs\u00e4ure und Glycols\u00e4ure, die als Biozid gemeldete Wirkstoffe zur Desinfektion der Zitzenhaut f\u00fcr veterin\u00e4rhygienische Zwecke sind. Diese Molek\u00fcle kombinieren desinfizierende und hypoallergene Eigenschaften.<\/p>\n","protected":false},"excerpt":{"rendered":"<p>BluGard\u00ae Dip Plus desinfiziert die Zitzenhaut nach dem Melken. BluGard\u00ae Dip Plus enth\u00e4lt Milchs\u00e4ure und Glycols\u00e4ure.<\/p>\n","protected":false},"featured_media":718,"comment_status":"closed","ping_status":"closed","template":"","meta":{"_acf_changed":false,"inline_featured_image":false},"product_brand":[],"product_cat":[304,289,310],"product_tag":[],"class_list":{"0":"post-2528","1":"product","2":"type-product","3":"status-publish","4":"has-post-thumbnail","6":"product_cat-euterhygiene","7":"product_cat-melkhygiene-de","8":"product_cat-nach-dem-melken","9":"products_brands-ecolab-de","11":"first","12":"instock","13":"taxable","14":"shipping-taxable","15":"product-type-variable"},"acf":[],"yoast_head":"<!-- This site is optimized with the Yoast SEO plugin v27.5 - https:\/\/yoast.com\/product\/yoast-seo-wordpress\/ -->\n<title>BluGard Dip Plus - Royen Agri<\/title>\n<meta name=\"description\" content=\"BluGard\u00ae Dip Plus desinfiziert die Zitzenhaut nach dem Melken. BluGard\u00ae Dip Plus enth\u00e4lt Milchs\u00e4ure und Glycols\u00e4ure.\" \/>\n<meta name=\"robots\" content=\"index, follow, max-snippet:-1, max-image-preview:large, max-video-preview:-1\" \/>\n<link rel=\"canonical\" href=\"https:\/\/www.royenagri.be\/de\/produkt\/blugard-dip-plus\/\" \/>\n<meta property=\"og:locale\" content=\"de_DE\" \/>\n<meta property=\"og:type\" content=\"article\" \/>\n<meta property=\"og:title\" content=\"BluGard Dip Plus - Royen Agri\" \/>\n<meta property=\"og:description\" content=\"BluGard\u00ae Dip Plus desinfiziert die Zitzenhaut nach dem Melken. BluGard\u00ae Dip Plus enth\u00e4lt Milchs\u00e4ure und Glycols\u00e4ure.\" \/>\n<meta property=\"og:url\" content=\"https:\/\/www.royenagri.be\/de\/produkt\/blugard-dip-plus\/\" \/>\n<meta property=\"og:site_name\" content=\"Royen Agri\" \/>\n<meta property=\"og:image\" content=\"https:\/\/www.royenagri.be\/wp-content\/uploads\/2024\/04\/BluGard-Dip-Plus_bidon-gris_21kg.jpg-1-min.png\" \/>\n\t<meta property=\"og:image:width\" content=\"2118\" \/>\n\t<meta property=\"og:image:height\" content=\"2985\" \/>\n\t<meta property=\"og:image:type\" content=\"image\/png\" \/>\n<meta name=\"twitter:card\" content=\"summary_large_image\" \/>\n<script type=\"application\/ld+json\" class=\"yoast-schema-graph\">{\"@context\":\"https:\\\/\\\/schema.org\",\"@graph\":[{\"@type\":\"WebPage\",\"@id\":\"https:\\\/\\\/www.royenagri.be\\\/de\\\/produkt\\\/blugard-dip-plus\\\/\",\"url\":\"https:\\\/\\\/www.royenagri.be\\\/de\\\/produkt\\\/blugard-dip-plus\\\/\",\"name\":\"BluGard Dip Plus - Royen Agri\",\"isPartOf\":{\"@id\":\"https:\\\/\\\/www.royenagri.be\\\/de\\\/#website\"},\"primaryImageOfPage\":{\"@id\":\"https:\\\/\\\/www.royenagri.be\\\/de\\\/produkt\\\/blugard-dip-plus\\\/#primaryimage\"},\"image\":{\"@id\":\"https:\\\/\\\/www.royenagri.be\\\/de\\\/produkt\\\/blugard-dip-plus\\\/#primaryimage\"},\"thumbnailUrl\":\"https:\\\/\\\/www.royenagri.be\\\/wp-content\\\/uploads\\\/2024\\\/04\\\/BluGard-Dip-Plus_bidon-gris_21kg.jpg-1-min.png\",\"datePublished\":\"2025-02-19T12:31:02+00:00\",\"description\":\"BluGard\u00ae Dip Plus desinfiziert die Zitzenhaut nach dem Melken. BluGard\u00ae Dip Plus enth\u00e4lt Milchs\u00e4ure und Glycols\u00e4ure.\",\"breadcrumb\":{\"@id\":\"https:\\\/\\\/www.royenagri.be\\\/de\\\/produkt\\\/blugard-dip-plus\\\/#breadcrumb\"},\"inLanguage\":\"de\",\"potentialAction\":[{\"@type\":\"ReadAction\",\"target\":[\"https:\\\/\\\/www.royenagri.be\\\/de\\\/produkt\\\/blugard-dip-plus\\\/\"]}]},{\"@type\":\"ImageObject\",\"inLanguage\":\"de\",\"@id\":\"https:\\\/\\\/www.royenagri.be\\\/de\\\/produkt\\\/blugard-dip-plus\\\/#primaryimage\",\"url\":\"https:\\\/\\\/www.royenagri.be\\\/wp-content\\\/uploads\\\/2024\\\/04\\\/BluGard-Dip-Plus_bidon-gris_21kg.jpg-1-min.png\",\"contentUrl\":\"https:\\\/\\\/www.royenagri.be\\\/wp-content\\\/uploads\\\/2024\\\/04\\\/BluGard-Dip-Plus_bidon-gris_21kg.jpg-1-min.png\",\"width\":2118,\"height\":2985,\"caption\":\"BludGard Dip Plus\"},{\"@type\":\"BreadcrumbList\",\"@id\":\"https:\\\/\\\/www.royenagri.be\\\/de\\\/produkt\\\/blugard-dip-plus\\\/#breadcrumb\",\"itemListElement\":[{\"@type\":\"ListItem\",\"position\":1,\"name\":\"Home\",\"item\":\"https:\\\/\\\/www.royenagri.be\\\/de\\\/\"},{\"@type\":\"ListItem\",\"position\":2,\"name\":\"Shop\",\"item\":\"https:\\\/\\\/www.royenagri.be\\\/de\\\/shop\\\/\"},{\"@type\":\"ListItem\",\"position\":3,\"name\":\"BluGard Dip Plus\"}]},{\"@type\":\"WebSite\",\"@id\":\"https:\\\/\\\/www.royenagri.be\\\/de\\\/#website\",\"url\":\"https:\\\/\\\/www.royenagri.be\\\/de\\\/\",\"name\":\"Royen Agri\",\"description\":\"\",\"potentialAction\":[{\"@type\":\"SearchAction\",\"target\":{\"@type\":\"EntryPoint\",\"urlTemplate\":\"https:\\\/\\\/www.royenagri.be\\\/de\\\/?s={search_term_string}\"},\"query-input\":{\"@type\":\"PropertyValueSpecification\",\"valueRequired\":true,\"valueName\":\"search_term_string\"}}],\"inLanguage\":\"de\"}]}<\/script>\n<!-- \/ Yoast SEO plugin. -->","yoast_head_json":{"title":"BluGard Dip Plus - Royen Agri","description":"BluGard\u00ae Dip Plus desinfiziert die Zitzenhaut nach dem Melken. BluGard\u00ae Dip Plus enth\u00e4lt Milchs\u00e4ure und Glycols\u00e4ure.","robots":{"index":"index","follow":"follow","max-snippet":"max-snippet:-1","max-image-preview":"max-image-preview:large","max-video-preview":"max-video-preview:-1"},"canonical":"https:\/\/www.royenagri.be\/de\/produkt\/blugard-dip-plus\/","og_locale":"de_DE","og_type":"article","og_title":"BluGard Dip Plus - Royen Agri","og_description":"BluGard\u00ae Dip Plus desinfiziert die Zitzenhaut nach dem Melken. BluGard\u00ae Dip Plus enth\u00e4lt Milchs\u00e4ure und Glycols\u00e4ure.","og_url":"https:\/\/www.royenagri.be\/de\/produkt\/blugard-dip-plus\/","og_site_name":"Royen Agri","og_image":[{"width":2118,"height":2985,"url":"https:\/\/www.royenagri.be\/wp-content\/uploads\/2024\/04\/BluGard-Dip-Plus_bidon-gris_21kg.jpg-1-min.png","type":"image\/png"}],"twitter_card":"summary_large_image","schema":{"@context":"https:\/\/schema.org","@graph":[{"@type":"WebPage","@id":"https:\/\/www.royenagri.be\/de\/produkt\/blugard-dip-plus\/","url":"https:\/\/www.royenagri.be\/de\/produkt\/blugard-dip-plus\/","name":"BluGard Dip Plus - Royen Agri","isPartOf":{"@id":"https:\/\/www.royenagri.be\/de\/#website"},"primaryImageOfPage":{"@id":"https:\/\/www.royenagri.be\/de\/produkt\/blugard-dip-plus\/#primaryimage"},"image":{"@id":"https:\/\/www.royenagri.be\/de\/produkt\/blugard-dip-plus\/#primaryimage"},"thumbnailUrl":"https:\/\/www.royenagri.be\/wp-content\/uploads\/2024\/04\/BluGard-Dip-Plus_bidon-gris_21kg.jpg-1-min.png","datePublished":"2025-02-19T12:31:02+00:00","description":"BluGard\u00ae Dip Plus desinfiziert die Zitzenhaut nach dem Melken. BluGard\u00ae Dip Plus enth\u00e4lt Milchs\u00e4ure und Glycols\u00e4ure.","breadcrumb":{"@id":"https:\/\/www.royenagri.be\/de\/produkt\/blugard-dip-plus\/#breadcrumb"},"inLanguage":"de","potentialAction":[{"@type":"ReadAction","target":["https:\/\/www.royenagri.be\/de\/produkt\/blugard-dip-plus\/"]}]},{"@type":"ImageObject","inLanguage":"de","@id":"https:\/\/www.royenagri.be\/de\/produkt\/blugard-dip-plus\/#primaryimage","url":"https:\/\/www.royenagri.be\/wp-content\/uploads\/2024\/04\/BluGard-Dip-Plus_bidon-gris_21kg.jpg-1-min.png","contentUrl":"https:\/\/www.royenagri.be\/wp-content\/uploads\/2024\/04\/BluGard-Dip-Plus_bidon-gris_21kg.jpg-1-min.png","width":2118,"height":2985,"caption":"BludGard Dip Plus"},{"@type":"BreadcrumbList","@id":"https:\/\/www.royenagri.be\/de\/produkt\/blugard-dip-plus\/#breadcrumb","itemListElement":[{"@type":"ListItem","position":1,"name":"Home","item":"https:\/\/www.royenagri.be\/de\/"},{"@type":"ListItem","position":2,"name":"Shop","item":"https:\/\/www.royenagri.be\/de\/shop\/"},{"@type":"ListItem","position":3,"name":"BluGard Dip Plus"}]},{"@type":"WebSite","@id":"https:\/\/www.royenagri.be\/de\/#website","url":"https:\/\/www.royenagri.be\/de\/","name":"Royen Agri","description":"","potentialAction":[{"@type":"SearchAction","target":{"@type":"EntryPoint","urlTemplate":"https:\/\/www.royenagri.be\/de\/?s={search_term_string}"},"query-input":{"@type":"PropertyValueSpecification","valueRequired":true,"valueName":"search_term_string"}}],"inLanguage":"de"}]}},"_links":{"self":[{"href":"https:\/\/www.royenagri.be\/de\/wp-json\/wp\/v2\/product\/2528","targetHints":{"allow":["GET"]}}],"collection":[{"href":"https:\/\/www.royenagri.be\/de\/wp-json\/wp\/v2\/product"}],"about":[{"href":"https:\/\/www.royenagri.be\/de\/wp-json\/wp\/v2\/types\/product"}],"replies":[{"embeddable":true,"href":"https:\/\/www.royenagri.be\/de\/wp-json\/wp\/v2\/comments?post=2528"}],"wp:featuredmedia":[{"embeddable":true,"href":"https:\/\/www.royenagri.be\/de\/wp-json\/wp\/v2\/media\/718"}],"wp:attachment":[{"href":"https:\/\/www.royenagri.be\/de\/wp-json\/wp\/v2\/media?parent=2528"}],"wp:term":[{"taxonomy":"product_brand","embeddable":true,"href":"https:\/\/www.royenagri.be\/de\/wp-json\/wp\/v2\/product_brand?post=2528"},{"taxonomy":"product_cat","embeddable":true,"href":"https:\/\/www.royenagri.be\/de\/wp-json\/wp\/v2\/product_cat?post=2528"},{"taxonomy":"product_tag","embeddable":true,"href":"https:\/\/www.royenagri.be\/de\/wp-json\/wp\/v2\/product_tag?post=2528"}],"curies":[{"name":"wp","href":"https:\/\/api.w.org\/{rel}","templated":true}]}}