{"id":2541,"date":"2025-02-19T12:27:53","date_gmt":"2025-02-19T12:27:53","guid":{"rendered":"https:\/\/royenagri.brainmade.lws-servers.be\/product\/kenomix\/"},"modified":"2024-04-18T14:12:04","modified_gmt":"2024-04-18T14:12:04","slug":"kenomix","status":"publish","type":"product","link":"https:\/\/www.royenagri.be\/de\/produkt\/kenomix\/","title":{"rendered":"Keno\u2122mix"},"content":{"rendered":"<p>Keno\u2122mix ist ein Tauchprodukt nach dem Melken, das eine starke und langanhaltende Desinfektion der Zitzen durch das aus der Mischung von Keno\u2122mix und Keno\u2122mix Activator resultierende Chlordioxid bietet. Keno\u2122mix hinterl\u00e4sst einen auff\u00e4lligen blau-gr\u00fcnen Film auf den Zitzen, der den Sphinkter bedeckt und den Zitzenkanal verschlie\u00dft. Keno\u2122mix tropft nicht.<\/p>\n","protected":false},"excerpt":{"rendered":"<p>Keno\u2122mix ist ein Tauchprodukt nach dem Melken, das dank des Chlordioxids eine starke und langanhaltende Desinfektion der Zitzen bietet.<\/p>\n","protected":false},"featured_media":687,"comment_status":"closed","ping_status":"closed","template":"","meta":{"_acf_changed":false,"inline_featured_image":false},"product_brand":[],"product_cat":[304,289,310],"product_tag":[],"class_list":{"0":"post-2541","1":"product","2":"type-product","3":"status-publish","4":"has-post-thumbnail","6":"product_cat-euterhygiene","7":"product_cat-melkhygiene-de","8":"product_cat-nach-dem-melken","9":"products_brands-cid-lines-de","11":"first","12":"instock","13":"taxable","14":"shipping-taxable","15":"purchasable","16":"product-type-variable"},"acf":[],"yoast_head":"<!-- This site is optimized with the Yoast SEO plugin v27.5 - https:\/\/yoast.com\/product\/yoast-seo-wordpress\/ -->\n<title>Keno\u2122mix - Royen Agri<\/title>\n<meta name=\"description\" content=\"Keno\u2122mix ist ein Tauchprodukt nach dem Melken, das eine starke und langanhaltende Desinfektion der Zitzen durch Chlordioxid bietet.\" \/>\n<meta name=\"robots\" content=\"index, follow, max-snippet:-1, max-image-preview:large, max-video-preview:-1\" \/>\n<link rel=\"canonical\" href=\"https:\/\/www.royenagri.be\/de\/produkt\/kenomix\/\" \/>\n<meta property=\"og:locale\" content=\"de_DE\" \/>\n<meta property=\"og:type\" content=\"article\" \/>\n<meta property=\"og:title\" content=\"Keno\u2122mix - Royen Agri\" \/>\n<meta property=\"og:description\" content=\"Keno\u2122mix ist ein Tauchprodukt nach dem Melken, das eine starke und langanhaltende Desinfektion der Zitzen durch Chlordioxid bietet.\" \/>\n<meta property=\"og:url\" content=\"https:\/\/www.royenagri.be\/de\/produkt\/kenomix\/\" \/>\n<meta property=\"og:site_name\" content=\"Royen Agri\" \/>\n<meta property=\"og:image\" content=\"https:\/\/www.royenagri.be\/wp-content\/uploads\/2024\/04\/KENOMIX_1L19L.png.png\" \/>\n\t<meta property=\"og:image:width\" content=\"1063\" \/>\n\t<meta property=\"og:image:height\" content=\"1299\" \/>\n\t<meta property=\"og:image:type\" content=\"image\/png\" \/>\n<meta name=\"twitter:card\" content=\"summary_large_image\" \/>\n<script type=\"application\/ld+json\" class=\"yoast-schema-graph\">{\"@context\":\"https:\\\/\\\/schema.org\",\"@graph\":[{\"@type\":\"WebPage\",\"@id\":\"https:\\\/\\\/www.royenagri.be\\\/de\\\/produkt\\\/kenomix\\\/\",\"url\":\"https:\\\/\\\/www.royenagri.be\\\/de\\\/produkt\\\/kenomix\\\/\",\"name\":\"Keno\u2122mix - Royen Agri\",\"isPartOf\":{\"@id\":\"https:\\\/\\\/www.royenagri.be\\\/de\\\/#website\"},\"primaryImageOfPage\":{\"@id\":\"https:\\\/\\\/www.royenagri.be\\\/de\\\/produkt\\\/kenomix\\\/#primaryimage\"},\"image\":{\"@id\":\"https:\\\/\\\/www.royenagri.be\\\/de\\\/produkt\\\/kenomix\\\/#primaryimage\"},\"thumbnailUrl\":\"https:\\\/\\\/www.royenagri.be\\\/wp-content\\\/uploads\\\/2024\\\/04\\\/KENOMIX_1L19L.png.png\",\"datePublished\":\"2025-02-19T12:27:53+00:00\",\"description\":\"Keno\u2122mix ist ein Tauchprodukt nach dem Melken, das eine starke und langanhaltende Desinfektion der Zitzen durch Chlordioxid bietet.\",\"breadcrumb\":{\"@id\":\"https:\\\/\\\/www.royenagri.be\\\/de\\\/produkt\\\/kenomix\\\/#breadcrumb\"},\"inLanguage\":\"de\",\"potentialAction\":[{\"@type\":\"ReadAction\",\"target\":[\"https:\\\/\\\/www.royenagri.be\\\/de\\\/produkt\\\/kenomix\\\/\"]}]},{\"@type\":\"ImageObject\",\"inLanguage\":\"de\",\"@id\":\"https:\\\/\\\/www.royenagri.be\\\/de\\\/produkt\\\/kenomix\\\/#primaryimage\",\"url\":\"https:\\\/\\\/www.royenagri.be\\\/wp-content\\\/uploads\\\/2024\\\/04\\\/KENOMIX_1L19L.png.png\",\"contentUrl\":\"https:\\\/\\\/www.royenagri.be\\\/wp-content\\\/uploads\\\/2024\\\/04\\\/KENOMIX_1L19L.png.png\",\"width\":1063,\"height\":1299,\"caption\":\"Kenomix\"},{\"@type\":\"BreadcrumbList\",\"@id\":\"https:\\\/\\\/www.royenagri.be\\\/de\\\/produkt\\\/kenomix\\\/#breadcrumb\",\"itemListElement\":[{\"@type\":\"ListItem\",\"position\":1,\"name\":\"Home\",\"item\":\"https:\\\/\\\/www.royenagri.be\\\/de\\\/\"},{\"@type\":\"ListItem\",\"position\":2,\"name\":\"Shop\",\"item\":\"https:\\\/\\\/www.royenagri.be\\\/de\\\/shop\\\/\"},{\"@type\":\"ListItem\",\"position\":3,\"name\":\"Keno\u2122mix\"}]},{\"@type\":\"WebSite\",\"@id\":\"https:\\\/\\\/www.royenagri.be\\\/de\\\/#website\",\"url\":\"https:\\\/\\\/www.royenagri.be\\\/de\\\/\",\"name\":\"Royen Agri\",\"description\":\"\",\"potentialAction\":[{\"@type\":\"SearchAction\",\"target\":{\"@type\":\"EntryPoint\",\"urlTemplate\":\"https:\\\/\\\/www.royenagri.be\\\/de\\\/?s={search_term_string}\"},\"query-input\":{\"@type\":\"PropertyValueSpecification\",\"valueRequired\":true,\"valueName\":\"search_term_string\"}}],\"inLanguage\":\"de\"}]}<\/script>\n<!-- \/ Yoast SEO plugin. -->","yoast_head_json":{"title":"Keno\u2122mix - Royen Agri","description":"Keno\u2122mix ist ein Tauchprodukt nach dem Melken, das eine starke und langanhaltende Desinfektion der Zitzen durch Chlordioxid bietet.","robots":{"index":"index","follow":"follow","max-snippet":"max-snippet:-1","max-image-preview":"max-image-preview:large","max-video-preview":"max-video-preview:-1"},"canonical":"https:\/\/www.royenagri.be\/de\/produkt\/kenomix\/","og_locale":"de_DE","og_type":"article","og_title":"Keno\u2122mix - Royen Agri","og_description":"Keno\u2122mix ist ein Tauchprodukt nach dem Melken, das eine starke und langanhaltende Desinfektion der Zitzen durch Chlordioxid bietet.","og_url":"https:\/\/www.royenagri.be\/de\/produkt\/kenomix\/","og_site_name":"Royen Agri","og_image":[{"width":1063,"height":1299,"url":"https:\/\/www.royenagri.be\/wp-content\/uploads\/2024\/04\/KENOMIX_1L19L.png.png","type":"image\/png"}],"twitter_card":"summary_large_image","schema":{"@context":"https:\/\/schema.org","@graph":[{"@type":"WebPage","@id":"https:\/\/www.royenagri.be\/de\/produkt\/kenomix\/","url":"https:\/\/www.royenagri.be\/de\/produkt\/kenomix\/","name":"Keno\u2122mix - Royen Agri","isPartOf":{"@id":"https:\/\/www.royenagri.be\/de\/#website"},"primaryImageOfPage":{"@id":"https:\/\/www.royenagri.be\/de\/produkt\/kenomix\/#primaryimage"},"image":{"@id":"https:\/\/www.royenagri.be\/de\/produkt\/kenomix\/#primaryimage"},"thumbnailUrl":"https:\/\/www.royenagri.be\/wp-content\/uploads\/2024\/04\/KENOMIX_1L19L.png.png","datePublished":"2025-02-19T12:27:53+00:00","description":"Keno\u2122mix ist ein Tauchprodukt nach dem Melken, das eine starke und langanhaltende Desinfektion der Zitzen durch Chlordioxid bietet.","breadcrumb":{"@id":"https:\/\/www.royenagri.be\/de\/produkt\/kenomix\/#breadcrumb"},"inLanguage":"de","potentialAction":[{"@type":"ReadAction","target":["https:\/\/www.royenagri.be\/de\/produkt\/kenomix\/"]}]},{"@type":"ImageObject","inLanguage":"de","@id":"https:\/\/www.royenagri.be\/de\/produkt\/kenomix\/#primaryimage","url":"https:\/\/www.royenagri.be\/wp-content\/uploads\/2024\/04\/KENOMIX_1L19L.png.png","contentUrl":"https:\/\/www.royenagri.be\/wp-content\/uploads\/2024\/04\/KENOMIX_1L19L.png.png","width":1063,"height":1299,"caption":"Kenomix"},{"@type":"BreadcrumbList","@id":"https:\/\/www.royenagri.be\/de\/produkt\/kenomix\/#breadcrumb","itemListElement":[{"@type":"ListItem","position":1,"name":"Home","item":"https:\/\/www.royenagri.be\/de\/"},{"@type":"ListItem","position":2,"name":"Shop","item":"https:\/\/www.royenagri.be\/de\/shop\/"},{"@type":"ListItem","position":3,"name":"Keno\u2122mix"}]},{"@type":"WebSite","@id":"https:\/\/www.royenagri.be\/de\/#website","url":"https:\/\/www.royenagri.be\/de\/","name":"Royen Agri","description":"","potentialAction":[{"@type":"SearchAction","target":{"@type":"EntryPoint","urlTemplate":"https:\/\/www.royenagri.be\/de\/?s={search_term_string}"},"query-input":{"@type":"PropertyValueSpecification","valueRequired":true,"valueName":"search_term_string"}}],"inLanguage":"de"}]}},"_links":{"self":[{"href":"https:\/\/www.royenagri.be\/de\/wp-json\/wp\/v2\/product\/2541","targetHints":{"allow":["GET"]}}],"collection":[{"href":"https:\/\/www.royenagri.be\/de\/wp-json\/wp\/v2\/product"}],"about":[{"href":"https:\/\/www.royenagri.be\/de\/wp-json\/wp\/v2\/types\/product"}],"replies":[{"embeddable":true,"href":"https:\/\/www.royenagri.be\/de\/wp-json\/wp\/v2\/comments?post=2541"}],"wp:featuredmedia":[{"embeddable":true,"href":"https:\/\/www.royenagri.be\/de\/wp-json\/wp\/v2\/media\/687"}],"wp:attachment":[{"href":"https:\/\/www.royenagri.be\/de\/wp-json\/wp\/v2\/media?parent=2541"}],"wp:term":[{"taxonomy":"product_brand","embeddable":true,"href":"https:\/\/www.royenagri.be\/de\/wp-json\/wp\/v2\/product_brand?post=2541"},{"taxonomy":"product_cat","embeddable":true,"href":"https:\/\/www.royenagri.be\/de\/wp-json\/wp\/v2\/product_cat?post=2541"},{"taxonomy":"product_tag","embeddable":true,"href":"https:\/\/www.royenagri.be\/de\/wp-json\/wp\/v2\/product_tag?post=2541"}],"curies":[{"name":"wp","href":"https:\/\/api.w.org\/{rel}","templated":true}]}}