{"id":2542,"date":"2025-02-19T12:27:53","date_gmt":"2025-02-19T12:27:53","guid":{"rendered":"https:\/\/royenagri.brainmade.lws-servers.be\/product\/kenolac-sd\/"},"modified":"2024-04-18T12:59:21","modified_gmt":"2024-04-18T12:59:21","slug":"kenolac-sd","status":"publish","type":"product","link":"https:\/\/www.royenagri.be\/de\/produkt\/kenolac-sd\/","title":{"rendered":"Kenolac\u00ae SD"},"content":{"rendered":"<p>Kenolac\u00ae SD ist ein Spr\u00fchprodukt von Kenolac\u00ae. Kenolac\u00ae ist ein Tauchprodukt von sehr hoher Qualit\u00e4t, das die Zitzen vor allen \u00e4u\u00dferen Einfl\u00fcssen sch\u00fctzt! Kenolac\u00ae basiert auf Milchs\u00e4ure und ist gem\u00e4\u00df der Verordnung EG Nr. 834\/2007 im \u00f6kologischen Landbau zugelassen.<\/p>\n","protected":false},"excerpt":{"rendered":"<p>Kenolac\u00ae SD ist ein Spr\u00fchprodukt von Kenolac\u00ae. Kenolac\u00ae ist ein Tauchprodukt von sehr hoher Qualit\u00e4t, das die Zitzen sch\u00fctzt.<\/p>\n","protected":false},"featured_media":679,"comment_status":"closed","ping_status":"closed","template":"","meta":{"_acf_changed":false,"inline_featured_image":false},"product_brand":[],"product_cat":[304,289,310],"product_tag":[],"class_list":{"0":"post-2542","1":"product","2":"type-product","3":"status-publish","4":"has-post-thumbnail","6":"product_cat-euterhygiene","7":"product_cat-melkhygiene-de","8":"product_cat-nach-dem-melken","9":"products_brands-cid-lines-de","11":"first","12":"instock","13":"taxable","14":"shipping-taxable","15":"purchasable","16":"product-type-variable"},"acf":[],"yoast_head":"<!-- This site is optimized with the Yoast SEO plugin v27.5 - https:\/\/yoast.com\/product\/yoast-seo-wordpress\/ -->\n<title>Kenolac\u00ae SD - Royen Agri<\/title>\n<meta name=\"description\" content=\"Kenolac\u00ae SD ist ein Spr\u00fchprodukt von Kenolac\u00ae. Kenolac\u00ae ist ein Tauchprodukt von sehr hoher Qualit\u00e4t, das die Zitzen sch\u00fctzt.\" \/>\n<meta name=\"robots\" content=\"index, follow, max-snippet:-1, max-image-preview:large, max-video-preview:-1\" \/>\n<link rel=\"canonical\" href=\"https:\/\/www.royenagri.be\/de\/produkt\/kenolac-sd\/\" \/>\n<meta property=\"og:locale\" content=\"de_DE\" \/>\n<meta property=\"og:type\" content=\"article\" \/>\n<meta property=\"og:title\" content=\"Kenolac\u00ae SD - Royen Agri\" \/>\n<meta property=\"og:description\" content=\"Kenolac\u00ae SD ist ein Spr\u00fchprodukt von Kenolac\u00ae. Kenolac\u00ae ist ein Tauchprodukt von sehr hoher Qualit\u00e4t, das die Zitzen sch\u00fctzt.\" \/>\n<meta property=\"og:url\" content=\"https:\/\/www.royenagri.be\/de\/produkt\/kenolac-sd\/\" \/>\n<meta property=\"og:site_name\" content=\"Royen Agri\" \/>\n<meta property=\"og:image\" content=\"https:\/\/www.royenagri.be\/wp-content\/uploads\/2024\/04\/KENOLAC_SD.png.png\" \/>\n\t<meta property=\"og:image:width\" content=\"1063\" \/>\n\t<meta property=\"og:image:height\" content=\"1299\" \/>\n\t<meta property=\"og:image:type\" content=\"image\/png\" \/>\n<meta name=\"twitter:card\" content=\"summary_large_image\" \/>\n<script type=\"application\/ld+json\" class=\"yoast-schema-graph\">{\"@context\":\"https:\\\/\\\/schema.org\",\"@graph\":[{\"@type\":\"WebPage\",\"@id\":\"https:\\\/\\\/www.royenagri.be\\\/de\\\/produkt\\\/kenolac-sd\\\/\",\"url\":\"https:\\\/\\\/www.royenagri.be\\\/de\\\/produkt\\\/kenolac-sd\\\/\",\"name\":\"Kenolac\u00ae SD - Royen Agri\",\"isPartOf\":{\"@id\":\"https:\\\/\\\/www.royenagri.be\\\/de\\\/#website\"},\"primaryImageOfPage\":{\"@id\":\"https:\\\/\\\/www.royenagri.be\\\/de\\\/produkt\\\/kenolac-sd\\\/#primaryimage\"},\"image\":{\"@id\":\"https:\\\/\\\/www.royenagri.be\\\/de\\\/produkt\\\/kenolac-sd\\\/#primaryimage\"},\"thumbnailUrl\":\"https:\\\/\\\/www.royenagri.be\\\/wp-content\\\/uploads\\\/2024\\\/04\\\/KENOLAC_SD.png.png\",\"datePublished\":\"2025-02-19T12:27:53+00:00\",\"description\":\"Kenolac\u00ae SD ist ein Spr\u00fchprodukt von Kenolac\u00ae. Kenolac\u00ae ist ein Tauchprodukt von sehr hoher Qualit\u00e4t, das die Zitzen sch\u00fctzt.\",\"breadcrumb\":{\"@id\":\"https:\\\/\\\/www.royenagri.be\\\/de\\\/produkt\\\/kenolac-sd\\\/#breadcrumb\"},\"inLanguage\":\"de\",\"potentialAction\":[{\"@type\":\"ReadAction\",\"target\":[\"https:\\\/\\\/www.royenagri.be\\\/de\\\/produkt\\\/kenolac-sd\\\/\"]}]},{\"@type\":\"ImageObject\",\"inLanguage\":\"de\",\"@id\":\"https:\\\/\\\/www.royenagri.be\\\/de\\\/produkt\\\/kenolac-sd\\\/#primaryimage\",\"url\":\"https:\\\/\\\/www.royenagri.be\\\/wp-content\\\/uploads\\\/2024\\\/04\\\/KENOLAC_SD.png.png\",\"contentUrl\":\"https:\\\/\\\/www.royenagri.be\\\/wp-content\\\/uploads\\\/2024\\\/04\\\/KENOLAC_SD.png.png\",\"width\":1063,\"height\":1299,\"caption\":\"Kenolac sd\"},{\"@type\":\"BreadcrumbList\",\"@id\":\"https:\\\/\\\/www.royenagri.be\\\/de\\\/produkt\\\/kenolac-sd\\\/#breadcrumb\",\"itemListElement\":[{\"@type\":\"ListItem\",\"position\":1,\"name\":\"Home\",\"item\":\"https:\\\/\\\/www.royenagri.be\\\/de\\\/\"},{\"@type\":\"ListItem\",\"position\":2,\"name\":\"Shop\",\"item\":\"https:\\\/\\\/www.royenagri.be\\\/de\\\/shop\\\/\"},{\"@type\":\"ListItem\",\"position\":3,\"name\":\"Kenolac\u00ae SD\"}]},{\"@type\":\"WebSite\",\"@id\":\"https:\\\/\\\/www.royenagri.be\\\/de\\\/#website\",\"url\":\"https:\\\/\\\/www.royenagri.be\\\/de\\\/\",\"name\":\"Royen Agri\",\"description\":\"\",\"potentialAction\":[{\"@type\":\"SearchAction\",\"target\":{\"@type\":\"EntryPoint\",\"urlTemplate\":\"https:\\\/\\\/www.royenagri.be\\\/de\\\/?s={search_term_string}\"},\"query-input\":{\"@type\":\"PropertyValueSpecification\",\"valueRequired\":true,\"valueName\":\"search_term_string\"}}],\"inLanguage\":\"de\"}]}<\/script>\n<!-- \/ Yoast SEO plugin. -->","yoast_head_json":{"title":"Kenolac\u00ae SD - Royen Agri","description":"Kenolac\u00ae SD ist ein Spr\u00fchprodukt von Kenolac\u00ae. Kenolac\u00ae ist ein Tauchprodukt von sehr hoher Qualit\u00e4t, das die Zitzen sch\u00fctzt.","robots":{"index":"index","follow":"follow","max-snippet":"max-snippet:-1","max-image-preview":"max-image-preview:large","max-video-preview":"max-video-preview:-1"},"canonical":"https:\/\/www.royenagri.be\/de\/produkt\/kenolac-sd\/","og_locale":"de_DE","og_type":"article","og_title":"Kenolac\u00ae SD - Royen Agri","og_description":"Kenolac\u00ae SD ist ein Spr\u00fchprodukt von Kenolac\u00ae. Kenolac\u00ae ist ein Tauchprodukt von sehr hoher Qualit\u00e4t, das die Zitzen sch\u00fctzt.","og_url":"https:\/\/www.royenagri.be\/de\/produkt\/kenolac-sd\/","og_site_name":"Royen Agri","og_image":[{"width":1063,"height":1299,"url":"https:\/\/www.royenagri.be\/wp-content\/uploads\/2024\/04\/KENOLAC_SD.png.png","type":"image\/png"}],"twitter_card":"summary_large_image","schema":{"@context":"https:\/\/schema.org","@graph":[{"@type":"WebPage","@id":"https:\/\/www.royenagri.be\/de\/produkt\/kenolac-sd\/","url":"https:\/\/www.royenagri.be\/de\/produkt\/kenolac-sd\/","name":"Kenolac\u00ae SD - Royen Agri","isPartOf":{"@id":"https:\/\/www.royenagri.be\/de\/#website"},"primaryImageOfPage":{"@id":"https:\/\/www.royenagri.be\/de\/produkt\/kenolac-sd\/#primaryimage"},"image":{"@id":"https:\/\/www.royenagri.be\/de\/produkt\/kenolac-sd\/#primaryimage"},"thumbnailUrl":"https:\/\/www.royenagri.be\/wp-content\/uploads\/2024\/04\/KENOLAC_SD.png.png","datePublished":"2025-02-19T12:27:53+00:00","description":"Kenolac\u00ae SD ist ein Spr\u00fchprodukt von Kenolac\u00ae. Kenolac\u00ae ist ein Tauchprodukt von sehr hoher Qualit\u00e4t, das die Zitzen sch\u00fctzt.","breadcrumb":{"@id":"https:\/\/www.royenagri.be\/de\/produkt\/kenolac-sd\/#breadcrumb"},"inLanguage":"de","potentialAction":[{"@type":"ReadAction","target":["https:\/\/www.royenagri.be\/de\/produkt\/kenolac-sd\/"]}]},{"@type":"ImageObject","inLanguage":"de","@id":"https:\/\/www.royenagri.be\/de\/produkt\/kenolac-sd\/#primaryimage","url":"https:\/\/www.royenagri.be\/wp-content\/uploads\/2024\/04\/KENOLAC_SD.png.png","contentUrl":"https:\/\/www.royenagri.be\/wp-content\/uploads\/2024\/04\/KENOLAC_SD.png.png","width":1063,"height":1299,"caption":"Kenolac sd"},{"@type":"BreadcrumbList","@id":"https:\/\/www.royenagri.be\/de\/produkt\/kenolac-sd\/#breadcrumb","itemListElement":[{"@type":"ListItem","position":1,"name":"Home","item":"https:\/\/www.royenagri.be\/de\/"},{"@type":"ListItem","position":2,"name":"Shop","item":"https:\/\/www.royenagri.be\/de\/shop\/"},{"@type":"ListItem","position":3,"name":"Kenolac\u00ae SD"}]},{"@type":"WebSite","@id":"https:\/\/www.royenagri.be\/de\/#website","url":"https:\/\/www.royenagri.be\/de\/","name":"Royen Agri","description":"","potentialAction":[{"@type":"SearchAction","target":{"@type":"EntryPoint","urlTemplate":"https:\/\/www.royenagri.be\/de\/?s={search_term_string}"},"query-input":{"@type":"PropertyValueSpecification","valueRequired":true,"valueName":"search_term_string"}}],"inLanguage":"de"}]}},"_links":{"self":[{"href":"https:\/\/www.royenagri.be\/de\/wp-json\/wp\/v2\/product\/2542","targetHints":{"allow":["GET"]}}],"collection":[{"href":"https:\/\/www.royenagri.be\/de\/wp-json\/wp\/v2\/product"}],"about":[{"href":"https:\/\/www.royenagri.be\/de\/wp-json\/wp\/v2\/types\/product"}],"replies":[{"embeddable":true,"href":"https:\/\/www.royenagri.be\/de\/wp-json\/wp\/v2\/comments?post=2542"}],"wp:featuredmedia":[{"embeddable":true,"href":"https:\/\/www.royenagri.be\/de\/wp-json\/wp\/v2\/media\/679"}],"wp:attachment":[{"href":"https:\/\/www.royenagri.be\/de\/wp-json\/wp\/v2\/media?parent=2542"}],"wp:term":[{"taxonomy":"product_brand","embeddable":true,"href":"https:\/\/www.royenagri.be\/de\/wp-json\/wp\/v2\/product_brand?post=2542"},{"taxonomy":"product_cat","embeddable":true,"href":"https:\/\/www.royenagri.be\/de\/wp-json\/wp\/v2\/product_cat?post=2542"},{"taxonomy":"product_tag","embeddable":true,"href":"https:\/\/www.royenagri.be\/de\/wp-json\/wp\/v2\/product_tag?post=2542"}],"curies":[{"name":"wp","href":"https:\/\/api.w.org\/{rel}","templated":true}]}}