{"id":2658,"date":"2025-02-19T11:01:07","date_gmt":"2025-02-19T11:01:07","guid":{"rendered":"https:\/\/royenagri.brainmade.lws-servers.be\/product\/premium\/"},"modified":"2024-04-16T08:32:19","modified_gmt":"2024-04-16T08:32:19","slug":"premium","status":"publish","type":"product","link":"https:\/\/www.royenagri.be\/de\/produkt\/premium\/","title":{"rendered":"Premium"},"content":{"rendered":"<p>Falco Premium ist ein vollst\u00e4ndiges Aufzuchtfutter f\u00fcr K\u00e4lber auf Basis von Vollmilchpulver. Dieses einzigartige Futter enth\u00e4lt 100% Milcheiwei\u00df und 100% Milchfett. Es enth\u00e4lt mehr als 90% Milchpulver. Unser Falco-Milk Premium enth\u00e4lt einen sehr hohen Anteil unserer Vormischung, die Mineralstoffe, Spurenelemente und Vitamine enth\u00e4lt. Falco Premium ist ein vollst\u00e4ndiges Aufzuchtfutter f\u00fcr K\u00e4lber auf Basis von Vollmilchpulver. Dieses einzigartige Futter enth\u00e4lt 100% Milcheiwei\u00df und 100% Milchfett. Es enth\u00e4lt mehr als 90% Milchpulver. Unser Falco-Milk Premium enth\u00e4lt einen sehr hohen Anteil unserer Vormischung, die Mineralstoffe, Spurenelemente und Vitamine enth\u00e4lt.<\/p>\n","protected":false},"excerpt":{"rendered":"<p>Falco Premium ist ein vollst\u00e4ndiges Aufzuchtfutter f\u00fcr K\u00e4lber auf Basis von Vollmilchpulver.<\/p>\n","protected":false},"featured_media":237,"comment_status":"closed","ping_status":"closed","template":"","meta":{"_acf_changed":false,"inline_featured_image":false},"product_brand":[],"product_cat":[221,224],"product_tag":[],"class_list":{"0":"post-2658","1":"product","2":"type-product","3":"status-publish","4":"has-post-thumbnail","6":"product_cat-ernaehrung","7":"product_cat-falco-milk-de","8":"products_brands-falco-de","9":"products_animal-kaelber","11":"first","12":"instock","13":"taxable","14":"shipping-taxable","15":"product-type-simple"},"acf":[],"yoast_head":"<!-- This site is optimized with the Yoast SEO plugin v27.5 - https:\/\/yoast.com\/product\/yoast-seo-wordpress\/ -->\n<title>Premium - Royen Agri<\/title>\n<meta name=\"description\" content=\"Falco Premium ist ein vollst\u00e4ndiges Aufzuchtfutter f\u00fcr K\u00e4lber auf Basis von Vollmilchpulver. Dieses Futter enth\u00e4lt mehr als 90% Milchpulver.\" \/>\n<meta name=\"robots\" content=\"index, follow, max-snippet:-1, max-image-preview:large, max-video-preview:-1\" \/>\n<link rel=\"canonical\" href=\"https:\/\/www.royenagri.be\/de\/produkt\/premium\/\" \/>\n<meta property=\"og:locale\" content=\"de_DE\" \/>\n<meta property=\"og:type\" content=\"article\" \/>\n<meta property=\"og:title\" content=\"Premium - Royen Agri\" \/>\n<meta property=\"og:description\" content=\"Falco Premium ist ein vollst\u00e4ndiges Aufzuchtfutter f\u00fcr K\u00e4lber auf Basis von Vollmilchpulver. Dieses Futter enth\u00e4lt mehr als 90% Milchpulver.\" \/>\n<meta property=\"og:url\" content=\"https:\/\/www.royenagri.be\/de\/produkt\/premium\/\" \/>\n<meta property=\"og:site_name\" content=\"Royen Agri\" \/>\n<meta property=\"og:image\" content=\"https:\/\/www.royenagri.be\/wp-content\/uploads\/2024\/04\/products-test.png\" \/>\n\t<meta property=\"og:image:width\" content=\"268\" \/>\n\t<meta property=\"og:image:height\" content=\"427\" \/>\n\t<meta property=\"og:image:type\" content=\"image\/png\" \/>\n<meta name=\"twitter:card\" content=\"summary_large_image\" \/>\n<script type=\"application\/ld+json\" class=\"yoast-schema-graph\">{\"@context\":\"https:\\\/\\\/schema.org\",\"@graph\":[{\"@type\":\"WebPage\",\"@id\":\"https:\\\/\\\/www.royenagri.be\\\/de\\\/produkt\\\/premium\\\/\",\"url\":\"https:\\\/\\\/www.royenagri.be\\\/de\\\/produkt\\\/premium\\\/\",\"name\":\"Premium - Royen Agri\",\"isPartOf\":{\"@id\":\"https:\\\/\\\/www.royenagri.be\\\/de\\\/#website\"},\"primaryImageOfPage\":{\"@id\":\"https:\\\/\\\/www.royenagri.be\\\/de\\\/produkt\\\/premium\\\/#primaryimage\"},\"image\":{\"@id\":\"https:\\\/\\\/www.royenagri.be\\\/de\\\/produkt\\\/premium\\\/#primaryimage\"},\"thumbnailUrl\":\"https:\\\/\\\/www.royenagri.be\\\/wp-content\\\/uploads\\\/2024\\\/04\\\/products-test.png\",\"datePublished\":\"2025-02-19T11:01:07+00:00\",\"description\":\"Falco Premium ist ein vollst\u00e4ndiges Aufzuchtfutter f\u00fcr K\u00e4lber auf Basis von Vollmilchpulver. Dieses Futter enth\u00e4lt mehr als 90% Milchpulver.\",\"breadcrumb\":{\"@id\":\"https:\\\/\\\/www.royenagri.be\\\/de\\\/produkt\\\/premium\\\/#breadcrumb\"},\"inLanguage\":\"de\",\"potentialAction\":[{\"@type\":\"ReadAction\",\"target\":[\"https:\\\/\\\/www.royenagri.be\\\/de\\\/produkt\\\/premium\\\/\"]}]},{\"@type\":\"ImageObject\",\"inLanguage\":\"de\",\"@id\":\"https:\\\/\\\/www.royenagri.be\\\/de\\\/produkt\\\/premium\\\/#primaryimage\",\"url\":\"https:\\\/\\\/www.royenagri.be\\\/wp-content\\\/uploads\\\/2024\\\/04\\\/products-test.png\",\"contentUrl\":\"https:\\\/\\\/www.royenagri.be\\\/wp-content\\\/uploads\\\/2024\\\/04\\\/products-test.png\",\"width\":268,\"height\":427,\"caption\":\"Falco milk\"},{\"@type\":\"BreadcrumbList\",\"@id\":\"https:\\\/\\\/www.royenagri.be\\\/de\\\/produkt\\\/premium\\\/#breadcrumb\",\"itemListElement\":[{\"@type\":\"ListItem\",\"position\":1,\"name\":\"Home\",\"item\":\"https:\\\/\\\/www.royenagri.be\\\/de\\\/\"},{\"@type\":\"ListItem\",\"position\":2,\"name\":\"Shop\",\"item\":\"https:\\\/\\\/www.royenagri.be\\\/de\\\/shop\\\/\"},{\"@type\":\"ListItem\",\"position\":3,\"name\":\"Premium\"}]},{\"@type\":\"WebSite\",\"@id\":\"https:\\\/\\\/www.royenagri.be\\\/de\\\/#website\",\"url\":\"https:\\\/\\\/www.royenagri.be\\\/de\\\/\",\"name\":\"Royen Agri\",\"description\":\"\",\"potentialAction\":[{\"@type\":\"SearchAction\",\"target\":{\"@type\":\"EntryPoint\",\"urlTemplate\":\"https:\\\/\\\/www.royenagri.be\\\/de\\\/?s={search_term_string}\"},\"query-input\":{\"@type\":\"PropertyValueSpecification\",\"valueRequired\":true,\"valueName\":\"search_term_string\"}}],\"inLanguage\":\"de\"}]}<\/script>\n<!-- \/ Yoast SEO plugin. -->","yoast_head_json":{"title":"Premium - Royen Agri","description":"Falco Premium ist ein vollst\u00e4ndiges Aufzuchtfutter f\u00fcr K\u00e4lber auf Basis von Vollmilchpulver. Dieses Futter enth\u00e4lt mehr als 90% Milchpulver.","robots":{"index":"index","follow":"follow","max-snippet":"max-snippet:-1","max-image-preview":"max-image-preview:large","max-video-preview":"max-video-preview:-1"},"canonical":"https:\/\/www.royenagri.be\/de\/produkt\/premium\/","og_locale":"de_DE","og_type":"article","og_title":"Premium - Royen Agri","og_description":"Falco Premium ist ein vollst\u00e4ndiges Aufzuchtfutter f\u00fcr K\u00e4lber auf Basis von Vollmilchpulver. Dieses Futter enth\u00e4lt mehr als 90% Milchpulver.","og_url":"https:\/\/www.royenagri.be\/de\/produkt\/premium\/","og_site_name":"Royen Agri","og_image":[{"width":268,"height":427,"url":"https:\/\/www.royenagri.be\/wp-content\/uploads\/2024\/04\/products-test.png","type":"image\/png"}],"twitter_card":"summary_large_image","schema":{"@context":"https:\/\/schema.org","@graph":[{"@type":"WebPage","@id":"https:\/\/www.royenagri.be\/de\/produkt\/premium\/","url":"https:\/\/www.royenagri.be\/de\/produkt\/premium\/","name":"Premium - Royen Agri","isPartOf":{"@id":"https:\/\/www.royenagri.be\/de\/#website"},"primaryImageOfPage":{"@id":"https:\/\/www.royenagri.be\/de\/produkt\/premium\/#primaryimage"},"image":{"@id":"https:\/\/www.royenagri.be\/de\/produkt\/premium\/#primaryimage"},"thumbnailUrl":"https:\/\/www.royenagri.be\/wp-content\/uploads\/2024\/04\/products-test.png","datePublished":"2025-02-19T11:01:07+00:00","description":"Falco Premium ist ein vollst\u00e4ndiges Aufzuchtfutter f\u00fcr K\u00e4lber auf Basis von Vollmilchpulver. Dieses Futter enth\u00e4lt mehr als 90% Milchpulver.","breadcrumb":{"@id":"https:\/\/www.royenagri.be\/de\/produkt\/premium\/#breadcrumb"},"inLanguage":"de","potentialAction":[{"@type":"ReadAction","target":["https:\/\/www.royenagri.be\/de\/produkt\/premium\/"]}]},{"@type":"ImageObject","inLanguage":"de","@id":"https:\/\/www.royenagri.be\/de\/produkt\/premium\/#primaryimage","url":"https:\/\/www.royenagri.be\/wp-content\/uploads\/2024\/04\/products-test.png","contentUrl":"https:\/\/www.royenagri.be\/wp-content\/uploads\/2024\/04\/products-test.png","width":268,"height":427,"caption":"Falco milk"},{"@type":"BreadcrumbList","@id":"https:\/\/www.royenagri.be\/de\/produkt\/premium\/#breadcrumb","itemListElement":[{"@type":"ListItem","position":1,"name":"Home","item":"https:\/\/www.royenagri.be\/de\/"},{"@type":"ListItem","position":2,"name":"Shop","item":"https:\/\/www.royenagri.be\/de\/shop\/"},{"@type":"ListItem","position":3,"name":"Premium"}]},{"@type":"WebSite","@id":"https:\/\/www.royenagri.be\/de\/#website","url":"https:\/\/www.royenagri.be\/de\/","name":"Royen Agri","description":"","potentialAction":[{"@type":"SearchAction","target":{"@type":"EntryPoint","urlTemplate":"https:\/\/www.royenagri.be\/de\/?s={search_term_string}"},"query-input":{"@type":"PropertyValueSpecification","valueRequired":true,"valueName":"search_term_string"}}],"inLanguage":"de"}]}},"_links":{"self":[{"href":"https:\/\/www.royenagri.be\/de\/wp-json\/wp\/v2\/product\/2658","targetHints":{"allow":["GET"]}}],"collection":[{"href":"https:\/\/www.royenagri.be\/de\/wp-json\/wp\/v2\/product"}],"about":[{"href":"https:\/\/www.royenagri.be\/de\/wp-json\/wp\/v2\/types\/product"}],"replies":[{"embeddable":true,"href":"https:\/\/www.royenagri.be\/de\/wp-json\/wp\/v2\/comments?post=2658"}],"wp:featuredmedia":[{"embeddable":true,"href":"https:\/\/www.royenagri.be\/de\/wp-json\/wp\/v2\/media\/237"}],"wp:attachment":[{"href":"https:\/\/www.royenagri.be\/de\/wp-json\/wp\/v2\/media?parent=2658"}],"wp:term":[{"taxonomy":"product_brand","embeddable":true,"href":"https:\/\/www.royenagri.be\/de\/wp-json\/wp\/v2\/product_brand?post=2658"},{"taxonomy":"product_cat","embeddable":true,"href":"https:\/\/www.royenagri.be\/de\/wp-json\/wp\/v2\/product_cat?post=2658"},{"taxonomy":"product_tag","embeddable":true,"href":"https:\/\/www.royenagri.be\/de\/wp-json\/wp\/v2\/product_tag?post=2658"}],"curies":[{"name":"wp","href":"https:\/\/api.w.org\/{rel}","templated":true}]}}