{"id":2725,"date":"2025-02-11T09:53:58","date_gmt":"2025-02-11T09:53:58","guid":{"rendered":"https:\/\/royenagri.brainmade.lws-servers.be\/product\/natriumchloridleckstein\/"},"modified":"2025-02-11T09:53:58","modified_gmt":"2025-02-11T09:53:58","slug":"natriumchloridleckstein","status":"publish","type":"product","link":"https:\/\/www.royenagri.be\/de\/produkt\/natriumchloridleckstein\/","title":{"rendered":"Natriumchloridleckstein"},"content":{"rendered":"<p>Natriumchloridleckstein f\u00fcr Rinder, Schafe und Pferde sowie Mineralfutter (enth\u00e4lt Kupfer) in Form eines Lecksteins f\u00fcr Rinder, Ziegen, Pferde und Wildtiere.<\/p>\n","protected":false},"excerpt":{"rendered":"<p>Natriumchloridleckstein f\u00fcr Rinder, Schafe und Pferde sowie Mineralfutter (enth\u00e4lt Kupfer) in Form eines Lecksteins f\u00fcr Rinder, Ziegen, Pferde und Wildtiere.<\/p>\n","protected":false},"featured_media":2696,"comment_status":"closed","ping_status":"closed","template":"","meta":{"_acf_changed":false,"inline_featured_image":false},"product_brand":[],"product_cat":[221,236],"product_tag":[],"class_list":{"0":"post-2725","1":"product","2":"type-product","3":"status-publish","4":"has-post-thumbnail","6":"product_cat-ernaehrung","7":"product_cat-leckbloecke-und-eimer","8":"products_animal-andere-de","9":"products_animal-pferde","10":"products_animal-rinder","11":"products_animal-ziegen","13":"first","14":"instock","15":"taxable","16":"shipping-taxable","17":"product-type-simple"},"acf":[],"yoast_head":"<!-- This site is optimized with the Yoast SEO plugin v27.5 - https:\/\/yoast.com\/product\/yoast-seo-wordpress\/ -->\n<title>Natriumchloridleckstein - Royen Agri<\/title>\n<meta name=\"robots\" content=\"index, follow, max-snippet:-1, max-image-preview:large, max-video-preview:-1\" \/>\n<link rel=\"canonical\" href=\"https:\/\/www.royenagri.be\/de\/produkt\/natriumchloridleckstein\/\" \/>\n<meta property=\"og:locale\" content=\"de_DE\" \/>\n<meta property=\"og:type\" content=\"article\" \/>\n<meta property=\"og:title\" content=\"Natriumchloridleckstein - Royen Agri\" \/>\n<meta property=\"og:description\" content=\"Natriumchloridleckstein f\u00fcr Rinder, Schafe und Pferde sowie Mineralfutter (enth\u00e4lt Kupfer) in Form eines Lecksteins f\u00fcr Rinder, Ziegen, Pferde und Wildtiere.\" \/>\n<meta property=\"og:url\" content=\"https:\/\/www.royenagri.be\/de\/produkt\/natriumchloridleckstein\/\" \/>\n<meta property=\"og:site_name\" content=\"Royen Agri\" \/>\n<meta property=\"og:image\" content=\"https:\/\/www.royenagri.be\/wp-content\/uploads\/2025\/02\/BLOC-Sel-929x1024-1.png\" \/>\n\t<meta property=\"og:image:width\" content=\"929\" \/>\n\t<meta property=\"og:image:height\" content=\"1024\" \/>\n\t<meta property=\"og:image:type\" content=\"image\/png\" \/>\n<meta name=\"twitter:card\" content=\"summary_large_image\" \/>\n<script type=\"application\/ld+json\" class=\"yoast-schema-graph\">{\"@context\":\"https:\\\/\\\/schema.org\",\"@graph\":[{\"@type\":\"WebPage\",\"@id\":\"https:\\\/\\\/www.royenagri.be\\\/de\\\/produkt\\\/natriumchloridleckstein\\\/\",\"url\":\"https:\\\/\\\/www.royenagri.be\\\/de\\\/produkt\\\/natriumchloridleckstein\\\/\",\"name\":\"Natriumchloridleckstein - Royen Agri\",\"isPartOf\":{\"@id\":\"https:\\\/\\\/www.royenagri.be\\\/de\\\/#website\"},\"primaryImageOfPage\":{\"@id\":\"https:\\\/\\\/www.royenagri.be\\\/de\\\/produkt\\\/natriumchloridleckstein\\\/#primaryimage\"},\"image\":{\"@id\":\"https:\\\/\\\/www.royenagri.be\\\/de\\\/produkt\\\/natriumchloridleckstein\\\/#primaryimage\"},\"thumbnailUrl\":\"https:\\\/\\\/www.royenagri.be\\\/wp-content\\\/uploads\\\/2025\\\/02\\\/BLOC-Sel-929x1024-1.png\",\"datePublished\":\"2025-02-11T09:53:58+00:00\",\"breadcrumb\":{\"@id\":\"https:\\\/\\\/www.royenagri.be\\\/de\\\/produkt\\\/natriumchloridleckstein\\\/#breadcrumb\"},\"inLanguage\":\"de\",\"potentialAction\":[{\"@type\":\"ReadAction\",\"target\":[\"https:\\\/\\\/www.royenagri.be\\\/de\\\/produkt\\\/natriumchloridleckstein\\\/\"]}]},{\"@type\":\"ImageObject\",\"inLanguage\":\"de\",\"@id\":\"https:\\\/\\\/www.royenagri.be\\\/de\\\/produkt\\\/natriumchloridleckstein\\\/#primaryimage\",\"url\":\"https:\\\/\\\/www.royenagri.be\\\/wp-content\\\/uploads\\\/2025\\\/02\\\/BLOC-Sel-929x1024-1.png\",\"contentUrl\":\"https:\\\/\\\/www.royenagri.be\\\/wp-content\\\/uploads\\\/2025\\\/02\\\/BLOC-Sel-929x1024-1.png\",\"width\":929,\"height\":1024},{\"@type\":\"BreadcrumbList\",\"@id\":\"https:\\\/\\\/www.royenagri.be\\\/de\\\/produkt\\\/natriumchloridleckstein\\\/#breadcrumb\",\"itemListElement\":[{\"@type\":\"ListItem\",\"position\":1,\"name\":\"Home\",\"item\":\"https:\\\/\\\/www.royenagri.be\\\/de\\\/\"},{\"@type\":\"ListItem\",\"position\":2,\"name\":\"Shop\",\"item\":\"https:\\\/\\\/www.royenagri.be\\\/de\\\/shop\\\/\"},{\"@type\":\"ListItem\",\"position\":3,\"name\":\"Natriumchloridleckstein\"}]},{\"@type\":\"WebSite\",\"@id\":\"https:\\\/\\\/www.royenagri.be\\\/de\\\/#website\",\"url\":\"https:\\\/\\\/www.royenagri.be\\\/de\\\/\",\"name\":\"Royen Agri\",\"description\":\"\",\"potentialAction\":[{\"@type\":\"SearchAction\",\"target\":{\"@type\":\"EntryPoint\",\"urlTemplate\":\"https:\\\/\\\/www.royenagri.be\\\/de\\\/?s={search_term_string}\"},\"query-input\":{\"@type\":\"PropertyValueSpecification\",\"valueRequired\":true,\"valueName\":\"search_term_string\"}}],\"inLanguage\":\"de\"}]}<\/script>\n<!-- \/ Yoast SEO plugin. -->","yoast_head_json":{"title":"Natriumchloridleckstein - Royen Agri","robots":{"index":"index","follow":"follow","max-snippet":"max-snippet:-1","max-image-preview":"max-image-preview:large","max-video-preview":"max-video-preview:-1"},"canonical":"https:\/\/www.royenagri.be\/de\/produkt\/natriumchloridleckstein\/","og_locale":"de_DE","og_type":"article","og_title":"Natriumchloridleckstein - Royen Agri","og_description":"Natriumchloridleckstein f\u00fcr Rinder, Schafe und Pferde sowie Mineralfutter (enth\u00e4lt Kupfer) in Form eines Lecksteins f\u00fcr Rinder, Ziegen, Pferde und Wildtiere.","og_url":"https:\/\/www.royenagri.be\/de\/produkt\/natriumchloridleckstein\/","og_site_name":"Royen Agri","og_image":[{"width":929,"height":1024,"url":"https:\/\/www.royenagri.be\/wp-content\/uploads\/2025\/02\/BLOC-Sel-929x1024-1.png","type":"image\/png"}],"twitter_card":"summary_large_image","schema":{"@context":"https:\/\/schema.org","@graph":[{"@type":"WebPage","@id":"https:\/\/www.royenagri.be\/de\/produkt\/natriumchloridleckstein\/","url":"https:\/\/www.royenagri.be\/de\/produkt\/natriumchloridleckstein\/","name":"Natriumchloridleckstein - Royen Agri","isPartOf":{"@id":"https:\/\/www.royenagri.be\/de\/#website"},"primaryImageOfPage":{"@id":"https:\/\/www.royenagri.be\/de\/produkt\/natriumchloridleckstein\/#primaryimage"},"image":{"@id":"https:\/\/www.royenagri.be\/de\/produkt\/natriumchloridleckstein\/#primaryimage"},"thumbnailUrl":"https:\/\/www.royenagri.be\/wp-content\/uploads\/2025\/02\/BLOC-Sel-929x1024-1.png","datePublished":"2025-02-11T09:53:58+00:00","breadcrumb":{"@id":"https:\/\/www.royenagri.be\/de\/produkt\/natriumchloridleckstein\/#breadcrumb"},"inLanguage":"de","potentialAction":[{"@type":"ReadAction","target":["https:\/\/www.royenagri.be\/de\/produkt\/natriumchloridleckstein\/"]}]},{"@type":"ImageObject","inLanguage":"de","@id":"https:\/\/www.royenagri.be\/de\/produkt\/natriumchloridleckstein\/#primaryimage","url":"https:\/\/www.royenagri.be\/wp-content\/uploads\/2025\/02\/BLOC-Sel-929x1024-1.png","contentUrl":"https:\/\/www.royenagri.be\/wp-content\/uploads\/2025\/02\/BLOC-Sel-929x1024-1.png","width":929,"height":1024},{"@type":"BreadcrumbList","@id":"https:\/\/www.royenagri.be\/de\/produkt\/natriumchloridleckstein\/#breadcrumb","itemListElement":[{"@type":"ListItem","position":1,"name":"Home","item":"https:\/\/www.royenagri.be\/de\/"},{"@type":"ListItem","position":2,"name":"Shop","item":"https:\/\/www.royenagri.be\/de\/shop\/"},{"@type":"ListItem","position":3,"name":"Natriumchloridleckstein"}]},{"@type":"WebSite","@id":"https:\/\/www.royenagri.be\/de\/#website","url":"https:\/\/www.royenagri.be\/de\/","name":"Royen Agri","description":"","potentialAction":[{"@type":"SearchAction","target":{"@type":"EntryPoint","urlTemplate":"https:\/\/www.royenagri.be\/de\/?s={search_term_string}"},"query-input":{"@type":"PropertyValueSpecification","valueRequired":true,"valueName":"search_term_string"}}],"inLanguage":"de"}]}},"_links":{"self":[{"href":"https:\/\/www.royenagri.be\/de\/wp-json\/wp\/v2\/product\/2725","targetHints":{"allow":["GET"]}}],"collection":[{"href":"https:\/\/www.royenagri.be\/de\/wp-json\/wp\/v2\/product"}],"about":[{"href":"https:\/\/www.royenagri.be\/de\/wp-json\/wp\/v2\/types\/product"}],"replies":[{"embeddable":true,"href":"https:\/\/www.royenagri.be\/de\/wp-json\/wp\/v2\/comments?post=2725"}],"wp:featuredmedia":[{"embeddable":true,"href":"https:\/\/www.royenagri.be\/de\/wp-json\/wp\/v2\/media\/2696"}],"wp:attachment":[{"href":"https:\/\/www.royenagri.be\/de\/wp-json\/wp\/v2\/media?parent=2725"}],"wp:term":[{"taxonomy":"product_brand","embeddable":true,"href":"https:\/\/www.royenagri.be\/de\/wp-json\/wp\/v2\/product_brand?post=2725"},{"taxonomy":"product_cat","embeddable":true,"href":"https:\/\/www.royenagri.be\/de\/wp-json\/wp\/v2\/product_cat?post=2725"},{"taxonomy":"product_tag","embeddable":true,"href":"https:\/\/www.royenagri.be\/de\/wp-json\/wp\/v2\/product_tag?post=2725"}],"curies":[{"name":"wp","href":"https:\/\/api.w.org\/{rel}","templated":true}]}}