{"id":2745,"date":"2025-02-25T12:04:47","date_gmt":"2025-02-25T12:04:47","guid":{"rendered":"https:\/\/royenagri.brainmade.lws-servers.be\/?post_type=product&#038;p=2745"},"modified":"2026-04-03T08:14:10","modified_gmt":"2026-04-03T08:14:10","slug":"chlorure-de-magnesium","status":"publish","type":"product","link":"https:\/\/www.royenagri.be\/de\/produkt\/chlorure-de-magnesium\/","title":{"rendered":"Chlorure de magn\u00e9sium"},"content":{"rendered":"<p>Le chlorure de magn\u00e9sium est une mati\u00e8re premi\u00e8re destin\u00e9e \u00e0 l\u2019alimentation des ruminants. Hautement digestible, il agit sur la BACA (Balance Acides-Cations) et contribue \u00e0 l\u2019\u00e9quilibre m\u00e9tabolique des animaux. Int\u00e9gr\u00e9 dans la ration de pr\u00e9paration au v\u00ealage, le chlorure de magn\u00e9sium contribue \u00e0 r\u00e9duire le risque de fi\u00e8vre de lait et \u00e0 faciliter le d\u00e9roulement du v\u00ealage. Gr\u00e2ce \u00e0 son excellente solubilit\u00e9 et \u00e0 sa puret\u00e9 \u00e9lev\u00e9e, il assure une assimilation optimale du magn\u00e9sium. Adapt\u00e9 \u00e0 l\u2019agriculture biologique, il est disponible en sacs de 25\u202fkg.<\/p>\n","protected":false},"excerpt":{"rendered":"<p>Le chlorure de magn\u00e9sium est une mati\u00e8re premi\u00e8re destin\u00e9e \u00e0 l\u2019alimentation des ruminants.<\/p>\n","protected":false},"featured_media":20798,"comment_status":"closed","ping_status":"closed","template":"","meta":{"_acf_changed":false,"inline_featured_image":false},"product_brand":[],"product_cat":[39,203],"product_tag":[],"class_list":{"0":"post-2745","1":"product","2":"type-product","3":"status-publish","4":"has-post-thumbnail","6":"product_cat-alimentation","7":"product_cat-matieres-premiere","9":"first","10":"instock","11":"taxable","12":"shipping-taxable","13":"product-type-simple"},"acf":[],"yoast_head":"<!-- This site is optimized with the Yoast SEO plugin v27.5 - https:\/\/yoast.com\/product\/yoast-seo-wordpress\/ -->\n<title>Chlorure de magn\u00e9sium - Royen Agri<\/title>\n<meta name=\"description\" content=\"Le chlorure de magn\u00e9sium, un min\u00e9ral essentiel pour les ruminants, r\u00e9duit les risques de fi\u00e8vre de lait et facilite le v\u00ealage.\" \/>\n<meta name=\"robots\" content=\"index, follow, max-snippet:-1, max-image-preview:large, max-video-preview:-1\" \/>\n<link rel=\"canonical\" href=\"https:\/\/www.royenagri.be\/de\/produkt\/chlorure-de-magnesium\/\" \/>\n<meta property=\"og:locale\" content=\"de_DE\" \/>\n<meta property=\"og:type\" content=\"article\" \/>\n<meta property=\"og:title\" content=\"Chlorure de magn\u00e9sium - Royen Agri\" \/>\n<meta property=\"og:description\" content=\"Le chlorure de magn\u00e9sium, un min\u00e9ral essentiel pour les ruminants, r\u00e9duit les risques de fi\u00e8vre de lait et facilite le v\u00ealage.\" \/>\n<meta property=\"og:url\" content=\"https:\/\/www.royenagri.be\/de\/produkt\/chlorure-de-magnesium\/\" \/>\n<meta property=\"og:site_name\" content=\"Royen Agri\" \/>\n<meta property=\"article:modified_time\" content=\"2026-04-03T08:14:10+00:00\" \/>\n<meta property=\"og:image\" content=\"https:\/\/www.royenagri.be\/wp-content\/uploads\/2025\/02\/chlorure_magnesium.png\" \/>\n\t<meta property=\"og:image:width\" content=\"1072\" \/>\n\t<meta property=\"og:image:height\" content=\"1520\" \/>\n\t<meta property=\"og:image:type\" content=\"image\/png\" \/>\n<meta name=\"twitter:card\" content=\"summary_large_image\" \/>\n<meta name=\"twitter:label1\" content=\"Gesch\u00e4tzte Lesezeit\" \/>\n\t<meta name=\"twitter:data1\" content=\"1\u00a0Minute\" \/>\n<script type=\"application\/ld+json\" class=\"yoast-schema-graph\">{\"@context\":\"https:\\\/\\\/schema.org\",\"@graph\":[{\"@type\":\"WebPage\",\"@id\":\"https:\\\/\\\/www.royenagri.be\\\/de\\\/produkt\\\/chlorure-de-magnesium\\\/\",\"url\":\"https:\\\/\\\/www.royenagri.be\\\/de\\\/produkt\\\/chlorure-de-magnesium\\\/\",\"name\":\"Chlorure de magn\u00e9sium - Royen Agri\",\"isPartOf\":{\"@id\":\"https:\\\/\\\/www.royenagri.be\\\/de\\\/#website\"},\"primaryImageOfPage\":{\"@id\":\"https:\\\/\\\/www.royenagri.be\\\/de\\\/produkt\\\/chlorure-de-magnesium\\\/#primaryimage\"},\"image\":{\"@id\":\"https:\\\/\\\/www.royenagri.be\\\/de\\\/produkt\\\/chlorure-de-magnesium\\\/#primaryimage\"},\"thumbnailUrl\":\"https:\\\/\\\/www.royenagri.be\\\/wp-content\\\/uploads\\\/2025\\\/02\\\/chlorure_magnesium.png\",\"datePublished\":\"2025-02-25T12:04:47+00:00\",\"dateModified\":\"2026-04-03T08:14:10+00:00\",\"description\":\"Le chlorure de magn\u00e9sium, un min\u00e9ral essentiel pour les ruminants, r\u00e9duit les risques de fi\u00e8vre de lait et facilite le v\u00ealage.\",\"breadcrumb\":{\"@id\":\"https:\\\/\\\/www.royenagri.be\\\/de\\\/produkt\\\/chlorure-de-magnesium\\\/#breadcrumb\"},\"inLanguage\":\"de\",\"potentialAction\":[{\"@type\":\"ReadAction\",\"target\":[\"https:\\\/\\\/www.royenagri.be\\\/de\\\/produkt\\\/chlorure-de-magnesium\\\/\"]}]},{\"@type\":\"ImageObject\",\"inLanguage\":\"de\",\"@id\":\"https:\\\/\\\/www.royenagri.be\\\/de\\\/produkt\\\/chlorure-de-magnesium\\\/#primaryimage\",\"url\":\"https:\\\/\\\/www.royenagri.be\\\/wp-content\\\/uploads\\\/2025\\\/02\\\/chlorure_magnesium.png\",\"contentUrl\":\"https:\\\/\\\/www.royenagri.be\\\/wp-content\\\/uploads\\\/2025\\\/02\\\/chlorure_magnesium.png\",\"width\":1072,\"height\":1520},{\"@type\":\"BreadcrumbList\",\"@id\":\"https:\\\/\\\/www.royenagri.be\\\/de\\\/produkt\\\/chlorure-de-magnesium\\\/#breadcrumb\",\"itemListElement\":[{\"@type\":\"ListItem\",\"position\":1,\"name\":\"Home\",\"item\":\"https:\\\/\\\/www.royenagri.be\\\/de\\\/\"},{\"@type\":\"ListItem\",\"position\":2,\"name\":\"Shop\",\"item\":\"https:\\\/\\\/www.royenagri.be\\\/de\\\/shop\\\/\"},{\"@type\":\"ListItem\",\"position\":3,\"name\":\"Chlorure de magn\u00e9sium\"}]},{\"@type\":\"WebSite\",\"@id\":\"https:\\\/\\\/www.royenagri.be\\\/de\\\/#website\",\"url\":\"https:\\\/\\\/www.royenagri.be\\\/de\\\/\",\"name\":\"Royen Agri\",\"description\":\"\",\"potentialAction\":[{\"@type\":\"SearchAction\",\"target\":{\"@type\":\"EntryPoint\",\"urlTemplate\":\"https:\\\/\\\/www.royenagri.be\\\/de\\\/?s={search_term_string}\"},\"query-input\":{\"@type\":\"PropertyValueSpecification\",\"valueRequired\":true,\"valueName\":\"search_term_string\"}}],\"inLanguage\":\"de\"}]}<\/script>\n<!-- \/ Yoast SEO plugin. -->","yoast_head_json":{"title":"Chlorure de magn\u00e9sium - Royen Agri","description":"Le chlorure de magn\u00e9sium, un min\u00e9ral essentiel pour les ruminants, r\u00e9duit les risques de fi\u00e8vre de lait et facilite le v\u00ealage.","robots":{"index":"index","follow":"follow","max-snippet":"max-snippet:-1","max-image-preview":"max-image-preview:large","max-video-preview":"max-video-preview:-1"},"canonical":"https:\/\/www.royenagri.be\/de\/produkt\/chlorure-de-magnesium\/","og_locale":"de_DE","og_type":"article","og_title":"Chlorure de magn\u00e9sium - Royen Agri","og_description":"Le chlorure de magn\u00e9sium, un min\u00e9ral essentiel pour les ruminants, r\u00e9duit les risques de fi\u00e8vre de lait et facilite le v\u00ealage.","og_url":"https:\/\/www.royenagri.be\/de\/produkt\/chlorure-de-magnesium\/","og_site_name":"Royen Agri","article_modified_time":"2026-04-03T08:14:10+00:00","og_image":[{"width":1072,"height":1520,"url":"https:\/\/www.royenagri.be\/wp-content\/uploads\/2025\/02\/chlorure_magnesium.png","type":"image\/png"}],"twitter_card":"summary_large_image","twitter_misc":{"Gesch\u00e4tzte Lesezeit":"1\u00a0Minute"},"schema":{"@context":"https:\/\/schema.org","@graph":[{"@type":"WebPage","@id":"https:\/\/www.royenagri.be\/de\/produkt\/chlorure-de-magnesium\/","url":"https:\/\/www.royenagri.be\/de\/produkt\/chlorure-de-magnesium\/","name":"Chlorure de magn\u00e9sium - Royen Agri","isPartOf":{"@id":"https:\/\/www.royenagri.be\/de\/#website"},"primaryImageOfPage":{"@id":"https:\/\/www.royenagri.be\/de\/produkt\/chlorure-de-magnesium\/#primaryimage"},"image":{"@id":"https:\/\/www.royenagri.be\/de\/produkt\/chlorure-de-magnesium\/#primaryimage"},"thumbnailUrl":"https:\/\/www.royenagri.be\/wp-content\/uploads\/2025\/02\/chlorure_magnesium.png","datePublished":"2025-02-25T12:04:47+00:00","dateModified":"2026-04-03T08:14:10+00:00","description":"Le chlorure de magn\u00e9sium, un min\u00e9ral essentiel pour les ruminants, r\u00e9duit les risques de fi\u00e8vre de lait et facilite le v\u00ealage.","breadcrumb":{"@id":"https:\/\/www.royenagri.be\/de\/produkt\/chlorure-de-magnesium\/#breadcrumb"},"inLanguage":"de","potentialAction":[{"@type":"ReadAction","target":["https:\/\/www.royenagri.be\/de\/produkt\/chlorure-de-magnesium\/"]}]},{"@type":"ImageObject","inLanguage":"de","@id":"https:\/\/www.royenagri.be\/de\/produkt\/chlorure-de-magnesium\/#primaryimage","url":"https:\/\/www.royenagri.be\/wp-content\/uploads\/2025\/02\/chlorure_magnesium.png","contentUrl":"https:\/\/www.royenagri.be\/wp-content\/uploads\/2025\/02\/chlorure_magnesium.png","width":1072,"height":1520},{"@type":"BreadcrumbList","@id":"https:\/\/www.royenagri.be\/de\/produkt\/chlorure-de-magnesium\/#breadcrumb","itemListElement":[{"@type":"ListItem","position":1,"name":"Home","item":"https:\/\/www.royenagri.be\/de\/"},{"@type":"ListItem","position":2,"name":"Shop","item":"https:\/\/www.royenagri.be\/de\/shop\/"},{"@type":"ListItem","position":3,"name":"Chlorure de magn\u00e9sium"}]},{"@type":"WebSite","@id":"https:\/\/www.royenagri.be\/de\/#website","url":"https:\/\/www.royenagri.be\/de\/","name":"Royen Agri","description":"","potentialAction":[{"@type":"SearchAction","target":{"@type":"EntryPoint","urlTemplate":"https:\/\/www.royenagri.be\/de\/?s={search_term_string}"},"query-input":{"@type":"PropertyValueSpecification","valueRequired":true,"valueName":"search_term_string"}}],"inLanguage":"de"}]}},"_links":{"self":[{"href":"https:\/\/www.royenagri.be\/de\/wp-json\/wp\/v2\/product\/2745","targetHints":{"allow":["GET"]}}],"collection":[{"href":"https:\/\/www.royenagri.be\/de\/wp-json\/wp\/v2\/product"}],"about":[{"href":"https:\/\/www.royenagri.be\/de\/wp-json\/wp\/v2\/types\/product"}],"replies":[{"embeddable":true,"href":"https:\/\/www.royenagri.be\/de\/wp-json\/wp\/v2\/comments?post=2745"}],"wp:featuredmedia":[{"embeddable":true,"href":"https:\/\/www.royenagri.be\/de\/wp-json\/wp\/v2\/media\/20798"}],"wp:attachment":[{"href":"https:\/\/www.royenagri.be\/de\/wp-json\/wp\/v2\/media?parent=2745"}],"wp:term":[{"taxonomy":"product_brand","embeddable":true,"href":"https:\/\/www.royenagri.be\/de\/wp-json\/wp\/v2\/product_brand?post=2745"},{"taxonomy":"product_cat","embeddable":true,"href":"https:\/\/www.royenagri.be\/de\/wp-json\/wp\/v2\/product_cat?post=2745"},{"taxonomy":"product_tag","embeddable":true,"href":"https:\/\/www.royenagri.be\/de\/wp-json\/wp\/v2\/product_tag?post=2745"}],"curies":[{"name":"wp","href":"https:\/\/api.w.org\/{rel}","templated":true}]}}