{"id":2751,"date":"2025-02-25T13:40:56","date_gmt":"2025-02-25T13:40:56","guid":{"rendered":"https:\/\/royenagri.brainmade.lws-servers.be\/?post_type=product&#038;p=2751"},"modified":"2026-02-26T09:43:02","modified_gmt":"2026-02-26T09:43:02","slug":"cure","status":"publish","type":"product","link":"https:\/\/www.royenagri.be\/de\/produkt\/cure\/","title":{"rendered":"Cure"},"content":{"rendered":"<p>Falco-Min Cure est un compl\u00e9ment min\u00e9ral sp\u00e9cifique destin\u00e9 aux vaches laiti\u00e8res et allaitantes en p\u00e9riode de mise \u00e0 la reproduction, et plus particuli\u00e8rement \u00e0 la pr\u00e9paration des donneuses et receveuses en transfert d\u2019embryons. Sa formulation est enrichie en b\u00eata-carot\u00e8ne et antioxydants, jouant un r\u00f4le cl\u00e9 dans la r\u00e9gulation du cycle reproductif, la stimulation de l\u2019ovulation et l\u2019am\u00e9lioration de la qualit\u00e9 ovocytaire et embryonnaire. En renfor\u00e7ant la protection cellulaire et en r\u00e9duisant le stress oxydatif, Falco-Min Cure contribue \u00e0 optimiser la fertilit\u00e9 et \u00e0 augmenter les chances de r\u00e9ussite des programmes de reproduction et de transfert d\u2019embryons. Facile \u00e0 incorporer dans la ration quotidienne, il constitue un outil nutritionnel essentiel pour am\u00e9liorer les performances reproductives du troupeau et s\u00e9curiser les r\u00e9sultats en \u00e9levage.<br \/>\nDisponible en sacs de 25 kg.<\/p>\n","protected":false},"excerpt":{"rendered":"<p>Falco-Min Cure est un compl\u00e9ment min\u00e9ral sp\u00e9cifique destin\u00e9 aux vaches laiti\u00e8res et allaitantes en p\u00e9riode de mise \u00e0 la reproduction, et plus particuli\u00e8rement \u00e0 la pr\u00e9paration des donneuses et receveuses en transfert d\u2019embryons.<\/p>\n","protected":false},"featured_media":2688,"comment_status":"closed","ping_status":"closed","template":"","meta":{"_acf_changed":false,"inline_featured_image":false},"product_brand":[],"product_cat":[39,46],"product_tag":[],"class_list":{"0":"post-2751","1":"product","2":"type-product","3":"status-publish","4":"has-post-thumbnail","6":"product_cat-alimentation","7":"product_cat-falco-min","8":"products_brands-falco","10":"first","11":"instock","12":"taxable","13":"shipping-taxable","14":"product-type-simple"},"acf":[],"yoast_head":"<!-- This site is optimized with the Yoast SEO plugin v27.5 - https:\/\/yoast.com\/product\/yoast-seo-wordpress\/ -->\n<title>Cure - Royen Agri<\/title>\n<meta name=\"description\" content=\"Falco-Min Cure, compl\u00e9ment enrichi en b\u00eata-carot\u00e8ne et antioxydants, optimise la reproduction et la pr\u00e9paration des donneuses et receveuses en transfert d\u2019embryons.\" \/>\n<meta name=\"robots\" content=\"index, follow, max-snippet:-1, max-image-preview:large, max-video-preview:-1\" \/>\n<link rel=\"canonical\" href=\"https:\/\/www.royenagri.be\/de\/produkt\/cure\/\" \/>\n<meta property=\"og:locale\" content=\"de_DE\" \/>\n<meta property=\"og:type\" content=\"article\" \/>\n<meta property=\"og:title\" content=\"Cure - Royen Agri\" \/>\n<meta property=\"og:description\" content=\"Falco-Min Cure, compl\u00e9ment enrichi en b\u00eata-carot\u00e8ne et antioxydants, optimise la reproduction et la pr\u00e9paration des donneuses et receveuses en transfert d\u2019embryons.\" \/>\n<meta property=\"og:url\" content=\"https:\/\/www.royenagri.be\/de\/produkt\/cure\/\" \/>\n<meta property=\"og:site_name\" content=\"Royen Agri\" \/>\n<meta property=\"article:modified_time\" content=\"2026-02-26T09:43:02+00:00\" \/>\n<meta property=\"og:image\" content=\"https:\/\/www.royenagri.be\/wp-content\/uploads\/2024\/04\/Royen-Sac-papier-MIN-1.png\" \/>\n\t<meta property=\"og:image:width\" content=\"981\" \/>\n\t<meta property=\"og:image:height\" content=\"1697\" \/>\n\t<meta property=\"og:image:type\" content=\"image\/png\" \/>\n<meta name=\"twitter:card\" content=\"summary_large_image\" \/>\n<meta name=\"twitter:label1\" content=\"Gesch\u00e4tzte Lesezeit\" \/>\n\t<meta name=\"twitter:data1\" content=\"2\u00a0Minuten\" \/>\n<script type=\"application\/ld+json\" class=\"yoast-schema-graph\">{\"@context\":\"https:\\\/\\\/schema.org\",\"@graph\":[{\"@type\":\"WebPage\",\"@id\":\"https:\\\/\\\/www.royenagri.be\\\/de\\\/produkt\\\/cure\\\/\",\"url\":\"https:\\\/\\\/www.royenagri.be\\\/de\\\/produkt\\\/cure\\\/\",\"name\":\"Cure - Royen Agri\",\"isPartOf\":{\"@id\":\"https:\\\/\\\/www.royenagri.be\\\/de\\\/#website\"},\"primaryImageOfPage\":{\"@id\":\"https:\\\/\\\/www.royenagri.be\\\/de\\\/produkt\\\/cure\\\/#primaryimage\"},\"image\":{\"@id\":\"https:\\\/\\\/www.royenagri.be\\\/de\\\/produkt\\\/cure\\\/#primaryimage\"},\"thumbnailUrl\":\"https:\\\/\\\/www.royenagri.be\\\/wp-content\\\/uploads\\\/2024\\\/04\\\/Royen-Sac-papier-MIN-1.png\",\"datePublished\":\"2025-02-25T13:40:56+00:00\",\"dateModified\":\"2026-02-26T09:43:02+00:00\",\"description\":\"Falco-Min Cure, compl\u00e9ment enrichi en b\u00eata-carot\u00e8ne et antioxydants, optimise la reproduction et la pr\u00e9paration des donneuses et receveuses en transfert d\u2019embryons.\",\"breadcrumb\":{\"@id\":\"https:\\\/\\\/www.royenagri.be\\\/de\\\/produkt\\\/cure\\\/#breadcrumb\"},\"inLanguage\":\"de\",\"potentialAction\":[{\"@type\":\"ReadAction\",\"target\":[\"https:\\\/\\\/www.royenagri.be\\\/de\\\/produkt\\\/cure\\\/\"]}]},{\"@type\":\"ImageObject\",\"inLanguage\":\"de\",\"@id\":\"https:\\\/\\\/www.royenagri.be\\\/de\\\/produkt\\\/cure\\\/#primaryimage\",\"url\":\"https:\\\/\\\/www.royenagri.be\\\/wp-content\\\/uploads\\\/2024\\\/04\\\/Royen-Sac-papier-MIN-1.png\",\"contentUrl\":\"https:\\\/\\\/www.royenagri.be\\\/wp-content\\\/uploads\\\/2024\\\/04\\\/Royen-Sac-papier-MIN-1.png\",\"width\":981,\"height\":1697},{\"@type\":\"BreadcrumbList\",\"@id\":\"https:\\\/\\\/www.royenagri.be\\\/de\\\/produkt\\\/cure\\\/#breadcrumb\",\"itemListElement\":[{\"@type\":\"ListItem\",\"position\":1,\"name\":\"Home\",\"item\":\"https:\\\/\\\/www.royenagri.be\\\/de\\\/\"},{\"@type\":\"ListItem\",\"position\":2,\"name\":\"Shop\",\"item\":\"https:\\\/\\\/www.royenagri.be\\\/de\\\/shop\\\/\"},{\"@type\":\"ListItem\",\"position\":3,\"name\":\"Cure\"}]},{\"@type\":\"WebSite\",\"@id\":\"https:\\\/\\\/www.royenagri.be\\\/de\\\/#website\",\"url\":\"https:\\\/\\\/www.royenagri.be\\\/de\\\/\",\"name\":\"Royen Agri\",\"description\":\"\",\"potentialAction\":[{\"@type\":\"SearchAction\",\"target\":{\"@type\":\"EntryPoint\",\"urlTemplate\":\"https:\\\/\\\/www.royenagri.be\\\/de\\\/?s={search_term_string}\"},\"query-input\":{\"@type\":\"PropertyValueSpecification\",\"valueRequired\":true,\"valueName\":\"search_term_string\"}}],\"inLanguage\":\"de\"}]}<\/script>\n<!-- \/ Yoast SEO plugin. -->","yoast_head_json":{"title":"Cure - Royen Agri","description":"Falco-Min Cure, compl\u00e9ment enrichi en b\u00eata-carot\u00e8ne et antioxydants, optimise la reproduction et la pr\u00e9paration des donneuses et receveuses en transfert d\u2019embryons.","robots":{"index":"index","follow":"follow","max-snippet":"max-snippet:-1","max-image-preview":"max-image-preview:large","max-video-preview":"max-video-preview:-1"},"canonical":"https:\/\/www.royenagri.be\/de\/produkt\/cure\/","og_locale":"de_DE","og_type":"article","og_title":"Cure - Royen Agri","og_description":"Falco-Min Cure, compl\u00e9ment enrichi en b\u00eata-carot\u00e8ne et antioxydants, optimise la reproduction et la pr\u00e9paration des donneuses et receveuses en transfert d\u2019embryons.","og_url":"https:\/\/www.royenagri.be\/de\/produkt\/cure\/","og_site_name":"Royen Agri","article_modified_time":"2026-02-26T09:43:02+00:00","og_image":[{"width":981,"height":1697,"url":"https:\/\/www.royenagri.be\/wp-content\/uploads\/2024\/04\/Royen-Sac-papier-MIN-1.png","type":"image\/png"}],"twitter_card":"summary_large_image","twitter_misc":{"Gesch\u00e4tzte Lesezeit":"2\u00a0Minuten"},"schema":{"@context":"https:\/\/schema.org","@graph":[{"@type":"WebPage","@id":"https:\/\/www.royenagri.be\/de\/produkt\/cure\/","url":"https:\/\/www.royenagri.be\/de\/produkt\/cure\/","name":"Cure - Royen Agri","isPartOf":{"@id":"https:\/\/www.royenagri.be\/de\/#website"},"primaryImageOfPage":{"@id":"https:\/\/www.royenagri.be\/de\/produkt\/cure\/#primaryimage"},"image":{"@id":"https:\/\/www.royenagri.be\/de\/produkt\/cure\/#primaryimage"},"thumbnailUrl":"https:\/\/www.royenagri.be\/wp-content\/uploads\/2024\/04\/Royen-Sac-papier-MIN-1.png","datePublished":"2025-02-25T13:40:56+00:00","dateModified":"2026-02-26T09:43:02+00:00","description":"Falco-Min Cure, compl\u00e9ment enrichi en b\u00eata-carot\u00e8ne et antioxydants, optimise la reproduction et la pr\u00e9paration des donneuses et receveuses en transfert d\u2019embryons.","breadcrumb":{"@id":"https:\/\/www.royenagri.be\/de\/produkt\/cure\/#breadcrumb"},"inLanguage":"de","potentialAction":[{"@type":"ReadAction","target":["https:\/\/www.royenagri.be\/de\/produkt\/cure\/"]}]},{"@type":"ImageObject","inLanguage":"de","@id":"https:\/\/www.royenagri.be\/de\/produkt\/cure\/#primaryimage","url":"https:\/\/www.royenagri.be\/wp-content\/uploads\/2024\/04\/Royen-Sac-papier-MIN-1.png","contentUrl":"https:\/\/www.royenagri.be\/wp-content\/uploads\/2024\/04\/Royen-Sac-papier-MIN-1.png","width":981,"height":1697},{"@type":"BreadcrumbList","@id":"https:\/\/www.royenagri.be\/de\/produkt\/cure\/#breadcrumb","itemListElement":[{"@type":"ListItem","position":1,"name":"Home","item":"https:\/\/www.royenagri.be\/de\/"},{"@type":"ListItem","position":2,"name":"Shop","item":"https:\/\/www.royenagri.be\/de\/shop\/"},{"@type":"ListItem","position":3,"name":"Cure"}]},{"@type":"WebSite","@id":"https:\/\/www.royenagri.be\/de\/#website","url":"https:\/\/www.royenagri.be\/de\/","name":"Royen Agri","description":"","potentialAction":[{"@type":"SearchAction","target":{"@type":"EntryPoint","urlTemplate":"https:\/\/www.royenagri.be\/de\/?s={search_term_string}"},"query-input":{"@type":"PropertyValueSpecification","valueRequired":true,"valueName":"search_term_string"}}],"inLanguage":"de"}]}},"_links":{"self":[{"href":"https:\/\/www.royenagri.be\/de\/wp-json\/wp\/v2\/product\/2751","targetHints":{"allow":["GET"]}}],"collection":[{"href":"https:\/\/www.royenagri.be\/de\/wp-json\/wp\/v2\/product"}],"about":[{"href":"https:\/\/www.royenagri.be\/de\/wp-json\/wp\/v2\/types\/product"}],"replies":[{"embeddable":true,"href":"https:\/\/www.royenagri.be\/de\/wp-json\/wp\/v2\/comments?post=2751"}],"wp:featuredmedia":[{"embeddable":true,"href":"https:\/\/www.royenagri.be\/de\/wp-json\/wp\/v2\/media\/2688"}],"wp:attachment":[{"href":"https:\/\/www.royenagri.be\/de\/wp-json\/wp\/v2\/media?parent=2751"}],"wp:term":[{"taxonomy":"product_brand","embeddable":true,"href":"https:\/\/www.royenagri.be\/de\/wp-json\/wp\/v2\/product_brand?post=2751"},{"taxonomy":"product_cat","embeddable":true,"href":"https:\/\/www.royenagri.be\/de\/wp-json\/wp\/v2\/product_cat?post=2751"},{"taxonomy":"product_tag","embeddable":true,"href":"https:\/\/www.royenagri.be\/de\/wp-json\/wp\/v2\/product_tag?post=2751"}],"curies":[{"name":"wp","href":"https:\/\/api.w.org\/{rel}","templated":true}]}}