{"id":2808,"date":"2025-02-25T16:08:20","date_gmt":"2025-02-25T16:08:20","guid":{"rendered":"https:\/\/royenagri.brainmade.lws-servers.be\/?post_type=product&#038;p=2808"},"modified":"2026-02-26T12:12:17","modified_gmt":"2026-02-26T12:12:17","slug":"elite-drink","status":"publish","type":"product","link":"https:\/\/www.royenagri.be\/de\/produkt\/elite-drink\/","title":{"rendered":"Elite Drink"},"content":{"rendered":"<p>Solution d\u2019\u00e9lectrolytes et de pr\u00e9curseurs \u00e9nerg\u00e9tique \u00e0 reconstituer pour le drenchage des vaches juste apr\u00e8s le v\u00ealage.  Convient \u00e9galement comme apport d\u2019\u00e9lectrolytes dans l\u2019eau de boisson des veaux pour stimuler la consommation d\u2019eau d\u00e8s le plus jeune \u00e2ge.<\/p>\n","protected":false},"excerpt":{"rendered":"<p>Solution d\u2019\u00e9lectrolytes et de pr\u00e9curseurs \u00e9nerg\u00e9tique \u00e0 reconstituer pour le drenchage des vaches juste apr\u00e8s le v\u00ealage.<\/p>\n","protected":false},"featured_media":2809,"comment_status":"closed","ping_status":"closed","template":"","meta":{"_acf_changed":false,"inline_featured_image":false},"product_brand":[],"product_cat":[39,206,47],"product_tag":[],"class_list":{"0":"post-2808","1":"product","2":"type-product","3":"status-publish","4":"has-post-thumbnail","6":"product_cat-alimentation","7":"product_cat-bovins","8":"product_cat-specialites-dietetiques","9":"products_brands-alfra","10":"products_animal-bovins","12":"first","13":"instock","14":"taxable","15":"shipping-taxable","16":"product-type-simple"},"acf":[],"yoast_head":"<!-- This site is optimized with the Yoast SEO plugin v27.5 - https:\/\/yoast.com\/product\/yoast-seo-wordpress\/ -->\n<title>Elite Drink - Royen Agri<\/title>\n<meta name=\"description\" content=\"Elite Drink, solution d\u2019\u00e9lectrolytes et de pr\u00e9curseurs \u00e9nerg\u00e9tiques, favorise la r\u00e9cup\u00e9ration des vaches apr\u00e8s le v\u00ealage et stimule l\u2019hydratation des jeunes veaux.\" \/>\n<meta name=\"robots\" content=\"index, follow, max-snippet:-1, max-image-preview:large, max-video-preview:-1\" \/>\n<link rel=\"canonical\" href=\"https:\/\/www.royenagri.be\/de\/produkt\/elite-drink\/\" \/>\n<meta property=\"og:locale\" content=\"de_DE\" \/>\n<meta property=\"og:type\" content=\"article\" \/>\n<meta property=\"og:title\" content=\"Elite Drink - Royen Agri\" \/>\n<meta property=\"og:description\" content=\"Elite Drink, solution d\u2019\u00e9lectrolytes et de pr\u00e9curseurs \u00e9nerg\u00e9tiques, favorise la r\u00e9cup\u00e9ration des vaches apr\u00e8s le v\u00ealage et stimule l\u2019hydratation des jeunes veaux.\" \/>\n<meta property=\"og:url\" content=\"https:\/\/www.royenagri.be\/de\/produkt\/elite-drink\/\" \/>\n<meta property=\"og:site_name\" content=\"Royen Agri\" \/>\n<meta property=\"article:modified_time\" content=\"2026-02-26T12:12:17+00:00\" \/>\n<meta property=\"og:image\" content=\"https:\/\/www.royenagri.be\/wp-content\/uploads\/2025\/02\/Sac-elit-drink.png\" \/>\n\t<meta property=\"og:image:width\" content=\"621\" \/>\n\t<meta property=\"og:image:height\" content=\"687\" \/>\n\t<meta property=\"og:image:type\" content=\"image\/png\" \/>\n<meta name=\"twitter:card\" content=\"summary_large_image\" \/>\n<meta name=\"twitter:label1\" content=\"Gesch\u00e4tzte Lesezeit\" \/>\n\t<meta name=\"twitter:data1\" content=\"2\u00a0Minuten\" \/>\n<script type=\"application\/ld+json\" class=\"yoast-schema-graph\">{\"@context\":\"https:\\\/\\\/schema.org\",\"@graph\":[{\"@type\":\"WebPage\",\"@id\":\"https:\\\/\\\/www.royenagri.be\\\/de\\\/produkt\\\/elite-drink\\\/\",\"url\":\"https:\\\/\\\/www.royenagri.be\\\/de\\\/produkt\\\/elite-drink\\\/\",\"name\":\"Elite Drink - Royen Agri\",\"isPartOf\":{\"@id\":\"https:\\\/\\\/www.royenagri.be\\\/de\\\/#website\"},\"primaryImageOfPage\":{\"@id\":\"https:\\\/\\\/www.royenagri.be\\\/de\\\/produkt\\\/elite-drink\\\/#primaryimage\"},\"image\":{\"@id\":\"https:\\\/\\\/www.royenagri.be\\\/de\\\/produkt\\\/elite-drink\\\/#primaryimage\"},\"thumbnailUrl\":\"https:\\\/\\\/www.royenagri.be\\\/wp-content\\\/uploads\\\/2025\\\/02\\\/Sac-elit-drink.png\",\"datePublished\":\"2025-02-25T16:08:20+00:00\",\"dateModified\":\"2026-02-26T12:12:17+00:00\",\"description\":\"Elite Drink, solution d\u2019\u00e9lectrolytes et de pr\u00e9curseurs \u00e9nerg\u00e9tiques, favorise la r\u00e9cup\u00e9ration des vaches apr\u00e8s le v\u00ealage et stimule l\u2019hydratation des jeunes veaux.\",\"breadcrumb\":{\"@id\":\"https:\\\/\\\/www.royenagri.be\\\/de\\\/produkt\\\/elite-drink\\\/#breadcrumb\"},\"inLanguage\":\"de\",\"potentialAction\":[{\"@type\":\"ReadAction\",\"target\":[\"https:\\\/\\\/www.royenagri.be\\\/de\\\/produkt\\\/elite-drink\\\/\"]}]},{\"@type\":\"ImageObject\",\"inLanguage\":\"de\",\"@id\":\"https:\\\/\\\/www.royenagri.be\\\/de\\\/produkt\\\/elite-drink\\\/#primaryimage\",\"url\":\"https:\\\/\\\/www.royenagri.be\\\/wp-content\\\/uploads\\\/2025\\\/02\\\/Sac-elit-drink.png\",\"contentUrl\":\"https:\\\/\\\/www.royenagri.be\\\/wp-content\\\/uploads\\\/2025\\\/02\\\/Sac-elit-drink.png\",\"width\":621,\"height\":687},{\"@type\":\"BreadcrumbList\",\"@id\":\"https:\\\/\\\/www.royenagri.be\\\/de\\\/produkt\\\/elite-drink\\\/#breadcrumb\",\"itemListElement\":[{\"@type\":\"ListItem\",\"position\":1,\"name\":\"Home\",\"item\":\"https:\\\/\\\/www.royenagri.be\\\/de\\\/\"},{\"@type\":\"ListItem\",\"position\":2,\"name\":\"Shop\",\"item\":\"https:\\\/\\\/www.royenagri.be\\\/de\\\/shop\\\/\"},{\"@type\":\"ListItem\",\"position\":3,\"name\":\"Elite Drink\"}]},{\"@type\":\"WebSite\",\"@id\":\"https:\\\/\\\/www.royenagri.be\\\/de\\\/#website\",\"url\":\"https:\\\/\\\/www.royenagri.be\\\/de\\\/\",\"name\":\"Royen Agri\",\"description\":\"\",\"potentialAction\":[{\"@type\":\"SearchAction\",\"target\":{\"@type\":\"EntryPoint\",\"urlTemplate\":\"https:\\\/\\\/www.royenagri.be\\\/de\\\/?s={search_term_string}\"},\"query-input\":{\"@type\":\"PropertyValueSpecification\",\"valueRequired\":true,\"valueName\":\"search_term_string\"}}],\"inLanguage\":\"de\"}]}<\/script>\n<!-- \/ Yoast SEO plugin. -->","yoast_head_json":{"title":"Elite Drink - Royen Agri","description":"Elite Drink, solution d\u2019\u00e9lectrolytes et de pr\u00e9curseurs \u00e9nerg\u00e9tiques, favorise la r\u00e9cup\u00e9ration des vaches apr\u00e8s le v\u00ealage et stimule l\u2019hydratation des jeunes veaux.","robots":{"index":"index","follow":"follow","max-snippet":"max-snippet:-1","max-image-preview":"max-image-preview:large","max-video-preview":"max-video-preview:-1"},"canonical":"https:\/\/www.royenagri.be\/de\/produkt\/elite-drink\/","og_locale":"de_DE","og_type":"article","og_title":"Elite Drink - Royen Agri","og_description":"Elite Drink, solution d\u2019\u00e9lectrolytes et de pr\u00e9curseurs \u00e9nerg\u00e9tiques, favorise la r\u00e9cup\u00e9ration des vaches apr\u00e8s le v\u00ealage et stimule l\u2019hydratation des jeunes veaux.","og_url":"https:\/\/www.royenagri.be\/de\/produkt\/elite-drink\/","og_site_name":"Royen Agri","article_modified_time":"2026-02-26T12:12:17+00:00","og_image":[{"width":621,"height":687,"url":"https:\/\/www.royenagri.be\/wp-content\/uploads\/2025\/02\/Sac-elit-drink.png","type":"image\/png"}],"twitter_card":"summary_large_image","twitter_misc":{"Gesch\u00e4tzte Lesezeit":"2\u00a0Minuten"},"schema":{"@context":"https:\/\/schema.org","@graph":[{"@type":"WebPage","@id":"https:\/\/www.royenagri.be\/de\/produkt\/elite-drink\/","url":"https:\/\/www.royenagri.be\/de\/produkt\/elite-drink\/","name":"Elite Drink - Royen Agri","isPartOf":{"@id":"https:\/\/www.royenagri.be\/de\/#website"},"primaryImageOfPage":{"@id":"https:\/\/www.royenagri.be\/de\/produkt\/elite-drink\/#primaryimage"},"image":{"@id":"https:\/\/www.royenagri.be\/de\/produkt\/elite-drink\/#primaryimage"},"thumbnailUrl":"https:\/\/www.royenagri.be\/wp-content\/uploads\/2025\/02\/Sac-elit-drink.png","datePublished":"2025-02-25T16:08:20+00:00","dateModified":"2026-02-26T12:12:17+00:00","description":"Elite Drink, solution d\u2019\u00e9lectrolytes et de pr\u00e9curseurs \u00e9nerg\u00e9tiques, favorise la r\u00e9cup\u00e9ration des vaches apr\u00e8s le v\u00ealage et stimule l\u2019hydratation des jeunes veaux.","breadcrumb":{"@id":"https:\/\/www.royenagri.be\/de\/produkt\/elite-drink\/#breadcrumb"},"inLanguage":"de","potentialAction":[{"@type":"ReadAction","target":["https:\/\/www.royenagri.be\/de\/produkt\/elite-drink\/"]}]},{"@type":"ImageObject","inLanguage":"de","@id":"https:\/\/www.royenagri.be\/de\/produkt\/elite-drink\/#primaryimage","url":"https:\/\/www.royenagri.be\/wp-content\/uploads\/2025\/02\/Sac-elit-drink.png","contentUrl":"https:\/\/www.royenagri.be\/wp-content\/uploads\/2025\/02\/Sac-elit-drink.png","width":621,"height":687},{"@type":"BreadcrumbList","@id":"https:\/\/www.royenagri.be\/de\/produkt\/elite-drink\/#breadcrumb","itemListElement":[{"@type":"ListItem","position":1,"name":"Home","item":"https:\/\/www.royenagri.be\/de\/"},{"@type":"ListItem","position":2,"name":"Shop","item":"https:\/\/www.royenagri.be\/de\/shop\/"},{"@type":"ListItem","position":3,"name":"Elite Drink"}]},{"@type":"WebSite","@id":"https:\/\/www.royenagri.be\/de\/#website","url":"https:\/\/www.royenagri.be\/de\/","name":"Royen Agri","description":"","potentialAction":[{"@type":"SearchAction","target":{"@type":"EntryPoint","urlTemplate":"https:\/\/www.royenagri.be\/de\/?s={search_term_string}"},"query-input":{"@type":"PropertyValueSpecification","valueRequired":true,"valueName":"search_term_string"}}],"inLanguage":"de"}]}},"_links":{"self":[{"href":"https:\/\/www.royenagri.be\/de\/wp-json\/wp\/v2\/product\/2808","targetHints":{"allow":["GET"]}}],"collection":[{"href":"https:\/\/www.royenagri.be\/de\/wp-json\/wp\/v2\/product"}],"about":[{"href":"https:\/\/www.royenagri.be\/de\/wp-json\/wp\/v2\/types\/product"}],"replies":[{"embeddable":true,"href":"https:\/\/www.royenagri.be\/de\/wp-json\/wp\/v2\/comments?post=2808"}],"wp:featuredmedia":[{"embeddable":true,"href":"https:\/\/www.royenagri.be\/de\/wp-json\/wp\/v2\/media\/2809"}],"wp:attachment":[{"href":"https:\/\/www.royenagri.be\/de\/wp-json\/wp\/v2\/media?parent=2808"}],"wp:term":[{"taxonomy":"product_brand","embeddable":true,"href":"https:\/\/www.royenagri.be\/de\/wp-json\/wp\/v2\/product_brand?post=2808"},{"taxonomy":"product_cat","embeddable":true,"href":"https:\/\/www.royenagri.be\/de\/wp-json\/wp\/v2\/product_cat?post=2808"},{"taxonomy":"product_tag","embeddable":true,"href":"https:\/\/www.royenagri.be\/de\/wp-json\/wp\/v2\/product_tag?post=2808"}],"curies":[{"name":"wp","href":"https:\/\/api.w.org\/{rel}","templated":true}]}}