{"id":2819,"date":"2025-02-25T16:24:52","date_gmt":"2025-02-25T16:24:52","guid":{"rendered":"https:\/\/royenagri.brainmade.lws-servers.be\/?post_type=product&#038;p=2819"},"modified":"2026-02-26T12:18:16","modified_gmt":"2026-02-26T12:18:16","slug":"colostrum-bovin-congele","status":"publish","type":"product","link":"https:\/\/www.royenagri.be\/de\/produkt\/colostrum-bovin-congele\/","title":{"rendered":"Colostrum bovin congel\u00e9"},"content":{"rendered":"<p>Colostrum bovin entier standardis\u00e9 congel\u00e9<\/p>\n<p>Nous avons 2 types de colostrum\u00a0: Le colostrum &#8222;IBR n\u00e9gatif&#8220; et le colostrum &#8222;normal&#8220;.<\/p>\n","protected":false},"excerpt":{"rendered":"<p>Colostrum bovin congel\u00e9, standardis\u00e9 et disponible en version \u201cIBR n\u00e9gatif\u201d ou \u201cnormal\u201d, pour assurer l\u2019immunit\u00e9 et la vitalit\u00e9 des veaux nouveau-n\u00e9s.<\/p>\n","protected":false},"featured_media":2820,"comment_status":"closed","ping_status":"closed","template":"","meta":{"_acf_changed":false,"inline_featured_image":false},"product_brand":[],"product_cat":[39,47,207],"product_tag":[],"class_list":{"0":"post-2819","1":"product","2":"type-product","3":"status-publish","4":"has-post-thumbnail","6":"product_cat-alimentation","7":"product_cat-specialites-dietetiques","8":"product_cat-veaux","9":"products_brands-alfra","10":"products_animal-veaux","12":"first","13":"instock","14":"taxable","15":"shipping-taxable","16":"product-type-simple"},"acf":[],"yoast_head":"<!-- This site is optimized with the Yoast SEO plugin v27.5 - https:\/\/yoast.com\/product\/yoast-seo-wordpress\/ -->\n<title>Colostrum bovin congel\u00e9 - Royen Agri<\/title>\n<meta name=\"description\" content=\"Colostrum bovin congel\u00e9, standardis\u00e9 et disponible en version \u201cIBR n\u00e9gatif\u201d ou \u201cnormal\u201d, garantit un apport optimal en anticorps et nutriments pour la sant\u00e9 des veaux nouveau-n\u00e9s.\" \/>\n<meta name=\"robots\" content=\"index, follow, max-snippet:-1, max-image-preview:large, max-video-preview:-1\" \/>\n<link rel=\"canonical\" href=\"https:\/\/www.royenagri.be\/de\/produkt\/colostrum-bovin-congele\/\" \/>\n<meta property=\"og:locale\" content=\"de_DE\" \/>\n<meta property=\"og:type\" content=\"article\" \/>\n<meta property=\"og:title\" content=\"Colostrum bovin congel\u00e9 - Royen Agri\" \/>\n<meta property=\"og:description\" content=\"Colostrum bovin congel\u00e9, standardis\u00e9 et disponible en version \u201cIBR n\u00e9gatif\u201d ou \u201cnormal\u201d, garantit un apport optimal en anticorps et nutriments pour la sant\u00e9 des veaux nouveau-n\u00e9s.\" \/>\n<meta property=\"og:url\" content=\"https:\/\/www.royenagri.be\/de\/produkt\/colostrum-bovin-congele\/\" \/>\n<meta property=\"og:site_name\" content=\"Royen Agri\" \/>\n<meta property=\"article:modified_time\" content=\"2026-02-26T12:18:16+00:00\" \/>\n<meta property=\"og:image\" content=\"https:\/\/www.royenagri.be\/wp-content\/uploads\/2025\/02\/BOUTEILLE-Colostrum.png\" \/>\n\t<meta property=\"og:image:width\" content=\"624\" \/>\n\t<meta property=\"og:image:height\" content=\"687\" \/>\n\t<meta property=\"og:image:type\" content=\"image\/png\" \/>\n<meta name=\"twitter:card\" content=\"summary_large_image\" \/>\n<meta name=\"twitter:label1\" content=\"Gesch\u00e4tzte Lesezeit\" \/>\n\t<meta name=\"twitter:data1\" content=\"1\u00a0Minute\" \/>\n<script type=\"application\/ld+json\" class=\"yoast-schema-graph\">{\"@context\":\"https:\\\/\\\/schema.org\",\"@graph\":[{\"@type\":\"WebPage\",\"@id\":\"https:\\\/\\\/www.royenagri.be\\\/de\\\/produkt\\\/colostrum-bovin-congele\\\/\",\"url\":\"https:\\\/\\\/www.royenagri.be\\\/de\\\/produkt\\\/colostrum-bovin-congele\\\/\",\"name\":\"Colostrum bovin congel\u00e9 - Royen Agri\",\"isPartOf\":{\"@id\":\"https:\\\/\\\/www.royenagri.be\\\/de\\\/#website\"},\"primaryImageOfPage\":{\"@id\":\"https:\\\/\\\/www.royenagri.be\\\/de\\\/produkt\\\/colostrum-bovin-congele\\\/#primaryimage\"},\"image\":{\"@id\":\"https:\\\/\\\/www.royenagri.be\\\/de\\\/produkt\\\/colostrum-bovin-congele\\\/#primaryimage\"},\"thumbnailUrl\":\"https:\\\/\\\/www.royenagri.be\\\/wp-content\\\/uploads\\\/2025\\\/02\\\/BOUTEILLE-Colostrum.png\",\"datePublished\":\"2025-02-25T16:24:52+00:00\",\"dateModified\":\"2026-02-26T12:18:16+00:00\",\"description\":\"Colostrum bovin congel\u00e9, standardis\u00e9 et disponible en version \u201cIBR n\u00e9gatif\u201d ou \u201cnormal\u201d, garantit un apport optimal en anticorps et nutriments pour la sant\u00e9 des veaux nouveau-n\u00e9s.\",\"breadcrumb\":{\"@id\":\"https:\\\/\\\/www.royenagri.be\\\/de\\\/produkt\\\/colostrum-bovin-congele\\\/#breadcrumb\"},\"inLanguage\":\"de\",\"potentialAction\":[{\"@type\":\"ReadAction\",\"target\":[\"https:\\\/\\\/www.royenagri.be\\\/de\\\/produkt\\\/colostrum-bovin-congele\\\/\"]}]},{\"@type\":\"ImageObject\",\"inLanguage\":\"de\",\"@id\":\"https:\\\/\\\/www.royenagri.be\\\/de\\\/produkt\\\/colostrum-bovin-congele\\\/#primaryimage\",\"url\":\"https:\\\/\\\/www.royenagri.be\\\/wp-content\\\/uploads\\\/2025\\\/02\\\/BOUTEILLE-Colostrum.png\",\"contentUrl\":\"https:\\\/\\\/www.royenagri.be\\\/wp-content\\\/uploads\\\/2025\\\/02\\\/BOUTEILLE-Colostrum.png\",\"width\":624,\"height\":687},{\"@type\":\"BreadcrumbList\",\"@id\":\"https:\\\/\\\/www.royenagri.be\\\/de\\\/produkt\\\/colostrum-bovin-congele\\\/#breadcrumb\",\"itemListElement\":[{\"@type\":\"ListItem\",\"position\":1,\"name\":\"Home\",\"item\":\"https:\\\/\\\/www.royenagri.be\\\/de\\\/\"},{\"@type\":\"ListItem\",\"position\":2,\"name\":\"Shop\",\"item\":\"https:\\\/\\\/www.royenagri.be\\\/de\\\/shop\\\/\"},{\"@type\":\"ListItem\",\"position\":3,\"name\":\"Colostrum bovin congel\u00e9\"}]},{\"@type\":\"WebSite\",\"@id\":\"https:\\\/\\\/www.royenagri.be\\\/de\\\/#website\",\"url\":\"https:\\\/\\\/www.royenagri.be\\\/de\\\/\",\"name\":\"Royen Agri\",\"description\":\"\",\"potentialAction\":[{\"@type\":\"SearchAction\",\"target\":{\"@type\":\"EntryPoint\",\"urlTemplate\":\"https:\\\/\\\/www.royenagri.be\\\/de\\\/?s={search_term_string}\"},\"query-input\":{\"@type\":\"PropertyValueSpecification\",\"valueRequired\":true,\"valueName\":\"search_term_string\"}}],\"inLanguage\":\"de\"}]}<\/script>\n<!-- \/ Yoast SEO plugin. -->","yoast_head_json":{"title":"Colostrum bovin congel\u00e9 - Royen Agri","description":"Colostrum bovin congel\u00e9, standardis\u00e9 et disponible en version \u201cIBR n\u00e9gatif\u201d ou \u201cnormal\u201d, garantit un apport optimal en anticorps et nutriments pour la sant\u00e9 des veaux nouveau-n\u00e9s.","robots":{"index":"index","follow":"follow","max-snippet":"max-snippet:-1","max-image-preview":"max-image-preview:large","max-video-preview":"max-video-preview:-1"},"canonical":"https:\/\/www.royenagri.be\/de\/produkt\/colostrum-bovin-congele\/","og_locale":"de_DE","og_type":"article","og_title":"Colostrum bovin congel\u00e9 - Royen Agri","og_description":"Colostrum bovin congel\u00e9, standardis\u00e9 et disponible en version \u201cIBR n\u00e9gatif\u201d ou \u201cnormal\u201d, garantit un apport optimal en anticorps et nutriments pour la sant\u00e9 des veaux nouveau-n\u00e9s.","og_url":"https:\/\/www.royenagri.be\/de\/produkt\/colostrum-bovin-congele\/","og_site_name":"Royen Agri","article_modified_time":"2026-02-26T12:18:16+00:00","og_image":[{"width":624,"height":687,"url":"https:\/\/www.royenagri.be\/wp-content\/uploads\/2025\/02\/BOUTEILLE-Colostrum.png","type":"image\/png"}],"twitter_card":"summary_large_image","twitter_misc":{"Gesch\u00e4tzte Lesezeit":"1\u00a0Minute"},"schema":{"@context":"https:\/\/schema.org","@graph":[{"@type":"WebPage","@id":"https:\/\/www.royenagri.be\/de\/produkt\/colostrum-bovin-congele\/","url":"https:\/\/www.royenagri.be\/de\/produkt\/colostrum-bovin-congele\/","name":"Colostrum bovin congel\u00e9 - Royen Agri","isPartOf":{"@id":"https:\/\/www.royenagri.be\/de\/#website"},"primaryImageOfPage":{"@id":"https:\/\/www.royenagri.be\/de\/produkt\/colostrum-bovin-congele\/#primaryimage"},"image":{"@id":"https:\/\/www.royenagri.be\/de\/produkt\/colostrum-bovin-congele\/#primaryimage"},"thumbnailUrl":"https:\/\/www.royenagri.be\/wp-content\/uploads\/2025\/02\/BOUTEILLE-Colostrum.png","datePublished":"2025-02-25T16:24:52+00:00","dateModified":"2026-02-26T12:18:16+00:00","description":"Colostrum bovin congel\u00e9, standardis\u00e9 et disponible en version \u201cIBR n\u00e9gatif\u201d ou \u201cnormal\u201d, garantit un apport optimal en anticorps et nutriments pour la sant\u00e9 des veaux nouveau-n\u00e9s.","breadcrumb":{"@id":"https:\/\/www.royenagri.be\/de\/produkt\/colostrum-bovin-congele\/#breadcrumb"},"inLanguage":"de","potentialAction":[{"@type":"ReadAction","target":["https:\/\/www.royenagri.be\/de\/produkt\/colostrum-bovin-congele\/"]}]},{"@type":"ImageObject","inLanguage":"de","@id":"https:\/\/www.royenagri.be\/de\/produkt\/colostrum-bovin-congele\/#primaryimage","url":"https:\/\/www.royenagri.be\/wp-content\/uploads\/2025\/02\/BOUTEILLE-Colostrum.png","contentUrl":"https:\/\/www.royenagri.be\/wp-content\/uploads\/2025\/02\/BOUTEILLE-Colostrum.png","width":624,"height":687},{"@type":"BreadcrumbList","@id":"https:\/\/www.royenagri.be\/de\/produkt\/colostrum-bovin-congele\/#breadcrumb","itemListElement":[{"@type":"ListItem","position":1,"name":"Home","item":"https:\/\/www.royenagri.be\/de\/"},{"@type":"ListItem","position":2,"name":"Shop","item":"https:\/\/www.royenagri.be\/de\/shop\/"},{"@type":"ListItem","position":3,"name":"Colostrum bovin congel\u00e9"}]},{"@type":"WebSite","@id":"https:\/\/www.royenagri.be\/de\/#website","url":"https:\/\/www.royenagri.be\/de\/","name":"Royen Agri","description":"","potentialAction":[{"@type":"SearchAction","target":{"@type":"EntryPoint","urlTemplate":"https:\/\/www.royenagri.be\/de\/?s={search_term_string}"},"query-input":{"@type":"PropertyValueSpecification","valueRequired":true,"valueName":"search_term_string"}}],"inLanguage":"de"}]}},"_links":{"self":[{"href":"https:\/\/www.royenagri.be\/de\/wp-json\/wp\/v2\/product\/2819","targetHints":{"allow":["GET"]}}],"collection":[{"href":"https:\/\/www.royenagri.be\/de\/wp-json\/wp\/v2\/product"}],"about":[{"href":"https:\/\/www.royenagri.be\/de\/wp-json\/wp\/v2\/types\/product"}],"replies":[{"embeddable":true,"href":"https:\/\/www.royenagri.be\/de\/wp-json\/wp\/v2\/comments?post=2819"}],"wp:featuredmedia":[{"embeddable":true,"href":"https:\/\/www.royenagri.be\/de\/wp-json\/wp\/v2\/media\/2820"}],"wp:attachment":[{"href":"https:\/\/www.royenagri.be\/de\/wp-json\/wp\/v2\/media?parent=2819"}],"wp:term":[{"taxonomy":"product_brand","embeddable":true,"href":"https:\/\/www.royenagri.be\/de\/wp-json\/wp\/v2\/product_brand?post=2819"},{"taxonomy":"product_cat","embeddable":true,"href":"https:\/\/www.royenagri.be\/de\/wp-json\/wp\/v2\/product_cat?post=2819"},{"taxonomy":"product_tag","embeddable":true,"href":"https:\/\/www.royenagri.be\/de\/wp-json\/wp\/v2\/product_tag?post=2819"}],"curies":[{"name":"wp","href":"https:\/\/api.w.org\/{rel}","templated":true}]}}