{"id":2830,"date":"2025-02-26T14:54:01","date_gmt":"2025-02-26T14:54:01","guid":{"rendered":"https:\/\/royenagri.brainmade.lws-servers.be\/?post_type=product&#038;p=2830"},"modified":"2026-03-03T08:12:11","modified_gmt":"2026-03-03T08:12:11","slug":"startalfra","status":"publish","type":"product","link":"https:\/\/www.royenagri.be\/de\/produkt\/startalfra\/","title":{"rendered":"Startalfra"},"content":{"rendered":"<p>Startalfra est un aliment granul\u00e9 compl\u00e9mentaire (3 mm) destin\u00e9 aux jeunes veaux en phase de d\u00e9marrage. \u00c0 m\u00e9langer avec des c\u00e9r\u00e9ales lamin\u00e9es pour obtenir un aliment starter \u00e9quilibr\u00e9 et performant, favorisant une croissance rapide et homog\u00e8ne.<\/p>\n<p>&nbsp;<\/p>\n","protected":false},"excerpt":{"rendered":"<p>Startalfra est un aliment granul\u00e9 compl\u00e9mentaire (3 mm) destin\u00e9 aux jeunes veaux en phase de d\u00e9marrage.<\/p>\n","protected":false},"featured_media":2831,"comment_status":"closed","ping_status":"closed","template":"","meta":{"_acf_changed":false,"inline_featured_image":false},"product_brand":[],"product_cat":[39,47],"product_tag":[],"class_list":{"0":"post-2830","1":"product","2":"type-product","3":"status-publish","4":"has-post-thumbnail","6":"product_cat-alimentation","7":"product_cat-specialites-dietetiques","8":"products_brands-alfra","9":"products_animal-veaux","11":"first","12":"instock","13":"taxable","14":"shipping-taxable","15":"product-type-simple"},"acf":[],"yoast_head":"<!-- This site is optimized with the Yoast SEO plugin v27.5 - https:\/\/yoast.com\/product\/yoast-seo-wordpress\/ -->\n<title>Startalfra - Royen Agri<\/title>\n<meta name=\"description\" content=\"Startalfra, aliment granul\u00e9 compl\u00e9mentaire aux c\u00e9r\u00e9ales lamin\u00e9es, permet de fabriquer un aliment starter optimal pour les veaux \u00e0 la ferme.\" \/>\n<meta name=\"robots\" content=\"index, follow, max-snippet:-1, max-image-preview:large, max-video-preview:-1\" \/>\n<link rel=\"canonical\" href=\"https:\/\/www.royenagri.be\/de\/produkt\/startalfra\/\" \/>\n<meta property=\"og:locale\" content=\"de_DE\" \/>\n<meta property=\"og:type\" content=\"article\" \/>\n<meta property=\"og:title\" content=\"Startalfra - Royen Agri\" \/>\n<meta property=\"og:description\" content=\"Startalfra, aliment granul\u00e9 compl\u00e9mentaire aux c\u00e9r\u00e9ales lamin\u00e9es, permet de fabriquer un aliment starter optimal pour les veaux \u00e0 la ferme.\" \/>\n<meta property=\"og:url\" content=\"https:\/\/www.royenagri.be\/de\/produkt\/startalfra\/\" \/>\n<meta property=\"og:site_name\" content=\"Royen Agri\" \/>\n<meta property=\"article:modified_time\" content=\"2026-03-03T08:12:11+00:00\" \/>\n<meta property=\"og:image\" content=\"https:\/\/www.royenagri.be\/wp-content\/uploads\/2025\/02\/Sac-start-alfra.png\" \/>\n\t<meta property=\"og:image:width\" content=\"621\" \/>\n\t<meta property=\"og:image:height\" content=\"687\" \/>\n\t<meta property=\"og:image:type\" content=\"image\/png\" \/>\n<meta name=\"twitter:card\" content=\"summary_large_image\" \/>\n<meta name=\"twitter:label1\" content=\"Gesch\u00e4tzte Lesezeit\" \/>\n\t<meta name=\"twitter:data1\" content=\"1\u00a0Minute\" \/>\n<script type=\"application\/ld+json\" class=\"yoast-schema-graph\">{\"@context\":\"https:\\\/\\\/schema.org\",\"@graph\":[{\"@type\":\"WebPage\",\"@id\":\"https:\\\/\\\/www.royenagri.be\\\/de\\\/produkt\\\/startalfra\\\/\",\"url\":\"https:\\\/\\\/www.royenagri.be\\\/de\\\/produkt\\\/startalfra\\\/\",\"name\":\"Startalfra - Royen Agri\",\"isPartOf\":{\"@id\":\"https:\\\/\\\/www.royenagri.be\\\/de\\\/#website\"},\"primaryImageOfPage\":{\"@id\":\"https:\\\/\\\/www.royenagri.be\\\/de\\\/produkt\\\/startalfra\\\/#primaryimage\"},\"image\":{\"@id\":\"https:\\\/\\\/www.royenagri.be\\\/de\\\/produkt\\\/startalfra\\\/#primaryimage\"},\"thumbnailUrl\":\"https:\\\/\\\/www.royenagri.be\\\/wp-content\\\/uploads\\\/2025\\\/02\\\/Sac-start-alfra.png\",\"datePublished\":\"2025-02-26T14:54:01+00:00\",\"dateModified\":\"2026-03-03T08:12:11+00:00\",\"description\":\"Startalfra, aliment granul\u00e9 compl\u00e9mentaire aux c\u00e9r\u00e9ales lamin\u00e9es, permet de fabriquer un aliment starter optimal pour les veaux \u00e0 la ferme.\",\"breadcrumb\":{\"@id\":\"https:\\\/\\\/www.royenagri.be\\\/de\\\/produkt\\\/startalfra\\\/#breadcrumb\"},\"inLanguage\":\"de\",\"potentialAction\":[{\"@type\":\"ReadAction\",\"target\":[\"https:\\\/\\\/www.royenagri.be\\\/de\\\/produkt\\\/startalfra\\\/\"]}]},{\"@type\":\"ImageObject\",\"inLanguage\":\"de\",\"@id\":\"https:\\\/\\\/www.royenagri.be\\\/de\\\/produkt\\\/startalfra\\\/#primaryimage\",\"url\":\"https:\\\/\\\/www.royenagri.be\\\/wp-content\\\/uploads\\\/2025\\\/02\\\/Sac-start-alfra.png\",\"contentUrl\":\"https:\\\/\\\/www.royenagri.be\\\/wp-content\\\/uploads\\\/2025\\\/02\\\/Sac-start-alfra.png\",\"width\":621,\"height\":687,\"caption\":\"Sac-start-alfra\"},{\"@type\":\"BreadcrumbList\",\"@id\":\"https:\\\/\\\/www.royenagri.be\\\/de\\\/produkt\\\/startalfra\\\/#breadcrumb\",\"itemListElement\":[{\"@type\":\"ListItem\",\"position\":1,\"name\":\"Home\",\"item\":\"https:\\\/\\\/www.royenagri.be\\\/de\\\/\"},{\"@type\":\"ListItem\",\"position\":2,\"name\":\"Shop\",\"item\":\"https:\\\/\\\/www.royenagri.be\\\/de\\\/shop\\\/\"},{\"@type\":\"ListItem\",\"position\":3,\"name\":\"Startalfra\"}]},{\"@type\":\"WebSite\",\"@id\":\"https:\\\/\\\/www.royenagri.be\\\/de\\\/#website\",\"url\":\"https:\\\/\\\/www.royenagri.be\\\/de\\\/\",\"name\":\"Royen Agri\",\"description\":\"\",\"potentialAction\":[{\"@type\":\"SearchAction\",\"target\":{\"@type\":\"EntryPoint\",\"urlTemplate\":\"https:\\\/\\\/www.royenagri.be\\\/de\\\/?s={search_term_string}\"},\"query-input\":{\"@type\":\"PropertyValueSpecification\",\"valueRequired\":true,\"valueName\":\"search_term_string\"}}],\"inLanguage\":\"de\"}]}<\/script>\n<!-- \/ Yoast SEO plugin. -->","yoast_head_json":{"title":"Startalfra - Royen Agri","description":"Startalfra, aliment granul\u00e9 compl\u00e9mentaire aux c\u00e9r\u00e9ales lamin\u00e9es, permet de fabriquer un aliment starter optimal pour les veaux \u00e0 la ferme.","robots":{"index":"index","follow":"follow","max-snippet":"max-snippet:-1","max-image-preview":"max-image-preview:large","max-video-preview":"max-video-preview:-1"},"canonical":"https:\/\/www.royenagri.be\/de\/produkt\/startalfra\/","og_locale":"de_DE","og_type":"article","og_title":"Startalfra - Royen Agri","og_description":"Startalfra, aliment granul\u00e9 compl\u00e9mentaire aux c\u00e9r\u00e9ales lamin\u00e9es, permet de fabriquer un aliment starter optimal pour les veaux \u00e0 la ferme.","og_url":"https:\/\/www.royenagri.be\/de\/produkt\/startalfra\/","og_site_name":"Royen Agri","article_modified_time":"2026-03-03T08:12:11+00:00","og_image":[{"width":621,"height":687,"url":"https:\/\/www.royenagri.be\/wp-content\/uploads\/2025\/02\/Sac-start-alfra.png","type":"image\/png"}],"twitter_card":"summary_large_image","twitter_misc":{"Gesch\u00e4tzte Lesezeit":"1\u00a0Minute"},"schema":{"@context":"https:\/\/schema.org","@graph":[{"@type":"WebPage","@id":"https:\/\/www.royenagri.be\/de\/produkt\/startalfra\/","url":"https:\/\/www.royenagri.be\/de\/produkt\/startalfra\/","name":"Startalfra - Royen Agri","isPartOf":{"@id":"https:\/\/www.royenagri.be\/de\/#website"},"primaryImageOfPage":{"@id":"https:\/\/www.royenagri.be\/de\/produkt\/startalfra\/#primaryimage"},"image":{"@id":"https:\/\/www.royenagri.be\/de\/produkt\/startalfra\/#primaryimage"},"thumbnailUrl":"https:\/\/www.royenagri.be\/wp-content\/uploads\/2025\/02\/Sac-start-alfra.png","datePublished":"2025-02-26T14:54:01+00:00","dateModified":"2026-03-03T08:12:11+00:00","description":"Startalfra, aliment granul\u00e9 compl\u00e9mentaire aux c\u00e9r\u00e9ales lamin\u00e9es, permet de fabriquer un aliment starter optimal pour les veaux \u00e0 la ferme.","breadcrumb":{"@id":"https:\/\/www.royenagri.be\/de\/produkt\/startalfra\/#breadcrumb"},"inLanguage":"de","potentialAction":[{"@type":"ReadAction","target":["https:\/\/www.royenagri.be\/de\/produkt\/startalfra\/"]}]},{"@type":"ImageObject","inLanguage":"de","@id":"https:\/\/www.royenagri.be\/de\/produkt\/startalfra\/#primaryimage","url":"https:\/\/www.royenagri.be\/wp-content\/uploads\/2025\/02\/Sac-start-alfra.png","contentUrl":"https:\/\/www.royenagri.be\/wp-content\/uploads\/2025\/02\/Sac-start-alfra.png","width":621,"height":687,"caption":"Sac-start-alfra"},{"@type":"BreadcrumbList","@id":"https:\/\/www.royenagri.be\/de\/produkt\/startalfra\/#breadcrumb","itemListElement":[{"@type":"ListItem","position":1,"name":"Home","item":"https:\/\/www.royenagri.be\/de\/"},{"@type":"ListItem","position":2,"name":"Shop","item":"https:\/\/www.royenagri.be\/de\/shop\/"},{"@type":"ListItem","position":3,"name":"Startalfra"}]},{"@type":"WebSite","@id":"https:\/\/www.royenagri.be\/de\/#website","url":"https:\/\/www.royenagri.be\/de\/","name":"Royen Agri","description":"","potentialAction":[{"@type":"SearchAction","target":{"@type":"EntryPoint","urlTemplate":"https:\/\/www.royenagri.be\/de\/?s={search_term_string}"},"query-input":{"@type":"PropertyValueSpecification","valueRequired":true,"valueName":"search_term_string"}}],"inLanguage":"de"}]}},"_links":{"self":[{"href":"https:\/\/www.royenagri.be\/de\/wp-json\/wp\/v2\/product\/2830","targetHints":{"allow":["GET"]}}],"collection":[{"href":"https:\/\/www.royenagri.be\/de\/wp-json\/wp\/v2\/product"}],"about":[{"href":"https:\/\/www.royenagri.be\/de\/wp-json\/wp\/v2\/types\/product"}],"replies":[{"embeddable":true,"href":"https:\/\/www.royenagri.be\/de\/wp-json\/wp\/v2\/comments?post=2830"}],"wp:featuredmedia":[{"embeddable":true,"href":"https:\/\/www.royenagri.be\/de\/wp-json\/wp\/v2\/media\/2831"}],"wp:attachment":[{"href":"https:\/\/www.royenagri.be\/de\/wp-json\/wp\/v2\/media?parent=2830"}],"wp:term":[{"taxonomy":"product_brand","embeddable":true,"href":"https:\/\/www.royenagri.be\/de\/wp-json\/wp\/v2\/product_brand?post=2830"},{"taxonomy":"product_cat","embeddable":true,"href":"https:\/\/www.royenagri.be\/de\/wp-json\/wp\/v2\/product_cat?post=2830"},{"taxonomy":"product_tag","embeddable":true,"href":"https:\/\/www.royenagri.be\/de\/wp-json\/wp\/v2\/product_tag?post=2830"}],"curies":[{"name":"wp","href":"https:\/\/api.w.org\/{rel}","templated":true}]}}