{"id":3010,"date":"2025-03-03T13:57:55","date_gmt":"2025-03-03T13:57:55","guid":{"rendered":"https:\/\/royenagri.brainmade.lws-servers.be\/?post_type=product&#038;p=3010"},"modified":"2025-03-14T11:14:47","modified_gmt":"2025-03-14T11:14:47","slug":"gobelet-de-trempage","status":"publish","type":"product","link":"https:\/\/www.royenagri.be\/de\/produkt\/gobelet-de-trempage\/","title":{"rendered":"Gobelet de trempage"},"content":{"rendered":"<p>Le gobelet de trempage automoussant et anti-retour sont des outils essentiels pour garantir une <a href=\"https:\/\/www.royenagri.be\/produit\/pulverisateur-hygiene-de-la-mamelle\/\">hygi\u00e8ne<\/a> optimale des trayons avant et apr\u00e8s la traite.<\/p>\n<p>Il est sp\u00e9cialement con\u00e7u pour appliquer une mousse longue dur\u00e9e gr\u00e2ce \u00e0 des produits comme <a href=\"https:\/\/www.cidlines.com\/fr-FR\">Kenopure<\/a> ou Oxyfoam. Son m\u00e9canisme permet de recouvrir uniform\u00e9ment les trayons, optimisant ainsi l\u2019efficacit\u00e9 du nettoyage et de la d\u00e9sinfection.<\/p>\n<p>Le gobelet de trempage anti-retour est con\u00e7u pour \u00e9viter toute contamination crois\u00e9e apr\u00e8s la traite. Son syst\u00e8me de valve anti-retour emp\u00eache le produit de trempage usag\u00e9 de retourner dans le r\u00e9servoir, garantissant ainsi une application propre et s\u00fbre pour chaque vache.<\/p>\n<p>Ces deux gobelets sont des outils id\u00e9aux pour les \u00e9leveurs souhaitant am\u00e9liorer leur protocole d\u2019hygi\u00e8ne et prot\u00e9ger la sant\u00e9 mammaire de leur troupeau.<\/p>\n<p>Ces innovations permettent \u00e9galement de r\u00e9duire les risques d&#8217;infection des trayons, tels que les mammites, qui peuvent entra\u00eener des pertes \u00e9conomiques importantes pour les \u00e9leveurs. En am\u00e9liorant la qualit\u00e9 de l\u2019hygi\u00e8ne avant et apr\u00e8s la traite, ces outils contribuent non seulement \u00e0 la sant\u00e9 des animaux, mais aussi \u00e0 la qualit\u00e9 du lait produit, garantissant un produit final plus s\u00fbr pour la consommation.<\/p>\n<p>En outre, leur conception ergonomique et leur facilit\u00e9 d\u2019utilisation en font des alli\u00e9s indispensables pour les \u00e9leveurs, m\u00eame ceux g\u00e9rant de grands troupeaux. Gr\u00e2ce \u00e0 leur durabilit\u00e9 et leur efficacit\u00e9, ces gobelets de trempage s\u2019inscrivent dans une d\u00e9marche globale de production laiti\u00e8re respectueuse du bien-\u00eatre animal et des normes sanitaires les plus \u00e9lev\u00e9es.<\/p>\n","protected":false},"excerpt":{"rendered":"<p>Le gobelet de trempage automoussant assure une pr\u00e9paration hygi\u00e9nique des trayons avant la traite. Le gobelet de trempage anti-retour emp\u00eache toute contamination du produit.<\/p>\n","protected":false},"featured_media":3011,"comment_status":"open","ping_status":"closed","template":"","meta":{"_acf_changed":false,"inline_featured_image":false},"product_brand":[],"product_cat":[55,41],"product_tag":[],"class_list":{"0":"post-3010","1":"product","2":"type-product","3":"status-publish","4":"has-post-thumbnail","6":"product_cat-equipements-et-accessoires-traite","7":"product_cat-hygiene-de-la-traite","9":"first","10":"instock","11":"taxable","12":"shipping-taxable","13":"product-type-simple"},"acf":[],"yoast_head":"<!-- This site is optimized with the Yoast SEO plugin v27.3 - https:\/\/yoast.com\/product\/yoast-seo-wordpress\/ -->\n<title>Gobelet de trempage - Royen Agri<\/title>\n<meta name=\"description\" content=\"Gobelet de trempage automoussant et anti-retour assurent une hygi\u00e8ne parfaite avant et apr\u00e8s la traite. Syst\u00e8me anti-retour et r\u00e9servoir gradu\u00e9.\" \/>\n<meta name=\"robots\" content=\"index, follow, max-snippet:-1, max-image-preview:large, max-video-preview:-1\" \/>\n<link rel=\"canonical\" href=\"https:\/\/www.royenagri.be\/de\/produkt\/gobelet-de-trempage\/\" \/>\n<meta property=\"og:locale\" content=\"de_DE\" \/>\n<meta property=\"og:type\" content=\"article\" \/>\n<meta property=\"og:title\" content=\"Gobelet de trempage - Royen Agri\" \/>\n<meta property=\"og:description\" content=\"Gobelet de trempage automoussant et anti-retour assurent une hygi\u00e8ne parfaite avant et apr\u00e8s la traite. Syst\u00e8me anti-retour et r\u00e9servoir gradu\u00e9.\" \/>\n<meta property=\"og:url\" content=\"https:\/\/www.royenagri.be\/de\/produkt\/gobelet-de-trempage\/\" \/>\n<meta property=\"og:site_name\" content=\"Royen Agri\" \/>\n<meta property=\"article:modified_time\" content=\"2025-03-14T11:14:47+00:00\" \/>\n<meta property=\"og:image\" content=\"https:\/\/www.royenagri.be\/wp-content\/uploads\/2025\/03\/2800110_78192_440x440_1004_1738145164197.jpg\" \/>\n\t<meta property=\"og:image:width\" content=\"440\" \/>\n\t<meta property=\"og:image:height\" content=\"440\" \/>\n\t<meta property=\"og:image:type\" content=\"image\/jpeg\" \/>\n<meta name=\"twitter:card\" content=\"summary_large_image\" \/>\n<meta name=\"twitter:label1\" content=\"Gesch\u00e4tzte Lesezeit\" \/>\n\t<meta name=\"twitter:data1\" content=\"2\u00a0Minuten\" \/>\n<script type=\"application\/ld+json\" class=\"yoast-schema-graph\">{\"@context\":\"https:\\\/\\\/schema.org\",\"@graph\":[{\"@type\":\"WebPage\",\"@id\":\"https:\\\/\\\/www.royenagri.be\\\/de\\\/produkt\\\/gobelet-de-trempage\\\/\",\"url\":\"https:\\\/\\\/www.royenagri.be\\\/de\\\/produkt\\\/gobelet-de-trempage\\\/\",\"name\":\"Gobelet de trempage - Royen Agri\",\"isPartOf\":{\"@id\":\"https:\\\/\\\/www.royenagri.be\\\/de\\\/#website\"},\"primaryImageOfPage\":{\"@id\":\"https:\\\/\\\/www.royenagri.be\\\/de\\\/produkt\\\/gobelet-de-trempage\\\/#primaryimage\"},\"image\":{\"@id\":\"https:\\\/\\\/www.royenagri.be\\\/de\\\/produkt\\\/gobelet-de-trempage\\\/#primaryimage\"},\"thumbnailUrl\":\"https:\\\/\\\/www.royenagri.be\\\/wp-content\\\/uploads\\\/2025\\\/03\\\/2800110_78192_440x440_1004_1738145164197.jpg\",\"datePublished\":\"2025-03-03T13:57:55+00:00\",\"dateModified\":\"2025-03-14T11:14:47+00:00\",\"description\":\"Gobelet de trempage automoussant et anti-retour assurent une hygi\u00e8ne parfaite avant et apr\u00e8s la traite. Syst\u00e8me anti-retour et r\u00e9servoir gradu\u00e9.\",\"breadcrumb\":{\"@id\":\"https:\\\/\\\/www.royenagri.be\\\/de\\\/produkt\\\/gobelet-de-trempage\\\/#breadcrumb\"},\"inLanguage\":\"de\",\"potentialAction\":[{\"@type\":\"ReadAction\",\"target\":[\"https:\\\/\\\/www.royenagri.be\\\/de\\\/produkt\\\/gobelet-de-trempage\\\/\"]}]},{\"@type\":\"ImageObject\",\"inLanguage\":\"de\",\"@id\":\"https:\\\/\\\/www.royenagri.be\\\/de\\\/produkt\\\/gobelet-de-trempage\\\/#primaryimage\",\"url\":\"https:\\\/\\\/www.royenagri.be\\\/wp-content\\\/uploads\\\/2025\\\/03\\\/2800110_78192_440x440_1004_1738145164197.jpg\",\"contentUrl\":\"https:\\\/\\\/www.royenagri.be\\\/wp-content\\\/uploads\\\/2025\\\/03\\\/2800110_78192_440x440_1004_1738145164197.jpg\",\"width\":440,\"height\":440,\"caption\":\"gobelet de trempage\"},{\"@type\":\"BreadcrumbList\",\"@id\":\"https:\\\/\\\/www.royenagri.be\\\/de\\\/produkt\\\/gobelet-de-trempage\\\/#breadcrumb\",\"itemListElement\":[{\"@type\":\"ListItem\",\"position\":1,\"name\":\"Home\",\"item\":\"https:\\\/\\\/www.royenagri.be\\\/de\\\/\"},{\"@type\":\"ListItem\",\"position\":2,\"name\":\"Shop\",\"item\":\"https:\\\/\\\/www.royenagri.be\\\/de\\\/shop\\\/\"},{\"@type\":\"ListItem\",\"position\":3,\"name\":\"Gobelet de trempage\"}]},{\"@type\":\"WebSite\",\"@id\":\"https:\\\/\\\/www.royenagri.be\\\/de\\\/#website\",\"url\":\"https:\\\/\\\/www.royenagri.be\\\/de\\\/\",\"name\":\"Royen Agri\",\"description\":\"\",\"potentialAction\":[{\"@type\":\"SearchAction\",\"target\":{\"@type\":\"EntryPoint\",\"urlTemplate\":\"https:\\\/\\\/www.royenagri.be\\\/de\\\/?s={search_term_string}\"},\"query-input\":{\"@type\":\"PropertyValueSpecification\",\"valueRequired\":true,\"valueName\":\"search_term_string\"}}],\"inLanguage\":\"de\"}]}<\/script>\n<!-- \/ Yoast SEO plugin. -->","yoast_head_json":{"title":"Gobelet de trempage - Royen Agri","description":"Gobelet de trempage automoussant et anti-retour assurent une hygi\u00e8ne parfaite avant et apr\u00e8s la traite. Syst\u00e8me anti-retour et r\u00e9servoir gradu\u00e9.","robots":{"index":"index","follow":"follow","max-snippet":"max-snippet:-1","max-image-preview":"max-image-preview:large","max-video-preview":"max-video-preview:-1"},"canonical":"https:\/\/www.royenagri.be\/de\/produkt\/gobelet-de-trempage\/","og_locale":"de_DE","og_type":"article","og_title":"Gobelet de trempage - Royen Agri","og_description":"Gobelet de trempage automoussant et anti-retour assurent une hygi\u00e8ne parfaite avant et apr\u00e8s la traite. Syst\u00e8me anti-retour et r\u00e9servoir gradu\u00e9.","og_url":"https:\/\/www.royenagri.be\/de\/produkt\/gobelet-de-trempage\/","og_site_name":"Royen Agri","article_modified_time":"2025-03-14T11:14:47+00:00","og_image":[{"width":440,"height":440,"url":"https:\/\/www.royenagri.be\/wp-content\/uploads\/2025\/03\/2800110_78192_440x440_1004_1738145164197.jpg","type":"image\/jpeg"}],"twitter_card":"summary_large_image","twitter_misc":{"Gesch\u00e4tzte Lesezeit":"2\u00a0Minuten"},"schema":{"@context":"https:\/\/schema.org","@graph":[{"@type":"WebPage","@id":"https:\/\/www.royenagri.be\/de\/produkt\/gobelet-de-trempage\/","url":"https:\/\/www.royenagri.be\/de\/produkt\/gobelet-de-trempage\/","name":"Gobelet de trempage - Royen Agri","isPartOf":{"@id":"https:\/\/www.royenagri.be\/de\/#website"},"primaryImageOfPage":{"@id":"https:\/\/www.royenagri.be\/de\/produkt\/gobelet-de-trempage\/#primaryimage"},"image":{"@id":"https:\/\/www.royenagri.be\/de\/produkt\/gobelet-de-trempage\/#primaryimage"},"thumbnailUrl":"https:\/\/www.royenagri.be\/wp-content\/uploads\/2025\/03\/2800110_78192_440x440_1004_1738145164197.jpg","datePublished":"2025-03-03T13:57:55+00:00","dateModified":"2025-03-14T11:14:47+00:00","description":"Gobelet de trempage automoussant et anti-retour assurent une hygi\u00e8ne parfaite avant et apr\u00e8s la traite. Syst\u00e8me anti-retour et r\u00e9servoir gradu\u00e9.","breadcrumb":{"@id":"https:\/\/www.royenagri.be\/de\/produkt\/gobelet-de-trempage\/#breadcrumb"},"inLanguage":"de","potentialAction":[{"@type":"ReadAction","target":["https:\/\/www.royenagri.be\/de\/produkt\/gobelet-de-trempage\/"]}]},{"@type":"ImageObject","inLanguage":"de","@id":"https:\/\/www.royenagri.be\/de\/produkt\/gobelet-de-trempage\/#primaryimage","url":"https:\/\/www.royenagri.be\/wp-content\/uploads\/2025\/03\/2800110_78192_440x440_1004_1738145164197.jpg","contentUrl":"https:\/\/www.royenagri.be\/wp-content\/uploads\/2025\/03\/2800110_78192_440x440_1004_1738145164197.jpg","width":440,"height":440,"caption":"gobelet de trempage"},{"@type":"BreadcrumbList","@id":"https:\/\/www.royenagri.be\/de\/produkt\/gobelet-de-trempage\/#breadcrumb","itemListElement":[{"@type":"ListItem","position":1,"name":"Home","item":"https:\/\/www.royenagri.be\/de\/"},{"@type":"ListItem","position":2,"name":"Shop","item":"https:\/\/www.royenagri.be\/de\/shop\/"},{"@type":"ListItem","position":3,"name":"Gobelet de trempage"}]},{"@type":"WebSite","@id":"https:\/\/www.royenagri.be\/de\/#website","url":"https:\/\/www.royenagri.be\/de\/","name":"Royen Agri","description":"","potentialAction":[{"@type":"SearchAction","target":{"@type":"EntryPoint","urlTemplate":"https:\/\/www.royenagri.be\/de\/?s={search_term_string}"},"query-input":{"@type":"PropertyValueSpecification","valueRequired":true,"valueName":"search_term_string"}}],"inLanguage":"de"}]}},"_links":{"self":[{"href":"https:\/\/www.royenagri.be\/de\/wp-json\/wp\/v2\/product\/3010","targetHints":{"allow":["GET"]}}],"collection":[{"href":"https:\/\/www.royenagri.be\/de\/wp-json\/wp\/v2\/product"}],"about":[{"href":"https:\/\/www.royenagri.be\/de\/wp-json\/wp\/v2\/types\/product"}],"replies":[{"embeddable":true,"href":"https:\/\/www.royenagri.be\/de\/wp-json\/wp\/v2\/comments?post=3010"}],"wp:featuredmedia":[{"embeddable":true,"href":"https:\/\/www.royenagri.be\/de\/wp-json\/wp\/v2\/media\/3011"}],"wp:attachment":[{"href":"https:\/\/www.royenagri.be\/de\/wp-json\/wp\/v2\/media?parent=3010"}],"wp:term":[{"taxonomy":"product_brand","embeddable":true,"href":"https:\/\/www.royenagri.be\/de\/wp-json\/wp\/v2\/product_brand?post=3010"},{"taxonomy":"product_cat","embeddable":true,"href":"https:\/\/www.royenagri.be\/de\/wp-json\/wp\/v2\/product_cat?post=3010"},{"taxonomy":"product_tag","embeddable":true,"href":"https:\/\/www.royenagri.be\/de\/wp-json\/wp\/v2\/product_tag?post=3010"}],"curies":[{"name":"wp","href":"https:\/\/api.w.org\/{rel}","templated":true}]}}