{"id":1695,"date":"2024-04-22T13:56:52","date_gmt":"2024-04-22T13:56:52","guid":{"rendered":"https:\/\/royenagri.brainmade.lws-servers.be\/product\/cid-2000\/"},"modified":"2024-04-22T13:56:52","modified_gmt":"2024-04-22T13:56:52","slug":"cid-2000","status":"publish","type":"product","link":"https:\/\/www.royenagri.be\/en\/product\/cid-2000\/","title":{"rendered":"Cid 2000"},"content":{"rendered":"<p>Cid 2000 est sp\u00e9cialement formul\u00e9 pour obtenir hygi\u00e8ne optimale de l&#8217;eau de boisson. Peut \u00eatre utilis\u00e9 dans l&#8217;agriculture biologique.<\/p>\n<p>Cid 2000 a un fonctionnement triple:<\/p>\n<p>\u2022 Nettoyage du syst\u00e8me d&#8217;alimentation en eau et d&#8217;abreuvement : \u00e9limination du biofilm et de la salet\u00e9 organique (graisse, prot\u00e9ines, &#8230;) et \u00e9limination de la salet\u00e9 inorganique (d\u00e9p\u00f4ts min\u00e9raux).<br \/>\n\u2022 D\u00e9sinfection: \u00e9limination\/tuer les micro-organismes.<br \/>\n\u2022 Optimisation de l&#8217;acidit\u00e9 (pH) de l&#8217;eau potable.<br \/>\nLe Cid 2000 est actif sur toute la surface de la ligne.<\/p>\n","protected":false},"excerpt":{"rendered":"<p>Cid 2000 is specially formulated to achieve optimal drinking water hygiene. It can be used in organic farming.<\/p>\n","protected":false},"featured_media":1170,"comment_status":"closed","ping_status":"closed","template":"","meta":{"_acf_changed":false,"inline_featured_image":false},"product_brand":[],"product_cat":[213,285],"product_tag":[],"class_list":{"0":"post-1695","1":"product","2":"type-product","3":"status-publish","4":"has-post-thumbnail","6":"product_cat-cleaning","7":"product_cat-drinking-water-treatment","8":"products_brands-cid-lines-en","10":"first","11":"instock","12":"taxable","13":"shipping-taxable","14":"purchasable","15":"product-type-variable"},"acf":[],"yoast_head":"<!-- This site is optimized with the Yoast SEO plugin v27.5 - https:\/\/yoast.com\/product\/yoast-seo-wordpress\/ -->\n<title>Cid 2000 - Royen Agri<\/title>\n<meta name=\"description\" content=\"Cid 2000 is specially formulated to achieve optimal drinking water hygiene. It can be used in organic farming.\" \/>\n<meta name=\"robots\" content=\"index, follow, max-snippet:-1, max-image-preview:large, max-video-preview:-1\" \/>\n<link rel=\"canonical\" href=\"https:\/\/www.royenagri.be\/en\/product\/cid-2000\/\" \/>\n<meta property=\"og:locale\" content=\"en_US\" \/>\n<meta property=\"og:type\" content=\"article\" \/>\n<meta property=\"og:title\" content=\"Cid 2000 - Royen Agri\" \/>\n<meta property=\"og:description\" content=\"Cid 2000 is specially formulated to achieve optimal drinking water hygiene. It can be used in organic farming.\" \/>\n<meta property=\"og:url\" content=\"https:\/\/www.royenagri.be\/en\/product\/cid-2000\/\" \/>\n<meta property=\"og:site_name\" content=\"Royen Agri\" \/>\n<meta property=\"og:image\" content=\"https:\/\/www.royenagri.be\/wp-content\/uploads\/2024\/04\/CID_2000_BIO.png.png\" \/>\n\t<meta property=\"og:image:width\" content=\"1550\" \/>\n\t<meta property=\"og:image:height\" content=\"1750\" \/>\n\t<meta property=\"og:image:type\" content=\"image\/png\" \/>\n<meta name=\"twitter:card\" content=\"summary_large_image\" \/>\n<script type=\"application\/ld+json\" class=\"yoast-schema-graph\">{\"@context\":\"https:\\\/\\\/schema.org\",\"@graph\":[{\"@type\":\"WebPage\",\"@id\":\"https:\\\/\\\/www.royenagri.be\\\/en\\\/product\\\/cid-2000\\\/\",\"url\":\"https:\\\/\\\/www.royenagri.be\\\/en\\\/product\\\/cid-2000\\\/\",\"name\":\"Cid 2000 - Royen Agri\",\"isPartOf\":{\"@id\":\"https:\\\/\\\/www.royenagri.be\\\/en\\\/#website\"},\"primaryImageOfPage\":{\"@id\":\"https:\\\/\\\/www.royenagri.be\\\/en\\\/product\\\/cid-2000\\\/#primaryimage\"},\"image\":{\"@id\":\"https:\\\/\\\/www.royenagri.be\\\/en\\\/product\\\/cid-2000\\\/#primaryimage\"},\"thumbnailUrl\":\"https:\\\/\\\/www.royenagri.be\\\/wp-content\\\/uploads\\\/2024\\\/04\\\/CID_2000_BIO.png.png\",\"datePublished\":\"2024-04-22T13:56:52+00:00\",\"description\":\"Cid 2000 is specially formulated to achieve optimal drinking water hygiene. It can be used in organic farming.\",\"breadcrumb\":{\"@id\":\"https:\\\/\\\/www.royenagri.be\\\/en\\\/product\\\/cid-2000\\\/#breadcrumb\"},\"inLanguage\":\"en-US\",\"potentialAction\":[{\"@type\":\"ReadAction\",\"target\":[\"https:\\\/\\\/www.royenagri.be\\\/en\\\/product\\\/cid-2000\\\/\"]}]},{\"@type\":\"ImageObject\",\"inLanguage\":\"en-US\",\"@id\":\"https:\\\/\\\/www.royenagri.be\\\/en\\\/product\\\/cid-2000\\\/#primaryimage\",\"url\":\"https:\\\/\\\/www.royenagri.be\\\/wp-content\\\/uploads\\\/2024\\\/04\\\/CID_2000_BIO.png.png\",\"contentUrl\":\"https:\\\/\\\/www.royenagri.be\\\/wp-content\\\/uploads\\\/2024\\\/04\\\/CID_2000_BIO.png.png\",\"width\":1550,\"height\":1750,\"caption\":\"CID_2000_BIO\"},{\"@type\":\"BreadcrumbList\",\"@id\":\"https:\\\/\\\/www.royenagri.be\\\/en\\\/product\\\/cid-2000\\\/#breadcrumb\",\"itemListElement\":[{\"@type\":\"ListItem\",\"position\":1,\"name\":\"Home\",\"item\":\"https:\\\/\\\/www.royenagri.be\\\/en\\\/\"},{\"@type\":\"ListItem\",\"position\":2,\"name\":\"Shop\",\"item\":\"https:\\\/\\\/www.royenagri.be\\\/en\\\/shop\\\/\"},{\"@type\":\"ListItem\",\"position\":3,\"name\":\"Cid 2000\"}]},{\"@type\":\"WebSite\",\"@id\":\"https:\\\/\\\/www.royenagri.be\\\/en\\\/#website\",\"url\":\"https:\\\/\\\/www.royenagri.be\\\/en\\\/\",\"name\":\"Royen Agri\",\"description\":\"\",\"potentialAction\":[{\"@type\":\"SearchAction\",\"target\":{\"@type\":\"EntryPoint\",\"urlTemplate\":\"https:\\\/\\\/www.royenagri.be\\\/en\\\/?s={search_term_string}\"},\"query-input\":{\"@type\":\"PropertyValueSpecification\",\"valueRequired\":true,\"valueName\":\"search_term_string\"}}],\"inLanguage\":\"en-US\"}]}<\/script>\n<!-- \/ Yoast SEO plugin. -->","yoast_head_json":{"title":"Cid 2000 - Royen Agri","description":"Cid 2000 is specially formulated to achieve optimal drinking water hygiene. It can be used in organic farming.","robots":{"index":"index","follow":"follow","max-snippet":"max-snippet:-1","max-image-preview":"max-image-preview:large","max-video-preview":"max-video-preview:-1"},"canonical":"https:\/\/www.royenagri.be\/en\/product\/cid-2000\/","og_locale":"en_US","og_type":"article","og_title":"Cid 2000 - Royen Agri","og_description":"Cid 2000 is specially formulated to achieve optimal drinking water hygiene. It can be used in organic farming.","og_url":"https:\/\/www.royenagri.be\/en\/product\/cid-2000\/","og_site_name":"Royen Agri","og_image":[{"width":1550,"height":1750,"url":"https:\/\/www.royenagri.be\/wp-content\/uploads\/2024\/04\/CID_2000_BIO.png.png","type":"image\/png"}],"twitter_card":"summary_large_image","schema":{"@context":"https:\/\/schema.org","@graph":[{"@type":"WebPage","@id":"https:\/\/www.royenagri.be\/en\/product\/cid-2000\/","url":"https:\/\/www.royenagri.be\/en\/product\/cid-2000\/","name":"Cid 2000 - Royen Agri","isPartOf":{"@id":"https:\/\/www.royenagri.be\/en\/#website"},"primaryImageOfPage":{"@id":"https:\/\/www.royenagri.be\/en\/product\/cid-2000\/#primaryimage"},"image":{"@id":"https:\/\/www.royenagri.be\/en\/product\/cid-2000\/#primaryimage"},"thumbnailUrl":"https:\/\/www.royenagri.be\/wp-content\/uploads\/2024\/04\/CID_2000_BIO.png.png","datePublished":"2024-04-22T13:56:52+00:00","description":"Cid 2000 is specially formulated to achieve optimal drinking water hygiene. It can be used in organic farming.","breadcrumb":{"@id":"https:\/\/www.royenagri.be\/en\/product\/cid-2000\/#breadcrumb"},"inLanguage":"en-US","potentialAction":[{"@type":"ReadAction","target":["https:\/\/www.royenagri.be\/en\/product\/cid-2000\/"]}]},{"@type":"ImageObject","inLanguage":"en-US","@id":"https:\/\/www.royenagri.be\/en\/product\/cid-2000\/#primaryimage","url":"https:\/\/www.royenagri.be\/wp-content\/uploads\/2024\/04\/CID_2000_BIO.png.png","contentUrl":"https:\/\/www.royenagri.be\/wp-content\/uploads\/2024\/04\/CID_2000_BIO.png.png","width":1550,"height":1750,"caption":"CID_2000_BIO"},{"@type":"BreadcrumbList","@id":"https:\/\/www.royenagri.be\/en\/product\/cid-2000\/#breadcrumb","itemListElement":[{"@type":"ListItem","position":1,"name":"Home","item":"https:\/\/www.royenagri.be\/en\/"},{"@type":"ListItem","position":2,"name":"Shop","item":"https:\/\/www.royenagri.be\/en\/shop\/"},{"@type":"ListItem","position":3,"name":"Cid 2000"}]},{"@type":"WebSite","@id":"https:\/\/www.royenagri.be\/en\/#website","url":"https:\/\/www.royenagri.be\/en\/","name":"Royen Agri","description":"","potentialAction":[{"@type":"SearchAction","target":{"@type":"EntryPoint","urlTemplate":"https:\/\/www.royenagri.be\/en\/?s={search_term_string}"},"query-input":{"@type":"PropertyValueSpecification","valueRequired":true,"valueName":"search_term_string"}}],"inLanguage":"en-US"}]}},"_links":{"self":[{"href":"https:\/\/www.royenagri.be\/en\/wp-json\/wp\/v2\/product\/1695","targetHints":{"allow":["GET"]}}],"collection":[{"href":"https:\/\/www.royenagri.be\/en\/wp-json\/wp\/v2\/product"}],"about":[{"href":"https:\/\/www.royenagri.be\/en\/wp-json\/wp\/v2\/types\/product"}],"replies":[{"embeddable":true,"href":"https:\/\/www.royenagri.be\/en\/wp-json\/wp\/v2\/comments?post=1695"}],"wp:featuredmedia":[{"embeddable":true,"href":"https:\/\/www.royenagri.be\/en\/wp-json\/wp\/v2\/media\/1170"}],"wp:attachment":[{"href":"https:\/\/www.royenagri.be\/en\/wp-json\/wp\/v2\/media?parent=1695"}],"wp:term":[{"taxonomy":"product_brand","embeddable":true,"href":"https:\/\/www.royenagri.be\/en\/wp-json\/wp\/v2\/product_brand?post=1695"},{"taxonomy":"product_cat","embeddable":true,"href":"https:\/\/www.royenagri.be\/en\/wp-json\/wp\/v2\/product_cat?post=1695"},{"taxonomy":"product_tag","embeddable":true,"href":"https:\/\/www.royenagri.be\/en\/wp-json\/wp\/v2\/product_tag?post=1695"}],"curies":[{"name":"wp","href":"https:\/\/api.w.org\/{rel}","templated":true}]}}