{"id":2744,"date":"2025-02-25T12:02:19","date_gmt":"2025-02-25T12:02:19","guid":{"rendered":"https:\/\/royenagri.brainmade.lws-servers.be\/?post_type=product&#038;p=2744"},"modified":"2026-02-26T08:58:29","modified_gmt":"2026-02-26T08:58:29","slug":"sel-fin-agricole","status":"publish","type":"product","link":"https:\/\/www.royenagri.be\/en\/product\/sel-fin-agricole\/","title":{"rendered":"Sel fin agricole"},"content":{"rendered":"<p>Sel fin s\u00e9ch\u00e9 destin\u00e9 \u00e0 l\u2019alimentation animale, compos\u00e9 principalement de chlorure de sodium. Il fournit un apport essentiel en sodium, indispensable \u00e0 l\u2019\u00e9quilibre hydrique, au bon fonctionnement du syst\u00e8me nerveux et \u00e0 l\u2019activit\u00e9 musculaire des animaux. Sa granulom\u00e9trie fine (0,7 \u00e0 0,16 mm) permet une bonne assimilation et une utilisation facile dans les rations alimentaires. Adapt\u00e9 \u00e0 l\u2019agriculture biologique, il est disponible en sacs de 25\u202fkg.<\/p>\n","protected":false},"excerpt":{"rendered":"<p class=\"StandardWeb\" style=\"vertical-align: baseline; margin: 0cm 0cm 0cm 18.0pt;\">Sel fin s\u00e9ch\u00e9 destin\u00e9 \u00e0 l\u2019alimentation animale, compos\u00e9 principalement de chlorure de sodium.<\/p>\n","protected":false},"featured_media":3260,"comment_status":"closed","ping_status":"closed","template":"","meta":{"_acf_changed":false,"inline_featured_image":false},"product_brand":[],"product_cat":[39,203],"product_tag":[],"class_list":{"0":"post-2744","1":"product","2":"type-product","3":"status-publish","4":"has-post-thumbnail","6":"product_cat-alimentation","7":"product_cat-matieres-premiere","9":"first","10":"instock","11":"taxable","12":"shipping-taxable","13":"product-type-simple"},"acf":[],"yoast_head":"<!-- This site is optimized with the Yoast SEO plugin v27.5 - https:\/\/yoast.com\/product\/yoast-seo-wordpress\/ -->\n<title>Sel fin agricole - Royen Agri<\/title>\n<meta name=\"description\" content=\"C\u2019est un sel fin agricole s\u00e9ch\u00e9 pour l\u2019alimentation animale. Le sel ( = chlorure de sodium) est un min\u00e9ral indispensable dans l\u2019alimentation animale.\" \/>\n<meta name=\"robots\" content=\"index, follow, max-snippet:-1, max-image-preview:large, max-video-preview:-1\" \/>\n<link rel=\"canonical\" href=\"https:\/\/www.royenagri.be\/en\/product\/sel-fin-agricole\/\" \/>\n<meta property=\"og:locale\" content=\"en_US\" \/>\n<meta property=\"og:type\" content=\"article\" \/>\n<meta property=\"og:title\" content=\"Sel fin agricole - Royen Agri\" \/>\n<meta property=\"og:description\" content=\"C\u2019est un sel fin agricole s\u00e9ch\u00e9 pour l\u2019alimentation animale. Le sel ( = chlorure de sodium) est un min\u00e9ral indispensable dans l\u2019alimentation animale.\" \/>\n<meta property=\"og:url\" content=\"https:\/\/www.royenagri.be\/en\/product\/sel-fin-agricole\/\" \/>\n<meta property=\"og:site_name\" content=\"Royen Agri\" \/>\n<meta property=\"article:modified_time\" content=\"2026-02-26T08:58:29+00:00\" \/>\n<meta property=\"og:image\" content=\"https:\/\/www.royenagri.be\/wp-content\/uploads\/2025\/02\/LF7123557_links-734x1024.png\" \/>\n\t<meta property=\"og:image:width\" content=\"734\" \/>\n\t<meta property=\"og:image:height\" content=\"1024\" \/>\n\t<meta property=\"og:image:type\" content=\"image\/png\" \/>\n<meta name=\"twitter:card\" content=\"summary_large_image\" \/>\n<meta name=\"twitter:label1\" content=\"Est. reading time\" \/>\n\t<meta name=\"twitter:data1\" content=\"1 minute\" \/>\n<script type=\"application\/ld+json\" class=\"yoast-schema-graph\">{\"@context\":\"https:\\\/\\\/schema.org\",\"@graph\":[{\"@type\":\"WebPage\",\"@id\":\"https:\\\/\\\/www.royenagri.be\\\/en\\\/product\\\/sel-fin-agricole\\\/\",\"url\":\"https:\\\/\\\/www.royenagri.be\\\/en\\\/product\\\/sel-fin-agricole\\\/\",\"name\":\"Sel fin agricole - Royen Agri\",\"isPartOf\":{\"@id\":\"https:\\\/\\\/www.royenagri.be\\\/en\\\/#website\"},\"primaryImageOfPage\":{\"@id\":\"https:\\\/\\\/www.royenagri.be\\\/en\\\/product\\\/sel-fin-agricole\\\/#primaryimage\"},\"image\":{\"@id\":\"https:\\\/\\\/www.royenagri.be\\\/en\\\/product\\\/sel-fin-agricole\\\/#primaryimage\"},\"thumbnailUrl\":\"https:\\\/\\\/www.royenagri.be\\\/wp-content\\\/uploads\\\/2025\\\/02\\\/LF7123557_links.png\",\"datePublished\":\"2025-02-25T12:02:19+00:00\",\"dateModified\":\"2026-02-26T08:58:29+00:00\",\"description\":\"C\u2019est un sel fin agricole s\u00e9ch\u00e9 pour l\u2019alimentation animale. Le sel ( = chlorure de sodium) est un min\u00e9ral indispensable dans l\u2019alimentation animale.\",\"breadcrumb\":{\"@id\":\"https:\\\/\\\/www.royenagri.be\\\/en\\\/product\\\/sel-fin-agricole\\\/#breadcrumb\"},\"inLanguage\":\"en-US\",\"potentialAction\":[{\"@type\":\"ReadAction\",\"target\":[\"https:\\\/\\\/www.royenagri.be\\\/en\\\/product\\\/sel-fin-agricole\\\/\"]}]},{\"@type\":\"ImageObject\",\"inLanguage\":\"en-US\",\"@id\":\"https:\\\/\\\/www.royenagri.be\\\/en\\\/product\\\/sel-fin-agricole\\\/#primaryimage\",\"url\":\"https:\\\/\\\/www.royenagri.be\\\/wp-content\\\/uploads\\\/2025\\\/02\\\/LF7123557_links.png\",\"contentUrl\":\"https:\\\/\\\/www.royenagri.be\\\/wp-content\\\/uploads\\\/2025\\\/02\\\/LF7123557_links.png\",\"width\":2448,\"height\":3416,\"caption\":\"SEL ALIMENTAIRE\"},{\"@type\":\"BreadcrumbList\",\"@id\":\"https:\\\/\\\/www.royenagri.be\\\/en\\\/product\\\/sel-fin-agricole\\\/#breadcrumb\",\"itemListElement\":[{\"@type\":\"ListItem\",\"position\":1,\"name\":\"Home\",\"item\":\"https:\\\/\\\/www.royenagri.be\\\/en\\\/\"},{\"@type\":\"ListItem\",\"position\":2,\"name\":\"Shop\",\"item\":\"https:\\\/\\\/www.royenagri.be\\\/en\\\/shop\\\/\"},{\"@type\":\"ListItem\",\"position\":3,\"name\":\"Sel fin agricole\"}]},{\"@type\":\"WebSite\",\"@id\":\"https:\\\/\\\/www.royenagri.be\\\/en\\\/#website\",\"url\":\"https:\\\/\\\/www.royenagri.be\\\/en\\\/\",\"name\":\"Royen Agri\",\"description\":\"\",\"potentialAction\":[{\"@type\":\"SearchAction\",\"target\":{\"@type\":\"EntryPoint\",\"urlTemplate\":\"https:\\\/\\\/www.royenagri.be\\\/en\\\/?s={search_term_string}\"},\"query-input\":{\"@type\":\"PropertyValueSpecification\",\"valueRequired\":true,\"valueName\":\"search_term_string\"}}],\"inLanguage\":\"en-US\"}]}<\/script>\n<!-- \/ Yoast SEO plugin. -->","yoast_head_json":{"title":"Sel fin agricole - Royen Agri","description":"C\u2019est un sel fin agricole s\u00e9ch\u00e9 pour l\u2019alimentation animale. Le sel ( = chlorure de sodium) est un min\u00e9ral indispensable dans l\u2019alimentation animale.","robots":{"index":"index","follow":"follow","max-snippet":"max-snippet:-1","max-image-preview":"max-image-preview:large","max-video-preview":"max-video-preview:-1"},"canonical":"https:\/\/www.royenagri.be\/en\/product\/sel-fin-agricole\/","og_locale":"en_US","og_type":"article","og_title":"Sel fin agricole - Royen Agri","og_description":"C\u2019est un sel fin agricole s\u00e9ch\u00e9 pour l\u2019alimentation animale. Le sel ( = chlorure de sodium) est un min\u00e9ral indispensable dans l\u2019alimentation animale.","og_url":"https:\/\/www.royenagri.be\/en\/product\/sel-fin-agricole\/","og_site_name":"Royen Agri","article_modified_time":"2026-02-26T08:58:29+00:00","og_image":[{"width":734,"height":1024,"url":"https:\/\/www.royenagri.be\/wp-content\/uploads\/2025\/02\/LF7123557_links-734x1024.png","type":"image\/png"}],"twitter_card":"summary_large_image","twitter_misc":{"Est. reading time":"1 minute"},"schema":{"@context":"https:\/\/schema.org","@graph":[{"@type":"WebPage","@id":"https:\/\/www.royenagri.be\/en\/product\/sel-fin-agricole\/","url":"https:\/\/www.royenagri.be\/en\/product\/sel-fin-agricole\/","name":"Sel fin agricole - Royen Agri","isPartOf":{"@id":"https:\/\/www.royenagri.be\/en\/#website"},"primaryImageOfPage":{"@id":"https:\/\/www.royenagri.be\/en\/product\/sel-fin-agricole\/#primaryimage"},"image":{"@id":"https:\/\/www.royenagri.be\/en\/product\/sel-fin-agricole\/#primaryimage"},"thumbnailUrl":"https:\/\/www.royenagri.be\/wp-content\/uploads\/2025\/02\/LF7123557_links.png","datePublished":"2025-02-25T12:02:19+00:00","dateModified":"2026-02-26T08:58:29+00:00","description":"C\u2019est un sel fin agricole s\u00e9ch\u00e9 pour l\u2019alimentation animale. Le sel ( = chlorure de sodium) est un min\u00e9ral indispensable dans l\u2019alimentation animale.","breadcrumb":{"@id":"https:\/\/www.royenagri.be\/en\/product\/sel-fin-agricole\/#breadcrumb"},"inLanguage":"en-US","potentialAction":[{"@type":"ReadAction","target":["https:\/\/www.royenagri.be\/en\/product\/sel-fin-agricole\/"]}]},{"@type":"ImageObject","inLanguage":"en-US","@id":"https:\/\/www.royenagri.be\/en\/product\/sel-fin-agricole\/#primaryimage","url":"https:\/\/www.royenagri.be\/wp-content\/uploads\/2025\/02\/LF7123557_links.png","contentUrl":"https:\/\/www.royenagri.be\/wp-content\/uploads\/2025\/02\/LF7123557_links.png","width":2448,"height":3416,"caption":"SEL ALIMENTAIRE"},{"@type":"BreadcrumbList","@id":"https:\/\/www.royenagri.be\/en\/product\/sel-fin-agricole\/#breadcrumb","itemListElement":[{"@type":"ListItem","position":1,"name":"Home","item":"https:\/\/www.royenagri.be\/en\/"},{"@type":"ListItem","position":2,"name":"Shop","item":"https:\/\/www.royenagri.be\/en\/shop\/"},{"@type":"ListItem","position":3,"name":"Sel fin agricole"}]},{"@type":"WebSite","@id":"https:\/\/www.royenagri.be\/en\/#website","url":"https:\/\/www.royenagri.be\/en\/","name":"Royen Agri","description":"","potentialAction":[{"@type":"SearchAction","target":{"@type":"EntryPoint","urlTemplate":"https:\/\/www.royenagri.be\/en\/?s={search_term_string}"},"query-input":{"@type":"PropertyValueSpecification","valueRequired":true,"valueName":"search_term_string"}}],"inLanguage":"en-US"}]}},"_links":{"self":[{"href":"https:\/\/www.royenagri.be\/en\/wp-json\/wp\/v2\/product\/2744","targetHints":{"allow":["GET"]}}],"collection":[{"href":"https:\/\/www.royenagri.be\/en\/wp-json\/wp\/v2\/product"}],"about":[{"href":"https:\/\/www.royenagri.be\/en\/wp-json\/wp\/v2\/types\/product"}],"replies":[{"embeddable":true,"href":"https:\/\/www.royenagri.be\/en\/wp-json\/wp\/v2\/comments?post=2744"}],"wp:featuredmedia":[{"embeddable":true,"href":"https:\/\/www.royenagri.be\/en\/wp-json\/wp\/v2\/media\/3260"}],"wp:attachment":[{"href":"https:\/\/www.royenagri.be\/en\/wp-json\/wp\/v2\/media?parent=2744"}],"wp:term":[{"taxonomy":"product_brand","embeddable":true,"href":"https:\/\/www.royenagri.be\/en\/wp-json\/wp\/v2\/product_brand?post=2744"},{"taxonomy":"product_cat","embeddable":true,"href":"https:\/\/www.royenagri.be\/en\/wp-json\/wp\/v2\/product_cat?post=2744"},{"taxonomy":"product_tag","embeddable":true,"href":"https:\/\/www.royenagri.be\/en\/wp-json\/wp\/v2\/product_tag?post=2744"}],"curies":[{"name":"wp","href":"https:\/\/api.w.org\/{rel}","templated":true}]}}