{"id":2746,"date":"2025-02-25T12:14:57","date_gmt":"2025-02-25T12:14:57","guid":{"rendered":"https:\/\/royenagri.brainmade.lws-servers.be\/?post_type=product&#038;p=2746"},"modified":"2026-04-03T08:11:13","modified_gmt":"2026-04-03T08:11:13","slug":"bicarbonate-de-sodium","status":"publish","type":"product","link":"https:\/\/www.royenagri.be\/en\/product\/bicarbonate-de-sodium\/","title":{"rendered":"Bicarbonate de Sodium"},"content":{"rendered":"<p>Le bicarbonate de sodium est une substance tampon indispensable dans l\u2019alimentation des ruminants. Il r\u00e9gule le pH du rumen en neutralisant les exc\u00e8s d\u2019acides et contribue ainsi \u00e0 une bonne sant\u00e9 digestive. Il est particuli\u00e8rement recommand\u00e9 dans les rations riches en glucides et en amidon tr\u00e8s fermentescibles, afin de limiter les risques de troubles digestifs et m\u00e9taboliques. Pr\u00e9sent\u00e9 sous forme de poudre blanche hydrosoluble (0,1 \u00e0 0,5\u202fmm), il convient \u00e9galement \u00e0 l\u2019agriculture biologique et est disponible en sacs de 25\u202fkg.<\/p>\n","protected":false},"excerpt":{"rendered":"<p>Le bicarbonate de sodium est une substance tampon indispensable dans l\u2019alimentation des ruminants.<\/p>\n","protected":false},"featured_media":20794,"comment_status":"closed","ping_status":"closed","template":"","meta":{"_acf_changed":false,"inline_featured_image":false},"product_brand":[],"product_cat":[39,203],"product_tag":[],"class_list":{"0":"post-2746","1":"product","2":"type-product","3":"status-publish","4":"has-post-thumbnail","6":"product_cat-alimentation","7":"product_cat-matieres-premiere","9":"first","10":"instock","11":"taxable","12":"shipping-taxable","13":"product-type-simple"},"acf":[],"yoast_head":"<!-- This site is optimized with the Yoast SEO plugin v27.5 - https:\/\/yoast.com\/product\/yoast-seo-wordpress\/ -->\n<title>Bicarbonate de Sodium - Royen Agri<\/title>\n<meta name=\"description\" content=\"Le bicarbonate de sodium est un r\u00e9gulateur de pH crucial pour l&#039;alimentation des ruminants, neutralisant les acides dans le rumen.\" \/>\n<meta name=\"robots\" content=\"index, follow, max-snippet:-1, max-image-preview:large, max-video-preview:-1\" \/>\n<link rel=\"canonical\" href=\"https:\/\/www.royenagri.be\/en\/product\/bicarbonate-de-sodium\/\" \/>\n<meta property=\"og:locale\" content=\"en_US\" \/>\n<meta property=\"og:type\" content=\"article\" \/>\n<meta property=\"og:title\" content=\"Bicarbonate de Sodium - Royen Agri\" \/>\n<meta property=\"og:description\" content=\"Le bicarbonate de sodium est un r\u00e9gulateur de pH crucial pour l&#039;alimentation des ruminants, neutralisant les acides dans le rumen.\" \/>\n<meta property=\"og:url\" content=\"https:\/\/www.royenagri.be\/en\/product\/bicarbonate-de-sodium\/\" \/>\n<meta property=\"og:site_name\" content=\"Royen Agri\" \/>\n<meta property=\"article:modified_time\" content=\"2026-04-03T08:11:13+00:00\" \/>\n<meta property=\"og:image\" content=\"https:\/\/www.royenagri.be\/wp-content\/uploads\/2025\/02\/bicarbonate_de_sodium.png\" \/>\n\t<meta property=\"og:image:width\" content=\"873\" \/>\n\t<meta property=\"og:image:height\" content=\"1520\" \/>\n\t<meta property=\"og:image:type\" content=\"image\/png\" \/>\n<meta name=\"twitter:card\" content=\"summary_large_image\" \/>\n<meta name=\"twitter:label1\" content=\"Est. reading time\" \/>\n\t<meta name=\"twitter:data1\" content=\"1 minute\" \/>\n<script type=\"application\/ld+json\" class=\"yoast-schema-graph\">{\"@context\":\"https:\\\/\\\/schema.org\",\"@graph\":[{\"@type\":\"WebPage\",\"@id\":\"https:\\\/\\\/www.royenagri.be\\\/en\\\/product\\\/bicarbonate-de-sodium\\\/\",\"url\":\"https:\\\/\\\/www.royenagri.be\\\/en\\\/product\\\/bicarbonate-de-sodium\\\/\",\"name\":\"Bicarbonate de Sodium - Royen Agri\",\"isPartOf\":{\"@id\":\"https:\\\/\\\/www.royenagri.be\\\/en\\\/#website\"},\"primaryImageOfPage\":{\"@id\":\"https:\\\/\\\/www.royenagri.be\\\/en\\\/product\\\/bicarbonate-de-sodium\\\/#primaryimage\"},\"image\":{\"@id\":\"https:\\\/\\\/www.royenagri.be\\\/en\\\/product\\\/bicarbonate-de-sodium\\\/#primaryimage\"},\"thumbnailUrl\":\"https:\\\/\\\/www.royenagri.be\\\/wp-content\\\/uploads\\\/2025\\\/02\\\/bicarbonate_de_sodium.png\",\"datePublished\":\"2025-02-25T12:14:57+00:00\",\"dateModified\":\"2026-04-03T08:11:13+00:00\",\"description\":\"Le bicarbonate de sodium est un r\u00e9gulateur de pH crucial pour l'alimentation des ruminants, neutralisant les acides dans le rumen.\",\"breadcrumb\":{\"@id\":\"https:\\\/\\\/www.royenagri.be\\\/en\\\/product\\\/bicarbonate-de-sodium\\\/#breadcrumb\"},\"inLanguage\":\"en-US\",\"potentialAction\":[{\"@type\":\"ReadAction\",\"target\":[\"https:\\\/\\\/www.royenagri.be\\\/en\\\/product\\\/bicarbonate-de-sodium\\\/\"]}]},{\"@type\":\"ImageObject\",\"inLanguage\":\"en-US\",\"@id\":\"https:\\\/\\\/www.royenagri.be\\\/en\\\/product\\\/bicarbonate-de-sodium\\\/#primaryimage\",\"url\":\"https:\\\/\\\/www.royenagri.be\\\/wp-content\\\/uploads\\\/2025\\\/02\\\/bicarbonate_de_sodium.png\",\"contentUrl\":\"https:\\\/\\\/www.royenagri.be\\\/wp-content\\\/uploads\\\/2025\\\/02\\\/bicarbonate_de_sodium.png\",\"width\":873,\"height\":1520},{\"@type\":\"BreadcrumbList\",\"@id\":\"https:\\\/\\\/www.royenagri.be\\\/en\\\/product\\\/bicarbonate-de-sodium\\\/#breadcrumb\",\"itemListElement\":[{\"@type\":\"ListItem\",\"position\":1,\"name\":\"Home\",\"item\":\"https:\\\/\\\/www.royenagri.be\\\/en\\\/\"},{\"@type\":\"ListItem\",\"position\":2,\"name\":\"Shop\",\"item\":\"https:\\\/\\\/www.royenagri.be\\\/en\\\/shop\\\/\"},{\"@type\":\"ListItem\",\"position\":3,\"name\":\"Bicarbonate de Sodium\"}]},{\"@type\":\"WebSite\",\"@id\":\"https:\\\/\\\/www.royenagri.be\\\/en\\\/#website\",\"url\":\"https:\\\/\\\/www.royenagri.be\\\/en\\\/\",\"name\":\"Royen Agri\",\"description\":\"\",\"potentialAction\":[{\"@type\":\"SearchAction\",\"target\":{\"@type\":\"EntryPoint\",\"urlTemplate\":\"https:\\\/\\\/www.royenagri.be\\\/en\\\/?s={search_term_string}\"},\"query-input\":{\"@type\":\"PropertyValueSpecification\",\"valueRequired\":true,\"valueName\":\"search_term_string\"}}],\"inLanguage\":\"en-US\"}]}<\/script>\n<!-- \/ Yoast SEO plugin. -->","yoast_head_json":{"title":"Bicarbonate de Sodium - Royen Agri","description":"Le bicarbonate de sodium est un r\u00e9gulateur de pH crucial pour l'alimentation des ruminants, neutralisant les acides dans le rumen.","robots":{"index":"index","follow":"follow","max-snippet":"max-snippet:-1","max-image-preview":"max-image-preview:large","max-video-preview":"max-video-preview:-1"},"canonical":"https:\/\/www.royenagri.be\/en\/product\/bicarbonate-de-sodium\/","og_locale":"en_US","og_type":"article","og_title":"Bicarbonate de Sodium - Royen Agri","og_description":"Le bicarbonate de sodium est un r\u00e9gulateur de pH crucial pour l'alimentation des ruminants, neutralisant les acides dans le rumen.","og_url":"https:\/\/www.royenagri.be\/en\/product\/bicarbonate-de-sodium\/","og_site_name":"Royen Agri","article_modified_time":"2026-04-03T08:11:13+00:00","og_image":[{"width":873,"height":1520,"url":"https:\/\/www.royenagri.be\/wp-content\/uploads\/2025\/02\/bicarbonate_de_sodium.png","type":"image\/png"}],"twitter_card":"summary_large_image","twitter_misc":{"Est. reading time":"1 minute"},"schema":{"@context":"https:\/\/schema.org","@graph":[{"@type":"WebPage","@id":"https:\/\/www.royenagri.be\/en\/product\/bicarbonate-de-sodium\/","url":"https:\/\/www.royenagri.be\/en\/product\/bicarbonate-de-sodium\/","name":"Bicarbonate de Sodium - Royen Agri","isPartOf":{"@id":"https:\/\/www.royenagri.be\/en\/#website"},"primaryImageOfPage":{"@id":"https:\/\/www.royenagri.be\/en\/product\/bicarbonate-de-sodium\/#primaryimage"},"image":{"@id":"https:\/\/www.royenagri.be\/en\/product\/bicarbonate-de-sodium\/#primaryimage"},"thumbnailUrl":"https:\/\/www.royenagri.be\/wp-content\/uploads\/2025\/02\/bicarbonate_de_sodium.png","datePublished":"2025-02-25T12:14:57+00:00","dateModified":"2026-04-03T08:11:13+00:00","description":"Le bicarbonate de sodium est un r\u00e9gulateur de pH crucial pour l'alimentation des ruminants, neutralisant les acides dans le rumen.","breadcrumb":{"@id":"https:\/\/www.royenagri.be\/en\/product\/bicarbonate-de-sodium\/#breadcrumb"},"inLanguage":"en-US","potentialAction":[{"@type":"ReadAction","target":["https:\/\/www.royenagri.be\/en\/product\/bicarbonate-de-sodium\/"]}]},{"@type":"ImageObject","inLanguage":"en-US","@id":"https:\/\/www.royenagri.be\/en\/product\/bicarbonate-de-sodium\/#primaryimage","url":"https:\/\/www.royenagri.be\/wp-content\/uploads\/2025\/02\/bicarbonate_de_sodium.png","contentUrl":"https:\/\/www.royenagri.be\/wp-content\/uploads\/2025\/02\/bicarbonate_de_sodium.png","width":873,"height":1520},{"@type":"BreadcrumbList","@id":"https:\/\/www.royenagri.be\/en\/product\/bicarbonate-de-sodium\/#breadcrumb","itemListElement":[{"@type":"ListItem","position":1,"name":"Home","item":"https:\/\/www.royenagri.be\/en\/"},{"@type":"ListItem","position":2,"name":"Shop","item":"https:\/\/www.royenagri.be\/en\/shop\/"},{"@type":"ListItem","position":3,"name":"Bicarbonate de Sodium"}]},{"@type":"WebSite","@id":"https:\/\/www.royenagri.be\/en\/#website","url":"https:\/\/www.royenagri.be\/en\/","name":"Royen Agri","description":"","potentialAction":[{"@type":"SearchAction","target":{"@type":"EntryPoint","urlTemplate":"https:\/\/www.royenagri.be\/en\/?s={search_term_string}"},"query-input":{"@type":"PropertyValueSpecification","valueRequired":true,"valueName":"search_term_string"}}],"inLanguage":"en-US"}]}},"_links":{"self":[{"href":"https:\/\/www.royenagri.be\/en\/wp-json\/wp\/v2\/product\/2746","targetHints":{"allow":["GET"]}}],"collection":[{"href":"https:\/\/www.royenagri.be\/en\/wp-json\/wp\/v2\/product"}],"about":[{"href":"https:\/\/www.royenagri.be\/en\/wp-json\/wp\/v2\/types\/product"}],"replies":[{"embeddable":true,"href":"https:\/\/www.royenagri.be\/en\/wp-json\/wp\/v2\/comments?post=2746"}],"wp:featuredmedia":[{"embeddable":true,"href":"https:\/\/www.royenagri.be\/en\/wp-json\/wp\/v2\/media\/20794"}],"wp:attachment":[{"href":"https:\/\/www.royenagri.be\/en\/wp-json\/wp\/v2\/media?parent=2746"}],"wp:term":[{"taxonomy":"product_brand","embeddable":true,"href":"https:\/\/www.royenagri.be\/en\/wp-json\/wp\/v2\/product_brand?post=2746"},{"taxonomy":"product_cat","embeddable":true,"href":"https:\/\/www.royenagri.be\/en\/wp-json\/wp\/v2\/product_cat?post=2746"},{"taxonomy":"product_tag","embeddable":true,"href":"https:\/\/www.royenagri.be\/en\/wp-json\/wp\/v2\/product_tag?post=2746"}],"curies":[{"name":"wp","href":"https:\/\/api.w.org\/{rel}","templated":true}]}}