{"id":2788,"date":"2025-02-25T15:43:45","date_gmt":"2025-02-25T15:43:45","guid":{"rendered":"https:\/\/royenagri.brainmade.lws-servers.be\/?post_type=product&#038;p=2788"},"modified":"2026-02-26T12:10:13","modified_gmt":"2026-02-26T12:10:13","slug":"calpro","status":"publish","type":"product","link":"https:\/\/www.royenagri.be\/en\/product\/calpro\/","title":{"rendered":"Calpro"},"content":{"rendered":"<p>Apport compl\u00e9mentaire de sels de calcium pour pr\u00e9venir l\u2019hypocalc\u00e9mie chez la vache, la brebis ou la ch\u00e8vre laiti\u00e8re. Pour un emploi optimum, demandez conseil \u00e0 votre v\u00e9t\u00e9rinaire.<\/p>\n","protected":false},"excerpt":{"rendered":"<p>Apport compl\u00e9mentaire de sels de calcium pour pr\u00e9venir l\u2019hypocalc\u00e9mie chez la vache, la brebis ou la ch\u00e8vre laiti\u00e8re.<\/p>\n","protected":false},"featured_media":2789,"comment_status":"closed","ping_status":"closed","template":"","meta":{"_acf_changed":false,"inline_featured_image":false},"product_brand":[],"product_cat":[39,206,47],"product_tag":[],"class_list":{"0":"post-2788","1":"product","2":"type-product","3":"status-publish","4":"has-post-thumbnail","6":"product_cat-alimentation","7":"product_cat-bovins","8":"product_cat-specialites-dietetiques","9":"products_brands-alfra","10":"products_animal-bovins","12":"first","13":"instock","14":"taxable","15":"shipping-taxable","16":"product-type-simple"},"acf":[],"yoast_head":"<!-- This site is optimized with the Yoast SEO plugin v27.5 - https:\/\/yoast.com\/product\/yoast-seo-wordpress\/ -->\n<title>Calpro - Royen Agri<\/title>\n<meta name=\"description\" content=\"Calpro, compl\u00e9ment en sels de calcium, pr\u00e9vient l\u2019hypocalc\u00e9mie chez les vaches, brebis et ch\u00e8vres laiti\u00e8res, assurant une meilleure r\u00e9cup\u00e9ration post-partum et une production optimale.\" \/>\n<meta name=\"robots\" content=\"index, follow, max-snippet:-1, max-image-preview:large, max-video-preview:-1\" \/>\n<link rel=\"canonical\" href=\"https:\/\/www.royenagri.be\/en\/product\/calpro\/\" \/>\n<meta property=\"og:locale\" content=\"en_US\" \/>\n<meta property=\"og:type\" content=\"article\" \/>\n<meta property=\"og:title\" content=\"Calpro - Royen Agri\" \/>\n<meta property=\"og:description\" content=\"Calpro, compl\u00e9ment en sels de calcium, pr\u00e9vient l\u2019hypocalc\u00e9mie chez les vaches, brebis et ch\u00e8vres laiti\u00e8res, assurant une meilleure r\u00e9cup\u00e9ration post-partum et une production optimale.\" \/>\n<meta property=\"og:url\" content=\"https:\/\/www.royenagri.be\/en\/product\/calpro\/\" \/>\n<meta property=\"og:site_name\" content=\"Royen Agri\" \/>\n<meta property=\"article:modified_time\" content=\"2026-02-26T12:10:13+00:00\" \/>\n<meta property=\"og:image\" content=\"https:\/\/www.royenagri.be\/wp-content\/uploads\/2025\/02\/ALFRA-BIDON-calpro-1-e1740497991157.png\" \/>\n\t<meta property=\"og:image:width\" content=\"314\" \/>\n\t<meta property=\"og:image:height\" content=\"392\" \/>\n\t<meta property=\"og:image:type\" content=\"image\/png\" \/>\n<meta name=\"twitter:card\" content=\"summary_large_image\" \/>\n<meta name=\"twitter:label1\" content=\"Est. reading time\" \/>\n\t<meta name=\"twitter:data1\" content=\"2 minutes\" \/>\n<script type=\"application\/ld+json\" class=\"yoast-schema-graph\">{\"@context\":\"https:\\\/\\\/schema.org\",\"@graph\":[{\"@type\":\"WebPage\",\"@id\":\"https:\\\/\\\/www.royenagri.be\\\/en\\\/product\\\/calpro\\\/\",\"url\":\"https:\\\/\\\/www.royenagri.be\\\/en\\\/product\\\/calpro\\\/\",\"name\":\"Calpro - Royen Agri\",\"isPartOf\":{\"@id\":\"https:\\\/\\\/www.royenagri.be\\\/en\\\/#website\"},\"primaryImageOfPage\":{\"@id\":\"https:\\\/\\\/www.royenagri.be\\\/en\\\/product\\\/calpro\\\/#primaryimage\"},\"image\":{\"@id\":\"https:\\\/\\\/www.royenagri.be\\\/en\\\/product\\\/calpro\\\/#primaryimage\"},\"thumbnailUrl\":\"https:\\\/\\\/www.royenagri.be\\\/wp-content\\\/uploads\\\/2025\\\/02\\\/ALFRA-BIDON-calpro-1-e1740497991157.png\",\"datePublished\":\"2025-02-25T15:43:45+00:00\",\"dateModified\":\"2026-02-26T12:10:13+00:00\",\"description\":\"Calpro, compl\u00e9ment en sels de calcium, pr\u00e9vient l\u2019hypocalc\u00e9mie chez les vaches, brebis et ch\u00e8vres laiti\u00e8res, assurant une meilleure r\u00e9cup\u00e9ration post-partum et une production optimale.\",\"breadcrumb\":{\"@id\":\"https:\\\/\\\/www.royenagri.be\\\/en\\\/product\\\/calpro\\\/#breadcrumb\"},\"inLanguage\":\"en-US\",\"potentialAction\":[{\"@type\":\"ReadAction\",\"target\":[\"https:\\\/\\\/www.royenagri.be\\\/en\\\/product\\\/calpro\\\/\"]}]},{\"@type\":\"ImageObject\",\"inLanguage\":\"en-US\",\"@id\":\"https:\\\/\\\/www.royenagri.be\\\/en\\\/product\\\/calpro\\\/#primaryimage\",\"url\":\"https:\\\/\\\/www.royenagri.be\\\/wp-content\\\/uploads\\\/2025\\\/02\\\/ALFRA-BIDON-calpro-1-e1740497991157.png\",\"contentUrl\":\"https:\\\/\\\/www.royenagri.be\\\/wp-content\\\/uploads\\\/2025\\\/02\\\/ALFRA-BIDON-calpro-1-e1740497991157.png\",\"width\":314,\"height\":392},{\"@type\":\"BreadcrumbList\",\"@id\":\"https:\\\/\\\/www.royenagri.be\\\/en\\\/product\\\/calpro\\\/#breadcrumb\",\"itemListElement\":[{\"@type\":\"ListItem\",\"position\":1,\"name\":\"Home\",\"item\":\"https:\\\/\\\/www.royenagri.be\\\/en\\\/\"},{\"@type\":\"ListItem\",\"position\":2,\"name\":\"Shop\",\"item\":\"https:\\\/\\\/www.royenagri.be\\\/en\\\/shop\\\/\"},{\"@type\":\"ListItem\",\"position\":3,\"name\":\"Calpro\"}]},{\"@type\":\"WebSite\",\"@id\":\"https:\\\/\\\/www.royenagri.be\\\/en\\\/#website\",\"url\":\"https:\\\/\\\/www.royenagri.be\\\/en\\\/\",\"name\":\"Royen Agri\",\"description\":\"\",\"potentialAction\":[{\"@type\":\"SearchAction\",\"target\":{\"@type\":\"EntryPoint\",\"urlTemplate\":\"https:\\\/\\\/www.royenagri.be\\\/en\\\/?s={search_term_string}\"},\"query-input\":{\"@type\":\"PropertyValueSpecification\",\"valueRequired\":true,\"valueName\":\"search_term_string\"}}],\"inLanguage\":\"en-US\"}]}<\/script>\n<!-- \/ Yoast SEO plugin. -->","yoast_head_json":{"title":"Calpro - Royen Agri","description":"Calpro, compl\u00e9ment en sels de calcium, pr\u00e9vient l\u2019hypocalc\u00e9mie chez les vaches, brebis et ch\u00e8vres laiti\u00e8res, assurant une meilleure r\u00e9cup\u00e9ration post-partum et une production optimale.","robots":{"index":"index","follow":"follow","max-snippet":"max-snippet:-1","max-image-preview":"max-image-preview:large","max-video-preview":"max-video-preview:-1"},"canonical":"https:\/\/www.royenagri.be\/en\/product\/calpro\/","og_locale":"en_US","og_type":"article","og_title":"Calpro - Royen Agri","og_description":"Calpro, compl\u00e9ment en sels de calcium, pr\u00e9vient l\u2019hypocalc\u00e9mie chez les vaches, brebis et ch\u00e8vres laiti\u00e8res, assurant une meilleure r\u00e9cup\u00e9ration post-partum et une production optimale.","og_url":"https:\/\/www.royenagri.be\/en\/product\/calpro\/","og_site_name":"Royen Agri","article_modified_time":"2026-02-26T12:10:13+00:00","og_image":[{"width":314,"height":392,"url":"https:\/\/www.royenagri.be\/wp-content\/uploads\/2025\/02\/ALFRA-BIDON-calpro-1-e1740497991157.png","type":"image\/png"}],"twitter_card":"summary_large_image","twitter_misc":{"Est. reading time":"2 minutes"},"schema":{"@context":"https:\/\/schema.org","@graph":[{"@type":"WebPage","@id":"https:\/\/www.royenagri.be\/en\/product\/calpro\/","url":"https:\/\/www.royenagri.be\/en\/product\/calpro\/","name":"Calpro - Royen Agri","isPartOf":{"@id":"https:\/\/www.royenagri.be\/en\/#website"},"primaryImageOfPage":{"@id":"https:\/\/www.royenagri.be\/en\/product\/calpro\/#primaryimage"},"image":{"@id":"https:\/\/www.royenagri.be\/en\/product\/calpro\/#primaryimage"},"thumbnailUrl":"https:\/\/www.royenagri.be\/wp-content\/uploads\/2025\/02\/ALFRA-BIDON-calpro-1-e1740497991157.png","datePublished":"2025-02-25T15:43:45+00:00","dateModified":"2026-02-26T12:10:13+00:00","description":"Calpro, compl\u00e9ment en sels de calcium, pr\u00e9vient l\u2019hypocalc\u00e9mie chez les vaches, brebis et ch\u00e8vres laiti\u00e8res, assurant une meilleure r\u00e9cup\u00e9ration post-partum et une production optimale.","breadcrumb":{"@id":"https:\/\/www.royenagri.be\/en\/product\/calpro\/#breadcrumb"},"inLanguage":"en-US","potentialAction":[{"@type":"ReadAction","target":["https:\/\/www.royenagri.be\/en\/product\/calpro\/"]}]},{"@type":"ImageObject","inLanguage":"en-US","@id":"https:\/\/www.royenagri.be\/en\/product\/calpro\/#primaryimage","url":"https:\/\/www.royenagri.be\/wp-content\/uploads\/2025\/02\/ALFRA-BIDON-calpro-1-e1740497991157.png","contentUrl":"https:\/\/www.royenagri.be\/wp-content\/uploads\/2025\/02\/ALFRA-BIDON-calpro-1-e1740497991157.png","width":314,"height":392},{"@type":"BreadcrumbList","@id":"https:\/\/www.royenagri.be\/en\/product\/calpro\/#breadcrumb","itemListElement":[{"@type":"ListItem","position":1,"name":"Home","item":"https:\/\/www.royenagri.be\/en\/"},{"@type":"ListItem","position":2,"name":"Shop","item":"https:\/\/www.royenagri.be\/en\/shop\/"},{"@type":"ListItem","position":3,"name":"Calpro"}]},{"@type":"WebSite","@id":"https:\/\/www.royenagri.be\/en\/#website","url":"https:\/\/www.royenagri.be\/en\/","name":"Royen Agri","description":"","potentialAction":[{"@type":"SearchAction","target":{"@type":"EntryPoint","urlTemplate":"https:\/\/www.royenagri.be\/en\/?s={search_term_string}"},"query-input":{"@type":"PropertyValueSpecification","valueRequired":true,"valueName":"search_term_string"}}],"inLanguage":"en-US"}]}},"_links":{"self":[{"href":"https:\/\/www.royenagri.be\/en\/wp-json\/wp\/v2\/product\/2788","targetHints":{"allow":["GET"]}}],"collection":[{"href":"https:\/\/www.royenagri.be\/en\/wp-json\/wp\/v2\/product"}],"about":[{"href":"https:\/\/www.royenagri.be\/en\/wp-json\/wp\/v2\/types\/product"}],"replies":[{"embeddable":true,"href":"https:\/\/www.royenagri.be\/en\/wp-json\/wp\/v2\/comments?post=2788"}],"wp:featuredmedia":[{"embeddable":true,"href":"https:\/\/www.royenagri.be\/en\/wp-json\/wp\/v2\/media\/2789"}],"wp:attachment":[{"href":"https:\/\/www.royenagri.be\/en\/wp-json\/wp\/v2\/media?parent=2788"}],"wp:term":[{"taxonomy":"product_brand","embeddable":true,"href":"https:\/\/www.royenagri.be\/en\/wp-json\/wp\/v2\/product_brand?post=2788"},{"taxonomy":"product_cat","embeddable":true,"href":"https:\/\/www.royenagri.be\/en\/wp-json\/wp\/v2\/product_cat?post=2788"},{"taxonomy":"product_tag","embeddable":true,"href":"https:\/\/www.royenagri.be\/en\/wp-json\/wp\/v2\/product_tag?post=2788"}],"curies":[{"name":"wp","href":"https:\/\/api.w.org\/{rel}","templated":true}]}}