{"id":2845,"date":"2025-02-26T18:04:17","date_gmt":"2025-02-26T18:04:17","guid":{"rendered":"https:\/\/royenagri.brainmade.lws-servers.be\/?post_type=product&#038;p=2845"},"modified":"2025-03-11T12:13:13","modified_gmt":"2025-03-11T12:13:13","slug":"varietes-pures","status":"publish","type":"product","link":"https:\/\/www.royenagri.be\/en\/product\/varietes-pures\/","title":{"rendered":"Vari\u00e9t\u00e9s pures et m\u00e9langes sp\u00e9ciaux"},"content":{"rendered":"<p>Par demande, nous pouvons vous proposer toutes les vari\u00e9t\u00e9s disponibles chez nos fournisseurs :<\/p>\n<ul>\n<li>Gramin\u00e9es<\/li>\n<li>L\u00e9gumineuses<\/li>\n<li>Prot\u00e9agineuses<\/li>\n<li>Semences c\u00e9r\u00e9ales C\u00e9r\u00e9ales d\u2019hiver=\n<ul>\n<li>Froment<\/li>\n<li>Escourgeon<\/li>\n<li>Triticale<\/li>\n<li>Avoine<\/li>\n<li>Epeautre<\/li>\n<li>Seigle<\/li>\n<\/ul>\n<\/li>\n<\/ul>\n<p>Et C\u00e9r\u00e9ales de printemps=<\/p>\n<ul>\n<li>Orge<\/li>\n<li>Avoine<\/li>\n<li>Froment<\/li>\n<li>Triticale<\/li>\n<li>Epeaute<\/li>\n<li>Pois fourrager<\/li>\n<li>Semences de maiis<\/li>\n<li>Semences de colza d\u2019hiver<\/li>\n<li>Semences betteraves fourrag\u00e8res<\/li>\n<li>M\u00e9langes Gazon<\/li>\n<li>M\u00e9langes fleuris<\/li>\n<li>M\u00e9langes schasse + MAE<\/li>\n<\/ul>\n","protected":false},"excerpt":{"rendered":"<p>Par demande, nous pouvons vous proposer toutes les vari\u00e9t\u00e9s disponibles chez nos fournisseurs : Gramin\u00e9es L\u00e9gumineuses Prot\u00e9agineuses Semences c\u00e9r\u00e9ales C\u00e9r\u00e9ales d\u2019hiver= Froment Escourgeon Triticale Avoine Epeautre Seigle Et C\u00e9r\u00e9ales de printemps= Orge Avoine Froment Triticale Epeaute Pois fourrager Semences de maiis Semences de colza d\u2019hiver Semences betteraves fourrag\u00e8res M\u00e9langes Gazon M\u00e9langes fleuris M\u00e9langes schasse + [&hellip;]<\/p>\n","protected":false},"featured_media":1392,"comment_status":"open","ping_status":"closed","template":"","meta":{"_acf_changed":false,"inline_featured_image":false},"product_brand":[],"product_cat":[40],"product_tag":[],"class_list":{"0":"post-2845","1":"product","2":"type-product","3":"status-publish","4":"has-post-thumbnail","6":"product_cat-semence","8":"first","9":"instock","10":"taxable","11":"shipping-taxable","12":"product-type-simple"},"acf":[],"yoast_head":"<!-- This site is optimized with the Yoast SEO plugin v27.5 - https:\/\/yoast.com\/product\/yoast-seo-wordpress\/ -->\n<title>Vari\u00e9t\u00e9s pures et m\u00e9langes sp\u00e9ciaux - Royen Agri<\/title>\n<meta name=\"robots\" content=\"index, follow, max-snippet:-1, max-image-preview:large, max-video-preview:-1\" \/>\n<link rel=\"canonical\" href=\"https:\/\/www.royenagri.be\/en\/product\/varietes-pures\/\" \/>\n<meta property=\"og:locale\" content=\"en_US\" \/>\n<meta property=\"og:type\" content=\"article\" \/>\n<meta property=\"og:title\" content=\"Vari\u00e9t\u00e9s pures et m\u00e9langes sp\u00e9ciaux - Royen Agri\" \/>\n<meta property=\"og:description\" content=\"Par demande, nous pouvons vous proposer toutes les vari\u00e9t\u00e9s disponibles chez nos fournisseurs : Gramin\u00e9es L\u00e9gumineuses Prot\u00e9agineuses Semences c\u00e9r\u00e9ales C\u00e9r\u00e9ales d\u2019hiver= Froment Escourgeon Triticale Avoine Epeautre Seigle Et C\u00e9r\u00e9ales de printemps= Orge Avoine Froment Triticale Epeaute Pois fourrager Semences de maiis Semences de colza d\u2019hiver Semences betteraves fourrag\u00e8res M\u00e9langes Gazon M\u00e9langes fleuris M\u00e9langes schasse + [&hellip;]\" \/>\n<meta property=\"og:url\" content=\"https:\/\/www.royenagri.be\/en\/product\/varietes-pures\/\" \/>\n<meta property=\"og:site_name\" content=\"Royen Agri\" \/>\n<meta property=\"article:modified_time\" content=\"2025-03-11T12:13:13+00:00\" \/>\n<meta name=\"twitter:card\" content=\"summary_large_image\" \/>\n<meta name=\"twitter:label1\" content=\"Est. reading time\" \/>\n\t<meta name=\"twitter:data1\" content=\"1 minute\" \/>\n<script type=\"application\/ld+json\" class=\"yoast-schema-graph\">{\"@context\":\"https:\\\/\\\/schema.org\",\"@graph\":[{\"@type\":\"WebPage\",\"@id\":\"https:\\\/\\\/www.royenagri.be\\\/en\\\/product\\\/varietes-pures\\\/\",\"url\":\"https:\\\/\\\/www.royenagri.be\\\/en\\\/product\\\/varietes-pures\\\/\",\"name\":\"Vari\u00e9t\u00e9s pures et m\u00e9langes sp\u00e9ciaux - Royen Agri\",\"isPartOf\":{\"@id\":\"https:\\\/\\\/www.royenagri.be\\\/en\\\/#website\"},\"primaryImageOfPage\":{\"@id\":\"https:\\\/\\\/www.royenagri.be\\\/en\\\/product\\\/varietes-pures\\\/#primaryimage\"},\"image\":{\"@id\":\"https:\\\/\\\/www.royenagri.be\\\/en\\\/product\\\/varietes-pures\\\/#primaryimage\"},\"thumbnailUrl\":\"https:\\\/\\\/www.royenagri.be\\\/wp-content\\\/uploads\\\/2024\\\/04\\\/Fichier-4.svg\",\"datePublished\":\"2025-02-26T18:04:17+00:00\",\"dateModified\":\"2025-03-11T12:13:13+00:00\",\"breadcrumb\":{\"@id\":\"https:\\\/\\\/www.royenagri.be\\\/en\\\/product\\\/varietes-pures\\\/#breadcrumb\"},\"inLanguage\":\"en-US\",\"potentialAction\":[{\"@type\":\"ReadAction\",\"target\":[\"https:\\\/\\\/www.royenagri.be\\\/en\\\/product\\\/varietes-pures\\\/\"]}]},{\"@type\":\"ImageObject\",\"inLanguage\":\"en-US\",\"@id\":\"https:\\\/\\\/www.royenagri.be\\\/en\\\/product\\\/varietes-pures\\\/#primaryimage\",\"url\":\"https:\\\/\\\/www.royenagri.be\\\/wp-content\\\/uploads\\\/2024\\\/04\\\/Fichier-4.svg\",\"contentUrl\":\"https:\\\/\\\/www.royenagri.be\\\/wp-content\\\/uploads\\\/2024\\\/04\\\/Fichier-4.svg\",\"caption\":\"Semences\"},{\"@type\":\"BreadcrumbList\",\"@id\":\"https:\\\/\\\/www.royenagri.be\\\/en\\\/product\\\/varietes-pures\\\/#breadcrumb\",\"itemListElement\":[{\"@type\":\"ListItem\",\"position\":1,\"name\":\"Home\",\"item\":\"https:\\\/\\\/www.royenagri.be\\\/en\\\/\"},{\"@type\":\"ListItem\",\"position\":2,\"name\":\"Shop\",\"item\":\"https:\\\/\\\/www.royenagri.be\\\/en\\\/shop\\\/\"},{\"@type\":\"ListItem\",\"position\":3,\"name\":\"Vari\u00e9t\u00e9s pures et m\u00e9langes sp\u00e9ciaux\"}]},{\"@type\":\"WebSite\",\"@id\":\"https:\\\/\\\/www.royenagri.be\\\/en\\\/#website\",\"url\":\"https:\\\/\\\/www.royenagri.be\\\/en\\\/\",\"name\":\"Royen Agri\",\"description\":\"\",\"potentialAction\":[{\"@type\":\"SearchAction\",\"target\":{\"@type\":\"EntryPoint\",\"urlTemplate\":\"https:\\\/\\\/www.royenagri.be\\\/en\\\/?s={search_term_string}\"},\"query-input\":{\"@type\":\"PropertyValueSpecification\",\"valueRequired\":true,\"valueName\":\"search_term_string\"}}],\"inLanguage\":\"en-US\"}]}<\/script>\n<!-- \/ Yoast SEO plugin. -->","yoast_head_json":{"title":"Vari\u00e9t\u00e9s pures et m\u00e9langes sp\u00e9ciaux - Royen Agri","robots":{"index":"index","follow":"follow","max-snippet":"max-snippet:-1","max-image-preview":"max-image-preview:large","max-video-preview":"max-video-preview:-1"},"canonical":"https:\/\/www.royenagri.be\/en\/product\/varietes-pures\/","og_locale":"en_US","og_type":"article","og_title":"Vari\u00e9t\u00e9s pures et m\u00e9langes sp\u00e9ciaux - Royen Agri","og_description":"Par demande, nous pouvons vous proposer toutes les vari\u00e9t\u00e9s disponibles chez nos fournisseurs : Gramin\u00e9es L\u00e9gumineuses Prot\u00e9agineuses Semences c\u00e9r\u00e9ales C\u00e9r\u00e9ales d\u2019hiver= Froment Escourgeon Triticale Avoine Epeautre Seigle Et C\u00e9r\u00e9ales de printemps= Orge Avoine Froment Triticale Epeaute Pois fourrager Semences de maiis Semences de colza d\u2019hiver Semences betteraves fourrag\u00e8res M\u00e9langes Gazon M\u00e9langes fleuris M\u00e9langes schasse + [&hellip;]","og_url":"https:\/\/www.royenagri.be\/en\/product\/varietes-pures\/","og_site_name":"Royen Agri","article_modified_time":"2025-03-11T12:13:13+00:00","twitter_card":"summary_large_image","twitter_misc":{"Est. reading time":"1 minute"},"schema":{"@context":"https:\/\/schema.org","@graph":[{"@type":"WebPage","@id":"https:\/\/www.royenagri.be\/en\/product\/varietes-pures\/","url":"https:\/\/www.royenagri.be\/en\/product\/varietes-pures\/","name":"Vari\u00e9t\u00e9s pures et m\u00e9langes sp\u00e9ciaux - Royen Agri","isPartOf":{"@id":"https:\/\/www.royenagri.be\/en\/#website"},"primaryImageOfPage":{"@id":"https:\/\/www.royenagri.be\/en\/product\/varietes-pures\/#primaryimage"},"image":{"@id":"https:\/\/www.royenagri.be\/en\/product\/varietes-pures\/#primaryimage"},"thumbnailUrl":"https:\/\/www.royenagri.be\/wp-content\/uploads\/2024\/04\/Fichier-4.svg","datePublished":"2025-02-26T18:04:17+00:00","dateModified":"2025-03-11T12:13:13+00:00","breadcrumb":{"@id":"https:\/\/www.royenagri.be\/en\/product\/varietes-pures\/#breadcrumb"},"inLanguage":"en-US","potentialAction":[{"@type":"ReadAction","target":["https:\/\/www.royenagri.be\/en\/product\/varietes-pures\/"]}]},{"@type":"ImageObject","inLanguage":"en-US","@id":"https:\/\/www.royenagri.be\/en\/product\/varietes-pures\/#primaryimage","url":"https:\/\/www.royenagri.be\/wp-content\/uploads\/2024\/04\/Fichier-4.svg","contentUrl":"https:\/\/www.royenagri.be\/wp-content\/uploads\/2024\/04\/Fichier-4.svg","caption":"Semences"},{"@type":"BreadcrumbList","@id":"https:\/\/www.royenagri.be\/en\/product\/varietes-pures\/#breadcrumb","itemListElement":[{"@type":"ListItem","position":1,"name":"Home","item":"https:\/\/www.royenagri.be\/en\/"},{"@type":"ListItem","position":2,"name":"Shop","item":"https:\/\/www.royenagri.be\/en\/shop\/"},{"@type":"ListItem","position":3,"name":"Vari\u00e9t\u00e9s pures et m\u00e9langes sp\u00e9ciaux"}]},{"@type":"WebSite","@id":"https:\/\/www.royenagri.be\/en\/#website","url":"https:\/\/www.royenagri.be\/en\/","name":"Royen Agri","description":"","potentialAction":[{"@type":"SearchAction","target":{"@type":"EntryPoint","urlTemplate":"https:\/\/www.royenagri.be\/en\/?s={search_term_string}"},"query-input":{"@type":"PropertyValueSpecification","valueRequired":true,"valueName":"search_term_string"}}],"inLanguage":"en-US"}]}},"_links":{"self":[{"href":"https:\/\/www.royenagri.be\/en\/wp-json\/wp\/v2\/product\/2845","targetHints":{"allow":["GET"]}}],"collection":[{"href":"https:\/\/www.royenagri.be\/en\/wp-json\/wp\/v2\/product"}],"about":[{"href":"https:\/\/www.royenagri.be\/en\/wp-json\/wp\/v2\/types\/product"}],"replies":[{"embeddable":true,"href":"https:\/\/www.royenagri.be\/en\/wp-json\/wp\/v2\/comments?post=2845"}],"wp:featuredmedia":[{"embeddable":true,"href":"https:\/\/www.royenagri.be\/en\/wp-json\/wp\/v2\/media\/1392"}],"wp:attachment":[{"href":"https:\/\/www.royenagri.be\/en\/wp-json\/wp\/v2\/media?parent=2845"}],"wp:term":[{"taxonomy":"product_brand","embeddable":true,"href":"https:\/\/www.royenagri.be\/en\/wp-json\/wp\/v2\/product_brand?post=2845"},{"taxonomy":"product_cat","embeddable":true,"href":"https:\/\/www.royenagri.be\/en\/wp-json\/wp\/v2\/product_cat?post=2845"},{"taxonomy":"product_tag","embeddable":true,"href":"https:\/\/www.royenagri.be\/en\/wp-json\/wp\/v2\/product_tag?post=2845"}],"curies":[{"name":"wp","href":"https:\/\/api.w.org\/{rel}","templated":true}]}}