{"id":2905,"date":"2025-03-03T08:42:35","date_gmt":"2025-03-03T08:42:35","guid":{"rendered":"https:\/\/royenagri.brainmade.lws-servers.be\/?post_type=product&#038;p=2905"},"modified":"2026-01-16T14:10:28","modified_gmt":"2026-01-16T14:10:28","slug":"globo-3600","status":"publish","type":"product","link":"https:\/\/www.royenagri.be\/en\/product\/globo-3600\/","title":{"rendered":"Globo 3600"},"content":{"rendered":"<p>Globo 3600 est un nettoyant alcalin moussant puissant, con\u00e7u pour le nettoyage en profondeur des v\u00e9hicules. Il est efficace sur tous types de carrosseries et surfaces plastiques, \u00e9liminant le film statique, les r\u00e9sidus de goudron, les insectes et les traces de pollution qui s\u2019accumulent avec le temps.<\/p>\n<p>Sa formulation sans NTA ni phosphates respecte les surfaces tout en offrant un haut pouvoir d\u00e9graissant. Son parfum citron frais apporte une sensation de propret\u00e9 et de fra\u00eecheur apr\u00e8s chaque lavage.<\/p>\n<p>Facile \u00e0 appliquer, Globo 3600 s\u2019utilise par pulv\u00e9risation et doit \u00eatre rinc\u00e9 avec une pompe haute pression pour un r\u00e9sultat optimal. Son dosage varie selon le type de lavage :<\/p>\n<ul>\n<li>Carwash : dilution entre 1 et 3 %<\/li>\n<li>Truckwash : dilution entre 2 et 4 %<\/li>\n<\/ul>\n<p>Disponible en formats de 5 kg, 20 kg, 210 kg et 1000 kg, Globo 3600 est une solution efficace et polyvalente pour les particuliers et professionnels de l\u2019entretien automobile.<\/p>\n","protected":false},"excerpt":{"rendered":"<p>Globo 3600 est un nettoyant alcalin moussant, id\u00e9al pour tous types de v\u00e9hicules. Il \u00e9limine efficacement graisses, r\u00e9sidus de goudron, insectes et traces de pollution<\/p>\n","protected":false},"featured_media":3136,"comment_status":"closed","ping_status":"closed","template":"","meta":{"_acf_changed":false,"inline_featured_image":false},"product_brand":[],"product_cat":[43,52],"product_tag":[],"class_list":{"0":"post-2905","1":"product","2":"type-product","3":"status-publish","4":"has-post-thumbnail","6":"product_cat-nettoyage","7":"product_cat-nettoyage-et-polissage-de-tous-les-vehicules","8":"products_brands-kenotek","10":"first","11":"instock","12":"taxable","13":"shipping-taxable","14":"purchasable","15":"product-type-variable"},"acf":[],"yoast_head":"<!-- This site is optimized with the Yoast SEO plugin v27.5 - https:\/\/yoast.com\/product\/yoast-seo-wordpress\/ -->\n<title>Globo 3600 - Royen Agri<\/title>\n<meta name=\"description\" content=\"Globo 3600, nettoyant alcalin moussant, \u00e9limine goudron, insectes et pollution sur tous types de v\u00e9hicules. Sans NTA ni phosphates.\" \/>\n<meta name=\"robots\" content=\"index, follow, max-snippet:-1, max-image-preview:large, max-video-preview:-1\" \/>\n<link rel=\"canonical\" href=\"https:\/\/www.royenagri.be\/en\/product\/globo-3600\/\" \/>\n<meta property=\"og:locale\" content=\"en_US\" \/>\n<meta property=\"og:type\" content=\"article\" \/>\n<meta property=\"og:title\" content=\"Globo 3600 - Royen Agri\" \/>\n<meta property=\"og:description\" content=\"Globo 3600, nettoyant alcalin moussant, \u00e9limine goudron, insectes et pollution sur tous types de v\u00e9hicules. Sans NTA ni phosphates.\" \/>\n<meta property=\"og:url\" content=\"https:\/\/www.royenagri.be\/en\/product\/globo-3600\/\" \/>\n<meta property=\"og:site_name\" content=\"Royen Agri\" \/>\n<meta property=\"article:modified_time\" content=\"2026-01-16T14:10:28+00:00\" \/>\n<meta property=\"og:image\" content=\"https:\/\/www.royenagri.be\/wp-content\/uploads\/2025\/03\/GLOBO-3600.png.png\" \/>\n\t<meta property=\"og:image:width\" content=\"1059\" \/>\n\t<meta property=\"og:image:height\" content=\"1477\" \/>\n\t<meta property=\"og:image:type\" content=\"image\/png\" \/>\n<meta name=\"twitter:card\" content=\"summary_large_image\" \/>\n<meta name=\"twitter:label1\" content=\"Est. reading time\" \/>\n\t<meta name=\"twitter:data1\" content=\"2 minutes\" \/>\n<script type=\"application\/ld+json\" class=\"yoast-schema-graph\">{\"@context\":\"https:\\\/\\\/schema.org\",\"@graph\":[{\"@type\":\"WebPage\",\"@id\":\"https:\\\/\\\/www.royenagri.be\\\/en\\\/product\\\/globo-3600\\\/\",\"url\":\"https:\\\/\\\/www.royenagri.be\\\/en\\\/product\\\/globo-3600\\\/\",\"name\":\"Globo 3600 - Royen Agri\",\"isPartOf\":{\"@id\":\"https:\\\/\\\/www.royenagri.be\\\/en\\\/#website\"},\"primaryImageOfPage\":{\"@id\":\"https:\\\/\\\/www.royenagri.be\\\/en\\\/product\\\/globo-3600\\\/#primaryimage\"},\"image\":{\"@id\":\"https:\\\/\\\/www.royenagri.be\\\/en\\\/product\\\/globo-3600\\\/#primaryimage\"},\"thumbnailUrl\":\"https:\\\/\\\/www.royenagri.be\\\/wp-content\\\/uploads\\\/2025\\\/03\\\/GLOBO-3600.png.png\",\"datePublished\":\"2025-03-03T08:42:35+00:00\",\"dateModified\":\"2026-01-16T14:10:28+00:00\",\"description\":\"Globo 3600, nettoyant alcalin moussant, \u00e9limine goudron, insectes et pollution sur tous types de v\u00e9hicules. Sans NTA ni phosphates.\",\"breadcrumb\":{\"@id\":\"https:\\\/\\\/www.royenagri.be\\\/en\\\/product\\\/globo-3600\\\/#breadcrumb\"},\"inLanguage\":\"en-US\",\"potentialAction\":[{\"@type\":\"ReadAction\",\"target\":[\"https:\\\/\\\/www.royenagri.be\\\/en\\\/product\\\/globo-3600\\\/\"]}]},{\"@type\":\"ImageObject\",\"inLanguage\":\"en-US\",\"@id\":\"https:\\\/\\\/www.royenagri.be\\\/en\\\/product\\\/globo-3600\\\/#primaryimage\",\"url\":\"https:\\\/\\\/www.royenagri.be\\\/wp-content\\\/uploads\\\/2025\\\/03\\\/GLOBO-3600.png.png\",\"contentUrl\":\"https:\\\/\\\/www.royenagri.be\\\/wp-content\\\/uploads\\\/2025\\\/03\\\/GLOBO-3600.png.png\",\"width\":1059,\"height\":1477,\"caption\":\"GLOBO 3600\"},{\"@type\":\"BreadcrumbList\",\"@id\":\"https:\\\/\\\/www.royenagri.be\\\/en\\\/product\\\/globo-3600\\\/#breadcrumb\",\"itemListElement\":[{\"@type\":\"ListItem\",\"position\":1,\"name\":\"Home\",\"item\":\"https:\\\/\\\/www.royenagri.be\\\/en\\\/\"},{\"@type\":\"ListItem\",\"position\":2,\"name\":\"Shop\",\"item\":\"https:\\\/\\\/www.royenagri.be\\\/en\\\/shop\\\/\"},{\"@type\":\"ListItem\",\"position\":3,\"name\":\"Globo 3600\"}]},{\"@type\":\"WebSite\",\"@id\":\"https:\\\/\\\/www.royenagri.be\\\/en\\\/#website\",\"url\":\"https:\\\/\\\/www.royenagri.be\\\/en\\\/\",\"name\":\"Royen Agri\",\"description\":\"\",\"potentialAction\":[{\"@type\":\"SearchAction\",\"target\":{\"@type\":\"EntryPoint\",\"urlTemplate\":\"https:\\\/\\\/www.royenagri.be\\\/en\\\/?s={search_term_string}\"},\"query-input\":{\"@type\":\"PropertyValueSpecification\",\"valueRequired\":true,\"valueName\":\"search_term_string\"}}],\"inLanguage\":\"en-US\"}]}<\/script>\n<!-- \/ Yoast SEO plugin. -->","yoast_head_json":{"title":"Globo 3600 - Royen Agri","description":"Globo 3600, nettoyant alcalin moussant, \u00e9limine goudron, insectes et pollution sur tous types de v\u00e9hicules. Sans NTA ni phosphates.","robots":{"index":"index","follow":"follow","max-snippet":"max-snippet:-1","max-image-preview":"max-image-preview:large","max-video-preview":"max-video-preview:-1"},"canonical":"https:\/\/www.royenagri.be\/en\/product\/globo-3600\/","og_locale":"en_US","og_type":"article","og_title":"Globo 3600 - Royen Agri","og_description":"Globo 3600, nettoyant alcalin moussant, \u00e9limine goudron, insectes et pollution sur tous types de v\u00e9hicules. Sans NTA ni phosphates.","og_url":"https:\/\/www.royenagri.be\/en\/product\/globo-3600\/","og_site_name":"Royen Agri","article_modified_time":"2026-01-16T14:10:28+00:00","og_image":[{"width":1059,"height":1477,"url":"https:\/\/www.royenagri.be\/wp-content\/uploads\/2025\/03\/GLOBO-3600.png.png","type":"image\/png"}],"twitter_card":"summary_large_image","twitter_misc":{"Est. reading time":"2 minutes"},"schema":{"@context":"https:\/\/schema.org","@graph":[{"@type":"WebPage","@id":"https:\/\/www.royenagri.be\/en\/product\/globo-3600\/","url":"https:\/\/www.royenagri.be\/en\/product\/globo-3600\/","name":"Globo 3600 - Royen Agri","isPartOf":{"@id":"https:\/\/www.royenagri.be\/en\/#website"},"primaryImageOfPage":{"@id":"https:\/\/www.royenagri.be\/en\/product\/globo-3600\/#primaryimage"},"image":{"@id":"https:\/\/www.royenagri.be\/en\/product\/globo-3600\/#primaryimage"},"thumbnailUrl":"https:\/\/www.royenagri.be\/wp-content\/uploads\/2025\/03\/GLOBO-3600.png.png","datePublished":"2025-03-03T08:42:35+00:00","dateModified":"2026-01-16T14:10:28+00:00","description":"Globo 3600, nettoyant alcalin moussant, \u00e9limine goudron, insectes et pollution sur tous types de v\u00e9hicules. Sans NTA ni phosphates.","breadcrumb":{"@id":"https:\/\/www.royenagri.be\/en\/product\/globo-3600\/#breadcrumb"},"inLanguage":"en-US","potentialAction":[{"@type":"ReadAction","target":["https:\/\/www.royenagri.be\/en\/product\/globo-3600\/"]}]},{"@type":"ImageObject","inLanguage":"en-US","@id":"https:\/\/www.royenagri.be\/en\/product\/globo-3600\/#primaryimage","url":"https:\/\/www.royenagri.be\/wp-content\/uploads\/2025\/03\/GLOBO-3600.png.png","contentUrl":"https:\/\/www.royenagri.be\/wp-content\/uploads\/2025\/03\/GLOBO-3600.png.png","width":1059,"height":1477,"caption":"GLOBO 3600"},{"@type":"BreadcrumbList","@id":"https:\/\/www.royenagri.be\/en\/product\/globo-3600\/#breadcrumb","itemListElement":[{"@type":"ListItem","position":1,"name":"Home","item":"https:\/\/www.royenagri.be\/en\/"},{"@type":"ListItem","position":2,"name":"Shop","item":"https:\/\/www.royenagri.be\/en\/shop\/"},{"@type":"ListItem","position":3,"name":"Globo 3600"}]},{"@type":"WebSite","@id":"https:\/\/www.royenagri.be\/en\/#website","url":"https:\/\/www.royenagri.be\/en\/","name":"Royen Agri","description":"","potentialAction":[{"@type":"SearchAction","target":{"@type":"EntryPoint","urlTemplate":"https:\/\/www.royenagri.be\/en\/?s={search_term_string}"},"query-input":{"@type":"PropertyValueSpecification","valueRequired":true,"valueName":"search_term_string"}}],"inLanguage":"en-US"}]}},"_links":{"self":[{"href":"https:\/\/www.royenagri.be\/en\/wp-json\/wp\/v2\/product\/2905","targetHints":{"allow":["GET"]}}],"collection":[{"href":"https:\/\/www.royenagri.be\/en\/wp-json\/wp\/v2\/product"}],"about":[{"href":"https:\/\/www.royenagri.be\/en\/wp-json\/wp\/v2\/types\/product"}],"replies":[{"embeddable":true,"href":"https:\/\/www.royenagri.be\/en\/wp-json\/wp\/v2\/comments?post=2905"}],"wp:featuredmedia":[{"embeddable":true,"href":"https:\/\/www.royenagri.be\/en\/wp-json\/wp\/v2\/media\/3136"}],"wp:attachment":[{"href":"https:\/\/www.royenagri.be\/en\/wp-json\/wp\/v2\/media?parent=2905"}],"wp:term":[{"taxonomy":"product_brand","embeddable":true,"href":"https:\/\/www.royenagri.be\/en\/wp-json\/wp\/v2\/product_brand?post=2905"},{"taxonomy":"product_cat","embeddable":true,"href":"https:\/\/www.royenagri.be\/en\/wp-json\/wp\/v2\/product_cat?post=2905"},{"taxonomy":"product_tag","embeddable":true,"href":"https:\/\/www.royenagri.be\/en\/wp-json\/wp\/v2\/product_tag?post=2905"}],"curies":[{"name":"wp","href":"https:\/\/api.w.org\/{rel}","templated":true}]}}