{"id":2921,"date":"2025-03-03T09:06:11","date_gmt":"2025-03-03T09:06:11","guid":{"rendered":"https:\/\/royenagri.brainmade.lws-servers.be\/?post_type=product&#038;p=2921"},"modified":"2025-03-14T11:19:22","modified_gmt":"2025-03-14T11:19:22","slug":"pompe-dosage","status":"publish","type":"product","link":"https:\/\/www.royenagri.be\/en\/product\/pompe-dosage\/","title":{"rendered":"Pompe dosage"},"content":{"rendered":"<p>La pompe dosage 15 ml est un accessoire pratique et s\u00e9curis\u00e9 con\u00e7u pour pr\u00e9lever avec pr\u00e9cision des liquides dans les bidons. Elle permet un dosage exact tout en limitant les risques de d\u00e9versement ou de gaspillage, assurant ainsi une gestion optimis\u00e9e des produits.<\/p>\n<p>Compatible avec plusieurs tailles de bidons (10 kg, 22 kg, 24 kg, 25 kg et 30 kg), cette pompe est id\u00e9ale pour l\u2019industrie, l\u2019agriculture, le secteur chimique et l\u2019entretien professionnel, o\u00f9 la gestion des liquides doit \u00eatre contr\u00f4l\u00e9e et efficace.<\/p>\n<p>Sa conception robuste et ergonomique assure une utilisation facile et rapide, facilitant le pr\u00e9l\u00e8vement de produits liquides sans besoin de transvasement manuel. Sa compatibilit\u00e9 avec divers liquides en fait un outil polyvalent et indispensable.<\/p>\n<p>Disponible sur demande, la pompe dosage 15 ml est une solution fiable pour optimiser le dosage des liquides tout en garantissant s\u00e9curit\u00e9 et pr\u00e9cision.<\/p>\n","protected":false},"excerpt":{"rendered":"<p class=\"p1\">Pompe dosage 15 ml permettant un pr\u00e9l\u00e8vement pr\u00e9cis et s\u00e9curis\u00e9 des liquides dans les bidons.<\/p>\n","protected":false},"featured_media":2922,"comment_status":"open","ping_status":"closed","template":"","meta":{"_acf_changed":false,"inline_featured_image":false},"product_brand":[],"product_cat":[53,497,41],"product_tag":[],"class_list":{"0":"post-2921","1":"product","2":"type-product","3":"status-publish","4":"has-post-thumbnail","6":"product_cat-cip-hygiene-des-appareils","7":"product_cat-equipement","8":"product_cat-hygiene-de-la-traite","10":"first","11":"instock","12":"taxable","13":"shipping-taxable","14":"product-type-simple"},"acf":[],"yoast_head":"<!-- This site is optimized with the Yoast SEO plugin v27.5 - https:\/\/yoast.com\/product\/yoast-seo-wordpress\/ -->\n<title>Pompe dosage - Royen Agri<\/title>\n<meta name=\"description\" content=\"Pompe dosage 15 ml pour un pr\u00e9l\u00e8vement pr\u00e9cis et s\u00e9curis\u00e9 des liquides. Compatible avec bidons de 10 \u00e0 30 kg, elle optimise le dosage.\" \/>\n<meta name=\"robots\" content=\"index, follow, max-snippet:-1, max-image-preview:large, max-video-preview:-1\" \/>\n<link rel=\"canonical\" href=\"https:\/\/www.royenagri.be\/en\/product\/pompe-dosage\/\" \/>\n<meta property=\"og:locale\" content=\"en_US\" \/>\n<meta property=\"og:type\" content=\"article\" \/>\n<meta property=\"og:title\" content=\"Pompe dosage - Royen Agri\" \/>\n<meta property=\"og:description\" content=\"Pompe dosage 15 ml pour un pr\u00e9l\u00e8vement pr\u00e9cis et s\u00e9curis\u00e9 des liquides. Compatible avec bidons de 10 \u00e0 30 kg, elle optimise le dosage.\" \/>\n<meta property=\"og:url\" content=\"https:\/\/www.royenagri.be\/en\/product\/pompe-dosage\/\" \/>\n<meta property=\"og:site_name\" content=\"Royen Agri\" \/>\n<meta property=\"article:modified_time\" content=\"2025-03-14T11:19:22+00:00\" \/>\n<meta property=\"og:image\" content=\"https:\/\/www.royenagri.be\/wp-content\/uploads\/2025\/03\/105175-dosiepumpe-nr-61-2_600x600-removebg-preview.png\" \/>\n\t<meta property=\"og:image:width\" content=\"500\" \/>\n\t<meta property=\"og:image:height\" content=\"500\" \/>\n\t<meta property=\"og:image:type\" content=\"image\/png\" \/>\n<meta name=\"twitter:card\" content=\"summary_large_image\" \/>\n<meta name=\"twitter:label1\" content=\"Est. reading time\" \/>\n\t<meta name=\"twitter:data1\" content=\"2 minutes\" \/>\n<script type=\"application\/ld+json\" class=\"yoast-schema-graph\">{\"@context\":\"https:\\\/\\\/schema.org\",\"@graph\":[{\"@type\":\"WebPage\",\"@id\":\"https:\\\/\\\/www.royenagri.be\\\/en\\\/product\\\/pompe-dosage\\\/\",\"url\":\"https:\\\/\\\/www.royenagri.be\\\/en\\\/product\\\/pompe-dosage\\\/\",\"name\":\"Pompe dosage - Royen Agri\",\"isPartOf\":{\"@id\":\"https:\\\/\\\/www.royenagri.be\\\/en\\\/#website\"},\"primaryImageOfPage\":{\"@id\":\"https:\\\/\\\/www.royenagri.be\\\/en\\\/product\\\/pompe-dosage\\\/#primaryimage\"},\"image\":{\"@id\":\"https:\\\/\\\/www.royenagri.be\\\/en\\\/product\\\/pompe-dosage\\\/#primaryimage\"},\"thumbnailUrl\":\"https:\\\/\\\/www.royenagri.be\\\/wp-content\\\/uploads\\\/2025\\\/03\\\/105175-dosiepumpe-nr-61-2_600x600-removebg-preview.png\",\"datePublished\":\"2025-03-03T09:06:11+00:00\",\"dateModified\":\"2025-03-14T11:19:22+00:00\",\"description\":\"Pompe dosage 15 ml pour un pr\u00e9l\u00e8vement pr\u00e9cis et s\u00e9curis\u00e9 des liquides. Compatible avec bidons de 10 \u00e0 30 kg, elle optimise le dosage.\",\"breadcrumb\":{\"@id\":\"https:\\\/\\\/www.royenagri.be\\\/en\\\/product\\\/pompe-dosage\\\/#breadcrumb\"},\"inLanguage\":\"en-US\",\"potentialAction\":[{\"@type\":\"ReadAction\",\"target\":[\"https:\\\/\\\/www.royenagri.be\\\/en\\\/product\\\/pompe-dosage\\\/\"]}]},{\"@type\":\"ImageObject\",\"inLanguage\":\"en-US\",\"@id\":\"https:\\\/\\\/www.royenagri.be\\\/en\\\/product\\\/pompe-dosage\\\/#primaryimage\",\"url\":\"https:\\\/\\\/www.royenagri.be\\\/wp-content\\\/uploads\\\/2025\\\/03\\\/105175-dosiepumpe-nr-61-2_600x600-removebg-preview.png\",\"contentUrl\":\"https:\\\/\\\/www.royenagri.be\\\/wp-content\\\/uploads\\\/2025\\\/03\\\/105175-dosiepumpe-nr-61-2_600x600-removebg-preview.png\",\"width\":500,\"height\":500,\"caption\":\"Pompe dosage\"},{\"@type\":\"BreadcrumbList\",\"@id\":\"https:\\\/\\\/www.royenagri.be\\\/en\\\/product\\\/pompe-dosage\\\/#breadcrumb\",\"itemListElement\":[{\"@type\":\"ListItem\",\"position\":1,\"name\":\"Home\",\"item\":\"https:\\\/\\\/www.royenagri.be\\\/en\\\/\"},{\"@type\":\"ListItem\",\"position\":2,\"name\":\"Shop\",\"item\":\"https:\\\/\\\/www.royenagri.be\\\/en\\\/shop\\\/\"},{\"@type\":\"ListItem\",\"position\":3,\"name\":\"Pompe dosage\"}]},{\"@type\":\"WebSite\",\"@id\":\"https:\\\/\\\/www.royenagri.be\\\/en\\\/#website\",\"url\":\"https:\\\/\\\/www.royenagri.be\\\/en\\\/\",\"name\":\"Royen Agri\",\"description\":\"\",\"potentialAction\":[{\"@type\":\"SearchAction\",\"target\":{\"@type\":\"EntryPoint\",\"urlTemplate\":\"https:\\\/\\\/www.royenagri.be\\\/en\\\/?s={search_term_string}\"},\"query-input\":{\"@type\":\"PropertyValueSpecification\",\"valueRequired\":true,\"valueName\":\"search_term_string\"}}],\"inLanguage\":\"en-US\"}]}<\/script>\n<!-- \/ Yoast SEO plugin. -->","yoast_head_json":{"title":"Pompe dosage - Royen Agri","description":"Pompe dosage 15 ml pour un pr\u00e9l\u00e8vement pr\u00e9cis et s\u00e9curis\u00e9 des liquides. Compatible avec bidons de 10 \u00e0 30 kg, elle optimise le dosage.","robots":{"index":"index","follow":"follow","max-snippet":"max-snippet:-1","max-image-preview":"max-image-preview:large","max-video-preview":"max-video-preview:-1"},"canonical":"https:\/\/www.royenagri.be\/en\/product\/pompe-dosage\/","og_locale":"en_US","og_type":"article","og_title":"Pompe dosage - Royen Agri","og_description":"Pompe dosage 15 ml pour un pr\u00e9l\u00e8vement pr\u00e9cis et s\u00e9curis\u00e9 des liquides. Compatible avec bidons de 10 \u00e0 30 kg, elle optimise le dosage.","og_url":"https:\/\/www.royenagri.be\/en\/product\/pompe-dosage\/","og_site_name":"Royen Agri","article_modified_time":"2025-03-14T11:19:22+00:00","og_image":[{"width":500,"height":500,"url":"https:\/\/www.royenagri.be\/wp-content\/uploads\/2025\/03\/105175-dosiepumpe-nr-61-2_600x600-removebg-preview.png","type":"image\/png"}],"twitter_card":"summary_large_image","twitter_misc":{"Est. reading time":"2 minutes"},"schema":{"@context":"https:\/\/schema.org","@graph":[{"@type":"WebPage","@id":"https:\/\/www.royenagri.be\/en\/product\/pompe-dosage\/","url":"https:\/\/www.royenagri.be\/en\/product\/pompe-dosage\/","name":"Pompe dosage - Royen Agri","isPartOf":{"@id":"https:\/\/www.royenagri.be\/en\/#website"},"primaryImageOfPage":{"@id":"https:\/\/www.royenagri.be\/en\/product\/pompe-dosage\/#primaryimage"},"image":{"@id":"https:\/\/www.royenagri.be\/en\/product\/pompe-dosage\/#primaryimage"},"thumbnailUrl":"https:\/\/www.royenagri.be\/wp-content\/uploads\/2025\/03\/105175-dosiepumpe-nr-61-2_600x600-removebg-preview.png","datePublished":"2025-03-03T09:06:11+00:00","dateModified":"2025-03-14T11:19:22+00:00","description":"Pompe dosage 15 ml pour un pr\u00e9l\u00e8vement pr\u00e9cis et s\u00e9curis\u00e9 des liquides. Compatible avec bidons de 10 \u00e0 30 kg, elle optimise le dosage.","breadcrumb":{"@id":"https:\/\/www.royenagri.be\/en\/product\/pompe-dosage\/#breadcrumb"},"inLanguage":"en-US","potentialAction":[{"@type":"ReadAction","target":["https:\/\/www.royenagri.be\/en\/product\/pompe-dosage\/"]}]},{"@type":"ImageObject","inLanguage":"en-US","@id":"https:\/\/www.royenagri.be\/en\/product\/pompe-dosage\/#primaryimage","url":"https:\/\/www.royenagri.be\/wp-content\/uploads\/2025\/03\/105175-dosiepumpe-nr-61-2_600x600-removebg-preview.png","contentUrl":"https:\/\/www.royenagri.be\/wp-content\/uploads\/2025\/03\/105175-dosiepumpe-nr-61-2_600x600-removebg-preview.png","width":500,"height":500,"caption":"Pompe dosage"},{"@type":"BreadcrumbList","@id":"https:\/\/www.royenagri.be\/en\/product\/pompe-dosage\/#breadcrumb","itemListElement":[{"@type":"ListItem","position":1,"name":"Home","item":"https:\/\/www.royenagri.be\/en\/"},{"@type":"ListItem","position":2,"name":"Shop","item":"https:\/\/www.royenagri.be\/en\/shop\/"},{"@type":"ListItem","position":3,"name":"Pompe dosage"}]},{"@type":"WebSite","@id":"https:\/\/www.royenagri.be\/en\/#website","url":"https:\/\/www.royenagri.be\/en\/","name":"Royen Agri","description":"","potentialAction":[{"@type":"SearchAction","target":{"@type":"EntryPoint","urlTemplate":"https:\/\/www.royenagri.be\/en\/?s={search_term_string}"},"query-input":{"@type":"PropertyValueSpecification","valueRequired":true,"valueName":"search_term_string"}}],"inLanguage":"en-US"}]}},"_links":{"self":[{"href":"https:\/\/www.royenagri.be\/en\/wp-json\/wp\/v2\/product\/2921","targetHints":{"allow":["GET"]}}],"collection":[{"href":"https:\/\/www.royenagri.be\/en\/wp-json\/wp\/v2\/product"}],"about":[{"href":"https:\/\/www.royenagri.be\/en\/wp-json\/wp\/v2\/types\/product"}],"replies":[{"embeddable":true,"href":"https:\/\/www.royenagri.be\/en\/wp-json\/wp\/v2\/comments?post=2921"}],"wp:featuredmedia":[{"embeddable":true,"href":"https:\/\/www.royenagri.be\/en\/wp-json\/wp\/v2\/media\/2922"}],"wp:attachment":[{"href":"https:\/\/www.royenagri.be\/en\/wp-json\/wp\/v2\/media?parent=2921"}],"wp:term":[{"taxonomy":"product_brand","embeddable":true,"href":"https:\/\/www.royenagri.be\/en\/wp-json\/wp\/v2\/product_brand?post=2921"},{"taxonomy":"product_cat","embeddable":true,"href":"https:\/\/www.royenagri.be\/en\/wp-json\/wp\/v2\/product_cat?post=2921"},{"taxonomy":"product_tag","embeddable":true,"href":"https:\/\/www.royenagri.be\/en\/wp-json\/wp\/v2\/product_tag?post=2921"}],"curies":[{"name":"wp","href":"https:\/\/api.w.org\/{rel}","templated":true}]}}