{"id":3140,"date":"2025-03-11T13:06:35","date_gmt":"2025-03-11T13:06:35","guid":{"rendered":"https:\/\/royenagri.brainmade.lws-servers.be\/?post_type=product&#038;p=3140"},"modified":"2025-03-11T13:08:13","modified_gmt":"2025-03-11T13:08:13","slug":"chaux-pour-remplir-les-logettes","status":"publish","type":"product","link":"https:\/\/www.royenagri.be\/en\/product\/chaux-pour-remplir-les-logettes\/","title":{"rendered":"Chaux pour remplir les logettes"},"content":{"rendered":"<p>La chaux pour remplir les logettes, d\u00e9velopp\u00e9e en collaboration avec BAKO, est sp\u00e9cialement con\u00e7ue pour offrir aux vaches un environnement confortable et sain. Ce m\u00e9lange de chaux, d\u2019eau et de paille favorise une hygi\u00e8ne optimale, tout en assurant un excellent confort gr\u00e2ce \u00e0 sa structure souple et absorbante.<\/p>\n<p>La granulom\u00e9trie fine (0-0,09mm) assure une r\u00e9activit\u00e9 optimale, minimisant les probl\u00e8mes techniques lors de l\u2019application. Ce proc\u00e9d\u00e9 contribue \u00e0 limiter la prolif\u00e9ration bact\u00e9rienne, r\u00e9duire l\u2019humidit\u00e9, et pr\u00e9venir les infections comme les mammites.<\/p>\n<p>Pour un premier remplissage des logettes, il est recommand\u00e9 de m\u00e9langer 600 kg de paille, 2000 kg de chaux et 400 litres d\u2019eau. L\u2019entretien r\u00e9gulier des logettes s\u2019effectue avec 600 kg de paille, 1500 kg de chaux et un maximum de 300 litres d\u2019eau.<\/p>\n<p>Un remplissage hebdomadaire est recommand\u00e9, avec un entretien quotidien pour retirer les bouses et uniformiser le m\u00e9lange. Cette approche assure une liti\u00e8re toujours s\u00e8che et propre, pour un bien-\u00eatre animal optimal.<\/p>\n","protected":false},"excerpt":{"rendered":"<p>Chaux pour logettes, en collaboration avec BAKO, garantit un remplissage optimal des logettes pour un confort maximal et une hygi\u00e8ne renforc\u00e9e.<\/p>\n","protected":false},"featured_media":3141,"comment_status":"open","ping_status":"closed","template":"","meta":{"_acf_changed":false,"inline_featured_image":false},"product_brand":[],"product_cat":[58,42],"product_tag":[],"class_list":{"0":"post-3140","1":"product","2":"type-product","3":"status-publish","4":"has-post-thumbnail","6":"product_cat-la-litiere","7":"product_cat-produits-delevage","8":"products_brands-bako","10":"first","11":"instock","12":"taxable","13":"shipping-taxable","14":"product-type-simple"},"acf":[],"yoast_head":"<!-- This site is optimized with the Yoast SEO plugin v27.5 - https:\/\/yoast.com\/product\/yoast-seo-wordpress\/ -->\n<title>Chaux pour remplir les logettes - Royen Agri<\/title>\n<meta name=\"description\" content=\"Chaux pour logettes en collaboration avec BAKO : assure confort et hygi\u00e8ne gr\u00e2ce \u00e0 un m\u00e9lange optimis\u00e9 de chaux, paille et eau.\" \/>\n<meta name=\"robots\" content=\"index, follow, max-snippet:-1, max-image-preview:large, max-video-preview:-1\" \/>\n<link rel=\"canonical\" href=\"https:\/\/www.royenagri.be\/en\/product\/chaux-pour-remplir-les-logettes\/\" \/>\n<meta property=\"og:locale\" content=\"en_US\" \/>\n<meta property=\"og:type\" content=\"article\" \/>\n<meta property=\"og:title\" content=\"Chaux pour remplir les logettes - Royen Agri\" \/>\n<meta property=\"og:description\" content=\"Chaux pour logettes en collaboration avec BAKO : assure confort et hygi\u00e8ne gr\u00e2ce \u00e0 un m\u00e9lange optimis\u00e9 de chaux, paille et eau.\" \/>\n<meta property=\"og:url\" content=\"https:\/\/www.royenagri.be\/en\/product\/chaux-pour-remplir-les-logettes\/\" \/>\n<meta property=\"og:site_name\" content=\"Royen Agri\" \/>\n<meta property=\"article:modified_time\" content=\"2025-03-11T13:08:13+00:00\" \/>\n<meta property=\"og:image\" content=\"https:\/\/www.royenagri.be\/wp-content\/uploads\/2025\/03\/Sans-titre-1.jpg\" \/>\n\t<meta property=\"og:image:width\" content=\"259\" \/>\n\t<meta property=\"og:image:height\" content=\"172\" \/>\n\t<meta property=\"og:image:type\" content=\"image\/jpeg\" \/>\n<meta name=\"twitter:card\" content=\"summary_large_image\" \/>\n<meta name=\"twitter:label1\" content=\"Est. reading time\" \/>\n\t<meta name=\"twitter:data1\" content=\"2 minutes\" \/>\n<script type=\"application\/ld+json\" class=\"yoast-schema-graph\">{\"@context\":\"https:\\\/\\\/schema.org\",\"@graph\":[{\"@type\":\"WebPage\",\"@id\":\"https:\\\/\\\/www.royenagri.be\\\/en\\\/product\\\/chaux-pour-remplir-les-logettes\\\/\",\"url\":\"https:\\\/\\\/www.royenagri.be\\\/en\\\/product\\\/chaux-pour-remplir-les-logettes\\\/\",\"name\":\"Chaux pour remplir les logettes - Royen Agri\",\"isPartOf\":{\"@id\":\"https:\\\/\\\/www.royenagri.be\\\/en\\\/#website\"},\"primaryImageOfPage\":{\"@id\":\"https:\\\/\\\/www.royenagri.be\\\/en\\\/product\\\/chaux-pour-remplir-les-logettes\\\/#primaryimage\"},\"image\":{\"@id\":\"https:\\\/\\\/www.royenagri.be\\\/en\\\/product\\\/chaux-pour-remplir-les-logettes\\\/#primaryimage\"},\"thumbnailUrl\":\"https:\\\/\\\/www.royenagri.be\\\/wp-content\\\/uploads\\\/2025\\\/03\\\/Sans-titre-1.jpg\",\"datePublished\":\"2025-03-11T13:06:35+00:00\",\"dateModified\":\"2025-03-11T13:08:13+00:00\",\"description\":\"Chaux pour logettes en collaboration avec BAKO : assure confort et hygi\u00e8ne gr\u00e2ce \u00e0 un m\u00e9lange optimis\u00e9 de chaux, paille et eau.\",\"breadcrumb\":{\"@id\":\"https:\\\/\\\/www.royenagri.be\\\/en\\\/product\\\/chaux-pour-remplir-les-logettes\\\/#breadcrumb\"},\"inLanguage\":\"en-US\",\"potentialAction\":[{\"@type\":\"ReadAction\",\"target\":[\"https:\\\/\\\/www.royenagri.be\\\/en\\\/product\\\/chaux-pour-remplir-les-logettes\\\/\"]}]},{\"@type\":\"ImageObject\",\"inLanguage\":\"en-US\",\"@id\":\"https:\\\/\\\/www.royenagri.be\\\/en\\\/product\\\/chaux-pour-remplir-les-logettes\\\/#primaryimage\",\"url\":\"https:\\\/\\\/www.royenagri.be\\\/wp-content\\\/uploads\\\/2025\\\/03\\\/Sans-titre-1.jpg\",\"contentUrl\":\"https:\\\/\\\/www.royenagri.be\\\/wp-content\\\/uploads\\\/2025\\\/03\\\/Sans-titre-1.jpg\",\"width\":259,\"height\":172,\"caption\":\"Chaux pour logettes\"},{\"@type\":\"BreadcrumbList\",\"@id\":\"https:\\\/\\\/www.royenagri.be\\\/en\\\/product\\\/chaux-pour-remplir-les-logettes\\\/#breadcrumb\",\"itemListElement\":[{\"@type\":\"ListItem\",\"position\":1,\"name\":\"Home\",\"item\":\"https:\\\/\\\/www.royenagri.be\\\/en\\\/\"},{\"@type\":\"ListItem\",\"position\":2,\"name\":\"Shop\",\"item\":\"https:\\\/\\\/www.royenagri.be\\\/en\\\/shop\\\/\"},{\"@type\":\"ListItem\",\"position\":3,\"name\":\"Chaux pour remplir les logettes\"}]},{\"@type\":\"WebSite\",\"@id\":\"https:\\\/\\\/www.royenagri.be\\\/en\\\/#website\",\"url\":\"https:\\\/\\\/www.royenagri.be\\\/en\\\/\",\"name\":\"Royen Agri\",\"description\":\"\",\"potentialAction\":[{\"@type\":\"SearchAction\",\"target\":{\"@type\":\"EntryPoint\",\"urlTemplate\":\"https:\\\/\\\/www.royenagri.be\\\/en\\\/?s={search_term_string}\"},\"query-input\":{\"@type\":\"PropertyValueSpecification\",\"valueRequired\":true,\"valueName\":\"search_term_string\"}}],\"inLanguage\":\"en-US\"}]}<\/script>\n<!-- \/ Yoast SEO plugin. -->","yoast_head_json":{"title":"Chaux pour remplir les logettes - Royen Agri","description":"Chaux pour logettes en collaboration avec BAKO : assure confort et hygi\u00e8ne gr\u00e2ce \u00e0 un m\u00e9lange optimis\u00e9 de chaux, paille et eau.","robots":{"index":"index","follow":"follow","max-snippet":"max-snippet:-1","max-image-preview":"max-image-preview:large","max-video-preview":"max-video-preview:-1"},"canonical":"https:\/\/www.royenagri.be\/en\/product\/chaux-pour-remplir-les-logettes\/","og_locale":"en_US","og_type":"article","og_title":"Chaux pour remplir les logettes - Royen Agri","og_description":"Chaux pour logettes en collaboration avec BAKO : assure confort et hygi\u00e8ne gr\u00e2ce \u00e0 un m\u00e9lange optimis\u00e9 de chaux, paille et eau.","og_url":"https:\/\/www.royenagri.be\/en\/product\/chaux-pour-remplir-les-logettes\/","og_site_name":"Royen Agri","article_modified_time":"2025-03-11T13:08:13+00:00","og_image":[{"width":259,"height":172,"url":"https:\/\/www.royenagri.be\/wp-content\/uploads\/2025\/03\/Sans-titre-1.jpg","type":"image\/jpeg"}],"twitter_card":"summary_large_image","twitter_misc":{"Est. reading time":"2 minutes"},"schema":{"@context":"https:\/\/schema.org","@graph":[{"@type":"WebPage","@id":"https:\/\/www.royenagri.be\/en\/product\/chaux-pour-remplir-les-logettes\/","url":"https:\/\/www.royenagri.be\/en\/product\/chaux-pour-remplir-les-logettes\/","name":"Chaux pour remplir les logettes - Royen Agri","isPartOf":{"@id":"https:\/\/www.royenagri.be\/en\/#website"},"primaryImageOfPage":{"@id":"https:\/\/www.royenagri.be\/en\/product\/chaux-pour-remplir-les-logettes\/#primaryimage"},"image":{"@id":"https:\/\/www.royenagri.be\/en\/product\/chaux-pour-remplir-les-logettes\/#primaryimage"},"thumbnailUrl":"https:\/\/www.royenagri.be\/wp-content\/uploads\/2025\/03\/Sans-titre-1.jpg","datePublished":"2025-03-11T13:06:35+00:00","dateModified":"2025-03-11T13:08:13+00:00","description":"Chaux pour logettes en collaboration avec BAKO : assure confort et hygi\u00e8ne gr\u00e2ce \u00e0 un m\u00e9lange optimis\u00e9 de chaux, paille et eau.","breadcrumb":{"@id":"https:\/\/www.royenagri.be\/en\/product\/chaux-pour-remplir-les-logettes\/#breadcrumb"},"inLanguage":"en-US","potentialAction":[{"@type":"ReadAction","target":["https:\/\/www.royenagri.be\/en\/product\/chaux-pour-remplir-les-logettes\/"]}]},{"@type":"ImageObject","inLanguage":"en-US","@id":"https:\/\/www.royenagri.be\/en\/product\/chaux-pour-remplir-les-logettes\/#primaryimage","url":"https:\/\/www.royenagri.be\/wp-content\/uploads\/2025\/03\/Sans-titre-1.jpg","contentUrl":"https:\/\/www.royenagri.be\/wp-content\/uploads\/2025\/03\/Sans-titre-1.jpg","width":259,"height":172,"caption":"Chaux pour logettes"},{"@type":"BreadcrumbList","@id":"https:\/\/www.royenagri.be\/en\/product\/chaux-pour-remplir-les-logettes\/#breadcrumb","itemListElement":[{"@type":"ListItem","position":1,"name":"Home","item":"https:\/\/www.royenagri.be\/en\/"},{"@type":"ListItem","position":2,"name":"Shop","item":"https:\/\/www.royenagri.be\/en\/shop\/"},{"@type":"ListItem","position":3,"name":"Chaux pour remplir les logettes"}]},{"@type":"WebSite","@id":"https:\/\/www.royenagri.be\/en\/#website","url":"https:\/\/www.royenagri.be\/en\/","name":"Royen Agri","description":"","potentialAction":[{"@type":"SearchAction","target":{"@type":"EntryPoint","urlTemplate":"https:\/\/www.royenagri.be\/en\/?s={search_term_string}"},"query-input":{"@type":"PropertyValueSpecification","valueRequired":true,"valueName":"search_term_string"}}],"inLanguage":"en-US"}]}},"_links":{"self":[{"href":"https:\/\/www.royenagri.be\/en\/wp-json\/wp\/v2\/product\/3140","targetHints":{"allow":["GET"]}}],"collection":[{"href":"https:\/\/www.royenagri.be\/en\/wp-json\/wp\/v2\/product"}],"about":[{"href":"https:\/\/www.royenagri.be\/en\/wp-json\/wp\/v2\/types\/product"}],"replies":[{"embeddable":true,"href":"https:\/\/www.royenagri.be\/en\/wp-json\/wp\/v2\/comments?post=3140"}],"wp:featuredmedia":[{"embeddable":true,"href":"https:\/\/www.royenagri.be\/en\/wp-json\/wp\/v2\/media\/3141"}],"wp:attachment":[{"href":"https:\/\/www.royenagri.be\/en\/wp-json\/wp\/v2\/media?parent=3140"}],"wp:term":[{"taxonomy":"product_brand","embeddable":true,"href":"https:\/\/www.royenagri.be\/en\/wp-json\/wp\/v2\/product_brand?post=3140"},{"taxonomy":"product_cat","embeddable":true,"href":"https:\/\/www.royenagri.be\/en\/wp-json\/wp\/v2\/product_cat?post=3140"},{"taxonomy":"product_tag","embeddable":true,"href":"https:\/\/www.royenagri.be\/en\/wp-json\/wp\/v2\/product_tag?post=3140"}],"curies":[{"name":"wp","href":"https:\/\/api.w.org\/{rel}","templated":true}]}}