{"id":2187,"date":"2025-02-19T12:32:31","date_gmt":"2025-02-19T12:32:31","guid":{"rendered":"https:\/\/royenagri.brainmade.lws-servers.be\/product\/ioklar-multi\/"},"modified":"2024-04-18T15:03:37","modified_gmt":"2024-04-18T15:03:37","slug":"ioklar-multi","status":"publish","type":"product","link":"https:\/\/www.royenagri.be\/nl\/product\/ioklar-multi\/","title":{"rendered":"IoKlar Multi"},"content":{"rendered":"<p>Alles-in-\u00e9\u00e9n product, IoKlar\u00ae Multi stelt veehouders in staat om de melkhygi\u00ebne met \u00e9\u00e9n enkel product uit te voeren.<br \/>\nIoKlar\u00ae Multi bevat jodium, een geregistreerde werkzame stof voor de desinfectie van de huid van de spenen met het oog op veterinaire hygi\u00ebne.<br \/>\nZijn unieke formule maakt het een uitstekend product voor het desinfecteren, reinigen en beschermen van de spenen.<\/p>\n","protected":false},"excerpt":{"rendered":"<p>Alles-in-\u00e9\u00e9n product, IoKlar\u00ae Multi stelt veehouders in staat om de melkhygi\u00ebne met \u00e9\u00e9n enkel product uit te voeren.<\/p>\n","protected":false},"featured_media":733,"comment_status":"closed","ping_status":"closed","template":"","meta":{"_acf_changed":false,"inline_featured_image":false},"product_brand":[],"product_cat":[287,308,302],"product_tag":[],"class_list":{"0":"post-2187","1":"product","2":"type-product","3":"status-publish","4":"has-post-thumbnail","6":"product_cat-melkhygiene","7":"product_cat-na-het-melken","8":"product_cat-uierhygiene","9":"products_brands-ecolab-nl","11":"first","12":"instock","13":"taxable","14":"shipping-taxable","15":"purchasable","16":"product-type-variable"},"acf":[],"yoast_head":"<!-- This site is optimized with the Yoast SEO plugin v27.4 - https:\/\/yoast.com\/product\/yoast-seo-wordpress\/ -->\n<title>IoKlar Multi - Royen Agri<\/title>\n<meta name=\"description\" content=\"Alles-in-\u00e9\u00e9n product, IoKlar\u00ae Multi stelt veehouders in staat om de melkhygi\u00ebne met \u00e9\u00e9n enkel product uit te voeren.\" \/>\n<meta name=\"robots\" content=\"index, follow, max-snippet:-1, max-image-preview:large, max-video-preview:-1\" \/>\n<link rel=\"canonical\" href=\"https:\/\/www.royenagri.be\/nl\/product\/ioklar-multi\/\" \/>\n<meta property=\"og:locale\" content=\"nl_NL\" \/>\n<meta property=\"og:type\" content=\"article\" \/>\n<meta property=\"og:title\" content=\"IoKlar Multi - Royen Agri\" \/>\n<meta property=\"og:description\" content=\"Alles-in-\u00e9\u00e9n product, IoKlar\u00ae Multi stelt veehouders in staat om de melkhygi\u00ebne met \u00e9\u00e9n enkel product uit te voeren.\" \/>\n<meta property=\"og:url\" content=\"https:\/\/www.royenagri.be\/nl\/product\/ioklar-multi\/\" \/>\n<meta property=\"og:site_name\" content=\"Royen Agri\" \/>\n<meta property=\"og:image\" content=\"https:\/\/www.royenagri.be\/wp-content\/uploads\/2024\/04\/Packshot-Ioklar-Multi-20-kg-min.png\" \/>\n\t<meta property=\"og:image:width\" content=\"2118\" \/>\n\t<meta property=\"og:image:height\" content=\"2985\" \/>\n\t<meta property=\"og:image:type\" content=\"image\/png\" \/>\n<meta name=\"twitter:card\" content=\"summary_large_image\" \/>\n<script type=\"application\/ld+json\" class=\"yoast-schema-graph\">{\"@context\":\"https:\\\/\\\/schema.org\",\"@graph\":[{\"@type\":\"WebPage\",\"@id\":\"https:\\\/\\\/www.royenagri.be\\\/nl\\\/product\\\/ioklar-multi\\\/\",\"url\":\"https:\\\/\\\/www.royenagri.be\\\/nl\\\/product\\\/ioklar-multi\\\/\",\"name\":\"IoKlar Multi - Royen Agri\",\"isPartOf\":{\"@id\":\"https:\\\/\\\/www.royenagri.be\\\/nl\\\/#website\"},\"primaryImageOfPage\":{\"@id\":\"https:\\\/\\\/www.royenagri.be\\\/nl\\\/product\\\/ioklar-multi\\\/#primaryimage\"},\"image\":{\"@id\":\"https:\\\/\\\/www.royenagri.be\\\/nl\\\/product\\\/ioklar-multi\\\/#primaryimage\"},\"thumbnailUrl\":\"https:\\\/\\\/www.royenagri.be\\\/wp-content\\\/uploads\\\/2024\\\/04\\\/Packshot-Ioklar-Multi-20-kg-min.png\",\"datePublished\":\"2025-02-19T12:32:31+00:00\",\"description\":\"Alles-in-\u00e9\u00e9n product, IoKlar\u00ae Multi stelt veehouders in staat om de melkhygi\u00ebne met \u00e9\u00e9n enkel product uit te voeren.\",\"breadcrumb\":{\"@id\":\"https:\\\/\\\/www.royenagri.be\\\/nl\\\/product\\\/ioklar-multi\\\/#breadcrumb\"},\"inLanguage\":\"nl-NL\",\"potentialAction\":[{\"@type\":\"ReadAction\",\"target\":[\"https:\\\/\\\/www.royenagri.be\\\/nl\\\/product\\\/ioklar-multi\\\/\"]}]},{\"@type\":\"ImageObject\",\"inLanguage\":\"nl-NL\",\"@id\":\"https:\\\/\\\/www.royenagri.be\\\/nl\\\/product\\\/ioklar-multi\\\/#primaryimage\",\"url\":\"https:\\\/\\\/www.royenagri.be\\\/wp-content\\\/uploads\\\/2024\\\/04\\\/Packshot-Ioklar-Multi-20-kg-min.png\",\"contentUrl\":\"https:\\\/\\\/www.royenagri.be\\\/wp-content\\\/uploads\\\/2024\\\/04\\\/Packshot-Ioklar-Multi-20-kg-min.png\",\"width\":2118,\"height\":2985,\"caption\":\"Ioklar multi\"},{\"@type\":\"BreadcrumbList\",\"@id\":\"https:\\\/\\\/www.royenagri.be\\\/nl\\\/product\\\/ioklar-multi\\\/#breadcrumb\",\"itemListElement\":[{\"@type\":\"ListItem\",\"position\":1,\"name\":\"Home\",\"item\":\"https:\\\/\\\/www.royenagri.be\\\/nl\\\/\"},{\"@type\":\"ListItem\",\"position\":2,\"name\":\"Winkel\",\"item\":\"https:\\\/\\\/www.royenagri.be\\\/nl\\\/winkel\\\/\"},{\"@type\":\"ListItem\",\"position\":3,\"name\":\"IoKlar Multi\"}]},{\"@type\":\"WebSite\",\"@id\":\"https:\\\/\\\/www.royenagri.be\\\/nl\\\/#website\",\"url\":\"https:\\\/\\\/www.royenagri.be\\\/nl\\\/\",\"name\":\"Royen Agri\",\"description\":\"\",\"potentialAction\":[{\"@type\":\"SearchAction\",\"target\":{\"@type\":\"EntryPoint\",\"urlTemplate\":\"https:\\\/\\\/www.royenagri.be\\\/nl\\\/?s={search_term_string}\"},\"query-input\":{\"@type\":\"PropertyValueSpecification\",\"valueRequired\":true,\"valueName\":\"search_term_string\"}}],\"inLanguage\":\"nl-NL\"}]}<\/script>\n<!-- \/ Yoast SEO plugin. -->","yoast_head_json":{"title":"IoKlar Multi - Royen Agri","description":"Alles-in-\u00e9\u00e9n product, IoKlar\u00ae Multi stelt veehouders in staat om de melkhygi\u00ebne met \u00e9\u00e9n enkel product uit te voeren.","robots":{"index":"index","follow":"follow","max-snippet":"max-snippet:-1","max-image-preview":"max-image-preview:large","max-video-preview":"max-video-preview:-1"},"canonical":"https:\/\/www.royenagri.be\/nl\/product\/ioklar-multi\/","og_locale":"nl_NL","og_type":"article","og_title":"IoKlar Multi - Royen Agri","og_description":"Alles-in-\u00e9\u00e9n product, IoKlar\u00ae Multi stelt veehouders in staat om de melkhygi\u00ebne met \u00e9\u00e9n enkel product uit te voeren.","og_url":"https:\/\/www.royenagri.be\/nl\/product\/ioklar-multi\/","og_site_name":"Royen Agri","og_image":[{"width":2118,"height":2985,"url":"https:\/\/www.royenagri.be\/wp-content\/uploads\/2024\/04\/Packshot-Ioklar-Multi-20-kg-min.png","type":"image\/png"}],"twitter_card":"summary_large_image","schema":{"@context":"https:\/\/schema.org","@graph":[{"@type":"WebPage","@id":"https:\/\/www.royenagri.be\/nl\/product\/ioklar-multi\/","url":"https:\/\/www.royenagri.be\/nl\/product\/ioklar-multi\/","name":"IoKlar Multi - Royen Agri","isPartOf":{"@id":"https:\/\/www.royenagri.be\/nl\/#website"},"primaryImageOfPage":{"@id":"https:\/\/www.royenagri.be\/nl\/product\/ioklar-multi\/#primaryimage"},"image":{"@id":"https:\/\/www.royenagri.be\/nl\/product\/ioklar-multi\/#primaryimage"},"thumbnailUrl":"https:\/\/www.royenagri.be\/wp-content\/uploads\/2024\/04\/Packshot-Ioklar-Multi-20-kg-min.png","datePublished":"2025-02-19T12:32:31+00:00","description":"Alles-in-\u00e9\u00e9n product, IoKlar\u00ae Multi stelt veehouders in staat om de melkhygi\u00ebne met \u00e9\u00e9n enkel product uit te voeren.","breadcrumb":{"@id":"https:\/\/www.royenagri.be\/nl\/product\/ioklar-multi\/#breadcrumb"},"inLanguage":"nl-NL","potentialAction":[{"@type":"ReadAction","target":["https:\/\/www.royenagri.be\/nl\/product\/ioklar-multi\/"]}]},{"@type":"ImageObject","inLanguage":"nl-NL","@id":"https:\/\/www.royenagri.be\/nl\/product\/ioklar-multi\/#primaryimage","url":"https:\/\/www.royenagri.be\/wp-content\/uploads\/2024\/04\/Packshot-Ioklar-Multi-20-kg-min.png","contentUrl":"https:\/\/www.royenagri.be\/wp-content\/uploads\/2024\/04\/Packshot-Ioklar-Multi-20-kg-min.png","width":2118,"height":2985,"caption":"Ioklar multi"},{"@type":"BreadcrumbList","@id":"https:\/\/www.royenagri.be\/nl\/product\/ioklar-multi\/#breadcrumb","itemListElement":[{"@type":"ListItem","position":1,"name":"Home","item":"https:\/\/www.royenagri.be\/nl\/"},{"@type":"ListItem","position":2,"name":"Winkel","item":"https:\/\/www.royenagri.be\/nl\/winkel\/"},{"@type":"ListItem","position":3,"name":"IoKlar Multi"}]},{"@type":"WebSite","@id":"https:\/\/www.royenagri.be\/nl\/#website","url":"https:\/\/www.royenagri.be\/nl\/","name":"Royen Agri","description":"","potentialAction":[{"@type":"SearchAction","target":{"@type":"EntryPoint","urlTemplate":"https:\/\/www.royenagri.be\/nl\/?s={search_term_string}"},"query-input":{"@type":"PropertyValueSpecification","valueRequired":true,"valueName":"search_term_string"}}],"inLanguage":"nl-NL"}]}},"_links":{"self":[{"href":"https:\/\/www.royenagri.be\/nl\/wp-json\/wp\/v2\/product\/2187","targetHints":{"allow":["GET"]}}],"collection":[{"href":"https:\/\/www.royenagri.be\/nl\/wp-json\/wp\/v2\/product"}],"about":[{"href":"https:\/\/www.royenagri.be\/nl\/wp-json\/wp\/v2\/types\/product"}],"replies":[{"embeddable":true,"href":"https:\/\/www.royenagri.be\/nl\/wp-json\/wp\/v2\/comments?post=2187"}],"wp:featuredmedia":[{"embeddable":true,"href":"https:\/\/www.royenagri.be\/nl\/wp-json\/wp\/v2\/media\/733"}],"wp:attachment":[{"href":"https:\/\/www.royenagri.be\/nl\/wp-json\/wp\/v2\/media?parent=2187"}],"wp:term":[{"taxonomy":"product_brand","embeddable":true,"href":"https:\/\/www.royenagri.be\/nl\/wp-json\/wp\/v2\/product_brand?post=2187"},{"taxonomy":"product_cat","embeddable":true,"href":"https:\/\/www.royenagri.be\/nl\/wp-json\/wp\/v2\/product_cat?post=2187"},{"taxonomy":"product_tag","embeddable":true,"href":"https:\/\/www.royenagri.be\/nl\/wp-json\/wp\/v2\/product_tag?post=2187"}],"curies":[{"name":"wp","href":"https:\/\/api.w.org\/{rel}","templated":true}]}}