{"id":2825,"date":"2025-02-26T14:44:51","date_gmt":"2025-02-26T14:44:51","guid":{"rendered":"https:\/\/royenagri.brainmade.lws-servers.be\/?post_type=product&#038;p=2825"},"modified":"2026-03-02T09:05:34","modified_gmt":"2026-03-02T09:05:34","slug":"glutalfra","status":"publish","type":"product","link":"https:\/\/www.royenagri.be\/nl\/product\/glutalfra\/","title":{"rendered":"Glutalfra"},"content":{"rendered":"<p>Aliment compl\u00e9mentaire qui facilite la digestion des mati\u00e8res grasses du lait entier ou des lactoremplaceurs pendant les premi\u00e8res semaines de vie du veau.<\/p>\n","protected":false},"excerpt":{"rendered":"<p>Aliment compl\u00e9mentaire qui facilite la digestion des mati\u00e8res grasses du lait entier ou des lactoremplaceurs pendant les premi\u00e8res semaines de vie du veau.<\/p>\n","protected":false},"featured_media":2826,"comment_status":"closed","ping_status":"closed","template":"","meta":{"_acf_changed":false,"inline_featured_image":false},"product_brand":[],"product_cat":[39,47,207],"product_tag":[],"class_list":{"0":"post-2825","1":"product","2":"type-product","3":"status-publish","4":"has-post-thumbnail","6":"product_cat-alimentation","7":"product_cat-specialites-dietetiques","8":"product_cat-veaux","9":"products_brands-alfra","10":"products_animal-veaux","12":"first","13":"instock","14":"taxable","15":"shipping-taxable","16":"product-type-simple"},"acf":[],"yoast_head":"<!-- This site is optimized with the Yoast SEO plugin v27.5 - https:\/\/yoast.com\/product\/yoast-seo-wordpress\/ -->\n<title>Glutalfra - Royen Agri<\/title>\n<meta name=\"description\" content=\"Glutalfra, aliment compl\u00e9mentaire pour veaux, facilite la digestion des mati\u00e8res grasses du lait entier et des lactoremplaceurs pour une croissance optimale et une meilleure sant\u00e9 digestive.\" \/>\n<meta name=\"robots\" content=\"index, follow, max-snippet:-1, max-image-preview:large, max-video-preview:-1\" \/>\n<link rel=\"canonical\" href=\"https:\/\/www.royenagri.be\/nl\/product\/glutalfra\/\" \/>\n<meta property=\"og:locale\" content=\"nl_NL\" \/>\n<meta property=\"og:type\" content=\"article\" \/>\n<meta property=\"og:title\" content=\"Glutalfra - Royen Agri\" \/>\n<meta property=\"og:description\" content=\"Glutalfra, aliment compl\u00e9mentaire pour veaux, facilite la digestion des mati\u00e8res grasses du lait entier et des lactoremplaceurs pour une croissance optimale et une meilleure sant\u00e9 digestive.\" \/>\n<meta property=\"og:url\" content=\"https:\/\/www.royenagri.be\/nl\/product\/glutalfra\/\" \/>\n<meta property=\"og:site_name\" content=\"Royen Agri\" \/>\n<meta property=\"article:modified_time\" content=\"2026-03-02T09:05:34+00:00\" \/>\n<meta property=\"og:image\" content=\"https:\/\/www.royenagri.be\/wp-content\/uploads\/2025\/02\/ALFRA_BLOC_Glutalfra-e1740580795867.png\" \/>\n\t<meta property=\"og:image:width\" content=\"335\" \/>\n\t<meta property=\"og:image:height\" content=\"322\" \/>\n\t<meta property=\"og:image:type\" content=\"image\/png\" \/>\n<meta name=\"twitter:card\" content=\"summary_large_image\" \/>\n<meta name=\"twitter:label1\" content=\"Geschatte leestijd\" \/>\n\t<meta name=\"twitter:data1\" content=\"1 minuut\" \/>\n<script type=\"application\/ld+json\" class=\"yoast-schema-graph\">{\"@context\":\"https:\\\/\\\/schema.org\",\"@graph\":[{\"@type\":\"WebPage\",\"@id\":\"https:\\\/\\\/www.royenagri.be\\\/nl\\\/product\\\/glutalfra\\\/\",\"url\":\"https:\\\/\\\/www.royenagri.be\\\/nl\\\/product\\\/glutalfra\\\/\",\"name\":\"Glutalfra - Royen Agri\",\"isPartOf\":{\"@id\":\"https:\\\/\\\/www.royenagri.be\\\/nl\\\/#website\"},\"primaryImageOfPage\":{\"@id\":\"https:\\\/\\\/www.royenagri.be\\\/nl\\\/product\\\/glutalfra\\\/#primaryimage\"},\"image\":{\"@id\":\"https:\\\/\\\/www.royenagri.be\\\/nl\\\/product\\\/glutalfra\\\/#primaryimage\"},\"thumbnailUrl\":\"https:\\\/\\\/www.royenagri.be\\\/wp-content\\\/uploads\\\/2025\\\/02\\\/ALFRA_BLOC_Glutalfra-e1740580795867.png\",\"datePublished\":\"2025-02-26T14:44:51+00:00\",\"dateModified\":\"2026-03-02T09:05:34+00:00\",\"description\":\"Glutalfra, aliment compl\u00e9mentaire pour veaux, facilite la digestion des mati\u00e8res grasses du lait entier et des lactoremplaceurs pour une croissance optimale et une meilleure sant\u00e9 digestive.\",\"breadcrumb\":{\"@id\":\"https:\\\/\\\/www.royenagri.be\\\/nl\\\/product\\\/glutalfra\\\/#breadcrumb\"},\"inLanguage\":\"nl-NL\",\"potentialAction\":[{\"@type\":\"ReadAction\",\"target\":[\"https:\\\/\\\/www.royenagri.be\\\/nl\\\/product\\\/glutalfra\\\/\"]}]},{\"@type\":\"ImageObject\",\"inLanguage\":\"nl-NL\",\"@id\":\"https:\\\/\\\/www.royenagri.be\\\/nl\\\/product\\\/glutalfra\\\/#primaryimage\",\"url\":\"https:\\\/\\\/www.royenagri.be\\\/wp-content\\\/uploads\\\/2025\\\/02\\\/ALFRA_BLOC_Glutalfra-e1740580795867.png\",\"contentUrl\":\"https:\\\/\\\/www.royenagri.be\\\/wp-content\\\/uploads\\\/2025\\\/02\\\/ALFRA_BLOC_Glutalfra-e1740580795867.png\",\"width\":335,\"height\":322,\"caption\":\"ALFRA_BLOC_Glutalfra\"},{\"@type\":\"BreadcrumbList\",\"@id\":\"https:\\\/\\\/www.royenagri.be\\\/nl\\\/product\\\/glutalfra\\\/#breadcrumb\",\"itemListElement\":[{\"@type\":\"ListItem\",\"position\":1,\"name\":\"Home\",\"item\":\"https:\\\/\\\/www.royenagri.be\\\/nl\\\/\"},{\"@type\":\"ListItem\",\"position\":2,\"name\":\"Winkel\",\"item\":\"https:\\\/\\\/www.royenagri.be\\\/nl\\\/winkel\\\/\"},{\"@type\":\"ListItem\",\"position\":3,\"name\":\"Glutalfra\"}]},{\"@type\":\"WebSite\",\"@id\":\"https:\\\/\\\/www.royenagri.be\\\/nl\\\/#website\",\"url\":\"https:\\\/\\\/www.royenagri.be\\\/nl\\\/\",\"name\":\"Royen Agri\",\"description\":\"\",\"potentialAction\":[{\"@type\":\"SearchAction\",\"target\":{\"@type\":\"EntryPoint\",\"urlTemplate\":\"https:\\\/\\\/www.royenagri.be\\\/nl\\\/?s={search_term_string}\"},\"query-input\":{\"@type\":\"PropertyValueSpecification\",\"valueRequired\":true,\"valueName\":\"search_term_string\"}}],\"inLanguage\":\"nl-NL\"}]}<\/script>\n<!-- \/ Yoast SEO plugin. -->","yoast_head_json":{"title":"Glutalfra - Royen Agri","description":"Glutalfra, aliment compl\u00e9mentaire pour veaux, facilite la digestion des mati\u00e8res grasses du lait entier et des lactoremplaceurs pour une croissance optimale et une meilleure sant\u00e9 digestive.","robots":{"index":"index","follow":"follow","max-snippet":"max-snippet:-1","max-image-preview":"max-image-preview:large","max-video-preview":"max-video-preview:-1"},"canonical":"https:\/\/www.royenagri.be\/nl\/product\/glutalfra\/","og_locale":"nl_NL","og_type":"article","og_title":"Glutalfra - Royen Agri","og_description":"Glutalfra, aliment compl\u00e9mentaire pour veaux, facilite la digestion des mati\u00e8res grasses du lait entier et des lactoremplaceurs pour une croissance optimale et une meilleure sant\u00e9 digestive.","og_url":"https:\/\/www.royenagri.be\/nl\/product\/glutalfra\/","og_site_name":"Royen Agri","article_modified_time":"2026-03-02T09:05:34+00:00","og_image":[{"width":335,"height":322,"url":"https:\/\/www.royenagri.be\/wp-content\/uploads\/2025\/02\/ALFRA_BLOC_Glutalfra-e1740580795867.png","type":"image\/png"}],"twitter_card":"summary_large_image","twitter_misc":{"Geschatte leestijd":"1 minuut"},"schema":{"@context":"https:\/\/schema.org","@graph":[{"@type":"WebPage","@id":"https:\/\/www.royenagri.be\/nl\/product\/glutalfra\/","url":"https:\/\/www.royenagri.be\/nl\/product\/glutalfra\/","name":"Glutalfra - Royen Agri","isPartOf":{"@id":"https:\/\/www.royenagri.be\/nl\/#website"},"primaryImageOfPage":{"@id":"https:\/\/www.royenagri.be\/nl\/product\/glutalfra\/#primaryimage"},"image":{"@id":"https:\/\/www.royenagri.be\/nl\/product\/glutalfra\/#primaryimage"},"thumbnailUrl":"https:\/\/www.royenagri.be\/wp-content\/uploads\/2025\/02\/ALFRA_BLOC_Glutalfra-e1740580795867.png","datePublished":"2025-02-26T14:44:51+00:00","dateModified":"2026-03-02T09:05:34+00:00","description":"Glutalfra, aliment compl\u00e9mentaire pour veaux, facilite la digestion des mati\u00e8res grasses du lait entier et des lactoremplaceurs pour une croissance optimale et une meilleure sant\u00e9 digestive.","breadcrumb":{"@id":"https:\/\/www.royenagri.be\/nl\/product\/glutalfra\/#breadcrumb"},"inLanguage":"nl-NL","potentialAction":[{"@type":"ReadAction","target":["https:\/\/www.royenagri.be\/nl\/product\/glutalfra\/"]}]},{"@type":"ImageObject","inLanguage":"nl-NL","@id":"https:\/\/www.royenagri.be\/nl\/product\/glutalfra\/#primaryimage","url":"https:\/\/www.royenagri.be\/wp-content\/uploads\/2025\/02\/ALFRA_BLOC_Glutalfra-e1740580795867.png","contentUrl":"https:\/\/www.royenagri.be\/wp-content\/uploads\/2025\/02\/ALFRA_BLOC_Glutalfra-e1740580795867.png","width":335,"height":322,"caption":"ALFRA_BLOC_Glutalfra"},{"@type":"BreadcrumbList","@id":"https:\/\/www.royenagri.be\/nl\/product\/glutalfra\/#breadcrumb","itemListElement":[{"@type":"ListItem","position":1,"name":"Home","item":"https:\/\/www.royenagri.be\/nl\/"},{"@type":"ListItem","position":2,"name":"Winkel","item":"https:\/\/www.royenagri.be\/nl\/winkel\/"},{"@type":"ListItem","position":3,"name":"Glutalfra"}]},{"@type":"WebSite","@id":"https:\/\/www.royenagri.be\/nl\/#website","url":"https:\/\/www.royenagri.be\/nl\/","name":"Royen Agri","description":"","potentialAction":[{"@type":"SearchAction","target":{"@type":"EntryPoint","urlTemplate":"https:\/\/www.royenagri.be\/nl\/?s={search_term_string}"},"query-input":{"@type":"PropertyValueSpecification","valueRequired":true,"valueName":"search_term_string"}}],"inLanguage":"nl-NL"}]}},"_links":{"self":[{"href":"https:\/\/www.royenagri.be\/nl\/wp-json\/wp\/v2\/product\/2825","targetHints":{"allow":["GET"]}}],"collection":[{"href":"https:\/\/www.royenagri.be\/nl\/wp-json\/wp\/v2\/product"}],"about":[{"href":"https:\/\/www.royenagri.be\/nl\/wp-json\/wp\/v2\/types\/product"}],"replies":[{"embeddable":true,"href":"https:\/\/www.royenagri.be\/nl\/wp-json\/wp\/v2\/comments?post=2825"}],"wp:featuredmedia":[{"embeddable":true,"href":"https:\/\/www.royenagri.be\/nl\/wp-json\/wp\/v2\/media\/2826"}],"wp:attachment":[{"href":"https:\/\/www.royenagri.be\/nl\/wp-json\/wp\/v2\/media?parent=2825"}],"wp:term":[{"taxonomy":"product_brand","embeddable":true,"href":"https:\/\/www.royenagri.be\/nl\/wp-json\/wp\/v2\/product_brand?post=2825"},{"taxonomy":"product_cat","embeddable":true,"href":"https:\/\/www.royenagri.be\/nl\/wp-json\/wp\/v2\/product_cat?post=2825"},{"taxonomy":"product_tag","embeddable":true,"href":"https:\/\/www.royenagri.be\/nl\/wp-json\/wp\/v2\/product_tag?post=2825"}],"curies":[{"name":"wp","href":"https:\/\/api.w.org\/{rel}","templated":true}]}}