{"id":2869,"date":"2025-02-26T20:18:02","date_gmt":"2025-02-26T20:18:02","guid":{"rendered":"https:\/\/royenagri.brainmade.lws-servers.be\/?post_type=product&#038;p=2869"},"modified":"2026-01-16T14:18:47","modified_gmt":"2026-01-16T14:18:47","slug":"kenocox","status":"publish","type":"product","link":"https:\/\/www.royenagri.be\/nl\/product\/kenocox\/","title":{"rendered":"Kenocox"},"content":{"rendered":"<p>Kenocox est un d\u00e9sinfectant professionnel con\u00e7u pour \u00e9liminer efficacement les endoparasites, y compris les oocystes sporul\u00e9s responsables de la cryptosporidiose et de la coccidiose, tout en offrant une protection contre les bact\u00e9ries, virus et levures. Il contribue ainsi \u00e0 r\u00e9duire significativement la pression infectieuse dans les b\u00e2timents d\u2019\u00e9levage.<\/p>\n<p>Sa formulation unique et brevet\u00e9e sans ph\u00e9nol garantit une s\u00e9curit\u00e9 optimale pour les utilisateurs et les animaux. Gr\u00e2ce \u00e0 sa forte adh\u00e9rence, Kenocox forme une mousse persistante, assurant un temps de contact prolong\u00e9 avec les surfaces pour une efficacit\u00e9 maximale. Il peut \u00eatre appliqu\u00e9 sur toutes les surfaces (sols, murs, \u00e9quipements d\u2019\u00e9levage) sans risque de d\u00e9t\u00e9rioration.<\/p>\n<p>Son application est simple : apr\u00e8s un nettoyage \u00e0 sec et un lavage haute pression, il suffit de vaporiser ou appliquer Kenocox en mousse, en adaptant le dosage selon le type de contamination. Son temps de contact varie de 30 minutes \u00e0 2 heures selon les pathog\u00e8nes cibl\u00e9s.<\/p>\n<p>Disponible en formats de 1 kg et 10 kg, Kenocox est une solution essentielle pour une d\u00e9sinfection antiparasitaire efficace en \u00e9levage.soins professionnels.<\/p>\n","protected":false},"excerpt":{"rendered":"<p>Kenocox est un d\u00e9sinfectant puissant contre les endoparasites, bact\u00e9ries, virus et levures, sp\u00e9cialement con\u00e7u pour r\u00e9duire la pression infectieuse en \u00e9levage.<\/p>\n","protected":false},"featured_media":2889,"comment_status":"open","ping_status":"closed","template":"","meta":{"_acf_changed":false,"inline_featured_image":false},"product_brand":[],"product_cat":[50,43],"product_tag":[],"class_list":{"0":"post-2869","1":"product","2":"type-product","3":"status-publish","4":"has-post-thumbnail","6":"product_cat-hygiene-du-batiment-de-la-salle-de-traite-pour-lagriculture-lindustrie-alimentaire-et-transport","7":"product_cat-nettoyage","8":"products_brands-cid-lines","10":"first","11":"instock","12":"taxable","13":"shipping-taxable","14":"purchasable","15":"product-type-variable"},"acf":[],"yoast_head":"<!-- This site is optimized with the Yoast SEO plugin v27.5 - https:\/\/yoast.com\/product\/yoast-seo-wordpress\/ -->\n<title>Kenocox - Royen Agri<\/title>\n<meta name=\"description\" content=\"Kenocox, d\u00e9sinfectant puissant contre cryptosporidiose, coccidiose, bact\u00e9ries et virus, offre une mousse adh\u00e9rente et une action prolong\u00e9e pour une d\u00e9sinfection efficace en \u00e9levage.\" \/>\n<meta name=\"robots\" content=\"index, follow, max-snippet:-1, max-image-preview:large, max-video-preview:-1\" \/>\n<link rel=\"canonical\" href=\"https:\/\/www.royenagri.be\/nl\/product\/kenocox\/\" \/>\n<meta property=\"og:locale\" content=\"nl_NL\" \/>\n<meta property=\"og:type\" content=\"article\" \/>\n<meta property=\"og:title\" content=\"Kenocox - Royen Agri\" \/>\n<meta property=\"og:description\" content=\"Kenocox, d\u00e9sinfectant puissant contre cryptosporidiose, coccidiose, bact\u00e9ries et virus, offre une mousse adh\u00e9rente et une action prolong\u00e9e pour une d\u00e9sinfection efficace en \u00e9levage.\" \/>\n<meta property=\"og:url\" content=\"https:\/\/www.royenagri.be\/nl\/product\/kenocox\/\" \/>\n<meta property=\"og:site_name\" content=\"Royen Agri\" \/>\n<meta property=\"article:modified_time\" content=\"2026-01-16T14:18:47+00:00\" \/>\n<meta property=\"og:image\" content=\"https:\/\/www.royenagri.be\/wp-content\/uploads\/2025\/02\/2508-removebg-preview.png\" \/>\n\t<meta property=\"og:image:width\" content=\"452\" \/>\n\t<meta property=\"og:image:height\" content=\"552\" \/>\n\t<meta property=\"og:image:type\" content=\"image\/png\" \/>\n<meta name=\"twitter:card\" content=\"summary_large_image\" \/>\n<meta name=\"twitter:label1\" content=\"Geschatte leestijd\" \/>\n\t<meta name=\"twitter:data1\" content=\"3 minuten\" \/>\n<script type=\"application\/ld+json\" class=\"yoast-schema-graph\">{\"@context\":\"https:\\\/\\\/schema.org\",\"@graph\":[{\"@type\":\"WebPage\",\"@id\":\"https:\\\/\\\/www.royenagri.be\\\/nl\\\/product\\\/kenocox\\\/\",\"url\":\"https:\\\/\\\/www.royenagri.be\\\/nl\\\/product\\\/kenocox\\\/\",\"name\":\"Kenocox - Royen Agri\",\"isPartOf\":{\"@id\":\"https:\\\/\\\/www.royenagri.be\\\/nl\\\/#website\"},\"primaryImageOfPage\":{\"@id\":\"https:\\\/\\\/www.royenagri.be\\\/nl\\\/product\\\/kenocox\\\/#primaryimage\"},\"image\":{\"@id\":\"https:\\\/\\\/www.royenagri.be\\\/nl\\\/product\\\/kenocox\\\/#primaryimage\"},\"thumbnailUrl\":\"https:\\\/\\\/www.royenagri.be\\\/wp-content\\\/uploads\\\/2025\\\/02\\\/2508-removebg-preview.png\",\"datePublished\":\"2025-02-26T20:18:02+00:00\",\"dateModified\":\"2026-01-16T14:18:47+00:00\",\"description\":\"Kenocox, d\u00e9sinfectant puissant contre cryptosporidiose, coccidiose, bact\u00e9ries et virus, offre une mousse adh\u00e9rente et une action prolong\u00e9e pour une d\u00e9sinfection efficace en \u00e9levage.\",\"breadcrumb\":{\"@id\":\"https:\\\/\\\/www.royenagri.be\\\/nl\\\/product\\\/kenocox\\\/#breadcrumb\"},\"inLanguage\":\"nl-NL\",\"potentialAction\":[{\"@type\":\"ReadAction\",\"target\":[\"https:\\\/\\\/www.royenagri.be\\\/nl\\\/product\\\/kenocox\\\/\"]}]},{\"@type\":\"ImageObject\",\"inLanguage\":\"nl-NL\",\"@id\":\"https:\\\/\\\/www.royenagri.be\\\/nl\\\/product\\\/kenocox\\\/#primaryimage\",\"url\":\"https:\\\/\\\/www.royenagri.be\\\/wp-content\\\/uploads\\\/2025\\\/02\\\/2508-removebg-preview.png\",\"contentUrl\":\"https:\\\/\\\/www.royenagri.be\\\/wp-content\\\/uploads\\\/2025\\\/02\\\/2508-removebg-preview.png\",\"width\":452,\"height\":552,\"caption\":\"Kenocox est un d\u00e9sinfectant puissant contre les endoparasites\"},{\"@type\":\"BreadcrumbList\",\"@id\":\"https:\\\/\\\/www.royenagri.be\\\/nl\\\/product\\\/kenocox\\\/#breadcrumb\",\"itemListElement\":[{\"@type\":\"ListItem\",\"position\":1,\"name\":\"Home\",\"item\":\"https:\\\/\\\/www.royenagri.be\\\/nl\\\/\"},{\"@type\":\"ListItem\",\"position\":2,\"name\":\"Winkel\",\"item\":\"https:\\\/\\\/www.royenagri.be\\\/nl\\\/winkel\\\/\"},{\"@type\":\"ListItem\",\"position\":3,\"name\":\"Kenocox\"}]},{\"@type\":\"WebSite\",\"@id\":\"https:\\\/\\\/www.royenagri.be\\\/nl\\\/#website\",\"url\":\"https:\\\/\\\/www.royenagri.be\\\/nl\\\/\",\"name\":\"Royen Agri\",\"description\":\"\",\"potentialAction\":[{\"@type\":\"SearchAction\",\"target\":{\"@type\":\"EntryPoint\",\"urlTemplate\":\"https:\\\/\\\/www.royenagri.be\\\/nl\\\/?s={search_term_string}\"},\"query-input\":{\"@type\":\"PropertyValueSpecification\",\"valueRequired\":true,\"valueName\":\"search_term_string\"}}],\"inLanguage\":\"nl-NL\"}]}<\/script>\n<!-- \/ Yoast SEO plugin. -->","yoast_head_json":{"title":"Kenocox - Royen Agri","description":"Kenocox, d\u00e9sinfectant puissant contre cryptosporidiose, coccidiose, bact\u00e9ries et virus, offre une mousse adh\u00e9rente et une action prolong\u00e9e pour une d\u00e9sinfection efficace en \u00e9levage.","robots":{"index":"index","follow":"follow","max-snippet":"max-snippet:-1","max-image-preview":"max-image-preview:large","max-video-preview":"max-video-preview:-1"},"canonical":"https:\/\/www.royenagri.be\/nl\/product\/kenocox\/","og_locale":"nl_NL","og_type":"article","og_title":"Kenocox - Royen Agri","og_description":"Kenocox, d\u00e9sinfectant puissant contre cryptosporidiose, coccidiose, bact\u00e9ries et virus, offre une mousse adh\u00e9rente et une action prolong\u00e9e pour une d\u00e9sinfection efficace en \u00e9levage.","og_url":"https:\/\/www.royenagri.be\/nl\/product\/kenocox\/","og_site_name":"Royen Agri","article_modified_time":"2026-01-16T14:18:47+00:00","og_image":[{"width":452,"height":552,"url":"https:\/\/www.royenagri.be\/wp-content\/uploads\/2025\/02\/2508-removebg-preview.png","type":"image\/png"}],"twitter_card":"summary_large_image","twitter_misc":{"Geschatte leestijd":"3 minuten"},"schema":{"@context":"https:\/\/schema.org","@graph":[{"@type":"WebPage","@id":"https:\/\/www.royenagri.be\/nl\/product\/kenocox\/","url":"https:\/\/www.royenagri.be\/nl\/product\/kenocox\/","name":"Kenocox - Royen Agri","isPartOf":{"@id":"https:\/\/www.royenagri.be\/nl\/#website"},"primaryImageOfPage":{"@id":"https:\/\/www.royenagri.be\/nl\/product\/kenocox\/#primaryimage"},"image":{"@id":"https:\/\/www.royenagri.be\/nl\/product\/kenocox\/#primaryimage"},"thumbnailUrl":"https:\/\/www.royenagri.be\/wp-content\/uploads\/2025\/02\/2508-removebg-preview.png","datePublished":"2025-02-26T20:18:02+00:00","dateModified":"2026-01-16T14:18:47+00:00","description":"Kenocox, d\u00e9sinfectant puissant contre cryptosporidiose, coccidiose, bact\u00e9ries et virus, offre une mousse adh\u00e9rente et une action prolong\u00e9e pour une d\u00e9sinfection efficace en \u00e9levage.","breadcrumb":{"@id":"https:\/\/www.royenagri.be\/nl\/product\/kenocox\/#breadcrumb"},"inLanguage":"nl-NL","potentialAction":[{"@type":"ReadAction","target":["https:\/\/www.royenagri.be\/nl\/product\/kenocox\/"]}]},{"@type":"ImageObject","inLanguage":"nl-NL","@id":"https:\/\/www.royenagri.be\/nl\/product\/kenocox\/#primaryimage","url":"https:\/\/www.royenagri.be\/wp-content\/uploads\/2025\/02\/2508-removebg-preview.png","contentUrl":"https:\/\/www.royenagri.be\/wp-content\/uploads\/2025\/02\/2508-removebg-preview.png","width":452,"height":552,"caption":"Kenocox est un d\u00e9sinfectant puissant contre les endoparasites"},{"@type":"BreadcrumbList","@id":"https:\/\/www.royenagri.be\/nl\/product\/kenocox\/#breadcrumb","itemListElement":[{"@type":"ListItem","position":1,"name":"Home","item":"https:\/\/www.royenagri.be\/nl\/"},{"@type":"ListItem","position":2,"name":"Winkel","item":"https:\/\/www.royenagri.be\/nl\/winkel\/"},{"@type":"ListItem","position":3,"name":"Kenocox"}]},{"@type":"WebSite","@id":"https:\/\/www.royenagri.be\/nl\/#website","url":"https:\/\/www.royenagri.be\/nl\/","name":"Royen Agri","description":"","potentialAction":[{"@type":"SearchAction","target":{"@type":"EntryPoint","urlTemplate":"https:\/\/www.royenagri.be\/nl\/?s={search_term_string}"},"query-input":{"@type":"PropertyValueSpecification","valueRequired":true,"valueName":"search_term_string"}}],"inLanguage":"nl-NL"}]}},"_links":{"self":[{"href":"https:\/\/www.royenagri.be\/nl\/wp-json\/wp\/v2\/product\/2869","targetHints":{"allow":["GET"]}}],"collection":[{"href":"https:\/\/www.royenagri.be\/nl\/wp-json\/wp\/v2\/product"}],"about":[{"href":"https:\/\/www.royenagri.be\/nl\/wp-json\/wp\/v2\/types\/product"}],"replies":[{"embeddable":true,"href":"https:\/\/www.royenagri.be\/nl\/wp-json\/wp\/v2\/comments?post=2869"}],"wp:featuredmedia":[{"embeddable":true,"href":"https:\/\/www.royenagri.be\/nl\/wp-json\/wp\/v2\/media\/2889"}],"wp:attachment":[{"href":"https:\/\/www.royenagri.be\/nl\/wp-json\/wp\/v2\/media?parent=2869"}],"wp:term":[{"taxonomy":"product_brand","embeddable":true,"href":"https:\/\/www.royenagri.be\/nl\/wp-json\/wp\/v2\/product_brand?post=2869"},{"taxonomy":"product_cat","embeddable":true,"href":"https:\/\/www.royenagri.be\/nl\/wp-json\/wp\/v2\/product_cat?post=2869"},{"taxonomy":"product_tag","embeddable":true,"href":"https:\/\/www.royenagri.be\/nl\/wp-json\/wp\/v2\/product_tag?post=2869"}],"curies":[{"name":"wp","href":"https:\/\/api.w.org\/{rel}","templated":true}]}}