{"id":2916,"date":"2025-03-03T09:01:09","date_gmt":"2025-03-03T09:01:09","guid":{"rendered":"https:\/\/royenagri.brainmade.lws-servers.be\/?post_type=product&#038;p=2916"},"modified":"2025-03-03T09:01:10","modified_gmt":"2025-03-03T09:01:10","slug":"cle-din-61","status":"publish","type":"product","link":"https:\/\/www.royenagri.be\/nl\/product\/cle-din-61\/","title":{"rendered":"cl\u00e9 DIN 61"},"content":{"rendered":"<p>La cl\u00e9 DIN 61 est un<a href=\"https:\/\/www.royenagri.be\/categorie-produit\/hygiene-de-la-traite\/cip-hygiene-des-appareils\/\"> outil<\/a> con\u00e7u pour ouvrir facilement les bidons tout en garantissant une prise en main s\u00fbre et stable. Son utilisation permet de r\u00e9duire l\u2019effort n\u00e9cessaire \u00e0 l\u2019ouverture, \u00e9vitant ainsi les risques de d\u00e9versements ou d\u2019endommagement des bouchons.<\/p>\n<p>Gr\u00e2ce \u00e0 sa compatibilit\u00e9 avec plusieurs tailles de bidons (10 kg, 22 kg, 24 kg, 25 kg et 30 kg), elle convient aux secteurs industriels, agricoles et logistiques, facilitant la manipulation quotidienne des contenants.<\/p>\n<p>Robuste et ergonomique, la cl\u00e9 DIN 61 est id\u00e9ale pour un usage fr\u00e9quent, notamment dans les environnements n\u00e9cessitant une manipulation rapide et s\u00e9curis\u00e9e des liquides.<\/p>\n<p>Disponible sur demande, cet outil est une solution essentielle pour optimiser l\u2019ouverture des bidons tout en garantissant s\u00e9curit\u00e9 et efficacit\u00e9.<\/p>\n","protected":false},"excerpt":{"rendered":"<p>La cl\u00e9 DIN 61 facilite l\u2019ouverture s\u00e9curis\u00e9e des bidons tout en assurant une prise en main stable et efficace.<\/p>\n","protected":false},"featured_media":2917,"comment_status":"open","ping_status":"closed","template":"","meta":{"_acf_changed":false,"inline_featured_image":false},"product_brand":[],"product_cat":[53,497,41],"product_tag":[],"class_list":{"0":"post-2916","1":"product","2":"type-product","3":"status-publish","4":"has-post-thumbnail","6":"product_cat-cip-hygiene-des-appareils","7":"product_cat-equipement","8":"product_cat-hygiene-de-la-traite","10":"first","11":"instock","12":"taxable","13":"shipping-taxable","14":"product-type-simple"},"acf":[],"yoast_head":"<!-- This site is optimized with the Yoast SEO plugin v27.5 - https:\/\/yoast.com\/product\/yoast-seo-wordpress\/ -->\n<title>cl\u00e9 DIN 61 - Royen Agri<\/title>\n<meta name=\"description\" content=\"Cl\u00e9 DIN 61 pour une ouverture facile et s\u00e9curis\u00e9e des bidons. Ergonomique et robuste, elle s\u2019adapte aux contenants de 10 \u00e0 30 kg.\" \/>\n<meta name=\"robots\" content=\"index, follow, max-snippet:-1, max-image-preview:large, max-video-preview:-1\" \/>\n<link rel=\"canonical\" href=\"https:\/\/www.royenagri.be\/nl\/product\/cle-din-61\/\" \/>\n<meta property=\"og:locale\" content=\"nl_NL\" \/>\n<meta property=\"og:type\" content=\"article\" \/>\n<meta property=\"og:title\" content=\"cl\u00e9 DIN 61 - Royen Agri\" \/>\n<meta property=\"og:description\" content=\"Cl\u00e9 DIN 61 pour une ouverture facile et s\u00e9curis\u00e9e des bidons. Ergonomique et robuste, elle s\u2019adapte aux contenants de 10 \u00e0 30 kg.\" \/>\n<meta property=\"og:url\" content=\"https:\/\/www.royenagri.be\/nl\/product\/cle-din-61\/\" \/>\n<meta property=\"og:site_name\" content=\"Royen Agri\" \/>\n<meta property=\"article:modified_time\" content=\"2025-03-03T09:01:10+00:00\" \/>\n<meta property=\"og:image\" content=\"https:\/\/www.royenagri.be\/wp-content\/uploads\/2025\/03\/550x372-removebg-preview.png\" \/>\n\t<meta property=\"og:image:width\" content=\"550\" \/>\n\t<meta property=\"og:image:height\" content=\"372\" \/>\n\t<meta property=\"og:image:type\" content=\"image\/png\" \/>\n<meta name=\"twitter:card\" content=\"summary_large_image\" \/>\n<meta name=\"twitter:label1\" content=\"Geschatte leestijd\" \/>\n\t<meta name=\"twitter:data1\" content=\"2 minuten\" \/>\n<script type=\"application\/ld+json\" class=\"yoast-schema-graph\">{\"@context\":\"https:\\\/\\\/schema.org\",\"@graph\":[{\"@type\":\"WebPage\",\"@id\":\"https:\\\/\\\/www.royenagri.be\\\/nl\\\/product\\\/cle-din-61\\\/\",\"url\":\"https:\\\/\\\/www.royenagri.be\\\/nl\\\/product\\\/cle-din-61\\\/\",\"name\":\"cl\u00e9 DIN 61 - Royen Agri\",\"isPartOf\":{\"@id\":\"https:\\\/\\\/www.royenagri.be\\\/nl\\\/#website\"},\"primaryImageOfPage\":{\"@id\":\"https:\\\/\\\/www.royenagri.be\\\/nl\\\/product\\\/cle-din-61\\\/#primaryimage\"},\"image\":{\"@id\":\"https:\\\/\\\/www.royenagri.be\\\/nl\\\/product\\\/cle-din-61\\\/#primaryimage\"},\"thumbnailUrl\":\"https:\\\/\\\/www.royenagri.be\\\/wp-content\\\/uploads\\\/2025\\\/03\\\/550x372-removebg-preview.png\",\"datePublished\":\"2025-03-03T09:01:09+00:00\",\"dateModified\":\"2025-03-03T09:01:10+00:00\",\"description\":\"Cl\u00e9 DIN 61 pour une ouverture facile et s\u00e9curis\u00e9e des bidons. Ergonomique et robuste, elle s\u2019adapte aux contenants de 10 \u00e0 30 kg.\",\"breadcrumb\":{\"@id\":\"https:\\\/\\\/www.royenagri.be\\\/nl\\\/product\\\/cle-din-61\\\/#breadcrumb\"},\"inLanguage\":\"nl-NL\",\"potentialAction\":[{\"@type\":\"ReadAction\",\"target\":[\"https:\\\/\\\/www.royenagri.be\\\/nl\\\/product\\\/cle-din-61\\\/\"]}]},{\"@type\":\"ImageObject\",\"inLanguage\":\"nl-NL\",\"@id\":\"https:\\\/\\\/www.royenagri.be\\\/nl\\\/product\\\/cle-din-61\\\/#primaryimage\",\"url\":\"https:\\\/\\\/www.royenagri.be\\\/wp-content\\\/uploads\\\/2025\\\/03\\\/550x372-removebg-preview.png\",\"contentUrl\":\"https:\\\/\\\/www.royenagri.be\\\/wp-content\\\/uploads\\\/2025\\\/03\\\/550x372-removebg-preview.png\",\"width\":550,\"height\":372,\"caption\":\"La cl\u00e9 DIN 61\"},{\"@type\":\"BreadcrumbList\",\"@id\":\"https:\\\/\\\/www.royenagri.be\\\/nl\\\/product\\\/cle-din-61\\\/#breadcrumb\",\"itemListElement\":[{\"@type\":\"ListItem\",\"position\":1,\"name\":\"Home\",\"item\":\"https:\\\/\\\/www.royenagri.be\\\/nl\\\/\"},{\"@type\":\"ListItem\",\"position\":2,\"name\":\"Winkel\",\"item\":\"https:\\\/\\\/www.royenagri.be\\\/nl\\\/winkel\\\/\"},{\"@type\":\"ListItem\",\"position\":3,\"name\":\"cl\u00e9 DIN 61\"}]},{\"@type\":\"WebSite\",\"@id\":\"https:\\\/\\\/www.royenagri.be\\\/nl\\\/#website\",\"url\":\"https:\\\/\\\/www.royenagri.be\\\/nl\\\/\",\"name\":\"Royen Agri\",\"description\":\"\",\"potentialAction\":[{\"@type\":\"SearchAction\",\"target\":{\"@type\":\"EntryPoint\",\"urlTemplate\":\"https:\\\/\\\/www.royenagri.be\\\/nl\\\/?s={search_term_string}\"},\"query-input\":{\"@type\":\"PropertyValueSpecification\",\"valueRequired\":true,\"valueName\":\"search_term_string\"}}],\"inLanguage\":\"nl-NL\"}]}<\/script>\n<!-- \/ Yoast SEO plugin. -->","yoast_head_json":{"title":"cl\u00e9 DIN 61 - Royen Agri","description":"Cl\u00e9 DIN 61 pour une ouverture facile et s\u00e9curis\u00e9e des bidons. Ergonomique et robuste, elle s\u2019adapte aux contenants de 10 \u00e0 30 kg.","robots":{"index":"index","follow":"follow","max-snippet":"max-snippet:-1","max-image-preview":"max-image-preview:large","max-video-preview":"max-video-preview:-1"},"canonical":"https:\/\/www.royenagri.be\/nl\/product\/cle-din-61\/","og_locale":"nl_NL","og_type":"article","og_title":"cl\u00e9 DIN 61 - Royen Agri","og_description":"Cl\u00e9 DIN 61 pour une ouverture facile et s\u00e9curis\u00e9e des bidons. Ergonomique et robuste, elle s\u2019adapte aux contenants de 10 \u00e0 30 kg.","og_url":"https:\/\/www.royenagri.be\/nl\/product\/cle-din-61\/","og_site_name":"Royen Agri","article_modified_time":"2025-03-03T09:01:10+00:00","og_image":[{"width":550,"height":372,"url":"https:\/\/www.royenagri.be\/wp-content\/uploads\/2025\/03\/550x372-removebg-preview.png","type":"image\/png"}],"twitter_card":"summary_large_image","twitter_misc":{"Geschatte leestijd":"2 minuten"},"schema":{"@context":"https:\/\/schema.org","@graph":[{"@type":"WebPage","@id":"https:\/\/www.royenagri.be\/nl\/product\/cle-din-61\/","url":"https:\/\/www.royenagri.be\/nl\/product\/cle-din-61\/","name":"cl\u00e9 DIN 61 - Royen Agri","isPartOf":{"@id":"https:\/\/www.royenagri.be\/nl\/#website"},"primaryImageOfPage":{"@id":"https:\/\/www.royenagri.be\/nl\/product\/cle-din-61\/#primaryimage"},"image":{"@id":"https:\/\/www.royenagri.be\/nl\/product\/cle-din-61\/#primaryimage"},"thumbnailUrl":"https:\/\/www.royenagri.be\/wp-content\/uploads\/2025\/03\/550x372-removebg-preview.png","datePublished":"2025-03-03T09:01:09+00:00","dateModified":"2025-03-03T09:01:10+00:00","description":"Cl\u00e9 DIN 61 pour une ouverture facile et s\u00e9curis\u00e9e des bidons. Ergonomique et robuste, elle s\u2019adapte aux contenants de 10 \u00e0 30 kg.","breadcrumb":{"@id":"https:\/\/www.royenagri.be\/nl\/product\/cle-din-61\/#breadcrumb"},"inLanguage":"nl-NL","potentialAction":[{"@type":"ReadAction","target":["https:\/\/www.royenagri.be\/nl\/product\/cle-din-61\/"]}]},{"@type":"ImageObject","inLanguage":"nl-NL","@id":"https:\/\/www.royenagri.be\/nl\/product\/cle-din-61\/#primaryimage","url":"https:\/\/www.royenagri.be\/wp-content\/uploads\/2025\/03\/550x372-removebg-preview.png","contentUrl":"https:\/\/www.royenagri.be\/wp-content\/uploads\/2025\/03\/550x372-removebg-preview.png","width":550,"height":372,"caption":"La cl\u00e9 DIN 61"},{"@type":"BreadcrumbList","@id":"https:\/\/www.royenagri.be\/nl\/product\/cle-din-61\/#breadcrumb","itemListElement":[{"@type":"ListItem","position":1,"name":"Home","item":"https:\/\/www.royenagri.be\/nl\/"},{"@type":"ListItem","position":2,"name":"Winkel","item":"https:\/\/www.royenagri.be\/nl\/winkel\/"},{"@type":"ListItem","position":3,"name":"cl\u00e9 DIN 61"}]},{"@type":"WebSite","@id":"https:\/\/www.royenagri.be\/nl\/#website","url":"https:\/\/www.royenagri.be\/nl\/","name":"Royen Agri","description":"","potentialAction":[{"@type":"SearchAction","target":{"@type":"EntryPoint","urlTemplate":"https:\/\/www.royenagri.be\/nl\/?s={search_term_string}"},"query-input":{"@type":"PropertyValueSpecification","valueRequired":true,"valueName":"search_term_string"}}],"inLanguage":"nl-NL"}]}},"_links":{"self":[{"href":"https:\/\/www.royenagri.be\/nl\/wp-json\/wp\/v2\/product\/2916","targetHints":{"allow":["GET"]}}],"collection":[{"href":"https:\/\/www.royenagri.be\/nl\/wp-json\/wp\/v2\/product"}],"about":[{"href":"https:\/\/www.royenagri.be\/nl\/wp-json\/wp\/v2\/types\/product"}],"replies":[{"embeddable":true,"href":"https:\/\/www.royenagri.be\/nl\/wp-json\/wp\/v2\/comments?post=2916"}],"wp:featuredmedia":[{"embeddable":true,"href":"https:\/\/www.royenagri.be\/nl\/wp-json\/wp\/v2\/media\/2917"}],"wp:attachment":[{"href":"https:\/\/www.royenagri.be\/nl\/wp-json\/wp\/v2\/media?parent=2916"}],"wp:term":[{"taxonomy":"product_brand","embeddable":true,"href":"https:\/\/www.royenagri.be\/nl\/wp-json\/wp\/v2\/product_brand?post=2916"},{"taxonomy":"product_cat","embeddable":true,"href":"https:\/\/www.royenagri.be\/nl\/wp-json\/wp\/v2\/product_cat?post=2916"},{"taxonomy":"product_tag","embeddable":true,"href":"https:\/\/www.royenagri.be\/nl\/wp-json\/wp\/v2\/product_tag?post=2916"}],"curies":[{"name":"wp","href":"https:\/\/api.w.org\/{rel}","templated":true}]}}