{"id":2934,"date":"2025-03-03T09:43:57","date_gmt":"2025-03-03T09:43:57","guid":{"rendered":"https:\/\/royenagri.brainmade.lws-servers.be\/?post_type=product&#038;p=2934"},"modified":"2026-01-16T15:22:28","modified_gmt":"2026-01-16T15:22:28","slug":"asepto-robot-clean","status":"publish","type":"product","link":"https:\/\/www.royenagri.be\/nl\/product\/asepto-robot-clean\/","title":{"rendered":"Asepto Robot Clean"},"content":{"rendered":"<p>Asepto Robot Clean est un nettoyant alcalin haute performance, sp\u00e9cialement formul\u00e9 pour le nettoyage des robots de traite, des machines \u00e0 traire et des tanks \u00e0 lait. Gr\u00e2ce \u00e0 sa formule sans chlore, il garantit une \u00e9limination efficace des graisses et des prot\u00e9ines, tout en \u00e9tant compatible avec tous les types de robots de traite.<\/p>\n<p>Ce produit est id\u00e9al pour un nettoyage \u00e0 l\u2019eau bouillante, fonctionnant \u00e0 des temp\u00e9ratures comprises entre 40\u00b0C et 95\u00b0C. Son action non moussante assure une circulation fluide du produit dans les \u00e9quipements, garantissant un entretien optimal sans risque d\u2019obstruction.<\/p>\n<p>Asepto Robot Clean est con\u00e7u pour \u00eatre utilis\u00e9 en alternance avec Horolith Robot, dans le cadre d\u2019un programme de nettoyage optimis\u00e9, afin d\u2019assurer une hygi\u00e8ne parfaite et la long\u00e9vit\u00e9 des \u00e9quipements.<\/p>\n<p>Disponible en format de 27 kg, ce nettoyant est une solution efficace pour les exploitations laiti\u00e8res souhaitant optimiser leur processus de nettoyage et pr\u00e9server la qualit\u00e9 du lait produit.<\/p>\n","protected":false},"excerpt":{"rendered":"<p>Asepto Robot Clean est un nettoyant alcalin puissant, sans chlore, con\u00e7u pour le nettoyage des robots de traite, machines \u00e0 traire et tanks \u00e0 lait.<\/p>\n","protected":false},"featured_media":2935,"comment_status":"closed","ping_status":"closed","template":"","meta":{"_acf_changed":false,"inline_featured_image":false},"product_brand":[],"product_cat":[53,41,100],"product_tag":[],"class_list":{"0":"post-2934","1":"product","2":"type-product","3":"status-publish","4":"has-post-thumbnail","6":"product_cat-cip-hygiene-des-appareils","7":"product_cat-hygiene-de-la-traite","8":"product_cat-nettoyage-a-sens-unique-eau-bouillant","9":"products_brands-ecolab","11":"first","12":"instock","13":"taxable","14":"shipping-taxable","15":"purchasable","16":"product-type-simple"},"acf":[],"yoast_head":"<!-- This site is optimized with the Yoast SEO plugin v27.5 - https:\/\/yoast.com\/product\/yoast-seo-wordpress\/ -->\n<title>Asepto Robot Clean - Royen Agri<\/title>\n<meta name=\"description\" content=\"Asepto Robot Clean, nettoyant alcalin sans chlore pour robots de traite, machines \u00e0 traire et tanks \u00e0 lait. \u00c9limine graisses et prot\u00e9ines.\" \/>\n<meta name=\"robots\" content=\"index, follow, max-snippet:-1, max-image-preview:large, max-video-preview:-1\" \/>\n<link rel=\"canonical\" href=\"https:\/\/www.royenagri.be\/nl\/product\/asepto-robot-clean\/\" \/>\n<meta property=\"og:locale\" content=\"nl_NL\" \/>\n<meta property=\"og:type\" content=\"article\" \/>\n<meta property=\"og:title\" content=\"Asepto Robot Clean - Royen Agri\" \/>\n<meta property=\"og:description\" content=\"Asepto Robot Clean, nettoyant alcalin sans chlore pour robots de traite, machines \u00e0 traire et tanks \u00e0 lait. \u00c9limine graisses et prot\u00e9ines.\" \/>\n<meta property=\"og:url\" content=\"https:\/\/www.royenagri.be\/nl\/product\/asepto-robot-clean\/\" \/>\n<meta property=\"og:site_name\" content=\"Royen Agri\" \/>\n<meta property=\"article:modified_time\" content=\"2026-01-16T15:22:28+00:00\" \/>\n<meta property=\"og:image\" content=\"https:\/\/www.royenagri.be\/wp-content\/uploads\/2025\/03\/0374735_0002_97f361956fec35c1cac3626.webp\" \/>\n\t<meta property=\"og:image:width\" content=\"300\" \/>\n\t<meta property=\"og:image:height\" content=\"300\" \/>\n\t<meta property=\"og:image:type\" content=\"image\/webp\" \/>\n<meta name=\"twitter:card\" content=\"summary_large_image\" \/>\n<meta name=\"twitter:label1\" content=\"Geschatte leestijd\" \/>\n\t<meta name=\"twitter:data1\" content=\"2 minuten\" \/>\n<script type=\"application\/ld+json\" class=\"yoast-schema-graph\">{\"@context\":\"https:\\\/\\\/schema.org\",\"@graph\":[{\"@type\":\"WebPage\",\"@id\":\"https:\\\/\\\/www.royenagri.be\\\/nl\\\/product\\\/asepto-robot-clean\\\/\",\"url\":\"https:\\\/\\\/www.royenagri.be\\\/nl\\\/product\\\/asepto-robot-clean\\\/\",\"name\":\"Asepto Robot Clean - Royen Agri\",\"isPartOf\":{\"@id\":\"https:\\\/\\\/www.royenagri.be\\\/nl\\\/#website\"},\"primaryImageOfPage\":{\"@id\":\"https:\\\/\\\/www.royenagri.be\\\/nl\\\/product\\\/asepto-robot-clean\\\/#primaryimage\"},\"image\":{\"@id\":\"https:\\\/\\\/www.royenagri.be\\\/nl\\\/product\\\/asepto-robot-clean\\\/#primaryimage\"},\"thumbnailUrl\":\"https:\\\/\\\/www.royenagri.be\\\/wp-content\\\/uploads\\\/2025\\\/03\\\/0374735_0002_97f361956fec35c1cac3626.webp\",\"datePublished\":\"2025-03-03T09:43:57+00:00\",\"dateModified\":\"2026-01-16T15:22:28+00:00\",\"description\":\"Asepto Robot Clean, nettoyant alcalin sans chlore pour robots de traite, machines \u00e0 traire et tanks \u00e0 lait. \u00c9limine graisses et prot\u00e9ines.\",\"breadcrumb\":{\"@id\":\"https:\\\/\\\/www.royenagri.be\\\/nl\\\/product\\\/asepto-robot-clean\\\/#breadcrumb\"},\"inLanguage\":\"nl-NL\",\"potentialAction\":[{\"@type\":\"ReadAction\",\"target\":[\"https:\\\/\\\/www.royenagri.be\\\/nl\\\/product\\\/asepto-robot-clean\\\/\"]}]},{\"@type\":\"ImageObject\",\"inLanguage\":\"nl-NL\",\"@id\":\"https:\\\/\\\/www.royenagri.be\\\/nl\\\/product\\\/asepto-robot-clean\\\/#primaryimage\",\"url\":\"https:\\\/\\\/www.royenagri.be\\\/wp-content\\\/uploads\\\/2025\\\/03\\\/0374735_0002_97f361956fec35c1cac3626.webp\",\"contentUrl\":\"https:\\\/\\\/www.royenagri.be\\\/wp-content\\\/uploads\\\/2025\\\/03\\\/0374735_0002_97f361956fec35c1cac3626.webp\",\"width\":300,\"height\":300,\"caption\":\"Asepto Robot Clean\"},{\"@type\":\"BreadcrumbList\",\"@id\":\"https:\\\/\\\/www.royenagri.be\\\/nl\\\/product\\\/asepto-robot-clean\\\/#breadcrumb\",\"itemListElement\":[{\"@type\":\"ListItem\",\"position\":1,\"name\":\"Home\",\"item\":\"https:\\\/\\\/www.royenagri.be\\\/nl\\\/\"},{\"@type\":\"ListItem\",\"position\":2,\"name\":\"Winkel\",\"item\":\"https:\\\/\\\/www.royenagri.be\\\/nl\\\/winkel\\\/\"},{\"@type\":\"ListItem\",\"position\":3,\"name\":\"Asepto Robot Clean\"}]},{\"@type\":\"WebSite\",\"@id\":\"https:\\\/\\\/www.royenagri.be\\\/nl\\\/#website\",\"url\":\"https:\\\/\\\/www.royenagri.be\\\/nl\\\/\",\"name\":\"Royen Agri\",\"description\":\"\",\"potentialAction\":[{\"@type\":\"SearchAction\",\"target\":{\"@type\":\"EntryPoint\",\"urlTemplate\":\"https:\\\/\\\/www.royenagri.be\\\/nl\\\/?s={search_term_string}\"},\"query-input\":{\"@type\":\"PropertyValueSpecification\",\"valueRequired\":true,\"valueName\":\"search_term_string\"}}],\"inLanguage\":\"nl-NL\"}]}<\/script>\n<!-- \/ Yoast SEO plugin. -->","yoast_head_json":{"title":"Asepto Robot Clean - Royen Agri","description":"Asepto Robot Clean, nettoyant alcalin sans chlore pour robots de traite, machines \u00e0 traire et tanks \u00e0 lait. \u00c9limine graisses et prot\u00e9ines.","robots":{"index":"index","follow":"follow","max-snippet":"max-snippet:-1","max-image-preview":"max-image-preview:large","max-video-preview":"max-video-preview:-1"},"canonical":"https:\/\/www.royenagri.be\/nl\/product\/asepto-robot-clean\/","og_locale":"nl_NL","og_type":"article","og_title":"Asepto Robot Clean - Royen Agri","og_description":"Asepto Robot Clean, nettoyant alcalin sans chlore pour robots de traite, machines \u00e0 traire et tanks \u00e0 lait. \u00c9limine graisses et prot\u00e9ines.","og_url":"https:\/\/www.royenagri.be\/nl\/product\/asepto-robot-clean\/","og_site_name":"Royen Agri","article_modified_time":"2026-01-16T15:22:28+00:00","og_image":[{"width":300,"height":300,"url":"https:\/\/www.royenagri.be\/wp-content\/uploads\/2025\/03\/0374735_0002_97f361956fec35c1cac3626.webp","type":"image\/webp"}],"twitter_card":"summary_large_image","twitter_misc":{"Geschatte leestijd":"2 minuten"},"schema":{"@context":"https:\/\/schema.org","@graph":[{"@type":"WebPage","@id":"https:\/\/www.royenagri.be\/nl\/product\/asepto-robot-clean\/","url":"https:\/\/www.royenagri.be\/nl\/product\/asepto-robot-clean\/","name":"Asepto Robot Clean - Royen Agri","isPartOf":{"@id":"https:\/\/www.royenagri.be\/nl\/#website"},"primaryImageOfPage":{"@id":"https:\/\/www.royenagri.be\/nl\/product\/asepto-robot-clean\/#primaryimage"},"image":{"@id":"https:\/\/www.royenagri.be\/nl\/product\/asepto-robot-clean\/#primaryimage"},"thumbnailUrl":"https:\/\/www.royenagri.be\/wp-content\/uploads\/2025\/03\/0374735_0002_97f361956fec35c1cac3626.webp","datePublished":"2025-03-03T09:43:57+00:00","dateModified":"2026-01-16T15:22:28+00:00","description":"Asepto Robot Clean, nettoyant alcalin sans chlore pour robots de traite, machines \u00e0 traire et tanks \u00e0 lait. \u00c9limine graisses et prot\u00e9ines.","breadcrumb":{"@id":"https:\/\/www.royenagri.be\/nl\/product\/asepto-robot-clean\/#breadcrumb"},"inLanguage":"nl-NL","potentialAction":[{"@type":"ReadAction","target":["https:\/\/www.royenagri.be\/nl\/product\/asepto-robot-clean\/"]}]},{"@type":"ImageObject","inLanguage":"nl-NL","@id":"https:\/\/www.royenagri.be\/nl\/product\/asepto-robot-clean\/#primaryimage","url":"https:\/\/www.royenagri.be\/wp-content\/uploads\/2025\/03\/0374735_0002_97f361956fec35c1cac3626.webp","contentUrl":"https:\/\/www.royenagri.be\/wp-content\/uploads\/2025\/03\/0374735_0002_97f361956fec35c1cac3626.webp","width":300,"height":300,"caption":"Asepto Robot Clean"},{"@type":"BreadcrumbList","@id":"https:\/\/www.royenagri.be\/nl\/product\/asepto-robot-clean\/#breadcrumb","itemListElement":[{"@type":"ListItem","position":1,"name":"Home","item":"https:\/\/www.royenagri.be\/nl\/"},{"@type":"ListItem","position":2,"name":"Winkel","item":"https:\/\/www.royenagri.be\/nl\/winkel\/"},{"@type":"ListItem","position":3,"name":"Asepto Robot Clean"}]},{"@type":"WebSite","@id":"https:\/\/www.royenagri.be\/nl\/#website","url":"https:\/\/www.royenagri.be\/nl\/","name":"Royen Agri","description":"","potentialAction":[{"@type":"SearchAction","target":{"@type":"EntryPoint","urlTemplate":"https:\/\/www.royenagri.be\/nl\/?s={search_term_string}"},"query-input":{"@type":"PropertyValueSpecification","valueRequired":true,"valueName":"search_term_string"}}],"inLanguage":"nl-NL"}]}},"_links":{"self":[{"href":"https:\/\/www.royenagri.be\/nl\/wp-json\/wp\/v2\/product\/2934","targetHints":{"allow":["GET"]}}],"collection":[{"href":"https:\/\/www.royenagri.be\/nl\/wp-json\/wp\/v2\/product"}],"about":[{"href":"https:\/\/www.royenagri.be\/nl\/wp-json\/wp\/v2\/types\/product"}],"replies":[{"embeddable":true,"href":"https:\/\/www.royenagri.be\/nl\/wp-json\/wp\/v2\/comments?post=2934"}],"wp:featuredmedia":[{"embeddable":true,"href":"https:\/\/www.royenagri.be\/nl\/wp-json\/wp\/v2\/media\/2935"}],"wp:attachment":[{"href":"https:\/\/www.royenagri.be\/nl\/wp-json\/wp\/v2\/media?parent=2934"}],"wp:term":[{"taxonomy":"product_brand","embeddable":true,"href":"https:\/\/www.royenagri.be\/nl\/wp-json\/wp\/v2\/product_brand?post=2934"},{"taxonomy":"product_cat","embeddable":true,"href":"https:\/\/www.royenagri.be\/nl\/wp-json\/wp\/v2\/product_cat?post=2934"},{"taxonomy":"product_tag","embeddable":true,"href":"https:\/\/www.royenagri.be\/nl\/wp-json\/wp\/v2\/product_tag?post=2934"}],"curies":[{"name":"wp","href":"https:\/\/api.w.org\/{rel}","templated":true}]}}