{"id":2950,"date":"2025-03-03T10:20:26","date_gmt":"2025-03-03T10:20:26","guid":{"rendered":"https:\/\/royenagri.brainmade.lws-servers.be\/?post_type=product&#038;p=2950"},"modified":"2026-03-02T09:23:20","modified_gmt":"2026-03-02T09:23:20","slug":"mip-smx","status":"publish","type":"product","link":"https:\/\/www.royenagri.be\/nl\/product\/mip-smx\/","title":{"rendered":"Mip SMX"},"content":{"rendered":"<p>Mip SMX est un nettoyant alcalin liquide puissant, sp\u00e9cialement con\u00e7u pour r\u00e9pondre aux exigences de nettoyage du secteur agroalimentaire. Gr\u00e2ce \u00e0 sa formulation avanc\u00e9e, il peut \u00eatre utilis\u00e9 comme nettoyant monophas\u00e9, offrant une efficacit\u00e9 maximale contre les fortes contaminations organiques.<\/p>\n<p>Sa capacit\u00e9 \u00e0 lier le calcaire assure un nettoyage en profondeur des circuits thermiques et non thermiques, permettant ainsi une hygi\u00e8ne optimale des \u00e9quipements. Ce produit s\u2019adapte \u00e0 diff\u00e9rentes conditions de nettoyage et fonctionne efficacement dans une plage de temp\u00e9ratures allant de 40\u00b0C \u00e0 90\u00b0C.<\/p>\n<p>Mip SMX est une solution performante pour l\u2019industrie agroalimentaire, garantissant un nettoyage en profondeur tout en prot\u00e9geant les installations.<\/p>\n<p>Disponible en format de 24 kg, il constitue une r\u00e9ponse efficace aux besoins des professionnels souhaitant maintenir un environnement propre et conforme aux normes d\u2019hygi\u00e8ne.<\/p>\n","protected":false},"excerpt":{"rendered":"<p>Mip SMX est un nettoyant liquide alcalin con\u00e7u pour le secteur agroalimentaire, id\u00e9al pour \u00e9liminer les salissures organiques importantes.<\/p>\n","protected":false},"featured_media":2951,"comment_status":"closed","ping_status":"closed","template":"","meta":{"_acf_changed":false,"inline_featured_image":false},"product_brand":[],"product_cat":[53,41,100],"product_tag":[],"class_list":{"0":"post-2950","1":"product","2":"type-product","3":"status-publish","4":"has-post-thumbnail","6":"product_cat-cip-hygiene-des-appareils","7":"product_cat-hygiene-de-la-traite","8":"product_cat-nettoyage-a-sens-unique-eau-bouillant","10":"first","11":"instock","12":"taxable","13":"shipping-taxable","14":"purchasable","15":"product-type-simple"},"acf":[],"yoast_head":"<!-- This site is optimized with the Yoast SEO plugin v27.4 - https:\/\/yoast.com\/product\/yoast-seo-wordpress\/ -->\n<title>Mip SMX - Royen Agri<\/title>\n<meta name=\"description\" content=\"Mip SMX, nettoyant alcalin pour l\u2019agroalimentaire, \u00e9limine les salissures organiques et le calcaire. Efficace sur circuits thermiques et non thermiques.\" \/>\n<meta name=\"robots\" content=\"index, follow, max-snippet:-1, max-image-preview:large, max-video-preview:-1\" \/>\n<link rel=\"canonical\" href=\"https:\/\/www.royenagri.be\/nl\/product\/mip-smx\/\" \/>\n<meta property=\"og:locale\" content=\"nl_NL\" \/>\n<meta property=\"og:type\" content=\"article\" \/>\n<meta property=\"og:title\" content=\"Mip SMX - Royen Agri\" \/>\n<meta property=\"og:description\" content=\"Mip SMX, nettoyant alcalin pour l\u2019agroalimentaire, \u00e9limine les salissures organiques et le calcaire. Efficace sur circuits thermiques et non thermiques.\" \/>\n<meta property=\"og:url\" content=\"https:\/\/www.royenagri.be\/nl\/product\/mip-smx\/\" \/>\n<meta property=\"og:site_name\" content=\"Royen Agri\" \/>\n<meta property=\"article:modified_time\" content=\"2026-03-02T09:23:20+00:00\" \/>\n<meta property=\"og:image\" content=\"https:\/\/www.royenagri.be\/wp-content\/uploads\/2025\/03\/14602.jpg\" \/>\n\t<meta property=\"og:image:width\" content=\"400\" \/>\n\t<meta property=\"og:image:height\" content=\"400\" \/>\n\t<meta property=\"og:image:type\" content=\"image\/jpeg\" \/>\n<meta name=\"twitter:card\" content=\"summary_large_image\" \/>\n<meta name=\"twitter:label1\" content=\"Geschatte leestijd\" \/>\n\t<meta name=\"twitter:data1\" content=\"2 minuten\" \/>\n<script type=\"application\/ld+json\" class=\"yoast-schema-graph\">{\"@context\":\"https:\\\/\\\/schema.org\",\"@graph\":[{\"@type\":\"WebPage\",\"@id\":\"https:\\\/\\\/www.royenagri.be\\\/nl\\\/product\\\/mip-smx\\\/\",\"url\":\"https:\\\/\\\/www.royenagri.be\\\/nl\\\/product\\\/mip-smx\\\/\",\"name\":\"Mip SMX - Royen Agri\",\"isPartOf\":{\"@id\":\"https:\\\/\\\/www.royenagri.be\\\/nl\\\/#website\"},\"primaryImageOfPage\":{\"@id\":\"https:\\\/\\\/www.royenagri.be\\\/nl\\\/product\\\/mip-smx\\\/#primaryimage\"},\"image\":{\"@id\":\"https:\\\/\\\/www.royenagri.be\\\/nl\\\/product\\\/mip-smx\\\/#primaryimage\"},\"thumbnailUrl\":\"https:\\\/\\\/www.royenagri.be\\\/wp-content\\\/uploads\\\/2025\\\/03\\\/14602.jpg\",\"datePublished\":\"2025-03-03T10:20:26+00:00\",\"dateModified\":\"2026-03-02T09:23:20+00:00\",\"description\":\"Mip SMX, nettoyant alcalin pour l\u2019agroalimentaire, \u00e9limine les salissures organiques et le calcaire. Efficace sur circuits thermiques et non thermiques.\",\"breadcrumb\":{\"@id\":\"https:\\\/\\\/www.royenagri.be\\\/nl\\\/product\\\/mip-smx\\\/#breadcrumb\"},\"inLanguage\":\"nl-NL\",\"potentialAction\":[{\"@type\":\"ReadAction\",\"target\":[\"https:\\\/\\\/www.royenagri.be\\\/nl\\\/product\\\/mip-smx\\\/\"]}]},{\"@type\":\"ImageObject\",\"inLanguage\":\"nl-NL\",\"@id\":\"https:\\\/\\\/www.royenagri.be\\\/nl\\\/product\\\/mip-smx\\\/#primaryimage\",\"url\":\"https:\\\/\\\/www.royenagri.be\\\/wp-content\\\/uploads\\\/2025\\\/03\\\/14602.jpg\",\"contentUrl\":\"https:\\\/\\\/www.royenagri.be\\\/wp-content\\\/uploads\\\/2025\\\/03\\\/14602.jpg\",\"width\":400,\"height\":400,\"caption\":\"Mip SMX\"},{\"@type\":\"BreadcrumbList\",\"@id\":\"https:\\\/\\\/www.royenagri.be\\\/nl\\\/product\\\/mip-smx\\\/#breadcrumb\",\"itemListElement\":[{\"@type\":\"ListItem\",\"position\":1,\"name\":\"Home\",\"item\":\"https:\\\/\\\/www.royenagri.be\\\/nl\\\/\"},{\"@type\":\"ListItem\",\"position\":2,\"name\":\"Winkel\",\"item\":\"https:\\\/\\\/www.royenagri.be\\\/nl\\\/winkel\\\/\"},{\"@type\":\"ListItem\",\"position\":3,\"name\":\"Mip SMX\"}]},{\"@type\":\"WebSite\",\"@id\":\"https:\\\/\\\/www.royenagri.be\\\/nl\\\/#website\",\"url\":\"https:\\\/\\\/www.royenagri.be\\\/nl\\\/\",\"name\":\"Royen Agri\",\"description\":\"\",\"potentialAction\":[{\"@type\":\"SearchAction\",\"target\":{\"@type\":\"EntryPoint\",\"urlTemplate\":\"https:\\\/\\\/www.royenagri.be\\\/nl\\\/?s={search_term_string}\"},\"query-input\":{\"@type\":\"PropertyValueSpecification\",\"valueRequired\":true,\"valueName\":\"search_term_string\"}}],\"inLanguage\":\"nl-NL\"}]}<\/script>\n<!-- \/ Yoast SEO plugin. -->","yoast_head_json":{"title":"Mip SMX - Royen Agri","description":"Mip SMX, nettoyant alcalin pour l\u2019agroalimentaire, \u00e9limine les salissures organiques et le calcaire. Efficace sur circuits thermiques et non thermiques.","robots":{"index":"index","follow":"follow","max-snippet":"max-snippet:-1","max-image-preview":"max-image-preview:large","max-video-preview":"max-video-preview:-1"},"canonical":"https:\/\/www.royenagri.be\/nl\/product\/mip-smx\/","og_locale":"nl_NL","og_type":"article","og_title":"Mip SMX - Royen Agri","og_description":"Mip SMX, nettoyant alcalin pour l\u2019agroalimentaire, \u00e9limine les salissures organiques et le calcaire. Efficace sur circuits thermiques et non thermiques.","og_url":"https:\/\/www.royenagri.be\/nl\/product\/mip-smx\/","og_site_name":"Royen Agri","article_modified_time":"2026-03-02T09:23:20+00:00","og_image":[{"width":400,"height":400,"url":"https:\/\/www.royenagri.be\/wp-content\/uploads\/2025\/03\/14602.jpg","type":"image\/jpeg"}],"twitter_card":"summary_large_image","twitter_misc":{"Geschatte leestijd":"2 minuten"},"schema":{"@context":"https:\/\/schema.org","@graph":[{"@type":"WebPage","@id":"https:\/\/www.royenagri.be\/nl\/product\/mip-smx\/","url":"https:\/\/www.royenagri.be\/nl\/product\/mip-smx\/","name":"Mip SMX - Royen Agri","isPartOf":{"@id":"https:\/\/www.royenagri.be\/nl\/#website"},"primaryImageOfPage":{"@id":"https:\/\/www.royenagri.be\/nl\/product\/mip-smx\/#primaryimage"},"image":{"@id":"https:\/\/www.royenagri.be\/nl\/product\/mip-smx\/#primaryimage"},"thumbnailUrl":"https:\/\/www.royenagri.be\/wp-content\/uploads\/2025\/03\/14602.jpg","datePublished":"2025-03-03T10:20:26+00:00","dateModified":"2026-03-02T09:23:20+00:00","description":"Mip SMX, nettoyant alcalin pour l\u2019agroalimentaire, \u00e9limine les salissures organiques et le calcaire. Efficace sur circuits thermiques et non thermiques.","breadcrumb":{"@id":"https:\/\/www.royenagri.be\/nl\/product\/mip-smx\/#breadcrumb"},"inLanguage":"nl-NL","potentialAction":[{"@type":"ReadAction","target":["https:\/\/www.royenagri.be\/nl\/product\/mip-smx\/"]}]},{"@type":"ImageObject","inLanguage":"nl-NL","@id":"https:\/\/www.royenagri.be\/nl\/product\/mip-smx\/#primaryimage","url":"https:\/\/www.royenagri.be\/wp-content\/uploads\/2025\/03\/14602.jpg","contentUrl":"https:\/\/www.royenagri.be\/wp-content\/uploads\/2025\/03\/14602.jpg","width":400,"height":400,"caption":"Mip SMX"},{"@type":"BreadcrumbList","@id":"https:\/\/www.royenagri.be\/nl\/product\/mip-smx\/#breadcrumb","itemListElement":[{"@type":"ListItem","position":1,"name":"Home","item":"https:\/\/www.royenagri.be\/nl\/"},{"@type":"ListItem","position":2,"name":"Winkel","item":"https:\/\/www.royenagri.be\/nl\/winkel\/"},{"@type":"ListItem","position":3,"name":"Mip SMX"}]},{"@type":"WebSite","@id":"https:\/\/www.royenagri.be\/nl\/#website","url":"https:\/\/www.royenagri.be\/nl\/","name":"Royen Agri","description":"","potentialAction":[{"@type":"SearchAction","target":{"@type":"EntryPoint","urlTemplate":"https:\/\/www.royenagri.be\/nl\/?s={search_term_string}"},"query-input":{"@type":"PropertyValueSpecification","valueRequired":true,"valueName":"search_term_string"}}],"inLanguage":"nl-NL"}]}},"_links":{"self":[{"href":"https:\/\/www.royenagri.be\/nl\/wp-json\/wp\/v2\/product\/2950","targetHints":{"allow":["GET"]}}],"collection":[{"href":"https:\/\/www.royenagri.be\/nl\/wp-json\/wp\/v2\/product"}],"about":[{"href":"https:\/\/www.royenagri.be\/nl\/wp-json\/wp\/v2\/types\/product"}],"replies":[{"embeddable":true,"href":"https:\/\/www.royenagri.be\/nl\/wp-json\/wp\/v2\/comments?post=2950"}],"wp:featuredmedia":[{"embeddable":true,"href":"https:\/\/www.royenagri.be\/nl\/wp-json\/wp\/v2\/media\/2951"}],"wp:attachment":[{"href":"https:\/\/www.royenagri.be\/nl\/wp-json\/wp\/v2\/media?parent=2950"}],"wp:term":[{"taxonomy":"product_brand","embeddable":true,"href":"https:\/\/www.royenagri.be\/nl\/wp-json\/wp\/v2\/product_brand?post=2950"},{"taxonomy":"product_cat","embeddable":true,"href":"https:\/\/www.royenagri.be\/nl\/wp-json\/wp\/v2\/product_cat?post=2950"},{"taxonomy":"product_tag","embeddable":true,"href":"https:\/\/www.royenagri.be\/nl\/wp-json\/wp\/v2\/product_tag?post=2950"}],"curies":[{"name":"wp","href":"https:\/\/api.w.org\/{rel}","templated":true}]}}