{"id":2955,"date":"2025-03-03T10:27:39","date_gmt":"2025-03-03T10:27:39","guid":{"rendered":"https:\/\/royenagri.brainmade.lws-servers.be\/?post_type=product&#038;p=2955"},"modified":"2025-03-03T10:29:05","modified_gmt":"2025-03-03T10:29:05","slug":"dm-clean","status":"publish","type":"product","link":"https:\/\/www.royenagri.be\/nl\/product\/dm-clean\/","title":{"rendered":"DM Clean"},"content":{"rendered":"<p>DM Clean est un nettoyant alcalin hautement efficace, formul\u00e9 pour \u00eatre utilis\u00e9 dans les syst\u00e8mes CIP (Cleaning in Place). Gr\u00e2ce \u00e0 sa formulation non-moussante, il assure un nettoyage optimal des circuits et \u00e9quipements industriels, sans risque d\u2019accumulation de r\u00e9sidus.<\/p>\n<p>Sa forte alcalinit\u00e9 permet d\u2019\u00e9liminer les graisses, les prot\u00e9ines et autres contaminants organiques, garantissant ainsi une hygi\u00e8ne irr\u00e9prochable des installations. Ce produit est adapt\u00e9 aux industries agroalimentaires et laiti\u00e8res, o\u00f9 un nettoyage approfondi est essentiel pour pr\u00e9server la qualit\u00e9 des produits et prolonger la dur\u00e9e de vie des \u00e9quipements.<\/p>\n<p>DM Clean fonctionne \u00e0 des temp\u00e9ratures comprises entre 50\u00b0C et 60\u00b0C, avec un temps de contact optimal de 10 \u00e0 20 minutes. Il est disponible en format de 25 kg, offrant une solution efficace et \u00e9conomique pour les professionnels de l\u2019industrie.<\/p>\n","protected":false},"excerpt":{"rendered":"<p>DM Clean est un nettoyant alcalin puissant, non-moussant, sp\u00e9cialement con\u00e7u pour les installations CIP dans l\u2019industrie agroalimentaire.<\/p>\n","protected":false},"featured_media":2956,"comment_status":"open","ping_status":"closed","template":"","meta":{"_acf_changed":false,"inline_featured_image":false},"product_brand":[],"product_cat":[53,497,41],"product_tag":[],"class_list":{"0":"post-2955","1":"product","2":"type-product","3":"status-publish","4":"has-post-thumbnail","6":"product_cat-cip-hygiene-des-appareils","7":"product_cat-equipement","8":"product_cat-hygiene-de-la-traite","9":"products_brands-cid-lines","11":"first","12":"instock","13":"taxable","14":"shipping-taxable","15":"purchasable","16":"product-type-simple"},"acf":[],"yoast_head":"<!-- This site is optimized with the Yoast SEO plugin v27.5 - https:\/\/yoast.com\/product\/yoast-seo-wordpress\/ -->\n<title>DM Clean - Royen Agri<\/title>\n<meta name=\"description\" content=\"DM Clean, nettoyant alcalin non-moussant pour installations CIP. \u00c9limine graisses et prot\u00e9ines efficacement. Utilisation entre 50\u00b0C et 60\u00b0C, rin\u00e7age facile.\" \/>\n<meta name=\"robots\" content=\"index, follow, max-snippet:-1, max-image-preview:large, max-video-preview:-1\" \/>\n<link rel=\"canonical\" href=\"https:\/\/www.royenagri.be\/nl\/product\/dm-clean\/\" \/>\n<meta property=\"og:locale\" content=\"nl_NL\" \/>\n<meta property=\"og:type\" content=\"article\" \/>\n<meta property=\"og:title\" content=\"DM Clean - Royen Agri\" \/>\n<meta property=\"og:description\" content=\"DM Clean, nettoyant alcalin non-moussant pour installations CIP. \u00c9limine graisses et prot\u00e9ines efficacement. Utilisation entre 50\u00b0C et 60\u00b0C, rin\u00e7age facile.\" \/>\n<meta property=\"og:url\" content=\"https:\/\/www.royenagri.be\/nl\/product\/dm-clean\/\" \/>\n<meta property=\"og:site_name\" content=\"Royen Agri\" \/>\n<meta property=\"article:modified_time\" content=\"2025-03-03T10:29:05+00:00\" \/>\n<meta property=\"og:image\" content=\"https:\/\/www.royenagri.be\/wp-content\/uploads\/2025\/03\/DM-Clean_horticulture_11.webp\" \/>\n\t<meta property=\"og:image:width\" content=\"570\" \/>\n\t<meta property=\"og:image:height\" content=\"760\" \/>\n\t<meta property=\"og:image:type\" content=\"image\/webp\" \/>\n<meta name=\"twitter:card\" content=\"summary_large_image\" \/>\n<meta name=\"twitter:label1\" content=\"Geschatte leestijd\" \/>\n\t<meta name=\"twitter:data1\" content=\"2 minuten\" \/>\n<script type=\"application\/ld+json\" class=\"yoast-schema-graph\">{\"@context\":\"https:\\\/\\\/schema.org\",\"@graph\":[{\"@type\":\"WebPage\",\"@id\":\"https:\\\/\\\/www.royenagri.be\\\/nl\\\/product\\\/dm-clean\\\/\",\"url\":\"https:\\\/\\\/www.royenagri.be\\\/nl\\\/product\\\/dm-clean\\\/\",\"name\":\"DM Clean - Royen Agri\",\"isPartOf\":{\"@id\":\"https:\\\/\\\/www.royenagri.be\\\/nl\\\/#website\"},\"primaryImageOfPage\":{\"@id\":\"https:\\\/\\\/www.royenagri.be\\\/nl\\\/product\\\/dm-clean\\\/#primaryimage\"},\"image\":{\"@id\":\"https:\\\/\\\/www.royenagri.be\\\/nl\\\/product\\\/dm-clean\\\/#primaryimage\"},\"thumbnailUrl\":\"https:\\\/\\\/www.royenagri.be\\\/wp-content\\\/uploads\\\/2025\\\/03\\\/DM-Clean_horticulture_11.webp\",\"datePublished\":\"2025-03-03T10:27:39+00:00\",\"dateModified\":\"2025-03-03T10:29:05+00:00\",\"description\":\"DM Clean, nettoyant alcalin non-moussant pour installations CIP. \u00c9limine graisses et prot\u00e9ines efficacement. Utilisation entre 50\u00b0C et 60\u00b0C, rin\u00e7age facile.\",\"breadcrumb\":{\"@id\":\"https:\\\/\\\/www.royenagri.be\\\/nl\\\/product\\\/dm-clean\\\/#breadcrumb\"},\"inLanguage\":\"nl-NL\",\"potentialAction\":[{\"@type\":\"ReadAction\",\"target\":[\"https:\\\/\\\/www.royenagri.be\\\/nl\\\/product\\\/dm-clean\\\/\"]}]},{\"@type\":\"ImageObject\",\"inLanguage\":\"nl-NL\",\"@id\":\"https:\\\/\\\/www.royenagri.be\\\/nl\\\/product\\\/dm-clean\\\/#primaryimage\",\"url\":\"https:\\\/\\\/www.royenagri.be\\\/wp-content\\\/uploads\\\/2025\\\/03\\\/DM-Clean_horticulture_11.webp\",\"contentUrl\":\"https:\\\/\\\/www.royenagri.be\\\/wp-content\\\/uploads\\\/2025\\\/03\\\/DM-Clean_horticulture_11.webp\",\"width\":570,\"height\":760,\"caption\":\"DM Clean\"},{\"@type\":\"BreadcrumbList\",\"@id\":\"https:\\\/\\\/www.royenagri.be\\\/nl\\\/product\\\/dm-clean\\\/#breadcrumb\",\"itemListElement\":[{\"@type\":\"ListItem\",\"position\":1,\"name\":\"Home\",\"item\":\"https:\\\/\\\/www.royenagri.be\\\/nl\\\/\"},{\"@type\":\"ListItem\",\"position\":2,\"name\":\"Winkel\",\"item\":\"https:\\\/\\\/www.royenagri.be\\\/nl\\\/winkel\\\/\"},{\"@type\":\"ListItem\",\"position\":3,\"name\":\"DM Clean\"}]},{\"@type\":\"WebSite\",\"@id\":\"https:\\\/\\\/www.royenagri.be\\\/nl\\\/#website\",\"url\":\"https:\\\/\\\/www.royenagri.be\\\/nl\\\/\",\"name\":\"Royen Agri\",\"description\":\"\",\"potentialAction\":[{\"@type\":\"SearchAction\",\"target\":{\"@type\":\"EntryPoint\",\"urlTemplate\":\"https:\\\/\\\/www.royenagri.be\\\/nl\\\/?s={search_term_string}\"},\"query-input\":{\"@type\":\"PropertyValueSpecification\",\"valueRequired\":true,\"valueName\":\"search_term_string\"}}],\"inLanguage\":\"nl-NL\"}]}<\/script>\n<!-- \/ Yoast SEO plugin. -->","yoast_head_json":{"title":"DM Clean - Royen Agri","description":"DM Clean, nettoyant alcalin non-moussant pour installations CIP. \u00c9limine graisses et prot\u00e9ines efficacement. Utilisation entre 50\u00b0C et 60\u00b0C, rin\u00e7age facile.","robots":{"index":"index","follow":"follow","max-snippet":"max-snippet:-1","max-image-preview":"max-image-preview:large","max-video-preview":"max-video-preview:-1"},"canonical":"https:\/\/www.royenagri.be\/nl\/product\/dm-clean\/","og_locale":"nl_NL","og_type":"article","og_title":"DM Clean - Royen Agri","og_description":"DM Clean, nettoyant alcalin non-moussant pour installations CIP. \u00c9limine graisses et prot\u00e9ines efficacement. Utilisation entre 50\u00b0C et 60\u00b0C, rin\u00e7age facile.","og_url":"https:\/\/www.royenagri.be\/nl\/product\/dm-clean\/","og_site_name":"Royen Agri","article_modified_time":"2025-03-03T10:29:05+00:00","og_image":[{"width":570,"height":760,"url":"https:\/\/www.royenagri.be\/wp-content\/uploads\/2025\/03\/DM-Clean_horticulture_11.webp","type":"image\/webp"}],"twitter_card":"summary_large_image","twitter_misc":{"Geschatte leestijd":"2 minuten"},"schema":{"@context":"https:\/\/schema.org","@graph":[{"@type":"WebPage","@id":"https:\/\/www.royenagri.be\/nl\/product\/dm-clean\/","url":"https:\/\/www.royenagri.be\/nl\/product\/dm-clean\/","name":"DM Clean - Royen Agri","isPartOf":{"@id":"https:\/\/www.royenagri.be\/nl\/#website"},"primaryImageOfPage":{"@id":"https:\/\/www.royenagri.be\/nl\/product\/dm-clean\/#primaryimage"},"image":{"@id":"https:\/\/www.royenagri.be\/nl\/product\/dm-clean\/#primaryimage"},"thumbnailUrl":"https:\/\/www.royenagri.be\/wp-content\/uploads\/2025\/03\/DM-Clean_horticulture_11.webp","datePublished":"2025-03-03T10:27:39+00:00","dateModified":"2025-03-03T10:29:05+00:00","description":"DM Clean, nettoyant alcalin non-moussant pour installations CIP. \u00c9limine graisses et prot\u00e9ines efficacement. Utilisation entre 50\u00b0C et 60\u00b0C, rin\u00e7age facile.","breadcrumb":{"@id":"https:\/\/www.royenagri.be\/nl\/product\/dm-clean\/#breadcrumb"},"inLanguage":"nl-NL","potentialAction":[{"@type":"ReadAction","target":["https:\/\/www.royenagri.be\/nl\/product\/dm-clean\/"]}]},{"@type":"ImageObject","inLanguage":"nl-NL","@id":"https:\/\/www.royenagri.be\/nl\/product\/dm-clean\/#primaryimage","url":"https:\/\/www.royenagri.be\/wp-content\/uploads\/2025\/03\/DM-Clean_horticulture_11.webp","contentUrl":"https:\/\/www.royenagri.be\/wp-content\/uploads\/2025\/03\/DM-Clean_horticulture_11.webp","width":570,"height":760,"caption":"DM Clean"},{"@type":"BreadcrumbList","@id":"https:\/\/www.royenagri.be\/nl\/product\/dm-clean\/#breadcrumb","itemListElement":[{"@type":"ListItem","position":1,"name":"Home","item":"https:\/\/www.royenagri.be\/nl\/"},{"@type":"ListItem","position":2,"name":"Winkel","item":"https:\/\/www.royenagri.be\/nl\/winkel\/"},{"@type":"ListItem","position":3,"name":"DM Clean"}]},{"@type":"WebSite","@id":"https:\/\/www.royenagri.be\/nl\/#website","url":"https:\/\/www.royenagri.be\/nl\/","name":"Royen Agri","description":"","potentialAction":[{"@type":"SearchAction","target":{"@type":"EntryPoint","urlTemplate":"https:\/\/www.royenagri.be\/nl\/?s={search_term_string}"},"query-input":{"@type":"PropertyValueSpecification","valueRequired":true,"valueName":"search_term_string"}}],"inLanguage":"nl-NL"}]}},"_links":{"self":[{"href":"https:\/\/www.royenagri.be\/nl\/wp-json\/wp\/v2\/product\/2955","targetHints":{"allow":["GET"]}}],"collection":[{"href":"https:\/\/www.royenagri.be\/nl\/wp-json\/wp\/v2\/product"}],"about":[{"href":"https:\/\/www.royenagri.be\/nl\/wp-json\/wp\/v2\/types\/product"}],"replies":[{"embeddable":true,"href":"https:\/\/www.royenagri.be\/nl\/wp-json\/wp\/v2\/comments?post=2955"}],"wp:featuredmedia":[{"embeddable":true,"href":"https:\/\/www.royenagri.be\/nl\/wp-json\/wp\/v2\/media\/2956"}],"wp:attachment":[{"href":"https:\/\/www.royenagri.be\/nl\/wp-json\/wp\/v2\/media?parent=2955"}],"wp:term":[{"taxonomy":"product_brand","embeddable":true,"href":"https:\/\/www.royenagri.be\/nl\/wp-json\/wp\/v2\/product_brand?post=2955"},{"taxonomy":"product_cat","embeddable":true,"href":"https:\/\/www.royenagri.be\/nl\/wp-json\/wp\/v2\/product_cat?post=2955"},{"taxonomy":"product_tag","embeddable":true,"href":"https:\/\/www.royenagri.be\/nl\/wp-json\/wp\/v2\/product_tag?post=2955"}],"curies":[{"name":"wp","href":"https:\/\/api.w.org\/{rel}","templated":true}]}}