{"id":2999,"date":"2025-03-03T13:07:40","date_gmt":"2025-03-03T13:07:40","guid":{"rendered":"https:\/\/royenagri.brainmade.lws-servers.be\/?post_type=product&#038;p=2999"},"modified":"2026-01-16T15:33:57","modified_gmt":"2026-01-16T15:33:57","slug":"veloucid-spray","status":"publish","type":"product","link":"https:\/\/www.royenagri.be\/nl\/product\/veloucid-spray\/","title":{"rendered":"VelouCid Spray"},"content":{"rendered":"<p>VelouCid Spray D est une \u00e9mulsion d\u00e9sinfectante post-traite sp\u00e9cialement con\u00e7ue pour assurer une protection optimale des trayons apr\u00e8s la traite. Gr\u00e2ce \u00e0 sa teneur \u00e9lev\u00e9e en iode PVP (1100 ppm), il offre une d\u00e9sinfection performante, y compris en conditions environnementales difficiles.<\/p>\n<p>Sa formule riche en agents cosm\u00e9tiques et en mati\u00e8res grasses permet d\u2019hydrater intens\u00e9ment l\u2019\u00e9piderme et de pr\u00e9server la souplesse de la peau des trayons tout au long de l\u2019ann\u00e9e. En plus de son action d\u00e9sinfectante, VelouCid Spray D r\u00e9duit l\u2019adh\u00e9rence des impuret\u00e9s, ce qui facilite le nettoyage des trayons avant la traite suivante.<\/p>\n<p>Adapt\u00e9 aux syst\u00e8mes de pulv\u00e9risation conventionnels ou automatis\u00e9s, il s\u2019applique facilement et uniform\u00e9ment sur l\u2019ensemble des trayons. Son emploi est simple et rapide : VelouCid\u00ae Spray D s\u2019utilise pur, sans rin\u00e7age, imm\u00e9diatement apr\u00e8s la traite.<\/p>\n<p>Disponible en formats de 20 kg et 60 kg, ce spray est un choix id\u00e9al pour les exploitations laiti\u00e8res souhaitant une solution efficace, pratique et respectueuse de la peau des animaux.<\/p>\n","protected":false},"excerpt":{"rendered":"<p>VelouCid\u00ae Spray D est une solution d\u00e9sinfectante post-traite en spray, enrichie en iode PVP et agents cosm\u00e9tiques. Il hydrate et prot\u00e8ge la peau des trayons tout en garantissant une d\u00e9sinfection efficace, m\u00eame en conditions difficiles.<\/p>\n","protected":false},"featured_media":3000,"comment_status":"closed","ping_status":"closed","template":"","meta":{"_acf_changed":false,"inline_featured_image":false},"product_brand":[],"product_cat":[118,54,41],"product_tag":[],"class_list":{"0":"post-2999","1":"product","2":"type-product","3":"status-publish","4":"has-post-thumbnail","6":"product_cat-apres-la-traite","7":"product_cat-hygiene-de-la-mamelle","8":"product_cat-hygiene-de-la-traite","9":"products_brands-ecolab","11":"first","12":"instock","13":"taxable","14":"shipping-taxable","15":"purchasable","16":"product-type-variable"},"acf":[],"yoast_head":"<!-- This site is optimized with the Yoast SEO plugin v27.5 - https:\/\/yoast.com\/product\/yoast-seo-wordpress\/ -->\n<title>VelouCid Spray - Royen Agri<\/title>\n<meta name=\"description\" content=\"VelouCid Spray D, spray post-traite d\u00e9sinfectant et hydratant pour les trayons. Formule \u00e0 l\u2019iode PVP et agents cosm\u00e9tiques pour une protection optimale.\" \/>\n<meta name=\"robots\" content=\"index, follow, max-snippet:-1, max-image-preview:large, max-video-preview:-1\" \/>\n<link rel=\"canonical\" href=\"https:\/\/www.royenagri.be\/nl\/product\/veloucid-spray\/\" \/>\n<meta property=\"og:locale\" content=\"nl_NL\" \/>\n<meta property=\"og:type\" content=\"article\" \/>\n<meta property=\"og:title\" content=\"VelouCid Spray - Royen Agri\" \/>\n<meta property=\"og:description\" content=\"VelouCid Spray D, spray post-traite d\u00e9sinfectant et hydratant pour les trayons. Formule \u00e0 l\u2019iode PVP et agents cosm\u00e9tiques pour une protection optimale.\" \/>\n<meta property=\"og:url\" content=\"https:\/\/www.royenagri.be\/nl\/product\/veloucid-spray\/\" \/>\n<meta property=\"og:site_name\" content=\"Royen Agri\" \/>\n<meta property=\"article:modified_time\" content=\"2026-01-16T15:33:57+00:00\" \/>\n<meta name=\"twitter:card\" content=\"summary_large_image\" \/>\n<meta name=\"twitter:label1\" content=\"Geschatte leestijd\" \/>\n\t<meta name=\"twitter:data1\" content=\"2 minuten\" \/>\n<script type=\"application\/ld+json\" class=\"yoast-schema-graph\">{\"@context\":\"https:\\\/\\\/schema.org\",\"@graph\":[{\"@type\":\"WebPage\",\"@id\":\"https:\\\/\\\/www.royenagri.be\\\/nl\\\/product\\\/veloucid-spray\\\/\",\"url\":\"https:\\\/\\\/www.royenagri.be\\\/nl\\\/product\\\/veloucid-spray\\\/\",\"name\":\"VelouCid Spray - Royen Agri\",\"isPartOf\":{\"@id\":\"https:\\\/\\\/www.royenagri.be\\\/nl\\\/#website\"},\"primaryImageOfPage\":{\"@id\":\"https:\\\/\\\/www.royenagri.be\\\/nl\\\/product\\\/veloucid-spray\\\/#primaryimage\"},\"image\":{\"@id\":\"https:\\\/\\\/www.royenagri.be\\\/nl\\\/product\\\/veloucid-spray\\\/#primaryimage\"},\"thumbnailUrl\":\"https:\\\/\\\/www.royenagri.be\\\/wp-content\\\/uploads\\\/2025\\\/03\\\/VelouCid-Spray-D-550x310-1.avif\",\"datePublished\":\"2025-03-03T13:07:40+00:00\",\"dateModified\":\"2026-01-16T15:33:57+00:00\",\"description\":\"VelouCid Spray D, spray post-traite d\u00e9sinfectant et hydratant pour les trayons. Formule \u00e0 l\u2019iode PVP et agents cosm\u00e9tiques pour une protection optimale.\",\"breadcrumb\":{\"@id\":\"https:\\\/\\\/www.royenagri.be\\\/nl\\\/product\\\/veloucid-spray\\\/#breadcrumb\"},\"inLanguage\":\"nl-NL\",\"potentialAction\":[{\"@type\":\"ReadAction\",\"target\":[\"https:\\\/\\\/www.royenagri.be\\\/nl\\\/product\\\/veloucid-spray\\\/\"]}]},{\"@type\":\"ImageObject\",\"inLanguage\":\"nl-NL\",\"@id\":\"https:\\\/\\\/www.royenagri.be\\\/nl\\\/product\\\/veloucid-spray\\\/#primaryimage\",\"url\":\"https:\\\/\\\/www.royenagri.be\\\/wp-content\\\/uploads\\\/2025\\\/03\\\/VelouCid-Spray-D-550x310-1.avif\",\"contentUrl\":\"https:\\\/\\\/www.royenagri.be\\\/wp-content\\\/uploads\\\/2025\\\/03\\\/VelouCid-Spray-D-550x310-1.avif\",\"width\":550,\"height\":310,\"caption\":\"Veloucid Spray\"},{\"@type\":\"BreadcrumbList\",\"@id\":\"https:\\\/\\\/www.royenagri.be\\\/nl\\\/product\\\/veloucid-spray\\\/#breadcrumb\",\"itemListElement\":[{\"@type\":\"ListItem\",\"position\":1,\"name\":\"Home\",\"item\":\"https:\\\/\\\/www.royenagri.be\\\/nl\\\/\"},{\"@type\":\"ListItem\",\"position\":2,\"name\":\"Winkel\",\"item\":\"https:\\\/\\\/www.royenagri.be\\\/nl\\\/winkel\\\/\"},{\"@type\":\"ListItem\",\"position\":3,\"name\":\"VelouCid Spray\"}]},{\"@type\":\"WebSite\",\"@id\":\"https:\\\/\\\/www.royenagri.be\\\/nl\\\/#website\",\"url\":\"https:\\\/\\\/www.royenagri.be\\\/nl\\\/\",\"name\":\"Royen Agri\",\"description\":\"\",\"potentialAction\":[{\"@type\":\"SearchAction\",\"target\":{\"@type\":\"EntryPoint\",\"urlTemplate\":\"https:\\\/\\\/www.royenagri.be\\\/nl\\\/?s={search_term_string}\"},\"query-input\":{\"@type\":\"PropertyValueSpecification\",\"valueRequired\":true,\"valueName\":\"search_term_string\"}}],\"inLanguage\":\"nl-NL\"}]}<\/script>\n<!-- \/ Yoast SEO plugin. -->","yoast_head_json":{"title":"VelouCid Spray - Royen Agri","description":"VelouCid Spray D, spray post-traite d\u00e9sinfectant et hydratant pour les trayons. Formule \u00e0 l\u2019iode PVP et agents cosm\u00e9tiques pour une protection optimale.","robots":{"index":"index","follow":"follow","max-snippet":"max-snippet:-1","max-image-preview":"max-image-preview:large","max-video-preview":"max-video-preview:-1"},"canonical":"https:\/\/www.royenagri.be\/nl\/product\/veloucid-spray\/","og_locale":"nl_NL","og_type":"article","og_title":"VelouCid Spray - Royen Agri","og_description":"VelouCid Spray D, spray post-traite d\u00e9sinfectant et hydratant pour les trayons. Formule \u00e0 l\u2019iode PVP et agents cosm\u00e9tiques pour une protection optimale.","og_url":"https:\/\/www.royenagri.be\/nl\/product\/veloucid-spray\/","og_site_name":"Royen Agri","article_modified_time":"2026-01-16T15:33:57+00:00","twitter_card":"summary_large_image","twitter_misc":{"Geschatte leestijd":"2 minuten"},"schema":{"@context":"https:\/\/schema.org","@graph":[{"@type":"WebPage","@id":"https:\/\/www.royenagri.be\/nl\/product\/veloucid-spray\/","url":"https:\/\/www.royenagri.be\/nl\/product\/veloucid-spray\/","name":"VelouCid Spray - Royen Agri","isPartOf":{"@id":"https:\/\/www.royenagri.be\/nl\/#website"},"primaryImageOfPage":{"@id":"https:\/\/www.royenagri.be\/nl\/product\/veloucid-spray\/#primaryimage"},"image":{"@id":"https:\/\/www.royenagri.be\/nl\/product\/veloucid-spray\/#primaryimage"},"thumbnailUrl":"https:\/\/www.royenagri.be\/wp-content\/uploads\/2025\/03\/VelouCid-Spray-D-550x310-1.avif","datePublished":"2025-03-03T13:07:40+00:00","dateModified":"2026-01-16T15:33:57+00:00","description":"VelouCid Spray D, spray post-traite d\u00e9sinfectant et hydratant pour les trayons. Formule \u00e0 l\u2019iode PVP et agents cosm\u00e9tiques pour une protection optimale.","breadcrumb":{"@id":"https:\/\/www.royenagri.be\/nl\/product\/veloucid-spray\/#breadcrumb"},"inLanguage":"nl-NL","potentialAction":[{"@type":"ReadAction","target":["https:\/\/www.royenagri.be\/nl\/product\/veloucid-spray\/"]}]},{"@type":"ImageObject","inLanguage":"nl-NL","@id":"https:\/\/www.royenagri.be\/nl\/product\/veloucid-spray\/#primaryimage","url":"https:\/\/www.royenagri.be\/wp-content\/uploads\/2025\/03\/VelouCid-Spray-D-550x310-1.avif","contentUrl":"https:\/\/www.royenagri.be\/wp-content\/uploads\/2025\/03\/VelouCid-Spray-D-550x310-1.avif","width":550,"height":310,"caption":"Veloucid Spray"},{"@type":"BreadcrumbList","@id":"https:\/\/www.royenagri.be\/nl\/product\/veloucid-spray\/#breadcrumb","itemListElement":[{"@type":"ListItem","position":1,"name":"Home","item":"https:\/\/www.royenagri.be\/nl\/"},{"@type":"ListItem","position":2,"name":"Winkel","item":"https:\/\/www.royenagri.be\/nl\/winkel\/"},{"@type":"ListItem","position":3,"name":"VelouCid Spray"}]},{"@type":"WebSite","@id":"https:\/\/www.royenagri.be\/nl\/#website","url":"https:\/\/www.royenagri.be\/nl\/","name":"Royen Agri","description":"","potentialAction":[{"@type":"SearchAction","target":{"@type":"EntryPoint","urlTemplate":"https:\/\/www.royenagri.be\/nl\/?s={search_term_string}"},"query-input":{"@type":"PropertyValueSpecification","valueRequired":true,"valueName":"search_term_string"}}],"inLanguage":"nl-NL"}]}},"_links":{"self":[{"href":"https:\/\/www.royenagri.be\/nl\/wp-json\/wp\/v2\/product\/2999","targetHints":{"allow":["GET"]}}],"collection":[{"href":"https:\/\/www.royenagri.be\/nl\/wp-json\/wp\/v2\/product"}],"about":[{"href":"https:\/\/www.royenagri.be\/nl\/wp-json\/wp\/v2\/types\/product"}],"replies":[{"embeddable":true,"href":"https:\/\/www.royenagri.be\/nl\/wp-json\/wp\/v2\/comments?post=2999"}],"wp:featuredmedia":[{"embeddable":true,"href":"https:\/\/www.royenagri.be\/nl\/wp-json\/wp\/v2\/media\/3000"}],"wp:attachment":[{"href":"https:\/\/www.royenagri.be\/nl\/wp-json\/wp\/v2\/media?parent=2999"}],"wp:term":[{"taxonomy":"product_brand","embeddable":true,"href":"https:\/\/www.royenagri.be\/nl\/wp-json\/wp\/v2\/product_brand?post=2999"},{"taxonomy":"product_cat","embeddable":true,"href":"https:\/\/www.royenagri.be\/nl\/wp-json\/wp\/v2\/product_cat?post=2999"},{"taxonomy":"product_tag","embeddable":true,"href":"https:\/\/www.royenagri.be\/nl\/wp-json\/wp\/v2\/product_tag?post=2999"}],"curies":[{"name":"wp","href":"https:\/\/api.w.org\/{rel}","templated":true}]}}