{"id":3022,"date":"2025-03-03T14:33:04","date_gmt":"2025-03-03T14:33:04","guid":{"rendered":"https:\/\/royenagri.brainmade.lws-servers.be\/?post_type=product&#038;p=3022"},"modified":"2025-03-11T15:41:26","modified_gmt":"2025-03-11T15:41:26","slug":"propional","status":"publish","type":"product","link":"https:\/\/www.royenagri.be\/nl\/product\/propional\/","title":{"rendered":"Propional"},"content":{"rendered":"<p>Propional est une solution efficace pour stabiliser les ensilages d\u00e9licats et pr\u00e9venir l\u2019\u00e9chauffement des rations m\u00e9lang\u00e9es, garantissant ainsi une meilleure conservation des nutriments et une alimentation plus saine pour les animaux. Gr\u00e2ce \u00e0 sa formulation non corrosive, il est facile \u00e0 appliquer et sans risque pour le mat\u00e9riel.<\/p>\n<p>Son efficacit\u00e9 repose sur l\u2019action de l\u2019acide propionique, reconnu pour ses propri\u00e9t\u00e9s antifongiques et antimicrobiennes, qui emp\u00eachent le d\u00e9veloppement des moisissures et des levures responsables de la d\u00e9t\u00e9rioration des ensilages. Il est particuli\u00e8rement adapt\u00e9 aux rations riches en mati\u00e8res s\u00e8ches, aux ensilages sensibles aux fermentations secondaires et aux fourrages destin\u00e9s aux rations m\u00e9lang\u00e9es.<\/p>\n<p>Avec un rapport de m\u00e9lange optimis\u00e9, Propional assure un traitement homog\u00e8ne et \u00e9conomique, limitant ainsi les pertes  et pr\u00e9serve la qualit\u00e9 nutritionnelle des fourrages.<\/p>\n","protected":false},"excerpt":{"rendered":"<p>Propional est un acide propionique concentr\u00e9 non corrosif, con\u00e7u pour acidifier les ensilages d\u00e9licats et r\u00e9duire l\u2019\u00e9chauffement des rations m\u00e9lang\u00e9es.<\/p>\n","protected":false},"featured_media":3023,"comment_status":"open","ping_status":"closed","template":"","meta":{"_acf_changed":false,"inline_featured_image":false},"product_brand":[],"product_cat":[57,42],"product_tag":[],"class_list":{"0":"post-3022","1":"product","2":"type-product","3":"status-publish","4":"has-post-thumbnail","6":"product_cat-conservateurs","7":"product_cat-produits-delevage","8":"products_brands-alfra","10":"first","11":"instock","12":"taxable","13":"shipping-taxable","14":"product-type-simple"},"acf":[],"yoast_head":"<!-- This site is optimized with the Yoast SEO plugin v27.5 - https:\/\/yoast.com\/product\/yoast-seo-wordpress\/ -->\n<title>Propional - Royen Agri<\/title>\n<meta name=\"description\" content=\"Propional, acide propionique concentr\u00e9 non corrosif, stabilise les ensilages et limite l\u2019\u00e9chauffement des rations m\u00e9lang\u00e9es. Pr\u00e9serve la qualit\u00e9 .\" \/>\n<meta name=\"robots\" content=\"index, follow, max-snippet:-1, max-image-preview:large, max-video-preview:-1\" \/>\n<link rel=\"canonical\" href=\"https:\/\/www.royenagri.be\/nl\/product\/propional\/\" \/>\n<meta property=\"og:locale\" content=\"nl_NL\" \/>\n<meta property=\"og:type\" content=\"article\" \/>\n<meta property=\"og:title\" content=\"Propional - Royen Agri\" \/>\n<meta property=\"og:description\" content=\"Propional, acide propionique concentr\u00e9 non corrosif, stabilise les ensilages et limite l\u2019\u00e9chauffement des rations m\u00e9lang\u00e9es. Pr\u00e9serve la qualit\u00e9 .\" \/>\n<meta property=\"og:url\" content=\"https:\/\/www.royenagri.be\/nl\/product\/propional\/\" \/>\n<meta property=\"og:site_name\" content=\"Royen Agri\" \/>\n<meta property=\"article:modified_time\" content=\"2025-03-11T15:41:26+00:00\" \/>\n<meta property=\"og:image\" content=\"https:\/\/www.royenagri.be\/wp-content\/uploads\/2025\/03\/ALFRA-BIDON-Propional-1.png\" \/>\n\t<meta property=\"og:image:width\" content=\"621\" \/>\n\t<meta property=\"og:image:height\" content=\"687\" \/>\n\t<meta property=\"og:image:type\" content=\"image\/png\" \/>\n<meta name=\"twitter:card\" content=\"summary_large_image\" \/>\n<meta name=\"twitter:label1\" content=\"Geschatte leestijd\" \/>\n\t<meta name=\"twitter:data1\" content=\"2 minuten\" \/>\n<script type=\"application\/ld+json\" class=\"yoast-schema-graph\">{\"@context\":\"https:\\\/\\\/schema.org\",\"@graph\":[{\"@type\":\"WebPage\",\"@id\":\"https:\\\/\\\/www.royenagri.be\\\/nl\\\/product\\\/propional\\\/\",\"url\":\"https:\\\/\\\/www.royenagri.be\\\/nl\\\/product\\\/propional\\\/\",\"name\":\"Propional - Royen Agri\",\"isPartOf\":{\"@id\":\"https:\\\/\\\/www.royenagri.be\\\/nl\\\/#website\"},\"primaryImageOfPage\":{\"@id\":\"https:\\\/\\\/www.royenagri.be\\\/nl\\\/product\\\/propional\\\/#primaryimage\"},\"image\":{\"@id\":\"https:\\\/\\\/www.royenagri.be\\\/nl\\\/product\\\/propional\\\/#primaryimage\"},\"thumbnailUrl\":\"https:\\\/\\\/www.royenagri.be\\\/wp-content\\\/uploads\\\/2025\\\/03\\\/ALFRA-BIDON-Propional-1.png\",\"datePublished\":\"2025-03-03T14:33:04+00:00\",\"dateModified\":\"2025-03-11T15:41:26+00:00\",\"description\":\"Propional, acide propionique concentr\u00e9 non corrosif, stabilise les ensilages et limite l\u2019\u00e9chauffement des rations m\u00e9lang\u00e9es. Pr\u00e9serve la qualit\u00e9 .\",\"breadcrumb\":{\"@id\":\"https:\\\/\\\/www.royenagri.be\\\/nl\\\/product\\\/propional\\\/#breadcrumb\"},\"inLanguage\":\"nl-NL\",\"potentialAction\":[{\"@type\":\"ReadAction\",\"target\":[\"https:\\\/\\\/www.royenagri.be\\\/nl\\\/product\\\/propional\\\/\"]}]},{\"@type\":\"ImageObject\",\"inLanguage\":\"nl-NL\",\"@id\":\"https:\\\/\\\/www.royenagri.be\\\/nl\\\/product\\\/propional\\\/#primaryimage\",\"url\":\"https:\\\/\\\/www.royenagri.be\\\/wp-content\\\/uploads\\\/2025\\\/03\\\/ALFRA-BIDON-Propional-1.png\",\"contentUrl\":\"https:\\\/\\\/www.royenagri.be\\\/wp-content\\\/uploads\\\/2025\\\/03\\\/ALFRA-BIDON-Propional-1.png\",\"width\":621,\"height\":687,\"caption\":\"Propional\"},{\"@type\":\"BreadcrumbList\",\"@id\":\"https:\\\/\\\/www.royenagri.be\\\/nl\\\/product\\\/propional\\\/#breadcrumb\",\"itemListElement\":[{\"@type\":\"ListItem\",\"position\":1,\"name\":\"Home\",\"item\":\"https:\\\/\\\/www.royenagri.be\\\/nl\\\/\"},{\"@type\":\"ListItem\",\"position\":2,\"name\":\"Winkel\",\"item\":\"https:\\\/\\\/www.royenagri.be\\\/nl\\\/winkel\\\/\"},{\"@type\":\"ListItem\",\"position\":3,\"name\":\"Propional\"}]},{\"@type\":\"WebSite\",\"@id\":\"https:\\\/\\\/www.royenagri.be\\\/nl\\\/#website\",\"url\":\"https:\\\/\\\/www.royenagri.be\\\/nl\\\/\",\"name\":\"Royen Agri\",\"description\":\"\",\"potentialAction\":[{\"@type\":\"SearchAction\",\"target\":{\"@type\":\"EntryPoint\",\"urlTemplate\":\"https:\\\/\\\/www.royenagri.be\\\/nl\\\/?s={search_term_string}\"},\"query-input\":{\"@type\":\"PropertyValueSpecification\",\"valueRequired\":true,\"valueName\":\"search_term_string\"}}],\"inLanguage\":\"nl-NL\"}]}<\/script>\n<!-- \/ Yoast SEO plugin. -->","yoast_head_json":{"title":"Propional - Royen Agri","description":"Propional, acide propionique concentr\u00e9 non corrosif, stabilise les ensilages et limite l\u2019\u00e9chauffement des rations m\u00e9lang\u00e9es. Pr\u00e9serve la qualit\u00e9 .","robots":{"index":"index","follow":"follow","max-snippet":"max-snippet:-1","max-image-preview":"max-image-preview:large","max-video-preview":"max-video-preview:-1"},"canonical":"https:\/\/www.royenagri.be\/nl\/product\/propional\/","og_locale":"nl_NL","og_type":"article","og_title":"Propional - Royen Agri","og_description":"Propional, acide propionique concentr\u00e9 non corrosif, stabilise les ensilages et limite l\u2019\u00e9chauffement des rations m\u00e9lang\u00e9es. Pr\u00e9serve la qualit\u00e9 .","og_url":"https:\/\/www.royenagri.be\/nl\/product\/propional\/","og_site_name":"Royen Agri","article_modified_time":"2025-03-11T15:41:26+00:00","og_image":[{"width":621,"height":687,"url":"https:\/\/www.royenagri.be\/wp-content\/uploads\/2025\/03\/ALFRA-BIDON-Propional-1.png","type":"image\/png"}],"twitter_card":"summary_large_image","twitter_misc":{"Geschatte leestijd":"2 minuten"},"schema":{"@context":"https:\/\/schema.org","@graph":[{"@type":"WebPage","@id":"https:\/\/www.royenagri.be\/nl\/product\/propional\/","url":"https:\/\/www.royenagri.be\/nl\/product\/propional\/","name":"Propional - Royen Agri","isPartOf":{"@id":"https:\/\/www.royenagri.be\/nl\/#website"},"primaryImageOfPage":{"@id":"https:\/\/www.royenagri.be\/nl\/product\/propional\/#primaryimage"},"image":{"@id":"https:\/\/www.royenagri.be\/nl\/product\/propional\/#primaryimage"},"thumbnailUrl":"https:\/\/www.royenagri.be\/wp-content\/uploads\/2025\/03\/ALFRA-BIDON-Propional-1.png","datePublished":"2025-03-03T14:33:04+00:00","dateModified":"2025-03-11T15:41:26+00:00","description":"Propional, acide propionique concentr\u00e9 non corrosif, stabilise les ensilages et limite l\u2019\u00e9chauffement des rations m\u00e9lang\u00e9es. Pr\u00e9serve la qualit\u00e9 .","breadcrumb":{"@id":"https:\/\/www.royenagri.be\/nl\/product\/propional\/#breadcrumb"},"inLanguage":"nl-NL","potentialAction":[{"@type":"ReadAction","target":["https:\/\/www.royenagri.be\/nl\/product\/propional\/"]}]},{"@type":"ImageObject","inLanguage":"nl-NL","@id":"https:\/\/www.royenagri.be\/nl\/product\/propional\/#primaryimage","url":"https:\/\/www.royenagri.be\/wp-content\/uploads\/2025\/03\/ALFRA-BIDON-Propional-1.png","contentUrl":"https:\/\/www.royenagri.be\/wp-content\/uploads\/2025\/03\/ALFRA-BIDON-Propional-1.png","width":621,"height":687,"caption":"Propional"},{"@type":"BreadcrumbList","@id":"https:\/\/www.royenagri.be\/nl\/product\/propional\/#breadcrumb","itemListElement":[{"@type":"ListItem","position":1,"name":"Home","item":"https:\/\/www.royenagri.be\/nl\/"},{"@type":"ListItem","position":2,"name":"Winkel","item":"https:\/\/www.royenagri.be\/nl\/winkel\/"},{"@type":"ListItem","position":3,"name":"Propional"}]},{"@type":"WebSite","@id":"https:\/\/www.royenagri.be\/nl\/#website","url":"https:\/\/www.royenagri.be\/nl\/","name":"Royen Agri","description":"","potentialAction":[{"@type":"SearchAction","target":{"@type":"EntryPoint","urlTemplate":"https:\/\/www.royenagri.be\/nl\/?s={search_term_string}"},"query-input":{"@type":"PropertyValueSpecification","valueRequired":true,"valueName":"search_term_string"}}],"inLanguage":"nl-NL"}]}},"_links":{"self":[{"href":"https:\/\/www.royenagri.be\/nl\/wp-json\/wp\/v2\/product\/3022","targetHints":{"allow":["GET"]}}],"collection":[{"href":"https:\/\/www.royenagri.be\/nl\/wp-json\/wp\/v2\/product"}],"about":[{"href":"https:\/\/www.royenagri.be\/nl\/wp-json\/wp\/v2\/types\/product"}],"replies":[{"embeddable":true,"href":"https:\/\/www.royenagri.be\/nl\/wp-json\/wp\/v2\/comments?post=3022"}],"wp:featuredmedia":[{"embeddable":true,"href":"https:\/\/www.royenagri.be\/nl\/wp-json\/wp\/v2\/media\/3023"}],"wp:attachment":[{"href":"https:\/\/www.royenagri.be\/nl\/wp-json\/wp\/v2\/media?parent=3022"}],"wp:term":[{"taxonomy":"product_brand","embeddable":true,"href":"https:\/\/www.royenagri.be\/nl\/wp-json\/wp\/v2\/product_brand?post=3022"},{"taxonomy":"product_cat","embeddable":true,"href":"https:\/\/www.royenagri.be\/nl\/wp-json\/wp\/v2\/product_cat?post=3022"},{"taxonomy":"product_tag","embeddable":true,"href":"https:\/\/www.royenagri.be\/nl\/wp-json\/wp\/v2\/product_tag?post=3022"}],"curies":[{"name":"wp","href":"https:\/\/api.w.org\/{rel}","templated":true}]}}